{"id":222,"date":"2015-11-23T17:49:20","date_gmt":"2015-11-23T19:49:20","guid":{"rendered":"https:\/\/wp.ufpel.edu.br\/patrimonio\/?page_id=222"},"modified":"2015-11-27T18:52:04","modified_gmt":"2015-11-27T20:52:04","slug":"escola-de-agronomia-eliseu-maciel","status":"publish","type":"page","link":"https:\/\/wp.ufpel.edu.br\/patrimonio\/patrimonio-cultural-edificado\/escola-de-agronomia-eliseu-maciel\/","title":{"rendered":"Escola de Agronomia Eliseu Maciel"},"content":{"rendered":"<p>O pr\u00e9dio, cujo respons\u00e1vel pelo projeto arquitet\u00f4nico foi o desenhista Dominique Pineau, foi, inicialmente, idealizado pela fam\u00edlia Antunes Maciel para abrigar a escola municipal e assim prestar uma homenagem p\u00f3stuma ao tenente Coronel Eliseu Antunes Maciel. Fato esse que devido \u00e0 falta de professores, nunca chegou a se concretizar. Em 1883, o pr\u00e9dio foi cedido pela C\u00e2mara para a funda\u00e7\u00e3o da Escola de Medicina Veterin\u00e1ria e Agricultura Pr\u00e1tica e em 1884 foi anexado ao pr\u00e9dio o Instituto Vacinol\u00f3gico. Em 1885, alegando a necessidade de redu\u00e7\u00e3o de despesas, o Ministro da Agricultura decretou o seu fechamento e mandou leiloar todo o material. No leil\u00e3o todo material foi adquirido por particulares, que doaram novamente \u00e0 escola. Mesmo assim a escola ficou fechada por tr\u00eas anos. Em 1898, ap\u00f3s a extin\u00e7\u00e3o do Instituto, o poder municipal readquiriu o edif\u00edcio para criar o Liceu Rio-grandense de Agronomia e Veterin\u00e1ria. A Escola de Agronomia Eliseu Maciel, criada em 1934 e considerada a primeira no Brasil, deu origem a Faculdade de Agronomia Eliseu Maciel, que em 1969 se integrou a ent\u00e3o criada Universidade Federal de Pelotas.<\/p>\n<table>\n<tbody>\n<tr>\n<td><a href=\"https:\/\/wp.ufpel.edu.br\/patrimonio\/files\/2015\/11\/eliseu.png\"><img class=\"alignnone size-medium wp-image-68\" src=\"https:\/\/wp.ufpel.edu.br\/patrimonio\/files\/2015\/11\/eliseu.png\" alt=\"anglofull\" width=\"424\" height=\"283\" \/><\/a><\/td>\n<\/tr>\n<tr>\n<td><b>Informa\u00e7\u00f5es<\/td>\n<\/tr>\n<tr>\n<td><b>Denomina\u00e7\u00e3o hist\u00f3rica:<\/b> Escola de Agronomia Eliseu Maciel<\/td>\n<\/tr>\n<tr>\n<td><b>Denomina\u00e7\u00e3o atual:<\/b> Sala dos Conselhos Superiores da UFPel<\/td>\n<\/tr>\n<tr>\n<td><b>Ano de Constru\u00e7\u00e3o:<\/b> 881 (projeto), 1883 (inaugura\u00e7\u00e3o)<\/td>\n<\/tr>\n<tr>\n<td><b>Tipologia Patrimonial:<\/b> Institui\u00e7\u00e3o de Ensino<\/td>\n<\/tr>\n<tr>\n<td><b>Ano de aquisi\u00e7\u00e3o pela UFPel:<\/b> 1970<\/td>\n<\/tr>\n<tr>\n<td><b>Uso atual:<\/b> Sala dos Conselhos Superiores da UFPel<\/td>\n<\/tr>\n<tr>\n<td><b>Uso anterior:<\/b> Escola de Medicina Veterin\u00e1ria e Agronomia Pr\u00e1tica<\/td>\n<\/tr>\n<tr>\n<td><b>Estado de Conserva\u00e7\u00e3o:<\/b> Restaurado<\/td>\n<\/tr>\n<tr>\n<td><b>N\u00edvel de prote\u00e7\u00e3o:<\/b> Tombamento Estadual<\/td>\n<\/tr>\n<tr>\n<td><b>Localiza\u00e7\u00e3o:<\/b> Pra\u00e7a Sete de Julho, 180<\/td>\n<\/tr>\n<\/tbody>\n<\/table>\n<h3>Conte sua hist\u00f3ria com a Escola de Agronomia Eliseu Maciel<\/h3>\n<p>Caso tenha alguma hist\u00f3ria para contar sobre a Escola de Agronomia Eliseu Maciel (depoimento, imagem, v\u00eddeo, \u00e1udio, etc.) e queira compartilhar conosco, envie para <strong>qrcodepatrimonioufpel@gmail.com<\/strong>. Queremos contar a hist\u00f3ria deste local e voc\u00ea pode nos ajudar.<\/p>\n","protected":false},"excerpt":{"rendered":"<p>O pr\u00e9dio, cujo respons\u00e1vel pelo projeto arquitet\u00f4nico foi o desenhista Dominique Pineau, foi, inicialmente, idealizado pela fam\u00edlia Antunes Maciel para abrigar a escola municipal e assim prestar uma homenagem p\u00f3stuma ao tenente Coronel Eliseu Antunes Maciel. Fato esse que devido \u00e0 falta de professores, nunca chegou a se concretizar. Em 1883, o pr\u00e9dio foi cedido [&hellip;]<\/p>\n","protected":false},"author":558,"featured_media":0,"parent":6,"menu_order":0,"comment_status":"closed","ping_status":"closed","template":"page-sem-sidebar.php","meta":{"footnotes":""},"class_list":["post-222","page","type-page","status-publish","hentry"],"_links":{"self":[{"href":"https:\/\/wp.ufpel.edu.br\/patrimonio\/wp-json\/wp\/v2\/pages\/222","targetHints":{"allow":["GET"]}}],"collection":[{"href":"https:\/\/wp.ufpel.edu.br\/patrimonio\/wp-json\/wp\/v2\/pages"}],"about":[{"href":"https:\/\/wp.ufpel.edu.br\/patrimonio\/wp-json\/wp\/v2\/types\/page"}],"author":[{"embeddable":true,"href":"https:\/\/wp.ufpel.edu.br\/patrimonio\/wp-json\/wp\/v2\/users\/558"}],"replies":[{"embeddable":true,"href":"https:\/\/wp.ufpel.edu.br\/patrimonio\/wp-json\/wp\/v2\/comments?post=222"}],"version-history":[{"count":5,"href":"https:\/\/wp.ufpel.edu.br\/patrimonio\/wp-json\/wp\/v2\/pages\/222\/revisions"}],"predecessor-version":[{"id":273,"href":"https:\/\/wp.ufpel.edu.br\/patrimonio\/wp-json\/wp\/v2\/pages\/222\/revisions\/273"}],"up":[{"embeddable":true,"href":"https:\/\/wp.ufpel.edu.br\/patrimonio\/wp-json\/wp\/v2\/pages\/6"}],"wp:attachment":[{"href":"https:\/\/wp.ufpel.edu.br\/patrimonio\/wp-json\/wp\/v2\/media?parent=222"}],"curies":[{"name":"wp","href":"https:\/\/api.w.org\/{rel}","templated":true}]}}