{"id":218,"date":"2015-11-23T17:47:08","date_gmt":"2015-11-23T19:47:08","guid":{"rendered":"https:\/\/wp.ufpel.edu.br\/patrimonio\/?page_id=218"},"modified":"2015-11-27T18:20:02","modified_gmt":"2015-11-27T20:20:02","slug":"casa-do-barao-de-cacequi","status":"publish","type":"page","link":"https:\/\/wp.ufpel.edu.br\/patrimonio\/patrimonio-cultural-edificado\/casa-do-barao-de-cacequi\/","title":{"rendered":"Casa do Bar\u00e3o de Cacequi"},"content":{"rendered":"<p>Foi Constru\u00edda para servir de resid\u00eancia de Francisco Antunes Maciel, o Bar\u00e3o de Cacequi.<\/p>\n<table>\n<tbody>\n<tr>\n<td><a href=\"https:\/\/wp.ufpel.edu.br\/patrimonio\/files\/2015\/11\/museu-do-doce-424x282.jpg\"><img class=\"alignnone size-medium wp-image-68\" src=\"https:\/\/wp.ufpel.edu.br\/patrimonio\/files\/2015\/11\/museu-do-doce-424x282.jpg\" alt=\"anglofull\" width=\"424\" height=\"283\" \/><\/a><\/td>\n<\/tr>\n<tr>\n<td><b>Informa\u00e7\u00f5es<\/td>\n<\/tr>\n<tr>\n<td><b>Denomina\u00e7\u00e3o hist\u00f3rica:<\/b> Casar\u00e3o 8 \/ Casa Bar\u00e3o de Cacequi<\/td>\n<\/tr>\n<tr>\n<td><b>Denomina\u00e7\u00e3o:<\/b> Casar\u00e3o 8 \/ Casa Bar\u00e3o de Cacequi<\/td>\n<\/tr>\n<tr>\n<td><b>Ano de Constru\u00e7\u00e3o:<\/b> 1878<\/td>\n<\/tr>\n<tr>\n<td><b>Tipologia Patrimonial:<\/b> Residencial<\/td>\n<\/tr>\n<tr>\n<td><b>Ano de aquisi\u00e7\u00e3o pela UFPel:<\/b> 2006<\/td>\n<\/tr>\n<tr>\n<td><b>Uso atual:<\/b> Museu do Doce<\/td>\n<\/tr>\n<tr>\n<td><b>Uso anterior:<\/b> Resid\u00eancia Francisca Antunes Maciel, Quartel General e Secretaria de Urbanismo de Pelotas<\/td>\n<\/tr>\n<tr>\n<td><b>Estado de Conserva\u00e7\u00e3o:<\/b> Restaurado<\/td>\n<\/tr>\n<tr>\n<td><b>N\u00edvel de prote\u00e7\u00e3o:<\/b> Tombamento N\u00edvel Federal<\/td>\n<\/tr>\n<tr>\n<td><b>Localiza\u00e7\u00e3o:<\/b> Pra\u00e7a Coronel Pedro Os\u00f3rio, 8<\/td>\n<\/tr>\n<\/tbody>\n<\/table>\n<h3>Conte sua hist\u00f3ria com a Casa do Bar\u00e3o de Cacequi<\/h3>\n<p>Caso tenha alguma hist\u00f3ria para contar sobre a Casa do Bar\u00e3o de Cacequi (depoimento, imagem, v\u00eddeo, \u00e1udio, etc.) e queira compartilhar conosco, envie para <strong>qrcodepatrimonioufpel@gmail.com<\/strong>. Queremos contar a hist\u00f3ria deste local e voc\u00ea pode nos ajudar.<\/p>\n","protected":false},"excerpt":{"rendered":"<p>Foi Constru\u00edda para servir de resid\u00eancia de Francisco Antunes Maciel, o Bar\u00e3o de Cacequi. Informa\u00e7\u00f5es Denomina\u00e7\u00e3o hist\u00f3rica: Casar\u00e3o 8 \/ Casa Bar\u00e3o de Cacequi Denomina\u00e7\u00e3o: Casar\u00e3o 8 \/ Casa Bar\u00e3o de Cacequi Ano de Constru\u00e7\u00e3o: 1878 Tipologia Patrimonial: Residencial Ano de aquisi\u00e7\u00e3o pela UFPel: 2006 Uso atual: Museu do Doce Uso anterior: Resid\u00eancia Francisca Antunes [&hellip;]<\/p>\n","protected":false},"author":558,"featured_media":0,"parent":6,"menu_order":0,"comment_status":"closed","ping_status":"closed","template":"page-sem-sidebar.php","meta":{"footnotes":""},"class_list":["post-218","page","type-page","status-publish","hentry"],"_links":{"self":[{"href":"https:\/\/wp.ufpel.edu.br\/patrimonio\/wp-json\/wp\/v2\/pages\/218","targetHints":{"allow":["GET"]}}],"collection":[{"href":"https:\/\/wp.ufpel.edu.br\/patrimonio\/wp-json\/wp\/v2\/pages"}],"about":[{"href":"https:\/\/wp.ufpel.edu.br\/patrimonio\/wp-json\/wp\/v2\/types\/page"}],"author":[{"embeddable":true,"href":"https:\/\/wp.ufpel.edu.br\/patrimonio\/wp-json\/wp\/v2\/users\/558"}],"replies":[{"embeddable":true,"href":"https:\/\/wp.ufpel.edu.br\/patrimonio\/wp-json\/wp\/v2\/comments?post=218"}],"version-history":[{"count":4,"href":"https:\/\/wp.ufpel.edu.br\/patrimonio\/wp-json\/wp\/v2\/pages\/218\/revisions"}],"predecessor-version":[{"id":255,"href":"https:\/\/wp.ufpel.edu.br\/patrimonio\/wp-json\/wp\/v2\/pages\/218\/revisions\/255"}],"up":[{"embeddable":true,"href":"https:\/\/wp.ufpel.edu.br\/patrimonio\/wp-json\/wp\/v2\/pages\/6"}],"wp:attachment":[{"href":"https:\/\/wp.ufpel.edu.br\/patrimonio\/wp-json\/wp\/v2\/media?parent=218"}],"curies":[{"name":"wp","href":"https:\/\/api.w.org\/{rel}","templated":true}]}}