{"id":214,"date":"2015-11-23T17:45:13","date_gmt":"2015-11-23T19:45:13","guid":{"rendered":"https:\/\/wp.ufpel.edu.br\/patrimonio\/?page_id=214"},"modified":"2015-11-27T18:34:43","modified_gmt":"2015-11-27T20:34:43","slug":"conservatorio-de-musica","status":"publish","type":"page","link":"https:\/\/wp.ufpel.edu.br\/patrimonio\/patrimonio-cultural-edificado\/conservatorio-de-musica\/","title":{"rendered":"Conservat\u00f3rio de M\u00fasica"},"content":{"rendered":"<table>\n<tbody>\n<tr>\n<td><a href=\"https:\/\/wp.ufpel.edu.br\/patrimonio\/files\/2015\/11\/musica.png\"><img class=\"alignnone size-medium wp-image-68\" src=\"https:\/\/wp.ufpel.edu.br\/patrimonio\/files\/2015\/11\/musica.png\" alt=\"anglofull\" width=\"424\" height=\"283\" \/><\/a><\/td>\n<\/tr>\n<tr>\n<td><b>Informa\u00e7\u00f5es<\/td>\n<\/tr>\n<tr>\n<td><b>Denomina\u00e7\u00e3o hist\u00f3rica:<\/b> Conservat\u00f3rio de M\u00fasica de Pelotas<\/td>\n<\/tr>\n<tr>\n<td><b>Denomina\u00e7\u00e3o:<\/b>Conservat\u00f3rio de M\u00fasica da UFPel<\/td>\n<\/tr>\n<tr>\n<td><b>Ano de Constru\u00e7\u00e3o:<\/b><\/td>\n<\/tr>\n<tr>\n<td><b>Tipologia Patrimonial:<\/b> Constru\u00eddo para ser resid\u00eancia. Reformado em 1918 para ser escola<\/td>\n<\/tr>\n<tr>\n<td><b>Ano de aquisi\u00e7\u00e3o pela UFPel:<\/b><\/td>\n<\/tr>\n<tr>\n<td><b>Uso atual:<\/b> Conservat\u00f3rio de m\u00fasica da UFPel<\/td>\n<\/tr>\n<tr>\n<td><b>Uso anterior:<\/b> Resid\u00eancia Estado de Conserva\u00e7\u00e3o: Restaurado (d\u00e9cada de 90)<\/td>\n<\/tr>\n<tr>\n<td><b>N\u00edvel de prote\u00e7\u00e3o:<\/b> Inventariado n\u00edvel 2<\/td>\n<\/tr>\n<tr>\n<td><b>Localiza\u00e7\u00e3o:<\/b> Rua F\u00e9lix da Cunha<\/td>\n<\/tr>\n<\/tbody>\n<\/table>\n<h3>Conte sua hist\u00f3ria com o Conservat\u00f3rio de M\u00fasica<\/h3>\n<p>Caso tenha alguma hist\u00f3ria para contar sobre o Conservat\u00f3rio de M\u00fasica (depoimento, imagem, v\u00eddeo, \u00e1udio, etc.) e queira compartilhar conosco, envie para <strong>qrcodepatrimonioufpel@gmail.com<\/strong>. Queremos contar a hist\u00f3ria deste local e voc\u00ea pode nos ajudar.<\/p>\n","protected":false},"excerpt":{"rendered":"<p>Informa\u00e7\u00f5es Denomina\u00e7\u00e3o hist\u00f3rica: Conservat\u00f3rio de M\u00fasica de Pelotas Denomina\u00e7\u00e3o:Conservat\u00f3rio de M\u00fasica da UFPel Ano de Constru\u00e7\u00e3o: Tipologia Patrimonial: Constru\u00eddo para ser resid\u00eancia. Reformado em 1918 para ser escola Ano de aquisi\u00e7\u00e3o pela UFPel: Uso atual: Conservat\u00f3rio de m\u00fasica da UFPel Uso anterior: Resid\u00eancia Estado de Conserva\u00e7\u00e3o: Restaurado (d\u00e9cada de 90) N\u00edvel de prote\u00e7\u00e3o: Inventariado n\u00edvel [&hellip;]<\/p>\n","protected":false},"author":558,"featured_media":0,"parent":6,"menu_order":0,"comment_status":"closed","ping_status":"closed","template":"page-sem-sidebar.php","meta":{"footnotes":""},"class_list":["post-214","page","type-page","status-publish","hentry"],"_links":{"self":[{"href":"https:\/\/wp.ufpel.edu.br\/patrimonio\/wp-json\/wp\/v2\/pages\/214","targetHints":{"allow":["GET"]}}],"collection":[{"href":"https:\/\/wp.ufpel.edu.br\/patrimonio\/wp-json\/wp\/v2\/pages"}],"about":[{"href":"https:\/\/wp.ufpel.edu.br\/patrimonio\/wp-json\/wp\/v2\/types\/page"}],"author":[{"embeddable":true,"href":"https:\/\/wp.ufpel.edu.br\/patrimonio\/wp-json\/wp\/v2\/users\/558"}],"replies":[{"embeddable":true,"href":"https:\/\/wp.ufpel.edu.br\/patrimonio\/wp-json\/wp\/v2\/comments?post=214"}],"version-history":[{"count":4,"href":"https:\/\/wp.ufpel.edu.br\/patrimonio\/wp-json\/wp\/v2\/pages\/214\/revisions"}],"predecessor-version":[{"id":265,"href":"https:\/\/wp.ufpel.edu.br\/patrimonio\/wp-json\/wp\/v2\/pages\/214\/revisions\/265"}],"up":[{"embeddable":true,"href":"https:\/\/wp.ufpel.edu.br\/patrimonio\/wp-json\/wp\/v2\/pages\/6"}],"wp:attachment":[{"href":"https:\/\/wp.ufpel.edu.br\/patrimonio\/wp-json\/wp\/v2\/media?parent=214"}],"curies":[{"name":"wp","href":"https:\/\/api.w.org\/{rel}","templated":true}]}}