{"id":208,"date":"2015-11-23T17:44:14","date_gmt":"2015-11-23T19:44:14","guid":{"rendered":"https:\/\/wp.ufpel.edu.br\/patrimonio\/?page_id=208"},"modified":"2015-11-27T18:57:00","modified_gmt":"2015-11-27T20:57:00","slug":"faculdade-de-direito","status":"publish","type":"page","link":"https:\/\/wp.ufpel.edu.br\/patrimonio\/patrimonio-cultural-edificado\/faculdade-de-direito\/","title":{"rendered":"Faculdade de Direito"},"content":{"rendered":"<p>Pr\u00e9dio constru\u00eddo em terreno doado pelo intendente Municipal Augusto Sim\u00f5es Lopes com subs\u00eddio do Conselho municipal e fundo adquiridos em subscri\u00e7\u00e3o p\u00fablica, al\u00e9m das reservas que a congrega\u00e7\u00e3o j\u00e1 havia conseguido reunir. O terreno foi doado em 1928 com fim exclusivo para a instala\u00e7\u00e3o da Faculdade de Direito de Pelotas da Universidade do Rio Grande do sul.<\/p>\n<table>\n<tbody>\n<tr>\n<td><a href=\"https:\/\/wp.ufpel.edu.br\/patrimonio\/files\/2015\/11\/direito.png\"><img class=\"alignnone size-medium wp-image-68\" src=\"https:\/\/wp.ufpel.edu.br\/patrimonio\/files\/2015\/11\/direito.png\" alt=\"anglofull\" width=\"424\" height=\"283\" \/><\/a><\/td>\n<\/tr>\n<tr>\n<td><b>Informa\u00e7\u00f5es<\/td>\n<\/tr>\n<tr>\n<td><b>Denomina\u00e7\u00e3o hist\u00f3rica:<\/b> Faculdade de Direito<\/td>\n<\/tr>\n<tr>\n<td><b>Denomina\u00e7\u00e3o atual:<\/b> Faculdade de Direito<\/td>\n<\/tr>\n<tr>\n<td><b>Ano de Constru\u00e7\u00e3o:<\/b> 1929<\/td>\n<\/tr>\n<tr>\n<td><b>Tipologia Patrimonial:<\/b> Institui\u00e7\u00e3o de Ensino<\/td>\n<\/tr>\n<tr>\n<td><b>Ano de aquisi\u00e7\u00e3o pela UFPel:<\/b> 1969<\/td>\n<\/tr>\n<tr>\n<td><b>Uso atual:<\/b> Faculdade de Direito<\/td>\n<\/tr>\n<tr>\n<td><b>Uso anterior:<\/b> Faculdade de Direito<\/td>\n<\/tr>\n<tr>\n<td><b>Estado de Conserva\u00e7\u00e3o:<\/b> Razo\u00e1vel<\/td>\n<\/tr>\n<tr>\n<td><b>N\u00edvel de prote\u00e7\u00e3o:<\/b> Inventariado n\u00edvel 1<\/td>\n<\/tr>\n<tr>\n<td><b>Localiza\u00e7\u00e3o:<\/b> Pra\u00e7a Conselheiro Maciel, 215<\/td>\n<\/tr>\n<\/tbody>\n<\/table>\n<h3>Conte sua hist\u00f3ria com a Faculdade de Direito<\/h3>\n<p>Caso tenha alguma hist\u00f3ria para contar sobre a Faculdade de Direito (depoimento, imagem, v\u00eddeo, \u00e1udio, etc.) e queira compartilhar conosco, envie para <strong>qrcodepatrimonioufpel@gmail.com<\/strong>. Queremos contar a hist\u00f3ria deste local e voc\u00ea pode nos ajudar.<\/p>\n","protected":false},"excerpt":{"rendered":"<p>Pr\u00e9dio constru\u00eddo em terreno doado pelo intendente Municipal Augusto Sim\u00f5es Lopes com subs\u00eddio do Conselho municipal e fundo adquiridos em subscri\u00e7\u00e3o p\u00fablica, al\u00e9m das reservas que a congrega\u00e7\u00e3o j\u00e1 havia conseguido reunir. O terreno foi doado em 1928 com fim exclusivo para a instala\u00e7\u00e3o da Faculdade de Direito de Pelotas da Universidade do Rio Grande [&hellip;]<\/p>\n","protected":false},"author":558,"featured_media":0,"parent":6,"menu_order":0,"comment_status":"closed","ping_status":"closed","template":"page-sem-sidebar.php","meta":{"footnotes":""},"class_list":["post-208","page","type-page","status-publish","hentry"],"_links":{"self":[{"href":"https:\/\/wp.ufpel.edu.br\/patrimonio\/wp-json\/wp\/v2\/pages\/208","targetHints":{"allow":["GET"]}}],"collection":[{"href":"https:\/\/wp.ufpel.edu.br\/patrimonio\/wp-json\/wp\/v2\/pages"}],"about":[{"href":"https:\/\/wp.ufpel.edu.br\/patrimonio\/wp-json\/wp\/v2\/types\/page"}],"author":[{"embeddable":true,"href":"https:\/\/wp.ufpel.edu.br\/patrimonio\/wp-json\/wp\/v2\/users\/558"}],"replies":[{"embeddable":true,"href":"https:\/\/wp.ufpel.edu.br\/patrimonio\/wp-json\/wp\/v2\/comments?post=208"}],"version-history":[{"count":3,"href":"https:\/\/wp.ufpel.edu.br\/patrimonio\/wp-json\/wp\/v2\/pages\/208\/revisions"}],"predecessor-version":[{"id":276,"href":"https:\/\/wp.ufpel.edu.br\/patrimonio\/wp-json\/wp\/v2\/pages\/208\/revisions\/276"}],"up":[{"embeddable":true,"href":"https:\/\/wp.ufpel.edu.br\/patrimonio\/wp-json\/wp\/v2\/pages\/6"}],"wp:attachment":[{"href":"https:\/\/wp.ufpel.edu.br\/patrimonio\/wp-json\/wp\/v2\/media?parent=208"}],"curies":[{"name":"wp","href":"https:\/\/api.w.org\/{rel}","templated":true}]}}