{"id":7,"date":"2015-09-21T19:01:35","date_gmt":"2015-09-21T22:01:35","guid":{"rendered":"https:\/\/wp.ufpel.edu.br\/patriciafantinel\/?page_id=7"},"modified":"2015-09-21T21:03:49","modified_gmt":"2015-09-22T00:03:49","slug":"sobre","status":"publish","type":"page","link":"https:\/\/wp.ufpel.edu.br\/patriciafantinel\/?page_id=7","title":{"rendered":"Ensino"},"content":{"rendered":"<p>2015\/2<\/p>\n<p>Instrumenta\u00e7\u00e3o para o Ensino de Matem\u00e1tica I<\/p>\n<p>Instrumenta\u00e7\u00e3o para o Ensino de Matem\u00e1tica II<\/p>\n<p>&nbsp;<\/p>\n<p>2015\/1<\/p>\n<p>Laborat\u00f3rio de Ensino de Matem\u00e1tica II<\/p>\n<p>Laborat\u00f3rio de Ensino de Matem\u00e1tica III<\/p>\n<p>Laborat\u00f3rio de Matem\u00e1tica IV<\/p>\n<p>&nbsp;<\/p>\n<p>&nbsp;<\/p>\n<table>\n<tbody>\n<tr>\n<td><\/td>\n<td><\/td>\n<\/tr>\n<\/tbody>\n<\/table>\n<p><\/p>\n","protected":false},"excerpt":{"rendered":"<p>2015\/2 Instrumenta\u00e7\u00e3o para o Ensino de Matem\u00e1tica I Instrumenta\u00e7\u00e3o para o Ensino de Matem\u00e1tica II &nbsp; 2015\/1 Laborat\u00f3rio de Ensino de Matem\u00e1tica II Laborat\u00f3rio de Ensino de Matem\u00e1tica III Laborat\u00f3rio de Matem\u00e1tica IV &nbsp; &nbsp;<\/p>\n","protected":false},"author":548,"featured_media":0,"parent":0,"menu_order":1,"comment_status":"closed","ping_status":"closed","template":"page-sem-sidebar.php","meta":{"footnotes":""},"class_list":["post-7","page","type-page","status-publish","hentry"],"_links":{"self":[{"href":"https:\/\/wp.ufpel.edu.br\/patriciafantinel\/index.php?rest_route=\/wp\/v2\/pages\/7","targetHints":{"allow":["GET"]}}],"collection":[{"href":"https:\/\/wp.ufpel.edu.br\/patriciafantinel\/index.php?rest_route=\/wp\/v2\/pages"}],"about":[{"href":"https:\/\/wp.ufpel.edu.br\/patriciafantinel\/index.php?rest_route=\/wp\/v2\/types\/page"}],"author":[{"embeddable":true,"href":"https:\/\/wp.ufpel.edu.br\/patriciafantinel\/index.php?rest_route=\/wp\/v2\/users\/548"}],"replies":[{"embeddable":true,"href":"https:\/\/wp.ufpel.edu.br\/patriciafantinel\/index.php?rest_route=%2Fwp%2Fv2%2Fcomments&post=7"}],"version-history":[{"count":3,"href":"https:\/\/wp.ufpel.edu.br\/patriciafantinel\/index.php?rest_route=\/wp\/v2\/pages\/7\/revisions"}],"predecessor-version":[{"id":15,"href":"https:\/\/wp.ufpel.edu.br\/patriciafantinel\/index.php?rest_route=\/wp\/v2\/pages\/7\/revisions\/15"}],"wp:attachment":[{"href":"https:\/\/wp.ufpel.edu.br\/patriciafantinel\/index.php?rest_route=%2Fwp%2Fv2%2Fmedia&parent=7"}],"curies":[{"name":"wp","href":"https:\/\/api.w.org\/{rel}","templated":true}]}}