{"id":2,"date":"2015-09-04T13:38:25","date_gmt":"2015-09-04T13:38:25","guid":{"rendered":"https:\/\/wp.ufpel.edu.br\/patriciafantinel\/?page_id=2"},"modified":"2015-09-21T21:30:00","modified_gmt":"2015-09-22T00:30:00","slug":"pagina-exemplo","status":"publish","type":"page","link":"https:\/\/wp.ufpel.edu.br\/patriciafantinel\/","title":{"rendered":"In\u00edcio"},"content":{"rendered":"<p><span style=\"font-family: 'comic sans ms', sans-serif\">Ol\u00e1! Bem vindo!<\/span><\/p>\n<p><span style=\"font-family: 'comic sans ms', sans-serif\">Neste site ter\u00e1 um breve olhar sobre meu trabalho na \u00e1rea da Educa\u00e7\u00e3o Matem\u00e1tica.<\/span><\/p>\n<table class=\" alignleft\" border=\"0\">\n<tbody>\n<tr>\n<td>\n<p><span style=\"font-family: 'comic sans ms', sans-serif\"><img class=\"alignnone wp-image-5\" src=\"https:\/\/wp.ufpel.edu.br\/patriciafantinel\/files\/2015\/09\/pati2013_web2-416x318.png\" alt=\"pati2013_web2\" width=\"141\" height=\"108\" srcset=\"https:\/\/wp.ufpel.edu.br\/patriciafantinel\/files\/2015\/09\/pati2013_web2-416x318.png 416w, https:\/\/wp.ufpel.edu.br\/patriciafantinel\/files\/2015\/09\/pati2013_web2-208x159.png 208w, https:\/\/wp.ufpel.edu.br\/patriciafantinel\/files\/2015\/09\/pati2013_web2.png 440w\" sizes=\"(max-width: 141px) 100vw, 141px\" \/><\/span><\/p>\n<p><a href=\"http:\/\/lattes.cnpq.br\/2309950065183199\" target=\"_blank\">Curr\u00edculo Lattes<\/a><\/td>\n<td>\n<p><strong><span style=\"font-family: 'comic sans ms', sans-serif\">Forma\u00e7\u00e3o:<\/span><\/strong><\/p>\n<p><span style=\"font-family: 'comic sans ms', sans-serif\">Licenciada em Matem\u00e1tica pela UFRGS<\/span><\/p>\n<p><span style=\"font-family: 'comic sans ms', sans-serif\">Mestre em Educa\u00e7\u00e3o Matem\u00e1tica pela UNESP Campus Rio Claro<\/span><\/p>\n<p><span style=\"font-family: 'comic sans ms', sans-serif\">Doutora em Inform\u00e1tica na Educa\u00e7\u00e3o pela UFRGS<\/span><\/p>\n<p>&nbsp;<\/p>\n<p><strong><span style=\"font-family: 'comic sans ms', sans-serif\">Dados Profissionais:<\/span><\/strong><\/p>\n<p><span style=\"font-family: 'comic sans ms', sans-serif\">Prof.a Adjunta na Universidade Federal de Pelotas (2010 &#8211; atual)<\/span><\/p>\n<p><span style=\"font-family: 'comic sans ms', sans-serif\">Prof.a no UNILASALLE (1999 &#8211; 2010)<\/span><\/p>\n<p><span style=\"font-family: 'comic sans ms', sans-serif\">Prof.a na E.M.E.F. Vila Monte Cristo (2000 &#8211; 2010)<\/span><\/p>\n<p><span style=\"font-family: 'comic sans ms', sans-serif\">Tutora no programa Pr\u00f3-letramento de Matem\u00e1tica (2008 &#8211; 2010)<\/span><\/p>\n<p><span style=\"font-family: 'comic sans ms', sans-serif\">Assessoria de Matem\u00e1tica na SMED de Porto Alegre (2006)<\/span><\/p>\n<p>&nbsp;<\/p>\n<p>&nbsp;<\/td>\n<\/tr>\n<\/tbody>\n<\/table>\n<p>&nbsp;<\/p>\n","protected":false},"excerpt":{"rendered":"<p>Ol\u00e1! Bem vindo! Neste site ter\u00e1 um breve olhar sobre meu trabalho na \u00e1rea da Educa\u00e7\u00e3o Matem\u00e1tica. Curr\u00edculo Lattes Forma\u00e7\u00e3o: Licenciada em Matem\u00e1tica pela UFRGS Mestre em Educa\u00e7\u00e3o Matem\u00e1tica pela UNESP Campus Rio Claro Doutora em Inform\u00e1tica na Educa\u00e7\u00e3o pela UFRGS &nbsp; Dados Profissionais: Prof.a Adjunta na Universidade Federal de Pelotas (2010 &#8211; atual) Prof.a [&hellip;]<\/p>\n","protected":false},"author":548,"featured_media":0,"parent":0,"menu_order":0,"comment_status":"closed","ping_status":"closed","template":"page-sem-sidebar.php","meta":{"footnotes":""},"class_list":["post-2","page","type-page","status-publish","hentry"],"_links":{"self":[{"href":"https:\/\/wp.ufpel.edu.br\/patriciafantinel\/index.php?rest_route=\/wp\/v2\/pages\/2","targetHints":{"allow":["GET"]}}],"collection":[{"href":"https:\/\/wp.ufpel.edu.br\/patriciafantinel\/index.php?rest_route=\/wp\/v2\/pages"}],"about":[{"href":"https:\/\/wp.ufpel.edu.br\/patriciafantinel\/index.php?rest_route=\/wp\/v2\/types\/page"}],"author":[{"embeddable":true,"href":"https:\/\/wp.ufpel.edu.br\/patriciafantinel\/index.php?rest_route=\/wp\/v2\/users\/548"}],"replies":[{"embeddable":true,"href":"https:\/\/wp.ufpel.edu.br\/patriciafantinel\/index.php?rest_route=%2Fwp%2Fv2%2Fcomments&post=2"}],"version-history":[{"count":9,"href":"https:\/\/wp.ufpel.edu.br\/patriciafantinel\/index.php?rest_route=\/wp\/v2\/pages\/2\/revisions"}],"predecessor-version":[{"id":36,"href":"https:\/\/wp.ufpel.edu.br\/patriciafantinel\/index.php?rest_route=\/wp\/v2\/pages\/2\/revisions\/36"}],"wp:attachment":[{"href":"https:\/\/wp.ufpel.edu.br\/patriciafantinel\/index.php?rest_route=%2Fwp%2Fv2%2Fmedia&parent=2"}],"curies":[{"name":"wp","href":"https:\/\/api.w.org\/{rel}","templated":true}]}}