{"id":16,"date":"2015-09-21T19:53:34","date_gmt":"2015-09-21T22:53:34","guid":{"rendered":"https:\/\/wp.ufpel.edu.br\/patriciafantinel\/?page_id=16"},"modified":"2015-09-21T21:04:37","modified_gmt":"2015-09-22T00:04:37","slug":"pesquisa","status":"publish","type":"page","link":"https:\/\/wp.ufpel.edu.br\/patriciafantinel\/?page_id=16","title":{"rendered":"Pesquisa"},"content":{"rendered":"<p><span style=\"font-family: 'comic sans ms', sans-serif\"><a href=\"http:\/\/dgp.cnpq.br\/dgp\/espelhogrupo\/7045130287119811\" target=\"_blank\">Grupo de Pesquisa em Educa\u00e7\u00e3o Matem\u00e1tica e Matem\u00e1tica Aplicada (GPEMMA)<\/a><\/span><\/p>\n<p><span style=\"font-family: 'comic sans ms', sans-serif\">Projetos:<\/span><\/p>\n<p>&nbsp;<\/p>\n","protected":false},"excerpt":{"rendered":"<p>Grupo de Pesquisa em Educa\u00e7\u00e3o Matem\u00e1tica e Matem\u00e1tica Aplicada (GPEMMA) Projetos: &nbsp;<\/p>\n","protected":false},"author":548,"featured_media":0,"parent":0,"menu_order":2,"comment_status":"closed","ping_status":"closed","template":"page-sem-sidebar.php","meta":{"footnotes":""},"class_list":["post-16","page","type-page","status-publish","hentry"],"_links":{"self":[{"href":"https:\/\/wp.ufpel.edu.br\/patriciafantinel\/index.php?rest_route=\/wp\/v2\/pages\/16","targetHints":{"allow":["GET"]}}],"collection":[{"href":"https:\/\/wp.ufpel.edu.br\/patriciafantinel\/index.php?rest_route=\/wp\/v2\/pages"}],"about":[{"href":"https:\/\/wp.ufpel.edu.br\/patriciafantinel\/index.php?rest_route=\/wp\/v2\/types\/page"}],"author":[{"embeddable":true,"href":"https:\/\/wp.ufpel.edu.br\/patriciafantinel\/index.php?rest_route=\/wp\/v2\/users\/548"}],"replies":[{"embeddable":true,"href":"https:\/\/wp.ufpel.edu.br\/patriciafantinel\/index.php?rest_route=%2Fwp%2Fv2%2Fcomments&post=16"}],"version-history":[{"count":2,"href":"https:\/\/wp.ufpel.edu.br\/patriciafantinel\/index.php?rest_route=\/wp\/v2\/pages\/16\/revisions"}],"predecessor-version":[{"id":31,"href":"https:\/\/wp.ufpel.edu.br\/patriciafantinel\/index.php?rest_route=\/wp\/v2\/pages\/16\/revisions\/31"}],"wp:attachment":[{"href":"https:\/\/wp.ufpel.edu.br\/patriciafantinel\/index.php?rest_route=%2Fwp%2Fv2%2Fmedia&parent=16"}],"curies":[{"name":"wp","href":"https:\/\/api.w.org\/{rel}","templated":true}]}}