{"id":522,"date":"2023-08-23T10:35:56","date_gmt":"2023-08-23T13:35:56","guid":{"rendered":"https:\/\/wp.ufpel.edu.br\/patologiabucal\/?page_id=522"},"modified":"2023-08-23T10:35:58","modified_gmt":"2023-08-23T13:35:58","slug":"casos-doencas-do-sangue","status":"publish","type":"page","link":"https:\/\/wp.ufpel.edu.br\/patologiabucal\/casos-doencas-do-sangue\/","title":{"rendered":"Casos Doen\u00e7as do Sangue"},"content":{"rendered":"<p><a href=\"https:\/\/wp.ufpel.edu.br\/patologiabucal\/casos-doencas-do-sangue\/glossite\/\" rel=\"attachment wp-att-524\">Caso 1<\/a><\/p>\n<p>Sexo masculino, 56 anos.<\/p>\n<p>Refere 2 meses de evolu\u00e7\u00e3o.<\/p>\n","protected":false},"excerpt":{"rendered":"<p>Caso 1 Sexo masculino, 56 anos. Refere 2 meses de evolu\u00e7\u00e3o.<\/p>\n","protected":false},"author":879,"featured_media":0,"parent":0,"menu_order":0,"comment_status":"closed","ping_status":"closed","template":"","meta":{"footnotes":""},"class_list":["post-522","page","type-page","status-publish","hentry"],"yoast_head":"<!-- This site is optimized with the Yoast SEO plugin v26.7 - https:\/\/yoast.com\/wordpress\/plugins\/seo\/ -->\n<title>Casos Doen\u00e7as do Sangue - Diagn\u00f3stico Bucal Interativo<\/title>\n<meta name=\"description\" content=\"Casos cl\u00ednicos sobre doen\u00e7as do sangue suas manifesta\u00e7\u00f5es bucais.\" \/>\n<meta name=\"robots\" content=\"index, follow, max-snippet:-1, max-image-preview:large, max-video-preview:-1\" \/>\n<link rel=\"canonical\" href=\"https:\/\/wp.ufpel.edu.br\/patologiabucal\/casos-doencas-do-sangue\/\" \/>\n<meta property=\"og:locale\" content=\"pt_BR\" \/>\n<meta property=\"og:type\" content=\"article\" \/>\n<meta property=\"og:title\" content=\"Casos Doen\u00e7as do Sangue - Diagn\u00f3stico Bucal Interativo\" \/>\n<meta property=\"og:description\" content=\"Casos cl\u00ednicos sobre doen\u00e7as do sangue suas manifesta\u00e7\u00f5es bucais.\" \/>\n<meta property=\"og:url\" content=\"https:\/\/wp.ufpel.edu.br\/patologiabucal\/casos-doencas-do-sangue\/\" \/>\n<meta property=\"og:site_name\" content=\"Diagn\u00f3stico Bucal Interativo\" \/>\n<meta property=\"article:modified_time\" content=\"2023-08-23T13:35:58+00:00\" \/>\n<meta name=\"twitter:card\" content=\"summary_large_image\" \/>\n<meta name=\"twitter:label1\" content=\"Est. tempo de leitura\" \/>\n\t<meta name=\"twitter:data1\" content=\"1 minuto\" \/>\n<script type=\"application\/ld+json\" class=\"yoast-schema-graph\">{\"@context\":\"https:\/\/schema.org\",\"@graph\":[{\"@type\":\"WebPage\",\"@id\":\"https:\/\/wp.ufpel.edu.br\/patologiabucal\/casos-doencas-do-sangue\/\",\"url\":\"https:\/\/wp.ufpel.edu.br\/patologiabucal\/casos-doencas-do-sangue\/\",\"name\":\"Casos Doen\u00e7as do Sangue - Diagn\u00f3stico Bucal Interativo\",\"isPartOf\":{\"@id\":\"https:\/\/wp.ufpel.edu.br\/patologiabucal\/#website\"},\"datePublished\":\"2023-08-23T13:35:56+00:00\",\"dateModified\":\"2023-08-23T13:35:58+00:00\",\"description\":\"Casos cl\u00ednicos sobre doen\u00e7as do sangue suas manifesta\u00e7\u00f5es bucais.\",\"breadcrumb\":{\"@id\":\"https:\/\/wp.ufpel.edu.br\/patologiabucal\/casos-doencas-do-sangue\/#breadcrumb\"},\"inLanguage\":\"pt-BR\",\"potentialAction\":[{\"@type\":\"ReadAction\",\"target\":[\"https:\/\/wp.ufpel.edu.br\/patologiabucal\/casos-doencas-do-sangue\/\"]}]},{\"@type\":\"BreadcrumbList\",\"@id\":\"https:\/\/wp.ufpel.edu.br\/patologiabucal\/casos-doencas-do-sangue\/#breadcrumb\",\"itemListElement\":[{\"@type\":\"ListItem\",\"position\":1,\"name\":\"In\u00edcio\",\"item\":\"https:\/\/wp.ufpel.edu.br\/patologiabucal\/\"},{\"@type\":\"ListItem\",\"position\":2,\"name\":\"Casos Doen\u00e7as do Sangue\"}]},{\"@type\":\"WebSite\",\"@id\":\"https:\/\/wp.ufpel.edu.br\/patologiabucal\/#website\",\"url\":\"https:\/\/wp.ufpel.edu.br\/patologiabucal\/\",\"name\":\"Diagn\u00f3stico Bucal Interativo\",\"description\":\"UFPel\",\"publisher\":{\"@id\":\"https:\/\/wp.ufpel.edu.br\/patologiabucal\/#organization\"},\"potentialAction\":[{\"@type\":\"SearchAction\",\"target\":{\"@type\":\"EntryPoint\",\"urlTemplate\":\"https:\/\/wp.ufpel.edu.br\/patologiabucal\/?s={search_term_string}\"},\"query-input\":{\"@type\":\"PropertyValueSpecification\",\"valueRequired\":true,\"valueName\":\"search_term_string\"}}],\"inLanguage\":\"pt-BR\"},{\"@type\":\"Organization\",\"@id\":\"https:\/\/wp.ufpel.edu.br\/patologiabucal\/#organization\",\"name\":\"Diagn\u00f3stico Bucal Interativo\",\"url\":\"https:\/\/wp.ufpel.edu.br\/patologiabucal\/\",\"logo\":{\"@type\":\"ImageObject\",\"inLanguage\":\"pt-BR\",\"@id\":\"https:\/\/wp.ufpel.edu.br\/patologiabucal\/#\/schema\/logo\/image\/\",\"url\":\"https:\/\/wp.ufpel.edu.br\/patologiabucal\/files\/2021\/05\/Patologia-Interativa-logo.png\",\"contentUrl\":\"https:\/\/wp.ufpel.edu.br\/patologiabucal\/files\/2021\/05\/Patologia-Interativa-logo.png\",\"width\":907,\"height\":908,\"caption\":\"Diagn\u00f3stico Bucal Interativo\"},\"image\":{\"@id\":\"https:\/\/wp.ufpel.edu.br\/patologiabucal\/#\/schema\/logo\/image\/\"}}]}<\/script>\n<!-- \/ Yoast SEO plugin. -->","yoast_head_json":{"title":"Casos Doen\u00e7as do Sangue - Diagn\u00f3stico Bucal Interativo","description":"Casos cl\u00ednicos sobre doen\u00e7as do sangue suas manifesta\u00e7\u00f5es bucais.","robots":{"index":"index","follow":"follow","max-snippet":"max-snippet:-1","max-image-preview":"max-image-preview:large","max-video-preview":"max-video-preview:-1"},"canonical":"https:\/\/wp.ufpel.edu.br\/patologiabucal\/casos-doencas-do-sangue\/","og_locale":"pt_BR","og_type":"article","og_title":"Casos Doen\u00e7as do Sangue - Diagn\u00f3stico Bucal Interativo","og_description":"Casos cl\u00ednicos sobre doen\u00e7as do sangue suas manifesta\u00e7\u00f5es bucais.","og_url":"https:\/\/wp.ufpel.edu.br\/patologiabucal\/casos-doencas-do-sangue\/","og_site_name":"Diagn\u00f3stico Bucal Interativo","article_modified_time":"2023-08-23T13:35:58+00:00","twitter_card":"summary_large_image","twitter_misc":{"Est. tempo de leitura":"1 minuto"},"schema":{"@context":"https:\/\/schema.org","@graph":[{"@type":"WebPage","@id":"https:\/\/wp.ufpel.edu.br\/patologiabucal\/casos-doencas-do-sangue\/","url":"https:\/\/wp.ufpel.edu.br\/patologiabucal\/casos-doencas-do-sangue\/","name":"Casos Doen\u00e7as do Sangue - Diagn\u00f3stico Bucal Interativo","isPartOf":{"@id":"https:\/\/wp.ufpel.edu.br\/patologiabucal\/#website"},"datePublished":"2023-08-23T13:35:56+00:00","dateModified":"2023-08-23T13:35:58+00:00","description":"Casos cl\u00ednicos sobre doen\u00e7as do sangue suas manifesta\u00e7\u00f5es bucais.","breadcrumb":{"@id":"https:\/\/wp.ufpel.edu.br\/patologiabucal\/casos-doencas-do-sangue\/#breadcrumb"},"inLanguage":"pt-BR","potentialAction":[{"@type":"ReadAction","target":["https:\/\/wp.ufpel.edu.br\/patologiabucal\/casos-doencas-do-sangue\/"]}]},{"@type":"BreadcrumbList","@id":"https:\/\/wp.ufpel.edu.br\/patologiabucal\/casos-doencas-do-sangue\/#breadcrumb","itemListElement":[{"@type":"ListItem","position":1,"name":"In\u00edcio","item":"https:\/\/wp.ufpel.edu.br\/patologiabucal\/"},{"@type":"ListItem","position":2,"name":"Casos Doen\u00e7as do Sangue"}]},{"@type":"WebSite","@id":"https:\/\/wp.ufpel.edu.br\/patologiabucal\/#website","url":"https:\/\/wp.ufpel.edu.br\/patologiabucal\/","name":"Diagn\u00f3stico Bucal Interativo","description":"UFPel","publisher":{"@id":"https:\/\/wp.ufpel.edu.br\/patologiabucal\/#organization"},"potentialAction":[{"@type":"SearchAction","target":{"@type":"EntryPoint","urlTemplate":"https:\/\/wp.ufpel.edu.br\/patologiabucal\/?s={search_term_string}"},"query-input":{"@type":"PropertyValueSpecification","valueRequired":true,"valueName":"search_term_string"}}],"inLanguage":"pt-BR"},{"@type":"Organization","@id":"https:\/\/wp.ufpel.edu.br\/patologiabucal\/#organization","name":"Diagn\u00f3stico Bucal Interativo","url":"https:\/\/wp.ufpel.edu.br\/patologiabucal\/","logo":{"@type":"ImageObject","inLanguage":"pt-BR","@id":"https:\/\/wp.ufpel.edu.br\/patologiabucal\/#\/schema\/logo\/image\/","url":"https:\/\/wp.ufpel.edu.br\/patologiabucal\/files\/2021\/05\/Patologia-Interativa-logo.png","contentUrl":"https:\/\/wp.ufpel.edu.br\/patologiabucal\/files\/2021\/05\/Patologia-Interativa-logo.png","width":907,"height":908,"caption":"Diagn\u00f3stico Bucal Interativo"},"image":{"@id":"https:\/\/wp.ufpel.edu.br\/patologiabucal\/#\/schema\/logo\/image\/"}}]}},"_links":{"self":[{"href":"https:\/\/wp.ufpel.edu.br\/patologiabucal\/wp-json\/wp\/v2\/pages\/522","targetHints":{"allow":["GET"]}}],"collection":[{"href":"https:\/\/wp.ufpel.edu.br\/patologiabucal\/wp-json\/wp\/v2\/pages"}],"about":[{"href":"https:\/\/wp.ufpel.edu.br\/patologiabucal\/wp-json\/wp\/v2\/types\/page"}],"author":[{"embeddable":true,"href":"https:\/\/wp.ufpel.edu.br\/patologiabucal\/wp-json\/wp\/v2\/users\/879"}],"replies":[{"embeddable":true,"href":"https:\/\/wp.ufpel.edu.br\/patologiabucal\/wp-json\/wp\/v2\/comments?post=522"}],"version-history":[{"count":5,"href":"https:\/\/wp.ufpel.edu.br\/patologiabucal\/wp-json\/wp\/v2\/pages\/522\/revisions"}],"predecessor-version":[{"id":529,"href":"https:\/\/wp.ufpel.edu.br\/patologiabucal\/wp-json\/wp\/v2\/pages\/522\/revisions\/529"}],"wp:attachment":[{"href":"https:\/\/wp.ufpel.edu.br\/patologiabucal\/wp-json\/wp\/v2\/media?parent=522"}],"curies":[{"name":"wp","href":"https:\/\/api.w.org\/{rel}","templated":true}]}}