{"id":40,"date":"2018-09-20T00:42:00","date_gmt":"2018-09-20T03:42:00","guid":{"rendered":"https:\/\/wp.ufpel.edu.br\/patologiabucal\/?page_id=40"},"modified":"2023-08-29T23:05:56","modified_gmt":"2023-08-30T02:05:56","slug":"casos-clinicos","status":"publish","type":"page","link":"https:\/\/wp.ufpel.edu.br\/patologiabucal\/casos-clinicos\/","title":{"rendered":"Casos Cl\u00ednicos"},"content":{"rendered":"<p><span style=\"font-family: arial, helvetica, sans-serif;\">As pr\u00e1ticas cl\u00ednicas s\u00e3o vinculadas ao ambulat\u00f3rio do Centro de Diagn\u00f3stico das Doen\u00e7as da Boca, um servi\u00e7o em que o agendamento ocorre na forma de livre demanda.<\/span><\/p>\n<p><span style=\"font-family: arial, helvetica, sans-serif;\">A participa\u00e7\u00e3o virtual e discuss\u00e3o presencial desses casos cl\u00ednicos nos possibilitar\u00e1:<\/span><\/p>\n<ul>\n<li><span style=\"font-family: arial, helvetica, sans-serif;\">\u00a0Desenvolver o racioc\u00ednio cl\u00ednico, com vistas ao diagn\u00f3stico das diferentes patologias da regi\u00e3o bucomaxilofacial;<\/span><\/li>\n<li><span style=\"font-family: arial, helvetica, sans-serif;\">\u00a0Discutir possibilidades de diagn\u00f3stico diferencial;<\/span><\/li>\n<li><span style=\"font-family: arial, helvetica, sans-serif;\">\u00a0Discutir possibilidades de tratamento, sempre visando o maior benef\u00edcio do paciente;<\/span><\/li>\n<li><span style=\"font-family: arial, helvetica, sans-serif;\">\u00a0Embasar a discuss\u00e3o dos casos atrav\u00e9s das considera\u00e7\u00f5es da literatura atual;<\/span><\/li>\n<li><span style=\"font-family: arial, helvetica, sans-serif;\">Capacitar o aluno de odontologia a assumir seu papel como o profissional respons\u00e1vel pela sa\u00fade da boca, extrapolando a barreira dos dentes e gengiva.<\/span><\/li>\n<\/ul>\n<hr \/>\n<p><strong><span style=\"font-family: arial, helvetica, sans-serif;\">1\u00ba EDCC: 22 de Novembro de 2018, \u00e0s 12h30 no Laborat\u00f3rio de Patologia, 7\u00ba Andar &#8211; FO.<br \/>\nCronograma: Discuss\u00e3o do Caso Cl\u00ednico 1.<\/span><\/strong><\/p>\n<p><span style=\"font-family: arial, helvetica, sans-serif;\"><a href=\"https:\/\/docs.google.com\/forms\/d\/e\/1FAIpQLSeiU3vuMsA6-HP1FghKVXVjIBS5PU8hoWdPkaXt4OR7ejYM0Q\/viewform?usp=sf_link\">CASO 1<\/a><\/span><\/p>\n<pre><span style=\"font-family: arial, helvetica, sans-serif;\">Material de apoio para o caso: <a href=\"https:\/\/wp.ufpel.edu.br\/patologiabucal\/files\/2018\/11\/Chrcanovic_et_al-2018-Oral_Diseases.pdf\">Chrcanovic_et_al-2018-Oral_Diseases<\/a>\r\n<span style=\"background-color: #999999; color: #ffffff;\">R: Diagn\u00f3stico - Ceratocisto Odontog\u00eanico<\/span><\/span>\r\n<\/pre>\n<hr \/>\n<pre><strong><span style=\"font-family: arial, helvetica, sans-serif;\">2\u00ba EDCC: 13 de Dezembro de 2018, \u00e0s 12h30 no Laborat\u00f3rio de Patologia, 7\u00ba Andar - FO.\r\nCronograma: Discuss\u00e3o do Caso Cl\u00ednico 2.<\/span><\/strong><\/pre>\n<p><span style=\"font-family: arial, helvetica, sans-serif;\"><a href=\"https:\/\/goo.gl\/forms\/p7kPyu0EplCqpYMJ3\">CASO 2\u00a0<\/a> <\/span><\/p>\n<p><span style=\"font-family: arial, helvetica, sans-serif; background-color: #999999; color: #ffffff;\">R: Diagn\u00f3stico &#8211; Paracoccidioidomicose<\/span><\/p>\n<hr \/>\n<p><span style=\"font-family: arial, helvetica, sans-serif;\"><strong>3\u00ba EDCC: 21 de Fevereiro de 2019, \u00e0s 12h30 no 6\u00ba andar &#8211; FO.<\/strong><\/span><\/p>\n<p><span style=\"font-family: arial, helvetica, sans-serif;\"><strong>Cronograma: Discuss\u00e3o dos Casos Cl\u00ednicos 3 e 4.<\/strong><\/span><\/p>\n<p><span style=\"font-family: arial, helvetica, sans-serif;\"><a href=\"https:\/\/goo.gl\/forms\/LVK5rQAsXPlrPvhY2\">CASO 3 <\/a><\/span><\/p>\n<p><span style=\"font-family: arial, helvetica, sans-serif; background-color: #999999; color: #ffffff;\">R: Diagn\u00f3stico &#8211; Carcinoma Espinocelular<\/span><\/p>\n<p><span style=\"font-family: arial, helvetica, sans-serif;\"><a href=\"https:\/\/goo.gl\/forms\/QxLPFvS1mxXel1Er2\">CASO 4<\/a><\/span><\/p>\n<p><span style=\"font-family: arial, helvetica, sans-serif; background-color: #999999; color: #ffffff;\">R: Diagn\u00f3stico &#8211; Granuloma Perif\u00e9rico de C\u00e9lulas Gigantes<\/span><\/p>\n<hr \/>\n<p><span style=\"font-family: arial, helvetica, sans-serif;\"><strong>4\u00ba EDCC: 14 de Mar\u00e7o de 2019, \u00e0s 12h30 no 6\u00ba andar &#8211; FO.<\/strong><\/span><\/p>\n<p><span style=\"font-family: arial, helvetica, sans-serif;\"><strong>Cronograma: Discuss\u00e3o do Caso Cl\u00ednico 5.<\/strong><\/span><\/p>\n<p><span style=\"font-family: arial, helvetica, sans-serif;\">Caso Cl\u00ednico:<\/span><\/p>\n<p><a href=\"https:\/\/goo.gl\/forms\/4tqrlJrLA98Wn4512\"><span style=\"font-family: arial, helvetica, sans-serif;\">CASO 5<\/span><\/a><\/p>\n<p><span style=\"font-family: arial, helvetica, sans-serif;\"><span style=\"background-color: #999999; color: #ffffff;\">R: Diagn\u00f3stico &#8211; Doen\u00e7a dos P\u00e9s, M\u00e3os e Boca<\/span><\/span><\/p>\n<hr \/>\n<p><span style=\"font-family: arial, helvetica, sans-serif;\"><strong>5\u00ba EDCC: 02 de Maio de 2019, \u00e0s 12h30 no 6\u00ba andar &#8211; FO.<\/strong><\/span><\/p>\n<p><span style=\"font-family: arial, helvetica, sans-serif;\"><strong>Cronograma: Discuss\u00e3o do Caso Cl\u00ednico 6.<\/strong><\/span><\/p>\n<p><span style=\"font-family: arial, helvetica, sans-serif;\">Caso Cl\u00ednico:<\/span><\/p>\n<p><a href=\"https:\/\/forms.gle\/N7xzDTXoNvjUtpaPA\"><span style=\"font-family: arial, helvetica, sans-serif;\">CASO 6<\/span><\/a><\/p>\n<p><span style=\"font-family: arial, helvetica, sans-serif;\"><span style=\"background-color: #999999; color: #ffffff;\">R: Diagn\u00f3stico &#8211; Amelobastoma S\u00f3lido Convencional<\/span><\/span><\/p>\n<hr \/>\n<p><span style=\"font-family: arial, helvetica, sans-serif;\"><strong>6\u00ba EDCC: 03 de Junho de 2019, \u00e0s 12h30 no 6\u00ba andar &#8211; FO, sala 601.<\/strong><\/span><\/p>\n<p><span style=\"font-family: arial, helvetica, sans-serif;\"><strong>Cronograma: Discuss\u00e3o do Casos Cl\u00ednicos 7 e 8.<\/strong><\/span><\/p>\n<p><span style=\"font-family: arial, helvetica, sans-serif;\">Caso Cl\u00ednico:<\/span><\/p>\n<p><a href=\"https:\/\/forms.gle\/9tsFoGogTve4CcHt9\"><span style=\"font-family: arial, helvetica, sans-serif;\">CASO 7\u00a0<\/span><\/a><\/p>\n<p><span style=\"font-family: arial, helvetica, sans-serif; background-color: #999999; color: #ffffff;\">R: Diagn\u00f3stico &#8211; Fibroma Amelobl\u00e1stico<\/span><\/p>\n<p><span style=\"font-family: arial, helvetica, sans-serif;\"><a href=\"https:\/\/forms.gle\/rtNngMh7U8pk2CTu5\">CASO 8<\/a><\/span><\/p>\n<p><span style=\"font-family: arial, helvetica, sans-serif; background-color: #999999; color: #ffffff;\">R: Diagn\u00f3stico &#8211; S\u00edfilis<\/span><\/p>\n<hr \/>\n<p><span style=\"font-family: arial, helvetica, sans-serif;\"><strong>7\u00ba EDCC: 27 de Junho de 2019, \u00e0s 12h30 no 6\u00ba andar &#8211; FO, sala 602.<\/strong><\/span><\/p>\n<p><span style=\"font-family: arial, helvetica, sans-serif;\"><strong>Cronograma: Discuss\u00e3o do Caso Cl\u00ednico 9.<\/strong><\/span><\/p>\n<p><span style=\"font-family: arial, helvetica, sans-serif;\">Caso Cl\u00ednico:<\/span><\/p>\n<p><a href=\"https:\/\/forms.gle\/uokvcRkaP794yqGN6\"><span style=\"font-family: arial, helvetica, sans-serif;\">CASO 9\u00a0<\/span><\/a><\/p>\n<p><span style=\"font-family: arial, helvetica, sans-serif; background-color: #999999; color: #ffffff;\">R: Diagn\u00f3stico &#8211; Histoplasmose<\/span><\/p>\n<hr \/>\n<p><span style=\"font-family: arial, helvetica, sans-serif;\"><strong>8\u00ba EDCC: 18 de Julho de 2019, \u00e0s 12h30 no 6\u00ba andar &#8211; FO, sala 602.<\/strong><\/span><\/p>\n<p><span style=\"font-family: arial, helvetica, sans-serif;\"><strong>Cronograma: Discuss\u00e3o dos Casos Cl\u00ednicos 10 e 11.<\/strong><\/span><\/p>\n<p><span style=\"font-size: 14pt;\"><strong>Dica:<\/strong><\/span> Dentro do caso 11 s\u00e3o apresentadas duas hist\u00f3rias distintas (Caso 11 A e Caso 11 B). Os dois diagn\u00f3sticos encontram-se no mesmo cap\u00edtulo do Neville, mas diferem em um ponto importante. Pense nisso ao elaborar suas hip\u00f3teses.<\/p>\n<p><span style=\"font-family: arial, helvetica, sans-serif;\">Caso Cl\u00ednico:<\/span><\/p>\n<p><a href=\"https:\/\/forms.gle\/5YPLFTo2zV83zm2g8\"><span style=\"font-family: arial, helvetica, sans-serif;\">CASO 10\u00a0<\/span><\/a><\/p>\n<p><span style=\"font-family: arial, helvetica, sans-serif;\"><span style=\"background-color: #999999; color: #ffffff;\">R: Diagn\u00f3stico &#8211; S\u00edfilis<\/span><\/span><\/p>\n<p><a href=\"https:\/\/forms.gle\/gAa43SLbXwH3x87LA\"><span style=\"font-family: arial, helvetica, sans-serif;\">CASO 11\u00a0<\/span><\/a><\/p>\n<p><span style=\"font-family: arial, helvetica, sans-serif;\"><span style=\"background-color: #999999; color: #ffffff;\">R: Diagn\u00f3stico &#8211; Adenoma Pleom\u00f3rfico (11A) e Carcinoma Adenoidec\u00edstico (11B)<\/span><\/span><\/p>\n<hr \/>\n<p><span style=\"font-family: arial, helvetica, sans-serif;\"><strong>9\u00ba EDCC: 12 de Setembro de 2019, \u00e0s 12h30 no 6\u00ba andar &#8211; FO, sala 602.<\/strong><\/span><\/p>\n<p><span style=\"font-family: arial, helvetica, sans-serif;\"><strong>Cronograma: Discuss\u00e3o do Caso Cl\u00ednico 12.<\/strong><\/span><\/p>\n<p><span style=\"font-family: arial, helvetica, sans-serif;\">Caso Cl\u00ednico:<\/span><\/p>\n<p><a href=\"https:\/\/forms.gle\/MwSrnDkg2bY1soWA6\"><span style=\"font-family: arial, helvetica, sans-serif;\">CASO 12\u00a0<\/span><\/a><\/p>\n<p><span style=\"font-family: arial, helvetica, sans-serif;\"><span style=\"background-color: #999999; color: #ffffff;\">R: Diagn\u00f3stico &#8211; Cisto Odontog\u00eanico Ortoceratinizado<\/span><\/span><\/p>\n<hr \/>\n<p><span style=\"font-family: arial, helvetica, sans-serif;\"><strong>10\u00ba EDCC: 03 de Outubro de 2019, \u00e0s 12h30 no 6\u00ba andar &#8211; FO, sala 602.<\/strong><\/span><\/p>\n<p><span style=\"font-family: arial, helvetica, sans-serif;\"><strong>Cronograma: Discuss\u00e3o dos Casos Cl\u00ednicos 13 e 14.<\/strong><\/span><\/p>\n<p><span style=\"font-family: arial, helvetica, sans-serif;\">Caso Cl\u00ednico:<\/span><\/p>\n<p><a href=\"https:\/\/forms.gle\/mL5JQxUeQnSkt9u56\"><span style=\"font-family: arial, helvetica, sans-serif;\">CASO 13<\/span><\/a><\/p>\n<p><span style=\"font-family: arial, helvetica, sans-serif;\"><span style=\"background-color: #999999; color: #ffffff;\">R: Diagn\u00f3stico &#8211; Carcinoma Espinocelular<\/span><\/span><\/p>\n<p><a href=\"https:\/\/forms.gle\/MJgFKaxAWWmaHLmd9\"><span style=\"font-family: arial, helvetica, sans-serif;\">CASO 14<\/span><\/a><\/p>\n<p><span style=\"font-family: arial, helvetica, sans-serif;\"><span style=\"background-color: #999999; color: #ffffff;\">R: Diagn\u00f3stico &#8211; Sialometaplasia Necrosante<\/span><\/span><\/p>\n<p><span style=\"font-family: arial, helvetica, sans-serif;\">Material de apoio para o caso 14: <\/span><span style=\"font-family: arial, helvetica, sans-serif;\"><a href=\"https:\/\/wp.ufpel.edu.br\/patologiabucal\/files\/2019\/10\/Solomon-et-al_2007.pdf\">Solomon et al_2007<\/a><\/span><\/p>\n<hr \/>\n<p><span style=\"font-family: arial, helvetica, sans-serif;\"><strong>11\u00ba EDCC: 31 de Outubro de 2019, \u00e0s 12h30 no 6\u00ba andar &#8211; FO, sala 602.<\/strong><\/span><\/p>\n<p><span style=\"font-family: arial, helvetica, sans-serif;\"><strong>Cronograma: Discuss\u00e3o dos Casos Cl\u00ednicos 15 e 16.<\/strong><\/span><\/p>\n<p><span style=\"font-family: arial, helvetica, sans-serif;\">Caso Cl\u00ednico:<\/span><\/p>\n<p><a href=\"https:\/\/forms.gle\/dA7Gavu2s9cu4UvW8\"><span style=\"font-family: arial, helvetica, sans-serif;\">CASO 15<\/span><\/a><\/p>\n<p><span style=\"font-family: arial, helvetica, sans-serif;\"><span style=\"background-color: #999999; color: #ffffff;\">R: Diagn\u00f3stico &#8211; Penfigoide de Membranas Mucosas<\/span><\/span><\/p>\n<p><a href=\"https:\/\/forms.gle\/6dimdY3f5JFabnRr7\"><span style=\"font-family: arial, helvetica, sans-serif;\">CASO 16<\/span><\/a><\/p>\n<p><span style=\"font-family: arial, helvetica, sans-serif;\"><span style=\"background-color: #999999; color: #ffffff;\">R: Diagn\u00f3stico &#8211; Osteorradionecrose<\/span><\/span><\/p>\n<hr \/>\n<p><strong>Casos Doen\u00e7as do Sangue<\/strong><\/p>\n<p><a href=\"https:\/\/docs.google.com\/forms\/d\/e\/1FAIpQLSe8a-hfpHelRUpf0HtEvI65VIdUw7KmQ9YaNXC-LuMguzHEnQ\/viewform?usp=sf_link\"><span style=\"font-family: arial, helvetica, sans-serif;\">CASO 1<\/span><\/a><\/p>\n<p><a href=\"https:\/\/docs.google.com\/forms\/d\/e\/1FAIpQLSc2KGEPoLshj532-I4HtrwQpfNt3LozvFyUEeWD8x3LEf-xMg\/viewform?usp=sf_link\">CASO 2<\/a><\/p>\n","protected":false},"excerpt":{"rendered":"<p>As pr\u00e1ticas cl\u00ednicas s\u00e3o vinculadas ao ambulat\u00f3rio do Centro de Diagn\u00f3stico das Doen\u00e7as da Boca, um servi\u00e7o em que o agendamento ocorre na forma de livre demanda. A participa\u00e7\u00e3o virtual e discuss\u00e3o presencial desses casos cl\u00ednicos nos possibilitar\u00e1: \u00a0Desenvolver o racioc\u00ednio cl\u00ednico, com vistas ao diagn\u00f3stico das diferentes patologias da regi\u00e3o bucomaxilofacial; \u00a0Discutir possibilidades de [&hellip;]<\/p>\n","protected":false},"author":879,"featured_media":0,"parent":0,"menu_order":0,"comment_status":"closed","ping_status":"closed","template":"","meta":{"footnotes":""},"class_list":["post-40","page","type-page","status-publish","hentry"],"yoast_head":"<!-- This site is optimized with the Yoast SEO plugin v26.7 - https:\/\/yoast.com\/wordpress\/plugins\/seo\/ -->\n<title>Casos Cl\u00ednicos - Diagn\u00f3stico Bucal Interativo<\/title>\n<meta name=\"robots\" content=\"index, follow, max-snippet:-1, max-image-preview:large, max-video-preview:-1\" \/>\n<link rel=\"canonical\" href=\"https:\/\/wp.ufpel.edu.br\/patologiabucal\/casos-clinicos\/\" \/>\n<meta property=\"og:locale\" content=\"pt_BR\" \/>\n<meta property=\"og:type\" content=\"article\" \/>\n<meta property=\"og:title\" content=\"Casos Cl\u00ednicos - Diagn\u00f3stico Bucal Interativo\" \/>\n<meta property=\"og:description\" content=\"As pr\u00e1ticas cl\u00ednicas s\u00e3o vinculadas ao ambulat\u00f3rio do Centro de Diagn\u00f3stico das Doen\u00e7as da Boca, um servi\u00e7o em que o agendamento ocorre na forma de livre demanda. A participa\u00e7\u00e3o virtual e discuss\u00e3o presencial desses casos cl\u00ednicos nos possibilitar\u00e1: \u00a0Desenvolver o racioc\u00ednio cl\u00ednico, com vistas ao diagn\u00f3stico das diferentes patologias da regi\u00e3o bucomaxilofacial; \u00a0Discutir possibilidades de [&hellip;]\" \/>\n<meta property=\"og:url\" content=\"https:\/\/wp.ufpel.edu.br\/patologiabucal\/casos-clinicos\/\" \/>\n<meta property=\"og:site_name\" content=\"Diagn\u00f3stico Bucal Interativo\" \/>\n<meta property=\"article:modified_time\" content=\"2023-08-30T02:05:56+00:00\" \/>\n<meta name=\"twitter:card\" content=\"summary_large_image\" \/>\n<meta name=\"twitter:label1\" content=\"Est. tempo de leitura\" \/>\n\t<meta name=\"twitter:data1\" content=\"3 minutos\" \/>\n<script type=\"application\/ld+json\" class=\"yoast-schema-graph\">{\"@context\":\"https:\/\/schema.org\",\"@graph\":[{\"@type\":\"WebPage\",\"@id\":\"https:\/\/wp.ufpel.edu.br\/patologiabucal\/casos-clinicos\/\",\"url\":\"https:\/\/wp.ufpel.edu.br\/patologiabucal\/casos-clinicos\/\",\"name\":\"Casos Cl\u00ednicos - Diagn\u00f3stico Bucal Interativo\",\"isPartOf\":{\"@id\":\"https:\/\/wp.ufpel.edu.br\/patologiabucal\/#website\"},\"datePublished\":\"2018-09-20T03:42:00+00:00\",\"dateModified\":\"2023-08-30T02:05:56+00:00\",\"breadcrumb\":{\"@id\":\"https:\/\/wp.ufpel.edu.br\/patologiabucal\/casos-clinicos\/#breadcrumb\"},\"inLanguage\":\"pt-BR\",\"potentialAction\":[{\"@type\":\"ReadAction\",\"target\":[\"https:\/\/wp.ufpel.edu.br\/patologiabucal\/casos-clinicos\/\"]}]},{\"@type\":\"BreadcrumbList\",\"@id\":\"https:\/\/wp.ufpel.edu.br\/patologiabucal\/casos-clinicos\/#breadcrumb\",\"itemListElement\":[{\"@type\":\"ListItem\",\"position\":1,\"name\":\"In\u00edcio\",\"item\":\"https:\/\/wp.ufpel.edu.br\/patologiabucal\/\"},{\"@type\":\"ListItem\",\"position\":2,\"name\":\"Casos Cl\u00ednicos\"}]},{\"@type\":\"WebSite\",\"@id\":\"https:\/\/wp.ufpel.edu.br\/patologiabucal\/#website\",\"url\":\"https:\/\/wp.ufpel.edu.br\/patologiabucal\/\",\"name\":\"Diagn\u00f3stico Bucal Interativo\",\"description\":\"UFPel\",\"publisher\":{\"@id\":\"https:\/\/wp.ufpel.edu.br\/patologiabucal\/#organization\"},\"potentialAction\":[{\"@type\":\"SearchAction\",\"target\":{\"@type\":\"EntryPoint\",\"urlTemplate\":\"https:\/\/wp.ufpel.edu.br\/patologiabucal\/?s={search_term_string}\"},\"query-input\":{\"@type\":\"PropertyValueSpecification\",\"valueRequired\":true,\"valueName\":\"search_term_string\"}}],\"inLanguage\":\"pt-BR\"},{\"@type\":\"Organization\",\"@id\":\"https:\/\/wp.ufpel.edu.br\/patologiabucal\/#organization\",\"name\":\"Diagn\u00f3stico Bucal Interativo\",\"url\":\"https:\/\/wp.ufpel.edu.br\/patologiabucal\/\",\"logo\":{\"@type\":\"ImageObject\",\"inLanguage\":\"pt-BR\",\"@id\":\"https:\/\/wp.ufpel.edu.br\/patologiabucal\/#\/schema\/logo\/image\/\",\"url\":\"https:\/\/wp.ufpel.edu.br\/patologiabucal\/files\/2021\/05\/Patologia-Interativa-logo.png\",\"contentUrl\":\"https:\/\/wp.ufpel.edu.br\/patologiabucal\/files\/2021\/05\/Patologia-Interativa-logo.png\",\"width\":907,\"height\":908,\"caption\":\"Diagn\u00f3stico Bucal Interativo\"},\"image\":{\"@id\":\"https:\/\/wp.ufpel.edu.br\/patologiabucal\/#\/schema\/logo\/image\/\"}}]}<\/script>\n<!-- \/ Yoast SEO plugin. -->","yoast_head_json":{"title":"Casos Cl\u00ednicos - Diagn\u00f3stico Bucal Interativo","robots":{"index":"index","follow":"follow","max-snippet":"max-snippet:-1","max-image-preview":"max-image-preview:large","max-video-preview":"max-video-preview:-1"},"canonical":"https:\/\/wp.ufpel.edu.br\/patologiabucal\/casos-clinicos\/","og_locale":"pt_BR","og_type":"article","og_title":"Casos Cl\u00ednicos - Diagn\u00f3stico Bucal Interativo","og_description":"As pr\u00e1ticas cl\u00ednicas s\u00e3o vinculadas ao ambulat\u00f3rio do Centro de Diagn\u00f3stico das Doen\u00e7as da Boca, um servi\u00e7o em que o agendamento ocorre na forma de livre demanda. A participa\u00e7\u00e3o virtual e discuss\u00e3o presencial desses casos cl\u00ednicos nos possibilitar\u00e1: \u00a0Desenvolver o racioc\u00ednio cl\u00ednico, com vistas ao diagn\u00f3stico das diferentes patologias da regi\u00e3o bucomaxilofacial; \u00a0Discutir possibilidades de [&hellip;]","og_url":"https:\/\/wp.ufpel.edu.br\/patologiabucal\/casos-clinicos\/","og_site_name":"Diagn\u00f3stico Bucal Interativo","article_modified_time":"2023-08-30T02:05:56+00:00","twitter_card":"summary_large_image","twitter_misc":{"Est. tempo de leitura":"3 minutos"},"schema":{"@context":"https:\/\/schema.org","@graph":[{"@type":"WebPage","@id":"https:\/\/wp.ufpel.edu.br\/patologiabucal\/casos-clinicos\/","url":"https:\/\/wp.ufpel.edu.br\/patologiabucal\/casos-clinicos\/","name":"Casos Cl\u00ednicos - Diagn\u00f3stico Bucal Interativo","isPartOf":{"@id":"https:\/\/wp.ufpel.edu.br\/patologiabucal\/#website"},"datePublished":"2018-09-20T03:42:00+00:00","dateModified":"2023-08-30T02:05:56+00:00","breadcrumb":{"@id":"https:\/\/wp.ufpel.edu.br\/patologiabucal\/casos-clinicos\/#breadcrumb"},"inLanguage":"pt-BR","potentialAction":[{"@type":"ReadAction","target":["https:\/\/wp.ufpel.edu.br\/patologiabucal\/casos-clinicos\/"]}]},{"@type":"BreadcrumbList","@id":"https:\/\/wp.ufpel.edu.br\/patologiabucal\/casos-clinicos\/#breadcrumb","itemListElement":[{"@type":"ListItem","position":1,"name":"In\u00edcio","item":"https:\/\/wp.ufpel.edu.br\/patologiabucal\/"},{"@type":"ListItem","position":2,"name":"Casos Cl\u00ednicos"}]},{"@type":"WebSite","@id":"https:\/\/wp.ufpel.edu.br\/patologiabucal\/#website","url":"https:\/\/wp.ufpel.edu.br\/patologiabucal\/","name":"Diagn\u00f3stico Bucal Interativo","description":"UFPel","publisher":{"@id":"https:\/\/wp.ufpel.edu.br\/patologiabucal\/#organization"},"potentialAction":[{"@type":"SearchAction","target":{"@type":"EntryPoint","urlTemplate":"https:\/\/wp.ufpel.edu.br\/patologiabucal\/?s={search_term_string}"},"query-input":{"@type":"PropertyValueSpecification","valueRequired":true,"valueName":"search_term_string"}}],"inLanguage":"pt-BR"},{"@type":"Organization","@id":"https:\/\/wp.ufpel.edu.br\/patologiabucal\/#organization","name":"Diagn\u00f3stico Bucal Interativo","url":"https:\/\/wp.ufpel.edu.br\/patologiabucal\/","logo":{"@type":"ImageObject","inLanguage":"pt-BR","@id":"https:\/\/wp.ufpel.edu.br\/patologiabucal\/#\/schema\/logo\/image\/","url":"https:\/\/wp.ufpel.edu.br\/patologiabucal\/files\/2021\/05\/Patologia-Interativa-logo.png","contentUrl":"https:\/\/wp.ufpel.edu.br\/patologiabucal\/files\/2021\/05\/Patologia-Interativa-logo.png","width":907,"height":908,"caption":"Diagn\u00f3stico Bucal Interativo"},"image":{"@id":"https:\/\/wp.ufpel.edu.br\/patologiabucal\/#\/schema\/logo\/image\/"}}]}},"_links":{"self":[{"href":"https:\/\/wp.ufpel.edu.br\/patologiabucal\/wp-json\/wp\/v2\/pages\/40","targetHints":{"allow":["GET"]}}],"collection":[{"href":"https:\/\/wp.ufpel.edu.br\/patologiabucal\/wp-json\/wp\/v2\/pages"}],"about":[{"href":"https:\/\/wp.ufpel.edu.br\/patologiabucal\/wp-json\/wp\/v2\/types\/page"}],"author":[{"embeddable":true,"href":"https:\/\/wp.ufpel.edu.br\/patologiabucal\/wp-json\/wp\/v2\/users\/879"}],"replies":[{"embeddable":true,"href":"https:\/\/wp.ufpel.edu.br\/patologiabucal\/wp-json\/wp\/v2\/comments?post=40"}],"version-history":[{"count":47,"href":"https:\/\/wp.ufpel.edu.br\/patologiabucal\/wp-json\/wp\/v2\/pages\/40\/revisions"}],"predecessor-version":[{"id":540,"href":"https:\/\/wp.ufpel.edu.br\/patologiabucal\/wp-json\/wp\/v2\/pages\/40\/revisions\/540"}],"wp:attachment":[{"href":"https:\/\/wp.ufpel.edu.br\/patologiabucal\/wp-json\/wp\/v2\/media?parent=40"}],"curies":[{"name":"wp","href":"https:\/\/api.w.org\/{rel}","templated":true}]}}