{"id":2,"date":"2018-09-19T13:41:31","date_gmt":"2018-09-19T16:41:31","guid":{"rendered":"https:\/\/wp.ufpel.edu.br\/patologiabucal\/?page_id=2"},"modified":"2021-05-24T15:56:27","modified_gmt":"2021-05-24T18:56:27","slug":"quem-somos","status":"publish","type":"page","link":"https:\/\/wp.ufpel.edu.br\/patologiabucal\/","title":{"rendered":"Quem somos"},"content":{"rendered":"<p><a href=\"https:\/\/wp.ufpel.edu.br\/patologiabucal\/pagina-exemplo\/patologia-interativa-logo\/\" rel=\"attachment wp-att-463\"><img class=\"size-medium wp-image-463 aligncenter\" src=\"https:\/\/wp.ufpel.edu.br\/patologiabucal\/files\/2021\/05\/Patologia-Interativa-logo-400x400.png\" alt=\"\" width=\"400\" height=\"400\" srcset=\"https:\/\/wp.ufpel.edu.br\/patologiabucal\/files\/2021\/05\/Patologia-Interativa-logo-400x400.png 400w, https:\/\/wp.ufpel.edu.br\/patologiabucal\/files\/2021\/05\/Patologia-Interativa-logo-200x200.png 200w, https:\/\/wp.ufpel.edu.br\/patologiabucal\/files\/2021\/05\/Patologia-Interativa-logo-768x769.png 768w, https:\/\/wp.ufpel.edu.br\/patologiabucal\/files\/2021\/05\/Patologia-Interativa-logo.png 907w\" sizes=\"(max-width: 400px) 100vw, 400px\" \/><\/a><\/p>\n<p>O site Diagn\u00f3stico Bucal Interativo \u00e9 um projeto de ensino vinculado ao Servi\u00e7o de extens\u00e3o Centro de Diagn\u00f3stico das Doen\u00e7as da Boca, da Faculdade de Odontologia da UFPel.<\/p>\n<p>Atrav\u00e9s da inclus\u00e3o de casos cl\u00ednicos e outros conte\u00fados relacionados \u00e0 Patologia e Estomatologia, tem como proposta valorizar e estimular a participa\u00e7\u00e3o ativa dos alunos no processo ensino-aprendizagem e no desenvolvimento do racioc\u00ednio cl\u00ednico.<\/p>\n<p>Para isso, este ambiente virtual ser\u00e1 atualizado periodicamente com casos cl\u00ednicos envolvendo altera\u00e7\u00f5es de mucosa e pele, altera\u00e7\u00f5es dent\u00e1rias, altera\u00e7\u00f5es sist\u00eamicas e altera\u00e7\u00f5es \u00f3sseas da regi\u00e3o bucomaxilofacial. Atrav\u00e9s da apresenta\u00e7\u00e3o de imagens cl\u00ednicas e histopatol\u00f3gicas, bem como de exames complementares, os estudantes ser\u00e3o estimulados a buscar o diagn\u00f3stico do paciente e sugerir, de acordo com sua viv\u00eancia, a melhor estrat\u00e9gia terap\u00eautica para cada caso.<\/p>\n<p>Aqui voc\u00ea ter\u00e1 acesso aos casos e tamb\u00e9m ao material das disciplinas de Patologia Geral e UDE II do curso de Odontologia\/UFPel: <a style=\"font-family: arial, helvetica, sans-serif\" href=\"https:\/\/wp.ufpel.edu.br\/patologiabucal\/casos-clinicos\/\">Casos Cl\u00ednicos<\/a> completos e <a style=\"font-family: arial, helvetica, sans-serif\" href=\"https:\/\/wp.ufpel.edu.br\/patologiabucal\/histopatologia\/\">Histopatologia<\/a> bucal.<\/p>\n<p>Navegue pelo nosso site clicando nos links inseridos em nosso menu principal, divirta-se, revise conte\u00fados e aproveite essa experi\u00eancia interativa com a Estomatologia e a Patologia Bucal<\/p>\n<p>&nbsp;<\/p>\n<p style=\"text-align: center\"><span style=\"font-family: arial, helvetica, sans-serif\">____________________<\/span><\/p>\n<p style=\"text-align: center\"><strong>Coordenadora do Projeto Virtual da Patologia Interativa<\/strong><\/p>\n<p style=\"text-align: center\">Profa. Dra. Ana Paula Neutzling Gomes<\/p>\n<p style=\"text-align: center\"><strong>Coordenadora do Projeto de Ensino Diagn\u00f3stico Bucal Interativo<\/strong><\/p>\n<p style=\"text-align: center\">Profa. Dra. Adriana Etges<\/p>\n<p style=\"text-align: center\"><strong>Professoras Colaboradoras<\/strong><\/p>\n<p style=\"text-align: center\">Profa. Dra. Ana Carolina Uchoa Vasconcelos<\/p>\n<p style=\"text-align: center\">Profa. Dra. Melissa Feres Damian<\/p>\n<p style=\"text-align: center\">Profa. Dra. Sandra\u00a0Beatriz Chaves\u00a0Tarquinio<\/p>\n<p style=\"text-align: center\"><strong>Respons\u00e1veis pelo Desenvolvimento do Projeto<\/strong><\/p>\n<p style=\"text-align: center\">Alini Cardoso Soares (Gradua\u00e7\u00e3o em Odontologia\/UFPel)<\/p>\n<p style=\"text-align: center\">Fernando Aguiar Correa (Mestrado em Diagn\u00f3stico Bucal\/PPGO\/UFPel)<\/p>\n<p style=\"text-align: center\">Isadora Vilas Boas Cepeda (Mestrado em Diagn\u00f3stico Bucal\/PPGO\/UFPel)<\/p>\n","protected":false},"excerpt":{"rendered":"<p>O site Diagn\u00f3stico Bucal Interativo \u00e9 um projeto de ensino vinculado ao Servi\u00e7o de extens\u00e3o Centro de Diagn\u00f3stico das Doen\u00e7as da Boca, da Faculdade de Odontologia da UFPel. Atrav\u00e9s da inclus\u00e3o de casos cl\u00ednicos e outros conte\u00fados relacionados \u00e0 Patologia e Estomatologia, tem como proposta valorizar e estimular a participa\u00e7\u00e3o ativa dos alunos no processo [&hellip;]<\/p>\n","protected":false},"author":879,"featured_media":0,"parent":0,"menu_order":0,"comment_status":"closed","ping_status":"closed","template":"","meta":{"footnotes":""},"class_list":["post-2","page","type-page","status-publish","hentry"],"yoast_head":"<!-- This site is optimized with the Yoast SEO plugin v26.7 - https:\/\/yoast.com\/wordpress\/plugins\/seo\/ -->\n<title>Quem somos - Diagn\u00f3stico Bucal Interativo UFPel<\/title>\n<meta name=\"robots\" content=\"index, follow, max-snippet:-1, max-image-preview:large, max-video-preview:-1\" \/>\n<link rel=\"canonical\" href=\"https:\/\/wp.ufpel.edu.br\/patologiabucal\/\" \/>\n<meta property=\"og:locale\" content=\"pt_BR\" \/>\n<meta property=\"og:type\" content=\"article\" \/>\n<meta property=\"og:title\" content=\"Quem somos - Diagn\u00f3stico Bucal Interativo UFPel\" \/>\n<meta property=\"og:description\" content=\"O site Diagn\u00f3stico Bucal Interativo \u00e9 um projeto de ensino vinculado ao Servi\u00e7o de extens\u00e3o Centro de Diagn\u00f3stico das Doen\u00e7as da Boca, da Faculdade de Odontologia da UFPel. Atrav\u00e9s da inclus\u00e3o de casos cl\u00ednicos e outros conte\u00fados relacionados \u00e0 Patologia e Estomatologia, tem como proposta valorizar e estimular a participa\u00e7\u00e3o ativa dos alunos no processo [&hellip;]\" \/>\n<meta property=\"og:url\" content=\"https:\/\/wp.ufpel.edu.br\/patologiabucal\/\" \/>\n<meta property=\"og:site_name\" content=\"Diagn\u00f3stico Bucal Interativo\" \/>\n<meta property=\"article:modified_time\" content=\"2021-05-24T18:56:27+00:00\" \/>\n<meta property=\"og:image\" content=\"https:\/\/wp.ufpel.edu.br\/patologiabucal\/files\/2021\/05\/Patologia-Interativa-logo-400x400.png\" \/>\n<meta name=\"twitter:card\" content=\"summary_large_image\" \/>\n<meta name=\"twitter:label1\" content=\"Est. tempo de leitura\" \/>\n\t<meta name=\"twitter:data1\" content=\"2 minutos\" \/>\n<script type=\"application\/ld+json\" class=\"yoast-schema-graph\">{\"@context\":\"https:\/\/schema.org\",\"@graph\":[{\"@type\":\"WebPage\",\"@id\":\"https:\/\/wp.ufpel.edu.br\/patologiabucal\/\",\"url\":\"https:\/\/wp.ufpel.edu.br\/patologiabucal\/\",\"name\":\"Quem somos - Diagn\u00f3stico Bucal Interativo UFPel\",\"isPartOf\":{\"@id\":\"https:\/\/wp.ufpel.edu.br\/patologiabucal\/#website\"},\"primaryImageOfPage\":{\"@id\":\"https:\/\/wp.ufpel.edu.br\/patologiabucal\/#primaryimage\"},\"image\":{\"@id\":\"https:\/\/wp.ufpel.edu.br\/patologiabucal\/#primaryimage\"},\"thumbnailUrl\":\"https:\/\/wp.ufpel.edu.br\/patologiabucal\/files\/2021\/05\/Patologia-Interativa-logo-400x400.png\",\"datePublished\":\"2018-09-19T16:41:31+00:00\",\"dateModified\":\"2021-05-24T18:56:27+00:00\",\"breadcrumb\":{\"@id\":\"https:\/\/wp.ufpel.edu.br\/patologiabucal\/#breadcrumb\"},\"inLanguage\":\"pt-BR\",\"potentialAction\":[{\"@type\":\"ReadAction\",\"target\":[\"https:\/\/wp.ufpel.edu.br\/patologiabucal\/\"]}]},{\"@type\":\"ImageObject\",\"inLanguage\":\"pt-BR\",\"@id\":\"https:\/\/wp.ufpel.edu.br\/patologiabucal\/#primaryimage\",\"url\":\"https:\/\/wp.ufpel.edu.br\/patologiabucal\/files\/2021\/05\/Patologia-Interativa-logo.png\",\"contentUrl\":\"https:\/\/wp.ufpel.edu.br\/patologiabucal\/files\/2021\/05\/Patologia-Interativa-logo.png\",\"width\":907,\"height\":908},{\"@type\":\"BreadcrumbList\",\"@id\":\"https:\/\/wp.ufpel.edu.br\/patologiabucal\/#breadcrumb\",\"itemListElement\":[{\"@type\":\"ListItem\",\"position\":1,\"name\":\"In\u00edcio\",\"item\":\"https:\/\/wp.ufpel.edu.br\/patologiabucal\/\"},{\"@type\":\"ListItem\",\"position\":2,\"name\":\"Quem somos\"}]},{\"@type\":\"WebSite\",\"@id\":\"https:\/\/wp.ufpel.edu.br\/patologiabucal\/#website\",\"url\":\"https:\/\/wp.ufpel.edu.br\/patologiabucal\/\",\"name\":\"Diagn\u00f3stico Bucal Interativo\",\"description\":\"UFPel\",\"publisher\":{\"@id\":\"https:\/\/wp.ufpel.edu.br\/patologiabucal\/#organization\"},\"potentialAction\":[{\"@type\":\"SearchAction\",\"target\":{\"@type\":\"EntryPoint\",\"urlTemplate\":\"https:\/\/wp.ufpel.edu.br\/patologiabucal\/?s={search_term_string}\"},\"query-input\":{\"@type\":\"PropertyValueSpecification\",\"valueRequired\":true,\"valueName\":\"search_term_string\"}}],\"inLanguage\":\"pt-BR\"},{\"@type\":\"Organization\",\"@id\":\"https:\/\/wp.ufpel.edu.br\/patologiabucal\/#organization\",\"name\":\"Diagn\u00f3stico Bucal Interativo\",\"url\":\"https:\/\/wp.ufpel.edu.br\/patologiabucal\/\",\"logo\":{\"@type\":\"ImageObject\",\"inLanguage\":\"pt-BR\",\"@id\":\"https:\/\/wp.ufpel.edu.br\/patologiabucal\/#\/schema\/logo\/image\/\",\"url\":\"https:\/\/wp.ufpel.edu.br\/patologiabucal\/files\/2021\/05\/Patologia-Interativa-logo.png\",\"contentUrl\":\"https:\/\/wp.ufpel.edu.br\/patologiabucal\/files\/2021\/05\/Patologia-Interativa-logo.png\",\"width\":907,\"height\":908,\"caption\":\"Diagn\u00f3stico Bucal Interativo\"},\"image\":{\"@id\":\"https:\/\/wp.ufpel.edu.br\/patologiabucal\/#\/schema\/logo\/image\/\"}}]}<\/script>\n<!-- \/ Yoast SEO plugin. -->","yoast_head_json":{"title":"Quem somos - Diagn\u00f3stico Bucal Interativo UFPel","robots":{"index":"index","follow":"follow","max-snippet":"max-snippet:-1","max-image-preview":"max-image-preview:large","max-video-preview":"max-video-preview:-1"},"canonical":"https:\/\/wp.ufpel.edu.br\/patologiabucal\/","og_locale":"pt_BR","og_type":"article","og_title":"Quem somos - Diagn\u00f3stico Bucal Interativo UFPel","og_description":"O site Diagn\u00f3stico Bucal Interativo \u00e9 um projeto de ensino vinculado ao Servi\u00e7o de extens\u00e3o Centro de Diagn\u00f3stico das Doen\u00e7as da Boca, da Faculdade de Odontologia da UFPel. Atrav\u00e9s da inclus\u00e3o de casos cl\u00ednicos e outros conte\u00fados relacionados \u00e0 Patologia e Estomatologia, tem como proposta valorizar e estimular a participa\u00e7\u00e3o ativa dos alunos no processo [&hellip;]","og_url":"https:\/\/wp.ufpel.edu.br\/patologiabucal\/","og_site_name":"Diagn\u00f3stico Bucal Interativo","article_modified_time":"2021-05-24T18:56:27+00:00","og_image":[{"url":"https:\/\/wp.ufpel.edu.br\/patologiabucal\/files\/2021\/05\/Patologia-Interativa-logo-400x400.png","type":"","width":"","height":""}],"twitter_card":"summary_large_image","twitter_misc":{"Est. tempo de leitura":"2 minutos"},"schema":{"@context":"https:\/\/schema.org","@graph":[{"@type":"WebPage","@id":"https:\/\/wp.ufpel.edu.br\/patologiabucal\/","url":"https:\/\/wp.ufpel.edu.br\/patologiabucal\/","name":"Quem somos - Diagn\u00f3stico Bucal Interativo UFPel","isPartOf":{"@id":"https:\/\/wp.ufpel.edu.br\/patologiabucal\/#website"},"primaryImageOfPage":{"@id":"https:\/\/wp.ufpel.edu.br\/patologiabucal\/#primaryimage"},"image":{"@id":"https:\/\/wp.ufpel.edu.br\/patologiabucal\/#primaryimage"},"thumbnailUrl":"https:\/\/wp.ufpel.edu.br\/patologiabucal\/files\/2021\/05\/Patologia-Interativa-logo-400x400.png","datePublished":"2018-09-19T16:41:31+00:00","dateModified":"2021-05-24T18:56:27+00:00","breadcrumb":{"@id":"https:\/\/wp.ufpel.edu.br\/patologiabucal\/#breadcrumb"},"inLanguage":"pt-BR","potentialAction":[{"@type":"ReadAction","target":["https:\/\/wp.ufpel.edu.br\/patologiabucal\/"]}]},{"@type":"ImageObject","inLanguage":"pt-BR","@id":"https:\/\/wp.ufpel.edu.br\/patologiabucal\/#primaryimage","url":"https:\/\/wp.ufpel.edu.br\/patologiabucal\/files\/2021\/05\/Patologia-Interativa-logo.png","contentUrl":"https:\/\/wp.ufpel.edu.br\/patologiabucal\/files\/2021\/05\/Patologia-Interativa-logo.png","width":907,"height":908},{"@type":"BreadcrumbList","@id":"https:\/\/wp.ufpel.edu.br\/patologiabucal\/#breadcrumb","itemListElement":[{"@type":"ListItem","position":1,"name":"In\u00edcio","item":"https:\/\/wp.ufpel.edu.br\/patologiabucal\/"},{"@type":"ListItem","position":2,"name":"Quem somos"}]},{"@type":"WebSite","@id":"https:\/\/wp.ufpel.edu.br\/patologiabucal\/#website","url":"https:\/\/wp.ufpel.edu.br\/patologiabucal\/","name":"Diagn\u00f3stico Bucal Interativo","description":"UFPel","publisher":{"@id":"https:\/\/wp.ufpel.edu.br\/patologiabucal\/#organization"},"potentialAction":[{"@type":"SearchAction","target":{"@type":"EntryPoint","urlTemplate":"https:\/\/wp.ufpel.edu.br\/patologiabucal\/?s={search_term_string}"},"query-input":{"@type":"PropertyValueSpecification","valueRequired":true,"valueName":"search_term_string"}}],"inLanguage":"pt-BR"},{"@type":"Organization","@id":"https:\/\/wp.ufpel.edu.br\/patologiabucal\/#organization","name":"Diagn\u00f3stico Bucal Interativo","url":"https:\/\/wp.ufpel.edu.br\/patologiabucal\/","logo":{"@type":"ImageObject","inLanguage":"pt-BR","@id":"https:\/\/wp.ufpel.edu.br\/patologiabucal\/#\/schema\/logo\/image\/","url":"https:\/\/wp.ufpel.edu.br\/patologiabucal\/files\/2021\/05\/Patologia-Interativa-logo.png","contentUrl":"https:\/\/wp.ufpel.edu.br\/patologiabucal\/files\/2021\/05\/Patologia-Interativa-logo.png","width":907,"height":908,"caption":"Diagn\u00f3stico Bucal Interativo"},"image":{"@id":"https:\/\/wp.ufpel.edu.br\/patologiabucal\/#\/schema\/logo\/image\/"}}]}},"_links":{"self":[{"href":"https:\/\/wp.ufpel.edu.br\/patologiabucal\/wp-json\/wp\/v2\/pages\/2","targetHints":{"allow":["GET"]}}],"collection":[{"href":"https:\/\/wp.ufpel.edu.br\/patologiabucal\/wp-json\/wp\/v2\/pages"}],"about":[{"href":"https:\/\/wp.ufpel.edu.br\/patologiabucal\/wp-json\/wp\/v2\/types\/page"}],"author":[{"embeddable":true,"href":"https:\/\/wp.ufpel.edu.br\/patologiabucal\/wp-json\/wp\/v2\/users\/879"}],"replies":[{"embeddable":true,"href":"https:\/\/wp.ufpel.edu.br\/patologiabucal\/wp-json\/wp\/v2\/comments?post=2"}],"version-history":[{"count":29,"href":"https:\/\/wp.ufpel.edu.br\/patologiabucal\/wp-json\/wp\/v2\/pages\/2\/revisions"}],"predecessor-version":[{"id":464,"href":"https:\/\/wp.ufpel.edu.br\/patologiabucal\/wp-json\/wp\/v2\/pages\/2\/revisions\/464"}],"wp:attachment":[{"href":"https:\/\/wp.ufpel.edu.br\/patologiabucal\/wp-json\/wp\/v2\/media?parent=2"}],"curies":[{"name":"wp","href":"https:\/\/api.w.org\/{rel}","templated":true}]}}