{"id":146,"date":"2018-10-23T12:30:05","date_gmt":"2018-10-23T15:30:05","guid":{"rendered":"https:\/\/wp.ufpel.edu.br\/patologiabucal\/?page_id=146"},"modified":"2018-10-23T12:41:17","modified_gmt":"2018-10-23T15:41:17","slug":"paracoccidioidomicose","status":"publish","type":"page","link":"https:\/\/wp.ufpel.edu.br\/patologiabucal\/paracoccidioidomicose\/","title":{"rendered":"Paracoccidioidomicose"},"content":{"rendered":"<p><strong>Paracoccidioidomicose<\/strong><\/p>\n<p>Infec\u00e7\u00e3o causada pelo\u00a0<i>Paracoccidiodes brasiliensis<\/i>, que produz uma micose cr\u00f4nica com granulomas ulcerativos da mucosa da boca e do nariz, linfadenopatia regional e geral acometendo os pulm\u00f5es, a partir dos quais se espalha para a pele, ba\u00e7o e outros \u00f3rg\u00e3os.<\/p>\n\n\t\t<style type=\"text\/css\">\n\t\t\t#gallery-1 {\n\t\t\t\tmargin: auto;\n\t\t\t}\n\t\t\t#gallery-1 .gallery-item {\n\t\t\t\tfloat: left;\n\t\t\t\tmargin-top: 10px;\n\t\t\t\ttext-align: center;\n\t\t\t\twidth: 33%;\n\t\t\t}\n\t\t\t#gallery-1 img {\n\t\t\t\tborder: 2px solid #cfcfcf;\n\t\t\t}\n\t\t\t#gallery-1 .gallery-caption {\n\t\t\t\tmargin-left: 0;\n\t\t\t}\n\t\t\t\/* see gallery_shortcode() in wp-includes\/media.php *\/\n\t\t<\/style>\n\t\t<div id='gallery-1' class='gallery galleryid-146 gallery-columns-3 gallery-size-thumbnail'><dl class='gallery-item'>\n\t\t\t<dt class='gallery-icon landscape'>\n\t\t\t\t<a href='https:\/\/wp.ufpel.edu.br\/patologiabucal\/files\/2018\/10\/1-1.png'><img width=\"200\" height=\"200\" src=\"https:\/\/wp.ufpel.edu.br\/patologiabucal\/files\/2018\/10\/1-1-200x200.png\" class=\"attachment-thumbnail size-thumbnail\" alt=\"\" \/><\/a>\n\t\t\t<\/dt><\/dl><dl class='gallery-item'>\n\t\t\t<dt class='gallery-icon portrait'>\n\t\t\t\t<a href='https:\/\/wp.ufpel.edu.br\/patologiabucal\/files\/2018\/10\/2-1.png'><img width=\"200\" height=\"200\" src=\"https:\/\/wp.ufpel.edu.br\/patologiabucal\/files\/2018\/10\/2-1-200x200.png\" class=\"attachment-thumbnail size-thumbnail\" alt=\"\" \/><\/a>\n\t\t\t<\/dt><\/dl><dl class='gallery-item'>\n\t\t\t<dt class='gallery-icon landscape'>\n\t\t\t\t<a href='https:\/\/wp.ufpel.edu.br\/patologiabucal\/files\/2018\/10\/3-1.png'><img width=\"200\" height=\"200\" src=\"https:\/\/wp.ufpel.edu.br\/patologiabucal\/files\/2018\/10\/3-1-200x200.png\" class=\"attachment-thumbnail size-thumbnail\" alt=\"\" \/><\/a>\n\t\t\t<\/dt><\/dl><br style=\"clear: both\" \/><dl class='gallery-item'>\n\t\t\t<dt class='gallery-icon landscape'>\n\t\t\t\t<a href='https:\/\/wp.ufpel.edu.br\/patologiabucal\/files\/2018\/10\/4-1.png'><img width=\"200\" height=\"200\" src=\"https:\/\/wp.ufpel.edu.br\/patologiabucal\/files\/2018\/10\/4-1-200x200.png\" class=\"attachment-thumbnail size-thumbnail\" alt=\"\" \/><\/a>\n\t\t\t<\/dt><\/dl><dl class='gallery-item'>\n\t\t\t<dt class='gallery-icon landscape'>\n\t\t\t\t<a href='https:\/\/wp.ufpel.edu.br\/patologiabucal\/files\/2018\/10\/5-1.png'><img width=\"200\" height=\"200\" src=\"https:\/\/wp.ufpel.edu.br\/patologiabucal\/files\/2018\/10\/5-1-200x200.png\" class=\"attachment-thumbnail size-thumbnail\" alt=\"\" \/><\/a>\n\t\t\t<\/dt><\/dl>\n\t\t\t<br style='clear: both' \/>\n\t\t<\/div>\n\n","protected":false},"excerpt":{"rendered":"<p>Paracoccidioidomicose Infec\u00e7\u00e3o causada pelo\u00a0Paracoccidiodes brasiliensis, que produz uma micose cr\u00f4nica com granulomas ulcerativos da mucosa da boca e do nariz, linfadenopatia regional e geral acometendo os pulm\u00f5es, a partir dos quais se espalha para a pele, ba\u00e7o e outros \u00f3rg\u00e3os.<\/p>\n","protected":false},"author":879,"featured_media":0,"parent":0,"menu_order":0,"comment_status":"closed","ping_status":"closed","template":"","meta":{"footnotes":""},"class_list":["post-146","page","type-page","status-publish","hentry"],"yoast_head":"<!-- This site is optimized with the Yoast SEO plugin v26.7 - https:\/\/yoast.com\/wordpress\/plugins\/seo\/ -->\n<title>Paracoccidioidomicose - Diagn\u00f3stico Bucal Interativo<\/title>\n<meta name=\"robots\" content=\"index, follow, max-snippet:-1, max-image-preview:large, max-video-preview:-1\" \/>\n<link rel=\"canonical\" href=\"https:\/\/wp.ufpel.edu.br\/patologiabucal\/paracoccidioidomicose\/\" \/>\n<meta property=\"og:locale\" content=\"pt_BR\" \/>\n<meta property=\"og:type\" content=\"article\" \/>\n<meta property=\"og:title\" content=\"Paracoccidioidomicose - Diagn\u00f3stico Bucal Interativo\" \/>\n<meta property=\"og:description\" content=\"Paracoccidioidomicose Infec\u00e7\u00e3o causada pelo\u00a0Paracoccidiodes brasiliensis, que produz uma micose cr\u00f4nica com granulomas ulcerativos da mucosa da boca e do nariz, linfadenopatia regional e geral acometendo os pulm\u00f5es, a partir dos quais se espalha para a pele, ba\u00e7o e outros \u00f3rg\u00e3os.\" \/>\n<meta property=\"og:url\" content=\"https:\/\/wp.ufpel.edu.br\/patologiabucal\/paracoccidioidomicose\/\" \/>\n<meta property=\"og:site_name\" content=\"Diagn\u00f3stico Bucal Interativo\" \/>\n<meta property=\"article:modified_time\" content=\"2018-10-23T15:41:17+00:00\" \/>\n<meta property=\"og:image\" content=\"https:\/\/wp.ufpel.edu.br\/patologiabucal\/files\/2018\/10\/1-1-200x200.png\" \/>\n<meta name=\"twitter:card\" content=\"summary_large_image\" \/>\n<script type=\"application\/ld+json\" class=\"yoast-schema-graph\">{\"@context\":\"https:\/\/schema.org\",\"@graph\":[{\"@type\":\"WebPage\",\"@id\":\"https:\/\/wp.ufpel.edu.br\/patologiabucal\/paracoccidioidomicose\/\",\"url\":\"https:\/\/wp.ufpel.edu.br\/patologiabucal\/paracoccidioidomicose\/\",\"name\":\"Paracoccidioidomicose - Diagn\u00f3stico Bucal Interativo\",\"isPartOf\":{\"@id\":\"https:\/\/wp.ufpel.edu.br\/patologiabucal\/#website\"},\"datePublished\":\"2018-10-23T15:30:05+00:00\",\"dateModified\":\"2018-10-23T15:41:17+00:00\",\"breadcrumb\":{\"@id\":\"https:\/\/wp.ufpel.edu.br\/patologiabucal\/paracoccidioidomicose\/#breadcrumb\"},\"inLanguage\":\"pt-BR\",\"potentialAction\":[{\"@type\":\"ReadAction\",\"target\":[\"https:\/\/wp.ufpel.edu.br\/patologiabucal\/paracoccidioidomicose\/\"]}]},{\"@type\":\"BreadcrumbList\",\"@id\":\"https:\/\/wp.ufpel.edu.br\/patologiabucal\/paracoccidioidomicose\/#breadcrumb\",\"itemListElement\":[{\"@type\":\"ListItem\",\"position\":1,\"name\":\"In\u00edcio\",\"item\":\"https:\/\/wp.ufpel.edu.br\/patologiabucal\/\"},{\"@type\":\"ListItem\",\"position\":2,\"name\":\"Paracoccidioidomicose\"}]},{\"@type\":\"WebSite\",\"@id\":\"https:\/\/wp.ufpel.edu.br\/patologiabucal\/#website\",\"url\":\"https:\/\/wp.ufpel.edu.br\/patologiabucal\/\",\"name\":\"Diagn\u00f3stico Bucal Interativo\",\"description\":\"UFPel\",\"publisher\":{\"@id\":\"https:\/\/wp.ufpel.edu.br\/patologiabucal\/#organization\"},\"potentialAction\":[{\"@type\":\"SearchAction\",\"target\":{\"@type\":\"EntryPoint\",\"urlTemplate\":\"https:\/\/wp.ufpel.edu.br\/patologiabucal\/?s={search_term_string}\"},\"query-input\":{\"@type\":\"PropertyValueSpecification\",\"valueRequired\":true,\"valueName\":\"search_term_string\"}}],\"inLanguage\":\"pt-BR\"},{\"@type\":\"Organization\",\"@id\":\"https:\/\/wp.ufpel.edu.br\/patologiabucal\/#organization\",\"name\":\"Diagn\u00f3stico Bucal Interativo\",\"url\":\"https:\/\/wp.ufpel.edu.br\/patologiabucal\/\",\"logo\":{\"@type\":\"ImageObject\",\"inLanguage\":\"pt-BR\",\"@id\":\"https:\/\/wp.ufpel.edu.br\/patologiabucal\/#\/schema\/logo\/image\/\",\"url\":\"https:\/\/wp.ufpel.edu.br\/patologiabucal\/files\/2021\/05\/Patologia-Interativa-logo.png\",\"contentUrl\":\"https:\/\/wp.ufpel.edu.br\/patologiabucal\/files\/2021\/05\/Patologia-Interativa-logo.png\",\"width\":907,\"height\":908,\"caption\":\"Diagn\u00f3stico Bucal Interativo\"},\"image\":{\"@id\":\"https:\/\/wp.ufpel.edu.br\/patologiabucal\/#\/schema\/logo\/image\/\"}}]}<\/script>\n<!-- \/ Yoast SEO plugin. -->","yoast_head_json":{"title":"Paracoccidioidomicose - Diagn\u00f3stico Bucal Interativo","robots":{"index":"index","follow":"follow","max-snippet":"max-snippet:-1","max-image-preview":"max-image-preview:large","max-video-preview":"max-video-preview:-1"},"canonical":"https:\/\/wp.ufpel.edu.br\/patologiabucal\/paracoccidioidomicose\/","og_locale":"pt_BR","og_type":"article","og_title":"Paracoccidioidomicose - Diagn\u00f3stico Bucal Interativo","og_description":"Paracoccidioidomicose Infec\u00e7\u00e3o causada pelo\u00a0Paracoccidiodes brasiliensis, que produz uma micose cr\u00f4nica com granulomas ulcerativos da mucosa da boca e do nariz, linfadenopatia regional e geral acometendo os pulm\u00f5es, a partir dos quais se espalha para a pele, ba\u00e7o e outros \u00f3rg\u00e3os.","og_url":"https:\/\/wp.ufpel.edu.br\/patologiabucal\/paracoccidioidomicose\/","og_site_name":"Diagn\u00f3stico Bucal Interativo","article_modified_time":"2018-10-23T15:41:17+00:00","og_image":[{"url":"https:\/\/wp.ufpel.edu.br\/patologiabucal\/files\/2018\/10\/1-1-200x200.png","type":"","width":"","height":""}],"twitter_card":"summary_large_image","schema":{"@context":"https:\/\/schema.org","@graph":[{"@type":"WebPage","@id":"https:\/\/wp.ufpel.edu.br\/patologiabucal\/paracoccidioidomicose\/","url":"https:\/\/wp.ufpel.edu.br\/patologiabucal\/paracoccidioidomicose\/","name":"Paracoccidioidomicose - Diagn\u00f3stico Bucal Interativo","isPartOf":{"@id":"https:\/\/wp.ufpel.edu.br\/patologiabucal\/#website"},"datePublished":"2018-10-23T15:30:05+00:00","dateModified":"2018-10-23T15:41:17+00:00","breadcrumb":{"@id":"https:\/\/wp.ufpel.edu.br\/patologiabucal\/paracoccidioidomicose\/#breadcrumb"},"inLanguage":"pt-BR","potentialAction":[{"@type":"ReadAction","target":["https:\/\/wp.ufpel.edu.br\/patologiabucal\/paracoccidioidomicose\/"]}]},{"@type":"BreadcrumbList","@id":"https:\/\/wp.ufpel.edu.br\/patologiabucal\/paracoccidioidomicose\/#breadcrumb","itemListElement":[{"@type":"ListItem","position":1,"name":"In\u00edcio","item":"https:\/\/wp.ufpel.edu.br\/patologiabucal\/"},{"@type":"ListItem","position":2,"name":"Paracoccidioidomicose"}]},{"@type":"WebSite","@id":"https:\/\/wp.ufpel.edu.br\/patologiabucal\/#website","url":"https:\/\/wp.ufpel.edu.br\/patologiabucal\/","name":"Diagn\u00f3stico Bucal Interativo","description":"UFPel","publisher":{"@id":"https:\/\/wp.ufpel.edu.br\/patologiabucal\/#organization"},"potentialAction":[{"@type":"SearchAction","target":{"@type":"EntryPoint","urlTemplate":"https:\/\/wp.ufpel.edu.br\/patologiabucal\/?s={search_term_string}"},"query-input":{"@type":"PropertyValueSpecification","valueRequired":true,"valueName":"search_term_string"}}],"inLanguage":"pt-BR"},{"@type":"Organization","@id":"https:\/\/wp.ufpel.edu.br\/patologiabucal\/#organization","name":"Diagn\u00f3stico Bucal Interativo","url":"https:\/\/wp.ufpel.edu.br\/patologiabucal\/","logo":{"@type":"ImageObject","inLanguage":"pt-BR","@id":"https:\/\/wp.ufpel.edu.br\/patologiabucal\/#\/schema\/logo\/image\/","url":"https:\/\/wp.ufpel.edu.br\/patologiabucal\/files\/2021\/05\/Patologia-Interativa-logo.png","contentUrl":"https:\/\/wp.ufpel.edu.br\/patologiabucal\/files\/2021\/05\/Patologia-Interativa-logo.png","width":907,"height":908,"caption":"Diagn\u00f3stico Bucal Interativo"},"image":{"@id":"https:\/\/wp.ufpel.edu.br\/patologiabucal\/#\/schema\/logo\/image\/"}}]}},"_links":{"self":[{"href":"https:\/\/wp.ufpel.edu.br\/patologiabucal\/wp-json\/wp\/v2\/pages\/146","targetHints":{"allow":["GET"]}}],"collection":[{"href":"https:\/\/wp.ufpel.edu.br\/patologiabucal\/wp-json\/wp\/v2\/pages"}],"about":[{"href":"https:\/\/wp.ufpel.edu.br\/patologiabucal\/wp-json\/wp\/v2\/types\/page"}],"author":[{"embeddable":true,"href":"https:\/\/wp.ufpel.edu.br\/patologiabucal\/wp-json\/wp\/v2\/users\/879"}],"replies":[{"embeddable":true,"href":"https:\/\/wp.ufpel.edu.br\/patologiabucal\/wp-json\/wp\/v2\/comments?post=146"}],"version-history":[{"count":5,"href":"https:\/\/wp.ufpel.edu.br\/patologiabucal\/wp-json\/wp\/v2\/pages\/146\/revisions"}],"predecessor-version":[{"id":158,"href":"https:\/\/wp.ufpel.edu.br\/patologiabucal\/wp-json\/wp\/v2\/pages\/146\/revisions\/158"}],"wp:attachment":[{"href":"https:\/\/wp.ufpel.edu.br\/patologiabucal\/wp-json\/wp\/v2\/media?parent=146"}],"curies":[{"name":"wp","href":"https:\/\/api.w.org\/{rel}","templated":true}]}}