{"id":216,"date":"2017-03-07T14:27:33","date_gmt":"2017-03-07T17:27:33","guid":{"rendered":"https:\/\/wp.ufpel.edu.br\/patogeralnutricao\/?page_id=216"},"modified":"2020-06-02T16:23:01","modified_gmt":"2020-06-02T19:23:01","slug":"trabalhos","status":"publish","type":"page","link":"https:\/\/wp.ufpel.edu.br\/patogeralnutricao\/trabalhos\/","title":{"rendered":"Semin\u00e1rios"},"content":{"rendered":"<p><a href=\"https:\/\/wp.ufpel.edu.br\/patogeralnutricao\/files\/2018\/04\/Instru\u00e7\u00f5es-para-semin\u00e1rios-da-disciplina-de-Patologia-Geral.docx\">Instru\u00e7\u00f5es para semin\u00e1rios da disciplina de Patologia Geral<\/a><\/p>\n<p>&nbsp;<\/p>\n","protected":false},"excerpt":{"rendered":"<p>Instru\u00e7\u00f5es para semin\u00e1rios da disciplina de Patologia Geral &nbsp;<\/p>\n","protected":false},"author":231,"featured_media":0,"parent":0,"menu_order":3,"comment_status":"closed","ping_status":"closed","template":"","meta":{"footnotes":""},"class_list":["post-216","page","type-page","status-publish","hentry"],"_links":{"self":[{"href":"https:\/\/wp.ufpel.edu.br\/patogeralnutricao\/wp-json\/wp\/v2\/pages\/216","targetHints":{"allow":["GET"]}}],"collection":[{"href":"https:\/\/wp.ufpel.edu.br\/patogeralnutricao\/wp-json\/wp\/v2\/pages"}],"about":[{"href":"https:\/\/wp.ufpel.edu.br\/patogeralnutricao\/wp-json\/wp\/v2\/types\/page"}],"author":[{"embeddable":true,"href":"https:\/\/wp.ufpel.edu.br\/patogeralnutricao\/wp-json\/wp\/v2\/users\/231"}],"replies":[{"embeddable":true,"href":"https:\/\/wp.ufpel.edu.br\/patogeralnutricao\/wp-json\/wp\/v2\/comments?post=216"}],"version-history":[{"count":10,"href":"https:\/\/wp.ufpel.edu.br\/patogeralnutricao\/wp-json\/wp\/v2\/pages\/216\/revisions"}],"predecessor-version":[{"id":288,"href":"https:\/\/wp.ufpel.edu.br\/patogeralnutricao\/wp-json\/wp\/v2\/pages\/216\/revisions\/288"}],"wp:attachment":[{"href":"https:\/\/wp.ufpel.edu.br\/patogeralnutricao\/wp-json\/wp\/v2\/media?parent=216"}],"curies":[{"name":"wp","href":"https:\/\/api.w.org\/{rel}","templated":true}]}}