{"id":71,"date":"2025-08-15T11:24:39","date_gmt":"2025-08-15T14:24:39","guid":{"rendered":"https:\/\/wp.ufpel.edu.br\/passivehousebrasil2025\/?page_id=71"},"modified":"2025-10-25T12:52:32","modified_gmt":"2025-10-25T15:52:32","slug":"inscricao","status":"publish","type":"page","link":"https:\/\/wp.ufpel.edu.br\/passivehousebrasil2025\/inscricao\/","title":{"rendered":"INSCRI\u00c7\u00c3O"},"content":{"rendered":"<p>As inscri\u00e7\u00f5es para o evento s\u00e3o gratuitas, realizadas por meio do formul\u00e1rio disponibilizado abaixo.<\/p>\n<p>Formul\u00e1rio de inscri\u00e7\u00e3o:\u00a0<a href=\"https:\/\/docs.google.com\/forms\/d\/e\/1FAIpQLSdmc_rimru8aV791n-YcSCnYp1vR4kJgN_vJqv-bg_ws5yL5A\/viewform?usp=publish-editor\" target=\"_blank\" rel=\"noopener\"><strong>Clique aqui para acessar o formul\u00e1rio<\/strong><\/a><\/p>\n<hr \/>\n<p><span style=\"font-size: 10pt;\">D\u00favidas podem ser enviadas na p\u00e1gina\u00a0<a href=\"https:\/\/wp.ufpel.edu.br\/passivehousebrasil2025\/contato\/\">contato<\/a>\u00a0ou podem ser encaminhadas para o e-mail passivehousebrasil@gmail.com. Nos vemos no evento!\u00a0<\/span><\/p>\n","protected":false},"excerpt":{"rendered":"<p>As inscri\u00e7\u00f5es para o evento s\u00e3o gratuitas, realizadas por meio do formul\u00e1rio disponibilizado abaixo. Formul\u00e1rio de inscri\u00e7\u00e3o:\u00a0Clique aqui para acessar o formul\u00e1rio D\u00favidas podem ser enviadas na p\u00e1gina\u00a0contato\u00a0ou podem ser encaminhadas para o e-mail passivehousebrasil@gmail.com. Nos vemos no evento!\u00a0<\/p>\n","protected":false},"author":625,"featured_media":0,"parent":0,"menu_order":0,"comment_status":"closed","ping_status":"closed","template":"","meta":{"footnotes":""},"class_list":["post-71","page","type-page","status-publish","hentry"],"_links":{"self":[{"href":"https:\/\/wp.ufpel.edu.br\/passivehousebrasil2025\/wp-json\/wp\/v2\/pages\/71","targetHints":{"allow":["GET"]}}],"collection":[{"href":"https:\/\/wp.ufpel.edu.br\/passivehousebrasil2025\/wp-json\/wp\/v2\/pages"}],"about":[{"href":"https:\/\/wp.ufpel.edu.br\/passivehousebrasil2025\/wp-json\/wp\/v2\/types\/page"}],"author":[{"embeddable":true,"href":"https:\/\/wp.ufpel.edu.br\/passivehousebrasil2025\/wp-json\/wp\/v2\/users\/625"}],"replies":[{"embeddable":true,"href":"https:\/\/wp.ufpel.edu.br\/passivehousebrasil2025\/wp-json\/wp\/v2\/comments?post=71"}],"version-history":[{"count":3,"href":"https:\/\/wp.ufpel.edu.br\/passivehousebrasil2025\/wp-json\/wp\/v2\/pages\/71\/revisions"}],"predecessor-version":[{"id":394,"href":"https:\/\/wp.ufpel.edu.br\/passivehousebrasil2025\/wp-json\/wp\/v2\/pages\/71\/revisions\/394"}],"wp:attachment":[{"href":"https:\/\/wp.ufpel.edu.br\/passivehousebrasil2025\/wp-json\/wp\/v2\/media?parent=71"}],"curies":[{"name":"wp","href":"https:\/\/api.w.org\/{rel}","templated":true}]}}