{"id":65,"date":"2025-08-15T11:18:49","date_gmt":"2025-08-15T14:18:49","guid":{"rendered":"https:\/\/wp.ufpel.edu.br\/passivehousebrasil2025\/?page_id=65"},"modified":"2025-12-01T20:39:33","modified_gmt":"2025-12-01T23:39:33","slug":"programacao","status":"publish","type":"page","link":"https:\/\/wp.ufpel.edu.br\/passivehousebrasil2025\/programacao\/","title":{"rendered":"PROGRAMA\u00c7\u00c3O"},"content":{"rendered":"<p style=\"text-align: justify;\">O evento ocorrer\u00e1 no dia <span style=\"color: #964a4c;\"><strong>\u00a002 de dezembro de 2025<\/strong><\/span>, de forma remota, contando com as modalidades online durante os per\u00edodos da manh\u00e3 e da tarde. Abaixo disponibilizamos a programa\u00e7\u00e3o preliminar em portugu\u00eas e em ingl\u00eas. D\u00favidas podem ser enviadas na p\u00e1gina <a href=\"https:\/\/wp.ufpel.edu.br\/passivehousebrasil2025\/contato\/\">contato<\/a> ou podem ser encaminhadas para o e-mail passivehousebrasil@gmail.com. Nos vemos no evento!<\/p>\n<hr \/>\n<p>Confira a programa\u00e7\u00e3o final do evento\u00a0abaixo:<\/p>\n<p><iframe loading=\"lazy\" class=\"iframe-class\" src=\"https:\/\/wp.ufpel.edu.br\/passivehousebrasil2025\/files\/2025\/12\/Programacao-PHB2025-PT-2025-12_01.pdf\" width=\"100%\" height=\"500\" frameborder=\"0\" scrolling=\"yes\"><\/iframe><\/p>\n<p><a href=\"https:\/\/wp.ufpel.edu.br\/passivehousebrasil2025\/files\/2025\/12\/Programacao-PHB2025-PT-2025-12_01.pdf\" target=\"_blank\" rel=\"noopener\">Baixe a programa\u00e7\u00e3o aqui.<\/a><\/p>\n<p>Check out the final event schedule below:<\/p>\n<p>&nbsp;<\/p>\n<p><iframe loading=\"lazy\" class=\"iframe-class\" src=\"https:\/\/wp.ufpel.edu.br\/passivehousebrasil2025\/files\/2025\/12\/Programacao-PHB2025-EN-2025-12_01.pdf\" width=\"100%\" height=\"500\" frameborder=\"0\" scrolling=\"yes\"><\/iframe><\/p>\n<p><a href=\"https:\/\/wp.ufpel.edu.br\/passivehousebrasil2025\/files\/2025\/12\/Programacao-PHB2025-EN-2025-12_01.pdf\/\"rel=\"noopener\">Baixe a programa\u00e7\u00e3o aqui.<\/a><\/p>\n<p>&nbsp;<\/p>\n","protected":false},"excerpt":{"rendered":"<p>O evento ocorrer\u00e1 no dia \u00a002 de dezembro de 2025, de forma remota, contando com as modalidades online durante os per\u00edodos da manh\u00e3 e da tarde. Abaixo disponibilizamos a programa\u00e7\u00e3o preliminar em portugu\u00eas e em ingl\u00eas. D\u00favidas podem ser enviadas na p\u00e1gina contato ou podem ser encaminhadas para o e-mail passivehousebrasil@gmail.com. Nos vemos no evento! &hellip; <\/p>\n<p class=\"link-more\"><a href=\"https:\/\/wp.ufpel.edu.br\/passivehousebrasil2025\/programacao\/\" class=\"more-link\">Continue lendo<span class=\"screen-reader-text\"> &#8220;PROGRAMA\u00c7\u00c3O&#8221;<\/span><\/a><\/p>\n","protected":false},"author":625,"featured_media":0,"parent":0,"menu_order":0,"comment_status":"closed","ping_status":"closed","template":"","meta":{"footnotes":""},"class_list":["post-65","page","type-page","status-publish","hentry"],"_links":{"self":[{"href":"https:\/\/wp.ufpel.edu.br\/passivehousebrasil2025\/wp-json\/wp\/v2\/pages\/65","targetHints":{"allow":["GET"]}}],"collection":[{"href":"https:\/\/wp.ufpel.edu.br\/passivehousebrasil2025\/wp-json\/wp\/v2\/pages"}],"about":[{"href":"https:\/\/wp.ufpel.edu.br\/passivehousebrasil2025\/wp-json\/wp\/v2\/types\/page"}],"author":[{"embeddable":true,"href":"https:\/\/wp.ufpel.edu.br\/passivehousebrasil2025\/wp-json\/wp\/v2\/users\/625"}],"replies":[{"embeddable":true,"href":"https:\/\/wp.ufpel.edu.br\/passivehousebrasil2025\/wp-json\/wp\/v2\/comments?post=65"}],"version-history":[{"count":4,"href":"https:\/\/wp.ufpel.edu.br\/passivehousebrasil2025\/wp-json\/wp\/v2\/pages\/65\/revisions"}],"predecessor-version":[{"id":456,"href":"https:\/\/wp.ufpel.edu.br\/passivehousebrasil2025\/wp-json\/wp\/v2\/pages\/65\/revisions\/456"}],"wp:attachment":[{"href":"https:\/\/wp.ufpel.edu.br\/passivehousebrasil2025\/wp-json\/wp\/v2\/media?parent=65"}],"curies":[{"name":"wp","href":"https:\/\/api.w.org\/{rel}","templated":true}]}}