{"id":411,"date":"2025-10-30T18:12:21","date_gmt":"2025-10-30T21:12:21","guid":{"rendered":"https:\/\/wp.ufpel.edu.br\/passivehousebrasil2025\/?page_id=411"},"modified":"2025-11-26T16:03:22","modified_gmt":"2025-11-26T19:03:22","slug":"palestrantes","status":"publish","type":"page","link":"https:\/\/wp.ufpel.edu.br\/passivehousebrasil2025\/programacao\/palestrantes\/","title":{"rendered":"PALESTRANTES"},"content":{"rendered":"<p>Abaixo disponibilizamos informa\u00e7\u00f5es sobre os palestrantes do evento!<\/p>\n<p>\u2500 <strong>Palestrante<\/strong> \u2013 <span style=\"color: #bca45e;\"><a style=\"color: #bca45e;\" href=\"https:\/\/www.linkedin.com\/in\/juanmacasta%C3%B1o\/\" target=\"_blank\" rel=\"noopener\"><strong>Arq. Juan Manuel Casta\u00f1o<\/strong><\/a><\/span><span style=\"color: #808080;\"> \u2013\u00a0 Diretor da empresa <a style=\"color: #808080;\" href=\"https:\/\/www.linkedin.com\/company\/castano-y-asociados\/\" target=\"_blank\" rel=\"noopener\">Casta\u00f1o y Asociados.<\/a>\u00a0Certified Passive House Designer.<\/span><\/p>\n<p><span style=\"color: #808080;\">Arquiteto certificado pelo Passivhaus Institut. Designer em Darmstadt, Alemanha. Especialista regional em Edif\u00edcios com Consumo de Energia Quase Zero para o programa europeu PASSREG. Membro do Conselho de Administra\u00e7\u00e3o da Passivhaus Building Platform. Porta-voz de Comunica\u00e7\u00e3o e Marketing. Associa\u00e7\u00e3o espanhola filiada no I.P.H.A. Delegado na Andaluzia da Passivhaus Building Platform durante 2014. Associa\u00e7\u00e3o espanhola filiada ao I.P.H.A. Passive House na Espanha.<\/span><\/p>\n<p>\u2500 <strong>Palestrante<\/strong> \u2013 <span style=\"color: #bca45e;\"><strong>Arq. Juan Manoel Vasquez<\/strong><\/span><span style=\"color: #808080;\"> \u2013 Coordenador da \u00e1rea de Constru\u00e7\u00e3o no Programa de Bioeconomia Faculdade de Agronomia U.B.A., assessor do Observat\u00f3rio Legislativo dos ODS do Senado da Prov\u00edncia de Buenos Aires e Presidente da Ekosystem Consultoria e Desenvolvimento de Projetos Imobili\u00e1rios com Altos Padr\u00f5es Ecol\u00f3gicos e Consumo Quase Zero de Energia Passivhaus.<\/span><\/p>\n<p><span style=\"color: #808080;\">Formado como Engenheiro Agr\u00f4nomo pela Faculdade de Agronomia da Universidade de Buenos Aires, desde 2000 se aventurou na constru\u00e7\u00e3o de casas com materiais naturais, primeiramente terra crua, para depois se especializar em Fibra Agr\u00edcola Comprimida. Dedicado exclusivamente \u00e0 constru\u00e7\u00e3o com materiais Biol\u00f3gicos de elevada efici\u00eancia energ\u00e9tica. Reconhecido pelo Isobioproject. Coordenador da \u00e1rea de Constru\u00e7\u00e3o no Programa de Bioeconomia Faculdade de Agronomia U.B.A. e assessor do Observat\u00f3rio Legislativo dos ODS do Senado da prov\u00edncia de Buenos Aires Presidente da Ekosystem Consultoria e Desenvolvimento de Projetos Imobili\u00e1rios com Altos Padr\u00f5es Ecol\u00f3gicos e Consumo Quase Zero de Energia Passivhaus.<\/span><\/p>\n<p>\u2500 <strong>Palestrante<\/strong> \u2013 <span style=\"color: #bca45e;\"><a style=\"color: #bca45e;\" href=\"https:\/\/de.linkedin.com\/in\/susanne-theumer-88702a229?trk=public_profile_browsemap\" target=\"_blank\" rel=\"noopener\"><strong>Arq. Susanne Theumer<\/strong><\/a><\/span><span style=\"color: #808080;\"> \u2013 Passive House Consultant,<span style=\"font-weight: 400;\">\u00a0<\/span>Passive House Institute Alemanha. Membro do comit\u00ea cient\u00edfico da confer\u00eancia internacional de Passivhaus e respons\u00e1vel pela Am\u00e9rica Latina.<\/span><\/p>\n<p><span style=\"color: #808080;\">Consultora S\u00eanior Passivhaus Institut GmbH Tempo integral desde 2008. JDA Joseph Doyle Architects \u00b7 Tempo integral de 2005 a 2008 em Dublin, Condado de Dublin, Irlanda. Universidade de Ci\u00eancias Aplicadas W\u00fcrzburg-Schweinfurt Engenharia e arquitetura, 1999. Universidade T\u00e9cnica de Nuremberg Georg Simon Ohm, Arquitetura, 1998.<\/span><\/p>\n<p>\u2500 <strong>Palestrante<\/strong> \u2013 <span style=\"color: #bca45e;\"><a style=\"color: #bca45e;\" href=\"http:\/\/linkedin.com\/in\/jula-kim-sieber-dwb-aka-julakim-03503a26?originalSubdomain=de\" target=\"_blank\" rel=\"noopener\"><strong>Arq. Jula-Kim Siebers<\/strong><\/a><\/span><span style=\"color: #808080;\"> \u2013 Presidente da Werkbundakademie Darmstadt. Fundadora da empresa &#8220;ar2com \u2013 Arquitetura comunicativa de Darmstadt\u201d.<\/span><\/p>\n<p><span style=\"color: #808080;\">Jula-Kim Sieber \u00e9 arquiteta, musicista e presidente da Werkbundakademie Darmstadt. Fformou-se em Arquitetura pela Universidade T\u00e9cnica de Dresden (TU Dresden) em 2006, obtendo o t\u00edtulo de engenheira diplomada. De 2009 a 2012, lecionou na Universidade T\u00e9cnica de Darmstadt (TU Darmstadt). Em 2010, fundou o escrit\u00f3rio de arquitetura \u201car2com \u2013 arquitetura comunicativa de Darmstadt\u201d. Desde 2017, Jula-Kim Sieber \u00e9 presidente da Werkbundakademie Darmstadt, onde \u00e9 respons\u00e1vel pela promo\u00e7\u00e3o da educa\u00e7\u00e3o, da arte e da cultura na regi\u00e3o de Darmstadt. Entre seus projetos na institui\u00e7\u00e3o est\u00e1 \u201cWorldWideBlanket\u201d, um cat\u00e1logo sobre o tema \u201cViver de forma sustent\u00e1vel\u201d, confeccionado a partir de len\u00e7\u00f3is doados por mais de 2.000 pessoas e posteriormente reaproveitados por meio de upcycling.<\/span><\/p>\n<p>\u2500 <strong>Palestrante<\/strong> \u2013 <a href=\"https:\/\/www.linkedin.com\/in\/marcelo-huenchu%C3%B1ir-20633220\/?originalSubdomain=cl\"><span style=\"color: #bca45e;\"><strong>Arq. Marcelo Huenchu\u00f1ir<\/strong><\/span><\/a><span style=\"color: #808080;\"> \u2013 <span style=\"font-weight: 400;\">Arquiteto Universidade do Chile, Dr. Eng. Universidade de Hannover, Alemanha; Passivhaus Designer PHI Alemanha. Qualifica\u00e7\u00e3o de energia MINVU. CEO da <\/span><a style=\"color: #808080;\" href=\"https:\/\/arquiambiente.cl\/\"><span style=\"font-weight: 400;\">Arquiambiente Limitada<\/span><\/a><span style=\"font-weight: 400;\">, Pdte. Instituto Latino-Americano Passivhaus ILAPH, Professor FAU Universidade do Chile. Pr\u00eamio Ferm\u00edn Vivaceta Rupio 2021, Faculdade de Arquitetos do Chile AG Chile 2021.<\/span><\/span><\/p>\n<p>\u2500 <strong>Palestrante<\/strong> \u2013 <a href=\"https:\/\/www.linkedin.com\/in\/rodrigo-mainardes-3565b729\/?originalSubdomain=br\"><span style=\"color: #bca45e;\"><strong>Arq.\u00a0 Rodrigo Mainardes<\/strong><\/span><\/a><span style=\"color: #808080;\">\u00a0\u2013\u00a0Rodrigo Mainardes \u00e9 especificador na Sto Corp, atuando principalmente na recomenda\u00e7\u00e3o t\u00e9cnica de sistemas de fachada, isolamento t\u00e9rmico e solu\u00e7\u00f5es de alto desempenho para a constru\u00e7\u00e3o civil. Com forma\u00e7\u00e3o pela Universidade Positivo e experi\u00eancia consolidada no setor, ele trabalha na interface entre tecnologia de materiais e arquitetura, apoiando projetos que buscam efici\u00eancia energ\u00e9tica, desempenho t\u00e9rmico e qualidade construtiva. Seu envolvimento com iniciativas como o Passive House Brasil demonstra seu interesse em padr\u00f5es de constru\u00e7\u00e3o sustent\u00e1vel e em estrat\u00e9gias de redu\u00e7\u00e3o de consumo energ\u00e9tico. Com mais de 500 conex\u00f5es no LinkedIn, Rodrigo se destaca por sua atua\u00e7\u00e3o t\u00e9cnica especializada e por integrar redes profissionais ligadas \u00e0 inova\u00e7\u00e3o e \u00e0 sustentabilidade no ambiente constru\u00eddo.<\/span><\/p>\n<p>\u2500 <strong>Palestrante<\/strong> \u2013 <span style=\"color: #bca45e;\"><a style=\"color: #bca45e;\" href=\"https:\/\/www.linkedin.com\/in\/arqpedroreyna\/?trk=opento_nprofile_details\" target=\"_blank\" rel=\"noopener\"><strong>Arq. Pedro Reyna<\/strong><\/a><\/span><span style=\"color: #808080;\"> \u2013 S\u00f3cio-fundador do escrit\u00f3rio &#8220;PUMM \u2013 Por Un Mundo Mejor&#8221;. <span style=\"font-weight: 400;\">Certified Passive House Designer.<\/span><\/span><\/p>\n<p><span style=\"color: #808080;\">Pedro Reyna \u00e9 arquiteto argentino especializado em arquitetura sustent\u00e1vel e efici\u00eancia energ\u00e9tica, acreditado pelo Passivhaus Institut. S\u00f3cio-fundador do escrit\u00f3rio PUMM \u2013 Por Un Mundo Mejor, atua no desenvolvimento de projetos que combinam desempenho t\u00e9rmico, conforto e baixo impacto ambiental. Com experi\u00eancia em consultoria e execu\u00e7\u00e3o de edifica\u00e7\u00f5es de padr\u00e3o Passivhaus e nZEB, destaca-se pelo uso de sistemas construtivos inovadores, como pain\u00e9is SIP, e pela adapta\u00e7\u00e3o de solu\u00e7\u00f5es sustent\u00e1veis ao contexto latino-americano.<\/span><\/p>\n<p>\u2500 <strong>Palestrante<\/strong>\u00a0\u2013 <span style=\"color: #bca45e;\"><a style=\"color: #bca45e;\" href=\"http:\/\/lattes.cnpq.br\/0755959610406012\" target=\"_blank\" rel=\"noopener\"><strong>Eng. Roberto Lamberts<\/strong><\/a><\/span><span style=\"color: #808080;\"> \u2013 Professor da Universidade Federal de Santa Catarina (UFSC), supervisor do Laborat\u00f3rio de Efici\u00eancia Energ\u00e9tica em Edifica\u00e7\u00f5es (LABEEE UFSC).\u00a0<\/span><\/p>\n<p><span style=\"color: #808080;\">Possui gradua\u00e7\u00e3o em Engenharia Civil pela Universidade Federal do Rio Grande do Sul (1980), mestrado em Engenharia pela Universidade Federal do Rio Grande do Sul (1983) e doutorado em Civil Enginering &#8211; University of Leeds (1988). Atualmente \u00e9 professor titular da Universidade Federal de Santa Catarina. Atua na \u00e1rea de Engenharia Civil, com \u00eanfase em Efici\u00eancia Energ\u00e9tica, desempenho t\u00e9rmico de edifica\u00e7\u00f5es, bioclimatologia e conforto t\u00e9rmico. \u00c9 supervisor do Laborat\u00f3rio de Efici\u00eancia Energ\u00e9tica em Edifica\u00e7\u00f5es na UFSC. \u00c9 editor associado do peri\u00f3dico Energy and Buildings. \u00c9 membro do comit\u00ea editorial do peri\u00f3dico Journal of Building Performance Simulation e Ambiente Constru\u00eddo. \u00c9 membros das associa\u00e7\u00f5es cient\u00edficas ANTAC, Associa\u00e7\u00e3o de Tecnologia do Ambiente Constru\u00eddo<\/span><br \/>\n<span style=\"color: #808080;\">(onde foi da diretoria por v\u00e1rios mandatos), membro do Conselho Brasileiro para a Constru\u00e7\u00e3o Sustent\u00e1vel (CBCS) e IBPSA, associa\u00e7\u00e3o internacional para a simula\u00e7\u00e3o do desempenho de edifica\u00e7\u00f5es. \u00c9 ainda membro do GT de edifica\u00e7\u00f5es do MME apoiando o desenvolvimento da etiquetagem de efici\u00eancia energ\u00e9tica em edifica\u00e7\u00f5es.<\/span><\/p>\n<p>\u2500 <strong>Palestrante<\/strong>\u00a0\u2013 <span style=\"color: #bca45e;\"><a style=\"color: #bca45e;\" href=\"http:\/\/lattes.cnpq.br\/8150819629082409\" target=\"_blank\" rel=\"noopener\"><strong>Arq. Antonio Cesar Silveira<\/strong><\/a><\/span><span style=\"color: #808080;\"> \u2013 Professor da Universidade Federal de Pelotas (UFPel). Coordenador do Laborat\u00f3rio de Conforto e Efici\u00eancia Energ\u00e9tica (LABCEE UFPel) e Coordenador do Laborat\u00f3rio de Inspe\u00e7\u00e3o de Efici\u00eancia Energ\u00e9tica em Edifica\u00e7\u00f5es (LINSE).<\/span><\/p>\n<p><span style=\"color: #808080;\">Professor Titular da Universidade Federal de Pelotas, Diretor da Faculdade de Arquitetura e Urbanismo (2025-atual), Coordenador do Laborat\u00f3rio de Conforto e Efici\u00eancia Energ\u00e9tica (LABCEE) e Coordenador do Laborat\u00f3rio de Inspe\u00e7\u00e3o de Efici\u00eancia Energ\u00e9tica em Edifica\u00e7\u00f5es (LINSE). Possui gradua\u00e7\u00e3o em Arquitetura e Urbanismo pela Universidade Federal de Pelotas (1991), mestrado em Engenharia pela Universidade Federal do Rio Grande do Sul (1994) e doutorado em Engenharia Civil pela Universidade Federal de Santa Catarina (2004). Professor da UFPel desde 1996. Ex-Coordenador do Curso (1997-1999) e ex-Diretor da Faculdade de Arquitetura e Urbanismo (2006-2014). Tem experi\u00eancia como consultor de empresas na \u00e1rea de efici\u00eancia energ\u00e9tica, condicionamento natural e resfriamento evaporativo. Revisor da Revista Ambiente Constru\u00eddo &#8211; Associa\u00e7\u00e3o Nacional de Tecnologia do Ambiente Constru\u00eddo (ANTAC), Revista Pesquisa em Arquitetura e Urbanismo (PARC &#8211; UNICAMP) e Revista Science and Technology for the Built Environment &#8211; American Society of Heating, Refrigerating and Air Conditioning Engineering (ASHRAE).<\/span><\/p>\n<p>\u2500 <strong>Palestrante<\/strong> \u2013 <a href=\"http:\/\/en.alrunsd.com\/\" target=\"_blank\" rel=\"noopener\"><span style=\"color: #bca45e;\"><strong>Orient Sundar Group<\/strong><\/span><\/a><span style=\"color: #808080;\">\u00a0\u2013 O Grupo Orient Sundar foi fundado em 1988, guiado pela vis\u00e3o de tornar os edif\u00edcios mais eficientes em termos energ\u00e9ticos e melhorar a qualidade de vida. H\u00e1 muito tempo se dedica \u00e0 pesquisa e aplica\u00e7\u00e3o de portas e janelas com efici\u00eancia energ\u00e9tica e \u00e0 constru\u00e7\u00e3o sustent\u00e1vel. Ao longo de mais de 30 anos, realizou um desenvolvimento exponencial, passando de portas e janelas com efici\u00eancia energ\u00e9tica para edif\u00edcios de baix\u00edssimo consumo energ\u00e9tico, tornando-se a \u00fanica empresa do mundo com um sistema integrado de ciclo de vida completo para edif\u00edcios de baix\u00edssimo consumo energ\u00e9tico. Atualmente, possui a \u00fanica base de manufatura inteligente do mundo em toda a cadeia industrial da constru\u00e7\u00e3o sustent\u00e1vel e eficiente em termos energ\u00e9ticos.<\/span><\/p>\n<p>\u2500 <strong>Palestrante<\/strong> \u2013 <span style=\"color: #bca45e;\"><a style=\"color: #bca45e;\" href=\"https:\/\/www.linkedin.com\/in\/marcelo-huenchu%C3%B1ir-20633220\/?originalSubdomain=cl\" target=\"_blank\" rel=\"noopener\"><strong>Arq. PhD. Marcelo Huenchu\u00f1ir<\/strong><\/a><\/span><span style=\"color: #808080;\"> \u2013 Arquiteto Universidade do Chile, Dr. Eng. Universidade de Hannover, Alemanha; Passivhaus Designer PHI Alemanha. Qualifica\u00e7\u00e3o de energia MINVU. CEO da\u00a0<a style=\"color: #808080;\" href=\"https:\/\/arquiambiente.cl\/\">Arquiambiente Limitada<\/a>, Pdte. Instituto Latino-Americano Passivhaus ILAPH, Professor FAU Universidade do Chile. Pr\u00eamio Ferm\u00edn Vivaceta Rupio 2021, Faculdade de Arquitetos do Chile AG Chile 2021.<\/span><\/p>\n<p><span style=\"color: #808080;\">Participou dos estudos da Regula\u00e7\u00e3o T\u00e9rmica MINVU e do programa CEV Housing Energy Rating do MINVU. S\u00f3cio fundador da consultoria Arquiambiente Limitada, onde realiza Projetos de Arquitetura Sustent\u00e1vel, consultorias de Efici\u00eancia Energ\u00e9tica e Certifica\u00e7\u00e3o predial com sistemas nacionais CEV, CVS e CES, al\u00e9m de internacionais LEED USA, Passivhaus Alemanha e MINERGIE Su\u00ed\u00e7a. Pr\u00eamio Sustentabilidade 2011 concedido pela C\u00e2mara de Com\u00e9rcio Chileno-Alem\u00e3 por sua contribui\u00e7\u00e3o na incorpora\u00e7\u00e3o da norma Passivhaus no Chile, desenvolvendo o primeiro edif\u00edcio certificado pela Passivhaus na Am\u00e9rica Latina. Professor de Tecnologias em Arquitetura Sustent\u00e1vel pela Universidade do Chile e professor convidado em diferentes programas de p\u00f3s-gradua\u00e7\u00e3o em sustentabilidade no Chile. Pr\u00eamio Latam Sustent\u00e1vel 2015 concedido pelo CDT para carreira acad\u00eamica e de forma\u00e7\u00e3o. Foi treinador da CEV e da Passivhaus, treinando profissionais de Designer e Comerciante da Passivhaus no Chile e na Am\u00e9rica Latina em geral. Pr\u00eamio Ferm\u00edn Vivaceta Rupio 2021 concedido pela Faculdade de Arquitetos do Chile AG por seu excelente trabalho na \u00e1rea de tecnologia aplicada \u00e0 arquitetura.<br \/>\n<\/span><\/p>\n<p>\u2500 <strong>Palestrante<\/strong> \u2013 <span style=\"color: #bca45e;\"><a style=\"color: #bca45e;\" href=\"https:\/\/www.linkedin.com\/in\/martincomas\/?originalSubdomain=uy\" target=\"_blank\" rel=\"noopener\"><strong>Arq. Martin Comas<\/strong><\/a><\/span><span style=\"color: #808080;\">\u00a0\u2013 Arquitecto Uruguay dise\u00f1ador de la primera casa en Uruguay que esta hoy en el database de Passivhaus como low energy building.<\/span><\/p>\n<p><span style=\"color: #808080;\">\u00a0<\/span><\/p>\n","protected":false},"excerpt":{"rendered":"<p>Abaixo disponibilizamos informa\u00e7\u00f5es sobre os palestrantes do evento! \u2500 Palestrante \u2013 Arq. Juan Manuel Casta\u00f1o \u2013\u00a0 Diretor da empresa Casta\u00f1o y Asociados.\u00a0Certified Passive House Designer. Arquiteto certificado pelo Passivhaus Institut. Designer em Darmstadt, Alemanha. Especialista regional em Edif\u00edcios com Consumo de Energia Quase Zero para o programa europeu PASSREG. Membro do Conselho de Administra\u00e7\u00e3o da &hellip; <\/p>\n<p class=\"link-more\"><a href=\"https:\/\/wp.ufpel.edu.br\/passivehousebrasil2025\/programacao\/palestrantes\/\" class=\"more-link\">Continue lendo<span class=\"screen-reader-text\"> &#8220;PALESTRANTES&#8221;<\/span><\/a><\/p>\n","protected":false},"author":625,"featured_media":0,"parent":65,"menu_order":0,"comment_status":"closed","ping_status":"closed","template":"","meta":{"footnotes":""},"class_list":["post-411","page","type-page","status-publish","hentry"],"_links":{"self":[{"href":"https:\/\/wp.ufpel.edu.br\/passivehousebrasil2025\/wp-json\/wp\/v2\/pages\/411","targetHints":{"allow":["GET"]}}],"collection":[{"href":"https:\/\/wp.ufpel.edu.br\/passivehousebrasil2025\/wp-json\/wp\/v2\/pages"}],"about":[{"href":"https:\/\/wp.ufpel.edu.br\/passivehousebrasil2025\/wp-json\/wp\/v2\/types\/page"}],"author":[{"embeddable":true,"href":"https:\/\/wp.ufpel.edu.br\/passivehousebrasil2025\/wp-json\/wp\/v2\/users\/625"}],"replies":[{"embeddable":true,"href":"https:\/\/wp.ufpel.edu.br\/passivehousebrasil2025\/wp-json\/wp\/v2\/comments?post=411"}],"version-history":[{"count":4,"href":"https:\/\/wp.ufpel.edu.br\/passivehousebrasil2025\/wp-json\/wp\/v2\/pages\/411\/revisions"}],"predecessor-version":[{"id":438,"href":"https:\/\/wp.ufpel.edu.br\/passivehousebrasil2025\/wp-json\/wp\/v2\/pages\/411\/revisions\/438"}],"up":[{"embeddable":true,"href":"https:\/\/wp.ufpel.edu.br\/passivehousebrasil2025\/wp-json\/wp\/v2\/pages\/65"}],"wp:attachment":[{"href":"https:\/\/wp.ufpel.edu.br\/passivehousebrasil2025\/wp-json\/wp\/v2\/media?parent=411"}],"curies":[{"name":"wp","href":"https:\/\/api.w.org\/{rel}","templated":true}]}}