{"id":2,"date":"2025-07-18T08:51:38","date_gmt":"2025-07-18T11:51:38","guid":{"rendered":"https:\/\/wp.ufpel.edu.br\/passivehousebrasil2025\/?page_id=2"},"modified":"2025-10-24T12:20:13","modified_gmt":"2025-10-24T15:20:13","slug":"pagina-exemplo","status":"publish","type":"page","link":"https:\/\/wp.ufpel.edu.br\/passivehousebrasil2025\/","title":{"rendered":"Bem vindos!"},"content":{"rendered":"<p style=\"text-align: justify;\"><span style=\"font-size: 12pt;\">Bem vindos a p\u00e1gina oficial do <span style=\"color: #000000;\"><strong>V Congresso Internacional Passive House Brasil 2025<\/strong><\/span>. Aqui voc\u00ea encontrar\u00e1 informa\u00e7\u00f5es importantes, como as datas de inscri\u00e7\u00e3o e de realiza\u00e7\u00e3o do evento.<\/span><\/p>\n<hr \/>\n<p style=\"text-align: justify;\"><span style=\"font-size: 12pt;\">O <strong>V Congresso Internacional Passive House Brasil 2025<\/strong>\u00a0\u00e9 um evento de debate sobre solu\u00e7\u00f5es t\u00e9cnicas e pr\u00e1ticas dos conceitos da norma alem\u00e3, aplicados ao clima brasileiro, que\u00a0<strong>ocorrer\u00e1 no dia 02 de dezembro de 2025, de maneira remota (online) e com participa\u00e7\u00e3o gratuita<\/strong>.<\/span><br \/>\n<span style=\"font-size: 12pt;\">O conceito da Passivhaus (Passive House ou Casa Passiva) traz solu\u00e7\u00f5es para edif\u00edcios com elevado n\u00edvel de conforto t\u00e9rmico interior e baixo consumo de energia, ou seja, com alto desempenho termoenerg\u00e9tico.<\/span><br \/>\n<span style=\"font-size: 12pt;\">O evento ocorre a n\u00edvel nacional e \u00e9 o \u00fanico nesta \u00e1rea no pa\u00eds. Os palestrantes s\u00e3o convidados internacionais com vasta experi\u00eancia na \u00e1rea da constru\u00e7\u00e3o e na aplica\u00e7\u00e3o dos conceitos da norma Passive House em v\u00e1rios contextos clim\u00e1ticos.<\/span><\/p>\n<hr \/>\n<p><a href=\"https:\/\/wp.ufpel.edu.br\/passivehousebrasil2025\/pagina-exemplo\/a4-azul\/\" rel=\"attachment wp-att-383\"><img loading=\"lazy\" decoding=\"async\" class=\"alignnone size-full wp-image-383\" src=\"https:\/\/wp.ufpel.edu.br\/passivehousebrasil2025\/files\/2025\/10\/A4-Azul.jpg\" alt=\"\" width=\"595\" height=\"842\" srcset=\"https:\/\/wp.ufpel.edu.br\/passivehousebrasil2025\/files\/2025\/10\/A4-Azul.jpg 595w, https:\/\/wp.ufpel.edu.br\/passivehousebrasil2025\/files\/2025\/10\/A4-Azul-283x400.jpg 283w\" sizes=\"auto, (max-width: 595px) 100vw, 595px\" \/><\/a><\/p>\n<p style=\"text-align: justify;\">Fique a vontade para nos contatar para demais informa\u00e7\u00f5es. Nos vemos no evento!<\/p>\n<hr \/>\n<p>As <strong>inscri\u00e7\u00f5es<\/strong>\u00a0para o\u00a0<strong>evento <\/strong>est\u00e3o no item <strong>\u201c<a href=\"https:\/\/wp.ufpel.edu.br\/passivehousebrasil2025\/inscricao\/\">Inscri\u00e7\u00e3o<\/a>\u201d<\/strong> da barra do menu superior.<\/p>\n","protected":false},"excerpt":{"rendered":"<p>Bem vindos a p\u00e1gina oficial do V Congresso Internacional Passive House Brasil 2025. Aqui voc\u00ea encontrar\u00e1 informa\u00e7\u00f5es importantes, como as datas de inscri\u00e7\u00e3o e de realiza\u00e7\u00e3o do evento. O V Congresso Internacional Passive House Brasil 2025\u00a0\u00e9 um evento de debate sobre solu\u00e7\u00f5es t\u00e9cnicas e pr\u00e1ticas dos conceitos da norma alem\u00e3, aplicados ao clima brasileiro, que\u00a0ocorrer\u00e1 &hellip; <\/p>\n<p class=\"link-more\"><a href=\"https:\/\/wp.ufpel.edu.br\/passivehousebrasil2025\/\" class=\"more-link\">Continue lendo<span class=\"screen-reader-text\"> &#8220;Bem vindos!&#8221;<\/span><\/a><\/p>\n","protected":false},"author":740,"featured_media":0,"parent":0,"menu_order":0,"comment_status":"closed","ping_status":"closed","template":"","meta":{"footnotes":""},"class_list":["post-2","page","type-page","status-publish","hentry"],"_links":{"self":[{"href":"https:\/\/wp.ufpel.edu.br\/passivehousebrasil2025\/wp-json\/wp\/v2\/pages\/2","targetHints":{"allow":["GET"]}}],"collection":[{"href":"https:\/\/wp.ufpel.edu.br\/passivehousebrasil2025\/wp-json\/wp\/v2\/pages"}],"about":[{"href":"https:\/\/wp.ufpel.edu.br\/passivehousebrasil2025\/wp-json\/wp\/v2\/types\/page"}],"author":[{"embeddable":true,"href":"https:\/\/wp.ufpel.edu.br\/passivehousebrasil2025\/wp-json\/wp\/v2\/users\/740"}],"replies":[{"embeddable":true,"href":"https:\/\/wp.ufpel.edu.br\/passivehousebrasil2025\/wp-json\/wp\/v2\/comments?post=2"}],"version-history":[{"count":4,"href":"https:\/\/wp.ufpel.edu.br\/passivehousebrasil2025\/wp-json\/wp\/v2\/pages\/2\/revisions"}],"predecessor-version":[{"id":385,"href":"https:\/\/wp.ufpel.edu.br\/passivehousebrasil2025\/wp-json\/wp\/v2\/pages\/2\/revisions\/385"}],"wp:attachment":[{"href":"https:\/\/wp.ufpel.edu.br\/passivehousebrasil2025\/wp-json\/wp\/v2\/media?parent=2"}],"curies":[{"name":"wp","href":"https:\/\/api.w.org\/{rel}","templated":true}]}}