{"id":424,"date":"2022-09-17T13:22:39","date_gmt":"2022-09-17T16:22:39","guid":{"rendered":"https:\/\/wp.ufpel.edu.br\/passivehousebrasil2022\/?page_id=424"},"modified":"2023-04-15T12:11:45","modified_gmt":"2023-04-15T15:11:45","slug":"programacao-preliminar","status":"publish","type":"page","link":"https:\/\/wp.ufpel.edu.br\/passivehousebrasil2023\/programacao\/programacao-preliminar\/","title":{"rendered":"Programa\u00e7\u00e3o"},"content":{"rendered":"<p style=\"text-align: justify;\"><span style=\"font-size: 13pt;\">O evento ocorrer\u00e1 nos dias <span style=\"color: #2650a5;\"><strong>10 e 11 de agosto de 2023<\/strong><\/span>, de forma h\u00edbrida, contando com as modalidades online e presencial no audit\u00f3rio da Universidade Cat\u00f3lica de Pelotas durante os per\u00edodos da manh\u00e3 e da tarde. Abaixo disponibilizamos a programa\u00e7\u00e3o preliminar.<\/span><\/p>\n<p>Endere\u00e7o: Audit\u00f3rio Dom Ant\u00f4nio Zattera, Universidade Cat\u00f3lica de Pelotas, rua Gon\u00e7alves Chaves, n\u00ba 373. Entrada pela rua Tr\u00eas de Maio.<\/p>\n\n<!-- iframe plugin v.6.0 wordpress.org\/plugins\/iframe\/ -->\n<iframe loading=\"lazy\" src=\"https:\/\/wp.ufpel.edu.br\/passivehousebrasil2023\/files\/2023\/04\/PHB2023-Programacao-2023-10.pdf\" width=\"100%\" height=\"500\" scrolling=\"yes\" class=\"iframe-class\" frameborder=\"0\"><\/iframe>\n\n<p><a href=\"https:\/\/wp.ufpel.edu.br\/passivehousebrasil2023\/files\/2023\/04\/PHB2023-Programacao-2023-10.pdf\" target=\"_blank\" rel=\"noopener\">Baixe a programa\u00e7\u00e3o aqui.<\/a><\/p>\n<p>&nbsp;<\/p>\n<p><span style=\"font-size: 13pt;\"><span style=\"color: #3d848a;\"><span style=\"color: #333333;\">A programa\u00e7\u00e3o dos <span style=\"color: #3d848a;\"><strong>Eventos Sat\u00e9lites<\/strong><\/span> e maiores informa\u00e7\u00f5es, na aba <a href=\"https:\/\/wp.ufpel.edu.br\/passivehousebrasil2023\/programacao\/eventos-satelites\/\" target=\"_blank\" rel=\"noopener\">Eventos Sat\u00e9lites<\/a> do site.<\/span><\/span><\/span><\/p>\n<p>&nbsp;<\/p>\n<p><span style=\"color: #808080; font-size: 11pt; text-align: justify;\">O evento ocorrer\u00e1 de forma h\u00edbrida, contando com as modalidades online e presencial e determinadas palestras ter\u00e3o transmiss\u00e3o de diferentes pa\u00edses durante o congresso. D\u00favidas podem ser enviadas na p\u00e1gina <\/span><a style=\"color: #808080;\" href=\"https:\/\/wp.ufpel.edu.br\/passivehousebrasil2023\/contato\/\">contato<\/a><span style=\"color: #808080; font-size: 11pt; text-align: justify;\"> ou podem ser encaminhadas para o e-mail passivehousebrasil@gmail.com. Nos vemos no evento!\u00a0<\/span><\/p>\n","protected":false},"excerpt":{"rendered":"<p>O evento ocorrer\u00e1 nos dias 10 e 11 de agosto de 2023, de forma h\u00edbrida, contando com as modalidades online e presencial no audit\u00f3rio da Universidade Cat\u00f3lica de Pelotas durante os per\u00edodos da manh\u00e3 e da tarde. Abaixo disponibilizamos a programa\u00e7\u00e3o preliminar. Endere\u00e7o: Audit\u00f3rio Dom Ant\u00f4nio Zattera, Universidade Cat\u00f3lica de Pelotas, rua Gon\u00e7alves Chaves, n\u00ba &hellip; <\/p>\n<p class=\"link-more\"><a href=\"https:\/\/wp.ufpel.edu.br\/passivehousebrasil2023\/programacao\/programacao-preliminar\/\" class=\"more-link\">Continue lendo<span class=\"screen-reader-text\"> &#8220;Programa\u00e7\u00e3o&#8221;<\/span><\/a><\/p>\n","protected":false},"author":625,"featured_media":0,"parent":21,"menu_order":1,"comment_status":"closed","ping_status":"closed","template":"","meta":{"footnotes":""},"class_list":["post-424","page","type-page","status-publish","hentry"],"jetpack_sharing_enabled":true,"_links":{"self":[{"href":"https:\/\/wp.ufpel.edu.br\/passivehousebrasil2023\/wp-json\/wp\/v2\/pages\/424","targetHints":{"allow":["GET"]}}],"collection":[{"href":"https:\/\/wp.ufpel.edu.br\/passivehousebrasil2023\/wp-json\/wp\/v2\/pages"}],"about":[{"href":"https:\/\/wp.ufpel.edu.br\/passivehousebrasil2023\/wp-json\/wp\/v2\/types\/page"}],"author":[{"embeddable":true,"href":"https:\/\/wp.ufpel.edu.br\/passivehousebrasil2023\/wp-json\/wp\/v2\/users\/625"}],"replies":[{"embeddable":true,"href":"https:\/\/wp.ufpel.edu.br\/passivehousebrasil2023\/wp-json\/wp\/v2\/comments?post=424"}],"version-history":[{"count":9,"href":"https:\/\/wp.ufpel.edu.br\/passivehousebrasil2023\/wp-json\/wp\/v2\/pages\/424\/revisions"}],"predecessor-version":[{"id":1254,"href":"https:\/\/wp.ufpel.edu.br\/passivehousebrasil2023\/wp-json\/wp\/v2\/pages\/424\/revisions\/1254"}],"up":[{"embeddable":true,"href":"https:\/\/wp.ufpel.edu.br\/passivehousebrasil2023\/wp-json\/wp\/v2\/pages\/21"}],"wp:attachment":[{"href":"https:\/\/wp.ufpel.edu.br\/passivehousebrasil2023\/wp-json\/wp\/v2\/media?parent=424"}],"curies":[{"name":"wp","href":"https:\/\/api.w.org\/{rel}","templated":true}]}}