{"id":36,"date":"2022-09-10T17:20:35","date_gmt":"2022-09-10T20:20:35","guid":{"rendered":"https:\/\/wp.ufpel.edu.br\/passivehousebrasil2022\/?page_id=36"},"modified":"2023-08-08T22:06:13","modified_gmt":"2023-08-09T01:06:13","slug":"inscricao","status":"publish","type":"page","link":"https:\/\/wp.ufpel.edu.br\/passivehousebrasil2023\/inscricao\/","title":{"rendered":"Inscri\u00e7\u00e3o"},"content":{"rendered":"<p><span style=\"font-size: 13pt;\">As inscri\u00e7\u00f5es para o evento s\u00e3o realizadas por meio do formul\u00e1rio disponibilizado abaixo. O pagamento \u00e9 atrav\u00e9s de PIX ou transfer\u00eancia banc\u00e1ria com envio do comprovante.<\/span><\/p>\n<p>&nbsp;<\/p>\n<p><span style=\"font-size: 13pt;\">Formul\u00e1rio de inscri\u00e7\u00e3o:\u00a0<a href=\"https:\/\/forms.gle\/oAbrEfpmNT2XP7i69\"><span style=\"color: #2650a5;\"><strong>Inscri\u00e7\u00e3o Passive House Brasil 2023<\/strong><\/span><\/a><\/span><\/p>\n<p><span style=\"font-size: 13pt;\">Formul\u00e1rio de inscri\u00e7\u00e3o para bolsistas: <a href=\"https:\/\/docs.google.com\/forms\/d\/1PW6NLN3ZifMOqGGFuu_JDfWWhvTbxE132CtNuDFlKeo\/edit\"><span style=\"color: #2650a5;\"><strong>Inscri\u00e7\u00e3o Bolsistas Passive House Brasil 2023<\/strong><\/span><\/a><\/span><\/p>\n<p>&nbsp;<\/p>\n<p><span style=\"font-size: 18pt;\"><strong><span style=\"color: #333399;\">PROMO\u00c7\u00c3O DE DIVULGA\u00c7\u00c3O!<\/span><\/strong><\/span><br \/>\n<span style=\"font-size: 14pt;\">De 27\/07 a 09\/08 estudantes, professores ou funcion\u00e1rios pagam R$30,00 e profissionais R$120,00.<\/span><\/p>\n<p>&nbsp;<\/p>\n<table style=\"width: 100%; border-collapse: collapse;\" border=\"0\">\n<tbody>\n<tr style=\"height: 26px;\">\n<td style=\"width: 60.0241%; text-align: center; height: 26px;\" colspan=\"3\"><strong>Valores da inscri\u00e7\u00e3o<\/strong><\/td>\n<\/tr>\n<tr style=\"height: 26px;\">\n<td style=\"width: 20.9378%; height: 26px;\"><\/td>\n<td style=\"width: 21.4762%; height: 26px;\"><strong>Lote promocional: a<\/strong><strong>t\u00e9 09\/08<\/strong><\/td>\n<td style=\"width: 17.6101%; height: 26px;\"><strong>Nos dias do evento<\/strong><\/td>\n<\/tr>\n<tr style=\"height: 26px;\">\n<td style=\"width: 20.9378%; height: 26px;\">Estudantes, Estudantes de P\u00f3s-gradua\u00e7\u00e3o, Funcion\u00e1rios e Professores<\/td>\n<td style=\"width: 21.4762%; height: 26px;\">R$ 30,00<\/td>\n<td style=\"width: 17.6101%; height: 26px;\">R$ 100,00<\/td>\n<\/tr>\n<tr style=\"height: 26px;\">\n<td style=\"width: 20.9378%; height: 26px;\">Profissionais<\/td>\n<td style=\"width: 21.4762%; height: 26px;\">R$ 150,00<\/td>\n<td style=\"width: 17.6101%; height: 26px;\">R$ 420,00<\/td>\n<\/tr>\n<\/tbody>\n<\/table>\n<p>*As inscri\u00e7\u00f5es com participa\u00e7\u00e3o online e presencial tem o mesmo custo de inscri\u00e7\u00e3o!<\/p>\n<p>* Bolsistas FAURB\/PROGRAU ter\u00e3o isen\u00e7\u00e3o do valor de inscri\u00e7\u00e3o<\/p>\n<p>*VAGAS: 200 online\/300 presencial<\/p>\n<p>&nbsp;<\/p>\n<p><span style=\"font-size: 13pt;\"><span style=\"color: #3d848a;\"><span style=\"color: #333333;\">Os <span style=\"color: #3d848a;\"><strong>Eventos Sat\u00e9lites<\/strong><\/span> s\u00e3o gratuitos! As inscri\u00e7\u00f5es s\u00e3o realizadas por meio de formul\u00e1rio na aba <a href=\"https:\/\/wp.ufpel.edu.br\/passivehousebrasil2023\/programacao\/eventos-satelites\/\" target=\"_blank\" rel=\"noopener\">Eventos Sat\u00e9lites<\/a> do site, a programa\u00e7\u00e3o preliminar j\u00e1 est\u00e1 dispon\u00edvel, confira!<\/span><\/span><\/span><\/p>\n<p>&nbsp;<\/p>\n<p>&nbsp;<\/p>\n<p><span style=\"color: #808080; font-size: 11pt;\">D\u00favidas podem ser enviadas na p\u00e1gina <a style=\"color: #808080;\" href=\"https:\/\/wp.ufpel.edu.br\/passivehousebrasil2023\/contato\/\">contato<\/a> ou podem ser encaminhadas para o e-mail passivehousebrasil@gmail.com. Nos vemos no evento!\u00a0<\/span><\/p>\n","protected":false},"excerpt":{"rendered":"<p>As inscri\u00e7\u00f5es para o evento s\u00e3o realizadas por meio do formul\u00e1rio disponibilizado abaixo. O pagamento \u00e9 atrav\u00e9s de PIX ou transfer\u00eancia banc\u00e1ria com envio do comprovante. &nbsp; Formul\u00e1rio de inscri\u00e7\u00e3o:\u00a0Inscri\u00e7\u00e3o Passive House Brasil 2023 Formul\u00e1rio de inscri\u00e7\u00e3o para bolsistas: Inscri\u00e7\u00e3o Bolsistas Passive House Brasil 2023 &nbsp; PROMO\u00c7\u00c3O DE DIVULGA\u00c7\u00c3O! De 27\/07 a 09\/08 estudantes, professores &hellip; <\/p>\n<p class=\"link-more\"><a href=\"https:\/\/wp.ufpel.edu.br\/passivehousebrasil2023\/inscricao\/\" class=\"more-link\">Continue lendo<span class=\"screen-reader-text\"> &#8220;Inscri\u00e7\u00e3o&#8221;<\/span><\/a><\/p>\n","protected":false},"author":625,"featured_media":0,"parent":0,"menu_order":0,"comment_status":"closed","ping_status":"closed","template":"","meta":{"footnotes":""},"class_list":["post-36","page","type-page","status-publish","hentry"],"jetpack_sharing_enabled":true,"_links":{"self":[{"href":"https:\/\/wp.ufpel.edu.br\/passivehousebrasil2023\/wp-json\/wp\/v2\/pages\/36","targetHints":{"allow":["GET"]}}],"collection":[{"href":"https:\/\/wp.ufpel.edu.br\/passivehousebrasil2023\/wp-json\/wp\/v2\/pages"}],"about":[{"href":"https:\/\/wp.ufpel.edu.br\/passivehousebrasil2023\/wp-json\/wp\/v2\/types\/page"}],"author":[{"embeddable":true,"href":"https:\/\/wp.ufpel.edu.br\/passivehousebrasil2023\/wp-json\/wp\/v2\/users\/625"}],"replies":[{"embeddable":true,"href":"https:\/\/wp.ufpel.edu.br\/passivehousebrasil2023\/wp-json\/wp\/v2\/comments?post=36"}],"version-history":[{"count":24,"href":"https:\/\/wp.ufpel.edu.br\/passivehousebrasil2023\/wp-json\/wp\/v2\/pages\/36\/revisions"}],"predecessor-version":[{"id":1424,"href":"https:\/\/wp.ufpel.edu.br\/passivehousebrasil2023\/wp-json\/wp\/v2\/pages\/36\/revisions\/1424"}],"wp:attachment":[{"href":"https:\/\/wp.ufpel.edu.br\/passivehousebrasil2023\/wp-json\/wp\/v2\/media?parent=36"}],"curies":[{"name":"wp","href":"https:\/\/api.w.org\/{rel}","templated":true}]}}