{"id":1175,"date":"2023-04-01T18:23:43","date_gmt":"2023-04-01T21:23:43","guid":{"rendered":"https:\/\/wp.ufpel.edu.br\/passivehousebrasil2023\/?page_id=1175"},"modified":"2023-07-11T14:08:09","modified_gmt":"2023-07-11T17:08:09","slug":"eventos-satelites","status":"publish","type":"page","link":"https:\/\/wp.ufpel.edu.br\/passivehousebrasil2023\/programacao\/eventos-satelites\/","title":{"rendered":"Eventos Sat\u00e9lites"},"content":{"rendered":"<p><span style=\"font-size: 13pt;\">Nessa edi\u00e7\u00e3o do Congresso Internacional Passive House Brasil iremos ter <span style=\"color: #3d848a;\"><strong>Eventos Sat\u00e9lites<\/strong><\/span>, com diversas palestras para preparar o p\u00fablico para o evento principal!\u00a0<\/span><span style=\"font-size: 13pt;\"><span style=\"color: #3d848a;\"><span style=\"color: #333333;\">Os<span style=\"color: #3d848a;\"> <strong>Eventos Sat\u00e9lites<\/strong><\/span> s\u00e3o gratuitos!<\/span><\/span><\/span><\/p>\n<p>&nbsp;<\/p>\n<p><span style=\"font-size: 13pt;\">Confira as datas e locais dos Eventos Sat\u00e9lites:<\/span><\/p>\n<hr \/>\n<p><img loading=\"lazy\" decoding=\"async\" class=\"alignnone size-full wp-image-1239\" src=\"https:\/\/wp.ufpel.edu.br\/passivehousebrasil2023\/files\/2023\/04\/Evento-Sat-01-Passo-Fundo-02.jpg\" alt=\"\" width=\"1080\" height=\"1080\" srcset=\"https:\/\/wp.ufpel.edu.br\/passivehousebrasil2023\/files\/2023\/04\/Evento-Sat-01-Passo-Fundo-02.jpg 1080w, https:\/\/wp.ufpel.edu.br\/passivehousebrasil2023\/files\/2023\/04\/Evento-Sat-01-Passo-Fundo-02-400x400.jpg 400w, https:\/\/wp.ufpel.edu.br\/passivehousebrasil2023\/files\/2023\/04\/Evento-Sat-01-Passo-Fundo-02-1024x1024.jpg 1024w, https:\/\/wp.ufpel.edu.br\/passivehousebrasil2023\/files\/2023\/04\/Evento-Sat-01-Passo-Fundo-02-200x200.jpg 200w, https:\/\/wp.ufpel.edu.br\/passivehousebrasil2023\/files\/2023\/04\/Evento-Sat-01-Passo-Fundo-02-768x768.jpg 768w, https:\/\/wp.ufpel.edu.br\/passivehousebrasil2023\/files\/2023\/04\/Evento-Sat-01-Passo-Fundo-02-100x100.jpg 100w\" sizes=\"auto, (max-width: 706px) 89vw, (max-width: 767px) 82vw, 740px\" \/><\/p>\n<p><span style=\"color: #3d848a;\"><strong>Evento Sat\u00e9lite 01<\/strong><\/span> \u2013 Passo Fundo, RS &#8211; UPF, Universidade de Passo Fundo. Dia 27 de abril.<\/p>\n<p>&nbsp;<\/p>\n<p><img loading=\"lazy\" decoding=\"async\" class=\"alignnone size-full wp-image-1296\" src=\"https:\/\/wp.ufpel.edu.br\/passivehousebrasil2023\/files\/2023\/05\/SITE-Evento-Sat-02-Pelotas.png\" alt=\"\" width=\"1080\" height=\"1080\" srcset=\"https:\/\/wp.ufpel.edu.br\/passivehousebrasil2023\/files\/2023\/05\/SITE-Evento-Sat-02-Pelotas.png 1080w, https:\/\/wp.ufpel.edu.br\/passivehousebrasil2023\/files\/2023\/05\/SITE-Evento-Sat-02-Pelotas-400x400.png 400w, https:\/\/wp.ufpel.edu.br\/passivehousebrasil2023\/files\/2023\/05\/SITE-Evento-Sat-02-Pelotas-1024x1024.png 1024w, https:\/\/wp.ufpel.edu.br\/passivehousebrasil2023\/files\/2023\/05\/SITE-Evento-Sat-02-Pelotas-200x200.png 200w, https:\/\/wp.ufpel.edu.br\/passivehousebrasil2023\/files\/2023\/05\/SITE-Evento-Sat-02-Pelotas-768x768.png 768w, https:\/\/wp.ufpel.edu.br\/passivehousebrasil2023\/files\/2023\/05\/SITE-Evento-Sat-02-Pelotas-100x100.png 100w\" sizes=\"auto, (max-width: 706px) 89vw, (max-width: 767px) 82vw, 740px\" \/><\/p>\n<p><span style=\"color: #3d848a;\"><strong>Evento Sat\u00e9lite 02<\/strong><\/span> \u2013 Pelotas, RS &#8211; UFPEL, Universidade Federal de Pelotas. Dia 11 de maio.<\/p>\n<p>&nbsp;<\/p>\n<p><img loading=\"lazy\" decoding=\"async\" class=\"alignnone size-full wp-image-1241\" src=\"https:\/\/wp.ufpel.edu.br\/passivehousebrasil2023\/files\/2023\/04\/Evento-Sat-03-Caxias-do-Sul-02.jpg\" alt=\"\" width=\"1080\" height=\"1080\" srcset=\"https:\/\/wp.ufpel.edu.br\/passivehousebrasil2023\/files\/2023\/04\/Evento-Sat-03-Caxias-do-Sul-02.jpg 1080w, https:\/\/wp.ufpel.edu.br\/passivehousebrasil2023\/files\/2023\/04\/Evento-Sat-03-Caxias-do-Sul-02-400x400.jpg 400w, https:\/\/wp.ufpel.edu.br\/passivehousebrasil2023\/files\/2023\/04\/Evento-Sat-03-Caxias-do-Sul-02-1024x1024.jpg 1024w, https:\/\/wp.ufpel.edu.br\/passivehousebrasil2023\/files\/2023\/04\/Evento-Sat-03-Caxias-do-Sul-02-200x200.jpg 200w, https:\/\/wp.ufpel.edu.br\/passivehousebrasil2023\/files\/2023\/04\/Evento-Sat-03-Caxias-do-Sul-02-768x768.jpg 768w, https:\/\/wp.ufpel.edu.br\/passivehousebrasil2023\/files\/2023\/04\/Evento-Sat-03-Caxias-do-Sul-02-100x100.jpg 100w\" sizes=\"auto, (max-width: 706px) 89vw, (max-width: 767px) 82vw, 740px\" \/><\/p>\n<p><span style=\"color: #3d848a;\"><strong>Evento Sat\u00e9lite 03<\/strong><\/span> \u2013 Caxias do Sul, RS &#8211; UCS, Universidade de Caxias do Sul. Dia 24 de maio.<\/p>\n<p>&nbsp;<\/p>\n<p><img loading=\"lazy\" decoding=\"async\" class=\"alignnone size-full wp-image-1242\" src=\"https:\/\/wp.ufpel.edu.br\/passivehousebrasil2023\/files\/2023\/04\/Evento-Sat-04-POA-02.jpg\" alt=\"\" width=\"1080\" height=\"1080\" srcset=\"https:\/\/wp.ufpel.edu.br\/passivehousebrasil2023\/files\/2023\/04\/Evento-Sat-04-POA-02.jpg 1080w, https:\/\/wp.ufpel.edu.br\/passivehousebrasil2023\/files\/2023\/04\/Evento-Sat-04-POA-02-400x400.jpg 400w, https:\/\/wp.ufpel.edu.br\/passivehousebrasil2023\/files\/2023\/04\/Evento-Sat-04-POA-02-1024x1024.jpg 1024w, https:\/\/wp.ufpel.edu.br\/passivehousebrasil2023\/files\/2023\/04\/Evento-Sat-04-POA-02-200x200.jpg 200w, https:\/\/wp.ufpel.edu.br\/passivehousebrasil2023\/files\/2023\/04\/Evento-Sat-04-POA-02-768x768.jpg 768w, https:\/\/wp.ufpel.edu.br\/passivehousebrasil2023\/files\/2023\/04\/Evento-Sat-04-POA-02-100x100.jpg 100w\" sizes=\"auto, (max-width: 706px) 89vw, (max-width: 767px) 82vw, 740px\" \/><\/p>\n<p><span style=\"color: #3d848a;\"><strong>Evento Sat\u00e9lite 04<\/strong><\/span> \u2013 Porto Alegre, RS &#8211; UFRGS, Universidade Federal do Rio Grande do Sul. Dia 23 de junho.<\/p>\n<p>&nbsp;<\/p>\n<p><img loading=\"lazy\" decoding=\"async\" class=\"alignnone size-full wp-image-1329\" src=\"https:\/\/wp.ufpel.edu.br\/passivehousebrasil2023\/files\/2023\/07\/SITE-Evento-Sat-05-Foz-do-Iguacu.png\" alt=\"\" width=\"1080\" height=\"1080\" srcset=\"https:\/\/wp.ufpel.edu.br\/passivehousebrasil2023\/files\/2023\/07\/SITE-Evento-Sat-05-Foz-do-Iguacu.png 1080w, https:\/\/wp.ufpel.edu.br\/passivehousebrasil2023\/files\/2023\/07\/SITE-Evento-Sat-05-Foz-do-Iguacu-400x400.png 400w, https:\/\/wp.ufpel.edu.br\/passivehousebrasil2023\/files\/2023\/07\/SITE-Evento-Sat-05-Foz-do-Iguacu-1024x1024.png 1024w, https:\/\/wp.ufpel.edu.br\/passivehousebrasil2023\/files\/2023\/07\/SITE-Evento-Sat-05-Foz-do-Iguacu-200x200.png 200w, https:\/\/wp.ufpel.edu.br\/passivehousebrasil2023\/files\/2023\/07\/SITE-Evento-Sat-05-Foz-do-Iguacu-768x768.png 768w, https:\/\/wp.ufpel.edu.br\/passivehousebrasil2023\/files\/2023\/07\/SITE-Evento-Sat-05-Foz-do-Iguacu-100x100.png 100w\" sizes=\"auto, (max-width: 706px) 89vw, (max-width: 767px) 82vw, 740px\" \/><\/p>\n<p><span style=\"color: #3d848a;\"><strong>Evento Sat\u00e9lite 05<\/strong><\/span> \u2013 Foz do Igua\u00e7u, PR &#8211; UNILA, Universidade Federal da Integra\u00e7\u00e3o Latino-Americana. Dia 20 de julho.<\/p>\n<p>&nbsp;<\/p>\n<p><img loading=\"lazy\" decoding=\"async\" class=\"alignnone size-full wp-image-1326\" src=\"https:\/\/wp.ufpel.edu.br\/passivehousebrasil2023\/files\/2023\/07\/SITE-Evento-Sat-06-Curitiba.jpg\" alt=\"\" width=\"1080\" height=\"1080\" srcset=\"https:\/\/wp.ufpel.edu.br\/passivehousebrasil2023\/files\/2023\/07\/SITE-Evento-Sat-06-Curitiba.jpg 1080w, https:\/\/wp.ufpel.edu.br\/passivehousebrasil2023\/files\/2023\/07\/SITE-Evento-Sat-06-Curitiba-400x400.jpg 400w, https:\/\/wp.ufpel.edu.br\/passivehousebrasil2023\/files\/2023\/07\/SITE-Evento-Sat-06-Curitiba-1024x1024.jpg 1024w, https:\/\/wp.ufpel.edu.br\/passivehousebrasil2023\/files\/2023\/07\/SITE-Evento-Sat-06-Curitiba-200x200.jpg 200w, https:\/\/wp.ufpel.edu.br\/passivehousebrasil2023\/files\/2023\/07\/SITE-Evento-Sat-06-Curitiba-768x768.jpg 768w, https:\/\/wp.ufpel.edu.br\/passivehousebrasil2023\/files\/2023\/07\/SITE-Evento-Sat-06-Curitiba-100x100.jpg 100w\" sizes=\"auto, (max-width: 706px) 89vw, (max-width: 767px) 82vw, 740px\" \/><\/p>\n<p><span style=\"color: #3d848a;\"><strong>Evento Sat\u00e9lite 06<\/strong><\/span> \u2013 Curitiba, PR &#8211; FAE, Centro Universit\u00e1rio. Dia 17 de agosto.<\/p>\n<hr \/>\n<p>&nbsp;<\/p>\n<p><span style=\"font-size: 13pt;\">As inscri\u00e7\u00f5es para os <span style=\"color: #3d848a;\"><strong>Eventos Sat\u00e9lites<\/strong><\/span> s\u00e3o realizadas por meio do formul\u00e1rio disponibilizado abaixo.\u00a0<\/span><\/p>\n<p>&nbsp;<\/p>\n<p><span style=\"font-size: 13pt;\">Formul\u00e1rios de inscri\u00e7\u00e3o Eventos Sat\u00e9lites: <\/span><\/p>\n<p><a href=\"https:\/\/forms.gle\/pNhojN6sCyThKF4R6\"><span style=\"font-size: 13pt;\"><span style=\"color: #3d848a;\"><strong>Passo Fundo &#8211; 27 de abril<\/strong><\/span><\/span><\/a><\/p>\n<p><a href=\"https:\/\/forms.gle\/6U5CPBf2YGAzy63c7\"><span style=\"font-size: 13pt;\"><span style=\"color: #3d848a;\"><strong>Pelotas &#8211; 11 de maio<\/strong><\/span><\/span><\/a><\/p>\n<p><a href=\"https:\/\/forms.gle\/r9ikjjkY9BQx34T58\"><span style=\"font-size: 13pt;\"><span style=\"color: #3d848a;\"><strong>Caxias do Sul &#8211; 24 de maio<\/strong><\/span><\/span><\/a><\/p>\n<p><a href=\"https:\/\/forms.gle\/E5JWMoUEQCvyhN7F9\"><span style=\"font-size: 13pt;\"><span style=\"color: #3d848a;\"><strong>Porto Alegre &#8211; 23 de junho<\/strong><\/span><\/span><\/a><\/p>\n<p><a href=\"https:\/\/forms.gle\/3uSCbrrN9Fi4Na6v6\"><span style=\"font-size: 13pt;\"><span style=\"color: #3d848a;\"><strong>Foz do Igua\u00e7u &#8211; 20 de julho<\/strong><\/span><\/span><\/a><\/p>\n<p><a href=\"https:\/\/forms.gle\/ttyYPiZXcr1t1mP79\"><span style=\"font-size: 13pt;\"><span style=\"color: #3d848a;\"><strong>Curitiba &#8211; 17 de agosto<\/strong><\/span><\/span><\/a><\/p>\n<p>&nbsp;<\/p>\n<hr \/>\n<p>&nbsp;<\/p>\n<p>Confira a programa\u00e7\u00e3o dos <span style=\"color: #3d848a;\"><strong>Eventos Sat\u00e9lites<\/strong><span style=\"color: #333333;\"> abaixo:<\/span><\/span><\/p>\n\n<!-- iframe plugin v.6.0 wordpress.org\/plugins\/iframe\/ -->\n<iframe loading=\"lazy\" src=\"https:\/\/wp.ufpel.edu.br\/passivehousebrasil2023\/files\/2023\/04\/PHB2023-Programacao-Eventos-Satelites-2023-12.pdf\" width=\"100%\" height=\"500\" scrolling=\"yes\" class=\"iframe-class\" frameborder=\"0\"><\/iframe>\n\n<p><a href=\"https:\/\/wp.ufpel.edu.br\/passivehousebrasil2023\/files\/2023\/04\/PHB2023-Programacao-Eventos-Satelites-2023-12.pdf\" target=\"_blank\" rel=\"noopener\">Baixe a programa\u00e7\u00e3o dos Eventos Sat\u00e9lites aqui.<\/a><\/p>\n<p>&nbsp;<\/p>\n","protected":false},"excerpt":{"rendered":"<p>Nessa edi\u00e7\u00e3o do Congresso Internacional Passive House Brasil iremos ter Eventos Sat\u00e9lites, com diversas palestras para preparar o p\u00fablico para o evento principal!\u00a0Os Eventos Sat\u00e9lites s\u00e3o gratuitos! &nbsp; Confira as datas e locais dos Eventos Sat\u00e9lites: Evento Sat\u00e9lite 01 \u2013 Passo Fundo, RS &#8211; UPF, Universidade de Passo Fundo. Dia 27 de abril. &nbsp; Evento &hellip; <\/p>\n<p class=\"link-more\"><a href=\"https:\/\/wp.ufpel.edu.br\/passivehousebrasil2023\/programacao\/eventos-satelites\/\" class=\"more-link\">Continue lendo<span class=\"screen-reader-text\"> &#8220;Eventos Sat\u00e9lites&#8221;<\/span><\/a><\/p>\n","protected":false},"author":625,"featured_media":0,"parent":21,"menu_order":0,"comment_status":"closed","ping_status":"closed","template":"","meta":{"footnotes":""},"class_list":["post-1175","page","type-page","status-publish","hentry"],"jetpack_sharing_enabled":true,"_links":{"self":[{"href":"https:\/\/wp.ufpel.edu.br\/passivehousebrasil2023\/wp-json\/wp\/v2\/pages\/1175","targetHints":{"allow":["GET"]}}],"collection":[{"href":"https:\/\/wp.ufpel.edu.br\/passivehousebrasil2023\/wp-json\/wp\/v2\/pages"}],"about":[{"href":"https:\/\/wp.ufpel.edu.br\/passivehousebrasil2023\/wp-json\/wp\/v2\/types\/page"}],"author":[{"embeddable":true,"href":"https:\/\/wp.ufpel.edu.br\/passivehousebrasil2023\/wp-json\/wp\/v2\/users\/625"}],"replies":[{"embeddable":true,"href":"https:\/\/wp.ufpel.edu.br\/passivehousebrasil2023\/wp-json\/wp\/v2\/comments?post=1175"}],"version-history":[{"count":21,"href":"https:\/\/wp.ufpel.edu.br\/passivehousebrasil2023\/wp-json\/wp\/v2\/pages\/1175\/revisions"}],"predecessor-version":[{"id":1330,"href":"https:\/\/wp.ufpel.edu.br\/passivehousebrasil2023\/wp-json\/wp\/v2\/pages\/1175\/revisions\/1330"}],"up":[{"embeddable":true,"href":"https:\/\/wp.ufpel.edu.br\/passivehousebrasil2023\/wp-json\/wp\/v2\/pages\/21"}],"wp:attachment":[{"href":"https:\/\/wp.ufpel.edu.br\/passivehousebrasil2023\/wp-json\/wp\/v2\/media?parent=1175"}],"curies":[{"name":"wp","href":"https:\/\/api.w.org\/{rel}","templated":true}]}}