{"id":424,"date":"2022-09-17T13:22:39","date_gmt":"2022-09-17T16:22:39","guid":{"rendered":"https:\/\/wp.ufpel.edu.br\/passivehousebrasil2022\/?page_id=424"},"modified":"2022-11-29T17:04:36","modified_gmt":"2022-11-29T20:04:36","slug":"programacao-preliminar","status":"publish","type":"page","link":"https:\/\/wp.ufpel.edu.br\/passivehousebrasil2022\/programacao\/programacao-preliminar\/","title":{"rendered":"Programa\u00e7\u00e3o Confirmada"},"content":{"rendered":"<p style=\"text-align: justify;\"><span style=\"font-size: 13pt;\">O evento ocorrer\u00e1 nos dias <span style=\"color: #b5332d;\"><strong>30 de novembro, 01 e 02 de dezembro de 2022<\/strong><\/span>, de forma presencial no audit\u00f3rio da Universidade Cat\u00f3lica de Pelotas durante os per\u00edodos da manh\u00e3 e da tarde. Abaixo disponibilizamos a programa\u00e7\u00e3o preliminar.<\/span><\/p>\n<p>Endere\u00e7o: Audit\u00f3rio Dom Ant\u00f4nio Zattera, Universidade Cat\u00f3lica de Pelotas, rua Gon\u00e7alves Chaves, n\u00ba 373. Entrada pela rua Tr\u00eas de Maio.<\/p>\n<table style=\"height: 78px; width: 100%; border-collapse: collapse;\" border=\"0\">\n<tbody>\n<tr style=\"height: 26px;\">\n<td style=\"width: 100%; height: 26px; text-align: center;\" colspan=\"2\"><span style=\"font-size: 11pt;\"><strong>30 de novembro<\/strong><\/span><\/td>\n<\/tr>\n<tr style=\"height: 26px;\">\n<td style=\"width: 23.0539%; height: 26px; text-align: center;\">manh\u00e3<\/td>\n<td style=\"width: 76.9461%; height: 26px;\">\n<p style=\"text-align: left;\"><span style=\"font-size: 11pt;\"><span style=\"color: #b5332d;\">8h \u00e0s 09h<span style=\"font-weight: 400; font-size: 11pt;\"> &#8211; <span style=\"color: #333333;\">Credenciamento<\/span><\/span><\/span><\/span><\/p>\n<p style=\"text-align: left;\"><span style=\"font-size: 11pt;\"><span style=\"color: #b5332d;\">9h \u00e0s 09:15h<span style=\"font-weight: 400; font-size: 11pt;\"> &#8211; <span style=\"color: #333333;\">Abertura do evento<\/span><\/span><\/span><\/span><\/p>\n<p style=\"text-align: left;\"><span style=\"font-size: 11pt;\"><span style=\"color: #b5332d;\">09:15h \u00e0s 09:30<span style=\"font-weight: 400; font-size: 11pt;\"> &#8211; <span style=\"color: #333333;\">ArchLit PassivHaus<\/span><span style=\"color: #808080;\"> &#8211; Arq. M.Sc Rodrigo Fritsch<\/span><\/span><\/span><\/span><\/p>\n<p style=\"text-align: left;\"><span style=\"font-weight: 400; font-size: 11pt;\"><span style=\"color: #b5332d;\">9:30h \u00e0s 10:00h<\/span> &#8211;\u00a0<\/span><span style=\"font-size: 11pt;\">Hygge<span style=\"font-weight: 400;\"><span style=\"color: #808080;\"> &#8211; Apoiador Gold<\/span><\/span><span style=\"font-weight: 400; font-size: 11pt;\"><span style=\"color: #808080;\"> &#8211; Eng. M.Sc Fabricio Lucchesi e Eng. Alexandre Castagini<\/span><\/span><\/span><\/p>\n<p style=\"text-align: left;\"><span style=\"font-weight: 400; font-size: 11pt;\"><span style=\"color: #b5332d;\">10:00h \u00e0s 10:30h<\/span> &#8211; Networking\/Coffee Break<\/span><\/p>\n<p style=\"text-align: left;\"><span style=\"font-weight: 400; font-size: 11pt;\"><span style=\"color: #b5332d;\">10:30h \u00e0s 11:15h<\/span> &#8211; Palestra: NZEB UFPel, Da Arquitetura Bioclim\u00e1tica \u00e0 Intelig\u00eancia Artificial<span style=\"color: #808080;\"> &#8211; Prof. Dr. Antonio Cesar Silveira Baptista da Silva, UFPel<\/span><\/span><\/p>\n<p><span style=\"font-weight: 400; font-size: 11pt;\"><span style=\"color: #b5332d;\">11:15h \u00e0s 12:00h<\/span> &#8211; Palestra: NZEB UFPel, A Intelig\u00eancia Artificial<span style=\"color: #808080;\"><span style=\"color: #000000;\"> na Arquitetura Bioclim\u00e1tica<\/span> &#8211; Prof. M.Sc Anderson Ferrugem, UFPel<\/span><\/span><\/td>\n<\/tr>\n<tr style=\"height: 26px;\">\n<td style=\"width: 23.0539%; height: 26px; text-align: center;\">tarde<\/td>\n<td style=\"width: 76.9461%; height: 26px;\">\n<p><span style=\"font-weight: 400; font-size: 11pt;\"><span style=\"color: #b5332d;\">14h \u00e0s 14:30h<\/span> &#8211; Sto <span style=\"color: #808080;\">&#8211; Apoiador Gold &#8211; Rodrigo Mainardes<\/span><\/span><\/p>\n<p><span style=\"font-weight: 400; font-size: 11pt;\"><span style=\"color: #b5332d;\">14:30h \u00e0s 15:15h<\/span> &#8211; Palestra: Passive House na Espanha<span style=\"color: #808080;\"> &#8211; Arq. Juan Manuel Casta\u00f1o, Casta\u00f1o Associados<span style=\"font-weight: 400;\"> (l\u00edngua espanhola, transmitida da Espanha)<\/span><\/span><\/span><\/p>\n<p><span style=\"font-weight: 400; font-size: 11pt;\"><span style=\"color: #b5332d;\">15:15h \u00e0s 15:45h<\/span> &#8211; Networking\/Coffee Break<\/span><\/p>\n<p><span style=\"font-weight: 400; font-size: 11pt;\"><span style=\"color: #b5332d;\">15:45h \u00e0s 16:30h<\/span> &#8211; Palestra: O desafio cultural da Passive House no Brasil<span style=\"color: #808080;\"> &#8211; Prof\u00aa. PhD. Adriana Portella, UFPel<\/span><\/span><\/p>\n<p><span style=\"font-weight: 400; font-size: 11pt;\"><span style=\"color: #b5332d;\">16:30h \u00e0s 17:15h<\/span> &#8211; Palestra: Passive House in the academic context in Portugal<span style=\"color: #808080;\">\u00a0&#8211; Prof. PhD. Romeu da Silva Vicente, Universidade de Aveiro<span style=\"font-weight: 400;\"> (transmitida de Portugal)<\/span><\/span><\/span><\/td>\n<\/tr>\n<\/tbody>\n<\/table>\n<table style=\"width: 100%; border-collapse: collapse;\" border=\"0\">\n<tbody>\n<tr>\n<td style=\"width: 100%; text-align: center;\" colspan=\"2\"><span style=\"font-weight: 400; font-size: 11pt; color: #333333;\"><span style=\"font-size: 11pt;\"><strong>01 de dezembro<\/strong><\/span><\/span><\/td>\n<\/tr>\n<tr>\n<td style=\"width: 23.6527%; text-align: center;\">manh\u00e3<\/td>\n<td style=\"width: 76.3473%;\">\n<p style=\"text-align: left;\"><span style=\"font-size: 11pt;\"><span style=\"color: #b5332d;\">9h \u00e0s 09:30h<\/span> &#8211; Incoben, Passo Fundo<span style=\"font-weight: 400;\"><span style=\"color: #808080;\"> &#8211; Apoiador Gold &#8211; M.Sc Sandra Sebben Zornita<\/span><\/span><\/span><\/p>\n<p style=\"text-align: left;\"><span style=\"font-weight: 400; font-size: 11pt;\"><span style=\"color: #b5332d;\">9:30h \u00e0s 10:15h<\/span> &#8211; Palestra: Casa NZEB Pelotas<span style=\"color: #808080;\"> &#8211; Prof. Dr. Antonio Cesar Silveira Baptista da Silva, UFPel<\/span><\/span><\/p>\n<p style=\"text-align: left;\"><span style=\"font-weight: 400; font-size: 11pt;\"><span style=\"color: #b5332d;\">10:15h \u00e0s 10:45h<\/span> &#8211; Networking\/Coffee Break<\/span><\/p>\n<p style=\"text-align: left;\"><span style=\"font-weight: 400; font-size: 11pt;\"><span style=\"color: #b5332d;\">10:45h \u00e0s 11:30h<\/span> &#8211; Palestra: Passive House en Chile<span style=\"color: #808080;\"> &#8211; Arq. PhD. Marcelo Huenchu\u00f1ir, ILAPH<span style=\"font-weight: 400;\"> (l\u00edngua espanhola, transmitida do Chile)<\/span><\/span><\/span><\/p>\n<\/td>\n<\/tr>\n<tr>\n<td style=\"width: 23.6527%; text-align: center;\">tarde<\/td>\n<td style=\"width: 76.3473%;\">\n<p><span style=\"font-size: 11pt;\"><span style=\"font-weight: 400;\"><span style=\"color: #b5332d;\">14h \u00e0s 14:30h<\/span> &#8211; Veka Latin America<span style=\"color: #808080;\"> &#8211;\u00a0<\/span><\/span><span style=\"color: #808080;\"> Apoiador Gold &#8211; Rodrigo Fontana<\/span><\/span><\/p>\n<p><span style=\"font-weight: 400; font-size: 11pt;\"><span style=\"color: #b5332d;\">14:30h \u00e0s 15:15h<\/span> &#8211; Palestra: Passive House no Sul do Brasil<span style=\"color: #808080;\"> &#8211; Prof. Dr. Eduardo Grala da Cunha, UFPel<\/span><\/span><\/p>\n<p><span style=\"font-weight: 400; font-size: 11pt;\"><span style=\"color: #b5332d;\">15:15h \u00e0s 15:45h<\/span> &#8211; Networking\/Coffee Break<\/span><\/p>\n<p><span style=\"font-weight: 400; font-size: 11pt;\"><span style=\"color: #b5332d;\">15:45h \u00e0s 16:30h<\/span> &#8211; Palestra: EnerPHit: Rehabilitac\u00edon con componentes Passivhaus<\/span><span style=\"color: #808080;\"> &#8211; Arq. Susanne Theumer, Passive House Consultant, Passive House Institute (l\u00edngua espanhola, transmitida da Am\u00e9rica do Sul)<\/span><\/p>\n<p><span style=\"font-size: 11pt;\"><span style=\"font-weight: 400;\"><span style=\"color: #b5332d;\">16:30h \u00e0s 17:15h<\/span> &#8211; Mesa redonda Desafios da Passive House no Brasil<span style=\"font-weight: 400; font-size: 11pt;\"><span style=\"color: #808080;\"> &#8211; Prof. Dr. Eduardo Grala da Cunha, UFPel; Prof. Dr. Antonio Cesar Silveira Baptista da Silva, UFPel; Arq. Susanne Theumer, Passive House Institute (l\u00edngua espanhola, transmitida da Alemanha); Rodrigo Fontana, Veka.<\/span><\/span><\/span><\/span><\/p>\n<p><span style=\"font-weight: 400; font-size: 11pt;\"><span style=\"color: #b5332d;\">19h<\/span> &#8211; Jantar por ades\u00e3o*<\/span><\/td>\n<\/tr>\n<\/tbody>\n<\/table>\n<table style=\"width: 100%; border-collapse: collapse;\" border=\"0\">\n<tbody>\n<tr style=\"height: 26px;\">\n<td style=\"width: 100%; text-align: center; height: 26px;\" colspan=\"2\"><span style=\"font-size: 11pt; color: #333333;\"><span style=\"font-weight: 400;\"><strong>02 de dezembro<\/strong><\/span><\/span><\/td>\n<\/tr>\n<tr style=\"height: 26px;\">\n<td style=\"width: 23.6527%; height: 26px; text-align: center;\">manh\u00e3<\/td>\n<td style=\"width: 76.3473%; height: 26px;\">\n<p><span style=\"font-size: 11pt;\"><span style=\"color: #b5362d;\">8:30h \u00e0s 09:00h<\/span> &#8211; Palestra ShowPass in Barcelona, Enerphit + Cero Carbon<span style=\"font-weight: 400;\"><span style=\"color: #808080;\"> &#8211; Arq. Micheel Wassouf, Energiehaus-Arquitectos<span style=\"font-weight: 400; font-size: 11pt;\"> (l\u00edngua espanhola, transmitida da Espanha)<\/span><\/span><\/span><\/span><\/p>\n<p><span style=\"font-size: 11pt;\"><span style=\"color: #b5362d;\">9:00h \u00e0s 09:30h<\/span> &#8211; <span style=\"font-weight: 400; font-size: 11pt;\">AHK<span style=\"color: #808080;\"> &#8211; Apoiador Gold &#8211; Arq. Klaus Bohne, Tria Sistemas de Arquitetura<\/span><\/span><\/span><\/p>\n<p style=\"text-align: left;\"><span style=\"font-size: 11pt;\"><span style=\"color: #b5362d;\">9:30h \u00e0s 10:15h<\/span> &#8211; Palestra<span style=\"font-weight: 400;\"><span style=\"color: #808080;\"> &#8211; Arq. Dragos Arnautu, Passive House Institute, Alemanha (l\u00edngua inglesa, transmitida da Alemanha)<\/span><\/span><\/span><\/p>\n<p><span style=\"font-size: 11pt;\"><span style=\"color: #b5362d;\">10:15h \u00e0s 10:45h<span style=\"font-weight: 400; font-size: 11pt; color: #333333;\"> &#8211; Networking\/Coffee Break<\/span><\/span><\/span><\/p>\n<p style=\"text-align: left;\"><span style=\"font-size: 11pt;\"><span style=\"font-weight: 400;\"><span style=\"color: #b5362d;\">10:45h \u00e0s 11:30h<\/span> &#8211; Palestra: <\/span><span style=\"font-family: inherit;\">Do projeto convencional a Passive House<\/span><span style=\"color: #808080;\"> &#8211; Arq. Dr. Egon Vettorazzi<\/span><\/span><\/p>\n<\/td>\n<\/tr>\n<tr style=\"height: 26px;\">\n<td style=\"width: 23.6527%; height: 26px; text-align: center;\">tarde<\/td>\n<td style=\"width: 76.3473%; height: 26px;\">\n<p><span style=\"font-weight: 400; font-size: 11pt;\"><span style=\"color: #b5332d;\">14h \u00e0s 14:30h<\/span> &#8211; Scheid Esquadrias<span style=\"color: #808080;\"> &#8211; Apoiador Gold &#8211; Alexandre de Andrade Isoppo<\/span><\/span><\/p>\n<p><span style=\"font-weight: 400; font-size: 11pt;\"><span style=\"color: #b5332d;\">14:30h \u00e0s 15:15h<\/span> &#8211; Mini Curso Passive House<span style=\"color: #808080;\"> &#8211; Prof. Dr. Eduardo Grala da Cunha, UFPel<\/span><\/span><\/p>\n<p><span style=\"font-weight: 400; font-size: 11pt;\"><span style=\"color: #b5332d;\">15:15h <\/span>&#8211; Encerramento do evento.<\/span><\/td>\n<\/tr>\n<\/tbody>\n<\/table>\n<p><span style=\"color: #808080; font-size: 11pt;\">O evento ocorrer\u00e1 de forma presencial e determinadas palestras ter\u00e3o transmiss\u00e3o de diferentes pa\u00edses durante o congresso. D\u00favidas podem ser enviadas na p\u00e1gina <\/span><a style=\"color: #808080;\" href=\"https:\/\/wp.ufpel.edu.br\/passivehousebrasil2022\/contato\/\">contato<\/a><span style=\"color: #808080; font-size: 11pt;\"> ou podem ser encaminhadas para o e-mail passivehousebrasil2022@gmail.com. Nos vemos no evento!\u00a0<\/span><\/p>\n<p>&nbsp;<\/p>\n<hr \/>\n<p>&nbsp;<\/p>\n<p><img loading=\"lazy\" decoding=\"async\" data-attachment-id=\"920\" data-permalink=\"https:\/\/wp.ufpel.edu.br\/passivehousebrasil2022\/pagina-exemplo\/cartaz-hospedagem-site\/\" data-orig-file=\"https:\/\/wp.ufpel.edu.br\/passivehousebrasil2022\/files\/2022\/11\/Cartaz-Hospedagem-Site-.jpg\" data-orig-size=\"1080,1080\" data-comments-opened=\"0\" data-image-meta=\"{&quot;aperture&quot;:&quot;0&quot;,&quot;credit&quot;:&quot;&quot;,&quot;camera&quot;:&quot;&quot;,&quot;caption&quot;:&quot;&quot;,&quot;created_timestamp&quot;:&quot;0&quot;,&quot;copyright&quot;:&quot;&quot;,&quot;focal_length&quot;:&quot;0&quot;,&quot;iso&quot;:&quot;0&quot;,&quot;shutter_speed&quot;:&quot;0&quot;,&quot;title&quot;:&quot;&quot;,&quot;orientation&quot;:&quot;0&quot;}\" data-image-title=\"Cartaz &amp;#8211; Hospedagem Site\" data-image-description=\"\" data-image-caption=\"\" data-medium-file=\"https:\/\/wp.ufpel.edu.br\/passivehousebrasil2022\/files\/2022\/11\/Cartaz-Hospedagem-Site--400x400.jpg\" data-large-file=\"https:\/\/wp.ufpel.edu.br\/passivehousebrasil2022\/files\/2022\/11\/Cartaz-Hospedagem-Site--1024x1024.jpg\" class=\"alignnone size-full wp-image-920\" src=\"https:\/\/wp.ufpel.edu.br\/passivehousebrasil2022\/files\/2022\/11\/Cartaz-Hospedagem-Site-.jpg\" alt=\"\" width=\"1080\" height=\"1080\" srcset=\"https:\/\/wp.ufpel.edu.br\/passivehousebrasil2022\/files\/2022\/11\/Cartaz-Hospedagem-Site-.jpg 1080w, https:\/\/wp.ufpel.edu.br\/passivehousebrasil2022\/files\/2022\/11\/Cartaz-Hospedagem-Site--400x400.jpg 400w, https:\/\/wp.ufpel.edu.br\/passivehousebrasil2022\/files\/2022\/11\/Cartaz-Hospedagem-Site--1024x1024.jpg 1024w, https:\/\/wp.ufpel.edu.br\/passivehousebrasil2022\/files\/2022\/11\/Cartaz-Hospedagem-Site--200x200.jpg 200w, https:\/\/wp.ufpel.edu.br\/passivehousebrasil2022\/files\/2022\/11\/Cartaz-Hospedagem-Site--768x768.jpg 768w, https:\/\/wp.ufpel.edu.br\/passivehousebrasil2022\/files\/2022\/11\/Cartaz-Hospedagem-Site--100x100.jpg 100w\" sizes=\"auto, (max-width: 706px) 89vw, (max-width: 767px) 82vw, 740px\" \/><\/p>\n<p><span style=\"font-size: 12pt; color: #000000;\">*No dia 01\/12\/2022 teremos um <strong>jantar<\/strong> por ades\u00e3o. Pedimos confirma\u00e7\u00e3o de participa\u00e7\u00e3o at\u00e9 o dia 28\/11\/2022. O valor poder\u00e1 ser pago no momento do credenciamento. Local: Hotel Curi Executive. Endere\u00e7o: Rua General Os\u00f3rio, 719, Pelotas, RS. Hor\u00e1rio: 19:00 horas. Valor: R$ 50,00. Temos vagas limitadas para o jantar!<\/span><\/p>\n","protected":false},"excerpt":{"rendered":"<p>O evento ocorrer\u00e1 nos dias 30 de novembro, 01 e 02 de dezembro de 2022, de forma presencial no audit\u00f3rio da Universidade Cat\u00f3lica de Pelotas durante os per\u00edodos da manh\u00e3 e da tarde. Abaixo disponibilizamos a programa\u00e7\u00e3o preliminar. Endere\u00e7o: Audit\u00f3rio Dom Ant\u00f4nio Zattera, Universidade Cat\u00f3lica de Pelotas, rua Gon\u00e7alves Chaves, n\u00ba 373. Entrada pela rua &hellip; <\/p>\n<p class=\"link-more\"><a href=\"https:\/\/wp.ufpel.edu.br\/passivehousebrasil2022\/programacao\/programacao-preliminar\/\" class=\"more-link\">Continue lendo<span class=\"screen-reader-text\"> &#8220;Programa\u00e7\u00e3o Confirmada&#8221;<\/span><\/a><\/p>\n","protected":false},"author":625,"featured_media":625,"parent":21,"menu_order":1,"comment_status":"closed","ping_status":"closed","template":"","meta":{"footnotes":""},"class_list":["post-424","page","type-page","status-publish","has-post-thumbnail","hentry"],"jetpack_sharing_enabled":true,"_links":{"self":[{"href":"https:\/\/wp.ufpel.edu.br\/passivehousebrasil2022\/wp-json\/wp\/v2\/pages\/424","targetHints":{"allow":["GET"]}}],"collection":[{"href":"https:\/\/wp.ufpel.edu.br\/passivehousebrasil2022\/wp-json\/wp\/v2\/pages"}],"about":[{"href":"https:\/\/wp.ufpel.edu.br\/passivehousebrasil2022\/wp-json\/wp\/v2\/types\/page"}],"author":[{"embeddable":true,"href":"https:\/\/wp.ufpel.edu.br\/passivehousebrasil2022\/wp-json\/wp\/v2\/users\/625"}],"replies":[{"embeddable":true,"href":"https:\/\/wp.ufpel.edu.br\/passivehousebrasil2022\/wp-json\/wp\/v2\/comments?post=424"}],"version-history":[{"count":61,"href":"https:\/\/wp.ufpel.edu.br\/passivehousebrasil2022\/wp-json\/wp\/v2\/pages\/424\/revisions"}],"predecessor-version":[{"id":976,"href":"https:\/\/wp.ufpel.edu.br\/passivehousebrasil2022\/wp-json\/wp\/v2\/pages\/424\/revisions\/976"}],"up":[{"embeddable":true,"href":"https:\/\/wp.ufpel.edu.br\/passivehousebrasil2022\/wp-json\/wp\/v2\/pages\/21"}],"wp:featuredmedia":[{"embeddable":true,"href":"https:\/\/wp.ufpel.edu.br\/passivehousebrasil2022\/wp-json\/wp\/v2\/media\/625"}],"wp:attachment":[{"href":"https:\/\/wp.ufpel.edu.br\/passivehousebrasil2022\/wp-json\/wp\/v2\/media?parent=424"}],"curies":[{"name":"wp","href":"https:\/\/api.w.org\/{rel}","templated":true}]}}