{"id":36,"date":"2022-09-10T17:20:35","date_gmt":"2022-09-10T20:20:35","guid":{"rendered":"https:\/\/wp.ufpel.edu.br\/passivehousebrasil2022\/?page_id=36"},"modified":"2022-11-24T11:45:31","modified_gmt":"2022-11-24T14:45:31","slug":"inscricao","status":"publish","type":"page","link":"https:\/\/wp.ufpel.edu.br\/passivehousebrasil2022\/inscricao\/","title":{"rendered":"Inscri\u00e7\u00e3o"},"content":{"rendered":"<p><span style=\"font-size: 13pt;\">As inscri\u00e7\u00f5es para o evento s\u00e3o realizadas por meio do formul\u00e1rio disponibilizado abaixo. O pagamento \u00e9 atrav\u00e9s de PIX ou transfer\u00eancia banc\u00e1ria com envio do comprovante.<\/span><\/p>\n<p>&nbsp;<\/p>\n<p><span style=\"font-size: 13pt;\">Formul\u00e1rio de inscri\u00e7\u00e3o:\u00a0<strong><span style=\"color: #ab3100;\"><a style=\"color: #ab3100;\" href=\"https:\/\/forms.gle\/HyTBRFjsAQuvjMmD6\">Inscri\u00e7\u00e3o Passive House Brasil 2022<\/a><\/span><\/strong><\/span><\/p>\n<p>&nbsp;<\/p>\n<table style=\"width: 100%; border-collapse: collapse;\" border=\"0\">\n<tbody>\n<tr style=\"height: 26px;\">\n<td style=\"width: 80%; text-align: center; height: 26px;\" colspan=\"4\"><strong>Valores da inscri\u00e7\u00e3o<\/strong><\/td>\n<\/tr>\n<tr style=\"height: 26px;\">\n<td style=\"width: 20%; height: 26px;\"><\/td>\n<td style=\"width: 20%; height: 26px;\"><strong>Primeiro lote: at\u00e9 07\/11<\/strong><\/td>\n<td style=\"width: 20%; height: 26px;\"><strong>Segundo lote: at\u00e9 29\/11<\/strong><\/td>\n<td style=\"width: 20%; height: 26px;\"><strong>Nos dias do evento<\/strong><\/td>\n<\/tr>\n<tr style=\"height: 26px;\">\n<td style=\"width: 20%; height: 26px;\">Estudantes, Estudantes de P\u00f3s-gradua\u00e7\u00e3o, Funcion\u00e1rios e Professores<\/td>\n<td style=\"width: 20%; height: 26px;\">R$ 60,00<\/td>\n<td style=\"width: 20%; height: 26px;\">R$ 80,00<\/td>\n<td style=\"width: 20%; height: 26px;\">R$ 100,00<\/td>\n<\/tr>\n<tr style=\"height: 26px;\">\n<td style=\"width: 20%; height: 26px;\">Profissionais<\/td>\n<td style=\"width: 20%; height: 26px;\">R$ 300,00<\/td>\n<td style=\"width: 20%; height: 26px;\">R$ 400,00<\/td>\n<td style=\"width: 20%; height: 26px;\">R$ 420,00<\/td>\n<\/tr>\n<\/tbody>\n<\/table>\n<p>&nbsp;<\/p>\n<p><span style=\"color: #808080; font-size: 11pt;\">D\u00favidas podem ser enviadas na p\u00e1gina <a style=\"color: #808080;\" href=\"https:\/\/wp.ufpel.edu.br\/passivehousebrasil2022\/contato\/\">contato<\/a> ou podem ser encaminhadas para o e-mail passivehousebrasil2022@gmail.com. Nos vemos no evento!\u00a0<\/span><\/p>\n<p>&nbsp;<\/p>\n<hr \/>\n<p>&nbsp;<\/p>\n<p><img loading=\"lazy\" decoding=\"async\" data-attachment-id=\"937\" data-permalink=\"https:\/\/wp.ufpel.edu.br\/passivehousebrasil2022\/inscricao\/bolsista\/\" data-orig-file=\"https:\/\/wp.ufpel.edu.br\/passivehousebrasil2022\/files\/2022\/11\/Bolsista.jpeg\" data-orig-size=\"1080,1080\" data-comments-opened=\"0\" data-image-meta=\"{&quot;aperture&quot;:&quot;0&quot;,&quot;credit&quot;:&quot;&quot;,&quot;camera&quot;:&quot;&quot;,&quot;caption&quot;:&quot;&quot;,&quot;created_timestamp&quot;:&quot;0&quot;,&quot;copyright&quot;:&quot;&quot;,&quot;focal_length&quot;:&quot;0&quot;,&quot;iso&quot;:&quot;0&quot;,&quot;shutter_speed&quot;:&quot;0&quot;,&quot;title&quot;:&quot;&quot;,&quot;orientation&quot;:&quot;0&quot;}\" data-image-title=\"Bolsista\" data-image-description=\"\" data-image-caption=\"\" data-medium-file=\"https:\/\/wp.ufpel.edu.br\/passivehousebrasil2022\/files\/2022\/11\/Bolsista-400x400.jpeg\" data-large-file=\"https:\/\/wp.ufpel.edu.br\/passivehousebrasil2022\/files\/2022\/11\/Bolsista-1024x1024.jpeg\" class=\"alignnone size-full wp-image-937\" src=\"https:\/\/wp.ufpel.edu.br\/passivehousebrasil2022\/files\/2022\/11\/Bolsista.jpeg\" alt=\"\" width=\"1080\" height=\"1080\" srcset=\"https:\/\/wp.ufpel.edu.br\/passivehousebrasil2022\/files\/2022\/11\/Bolsista.jpeg 1080w, https:\/\/wp.ufpel.edu.br\/passivehousebrasil2022\/files\/2022\/11\/Bolsista-400x400.jpeg 400w, https:\/\/wp.ufpel.edu.br\/passivehousebrasil2022\/files\/2022\/11\/Bolsista-1024x1024.jpeg 1024w, https:\/\/wp.ufpel.edu.br\/passivehousebrasil2022\/files\/2022\/11\/Bolsista-200x200.jpeg 200w, https:\/\/wp.ufpel.edu.br\/passivehousebrasil2022\/files\/2022\/11\/Bolsista-768x768.jpeg 768w, https:\/\/wp.ufpel.edu.br\/passivehousebrasil2022\/files\/2022\/11\/Bolsista-100x100.jpeg 100w\" sizes=\"auto, (max-width: 706px) 89vw, (max-width: 767px) 82vw, 740px\" \/><\/p>\n<p>O III Congresso Passive House Brasil 2022 traz uma novidade! Caso voc\u00ea seja <strong>bolsista social<\/strong> da UFPEL, n\u00f3s lhe daremos 100% de isen\u00e7\u00e3o para a inscri\u00e7\u00e3o no evento! N\u00e3o perca esta oportunidade!<\/p>\n","protected":false},"excerpt":{"rendered":"<p>As inscri\u00e7\u00f5es para o evento s\u00e3o realizadas por meio do formul\u00e1rio disponibilizado abaixo. O pagamento \u00e9 atrav\u00e9s de PIX ou transfer\u00eancia banc\u00e1ria com envio do comprovante. &nbsp; Formul\u00e1rio de inscri\u00e7\u00e3o:\u00a0Inscri\u00e7\u00e3o Passive House Brasil 2022 &nbsp; Valores da inscri\u00e7\u00e3o Primeiro lote: at\u00e9 07\/11 Segundo lote: at\u00e9 29\/11 Nos dias do evento Estudantes, Estudantes de P\u00f3s-gradua\u00e7\u00e3o, Funcion\u00e1rios &hellip; <\/p>\n<p class=\"link-more\"><a href=\"https:\/\/wp.ufpel.edu.br\/passivehousebrasil2022\/inscricao\/\" class=\"more-link\">Continue lendo<span class=\"screen-reader-text\"> &#8220;Inscri\u00e7\u00e3o&#8221;<\/span><\/a><\/p>\n","protected":false},"author":625,"featured_media":625,"parent":0,"menu_order":0,"comment_status":"closed","ping_status":"closed","template":"","meta":{"footnotes":""},"class_list":["post-36","page","type-page","status-publish","has-post-thumbnail","hentry"],"jetpack_sharing_enabled":true,"_links":{"self":[{"href":"https:\/\/wp.ufpel.edu.br\/passivehousebrasil2022\/wp-json\/wp\/v2\/pages\/36","targetHints":{"allow":["GET"]}}],"collection":[{"href":"https:\/\/wp.ufpel.edu.br\/passivehousebrasil2022\/wp-json\/wp\/v2\/pages"}],"about":[{"href":"https:\/\/wp.ufpel.edu.br\/passivehousebrasil2022\/wp-json\/wp\/v2\/types\/page"}],"author":[{"embeddable":true,"href":"https:\/\/wp.ufpel.edu.br\/passivehousebrasil2022\/wp-json\/wp\/v2\/users\/625"}],"replies":[{"embeddable":true,"href":"https:\/\/wp.ufpel.edu.br\/passivehousebrasil2022\/wp-json\/wp\/v2\/comments?post=36"}],"version-history":[{"count":30,"href":"https:\/\/wp.ufpel.edu.br\/passivehousebrasil2022\/wp-json\/wp\/v2\/pages\/36\/revisions"}],"predecessor-version":[{"id":941,"href":"https:\/\/wp.ufpel.edu.br\/passivehousebrasil2022\/wp-json\/wp\/v2\/pages\/36\/revisions\/941"}],"wp:featuredmedia":[{"embeddable":true,"href":"https:\/\/wp.ufpel.edu.br\/passivehousebrasil2022\/wp-json\/wp\/v2\/media\/625"}],"wp:attachment":[{"href":"https:\/\/wp.ufpel.edu.br\/passivehousebrasil2022\/wp-json\/wp\/v2\/media?parent=36"}],"curies":[{"name":"wp","href":"https:\/\/api.w.org\/{rel}","templated":true}]}}