{"id":2,"date":"2022-09-08T16:55:46","date_gmt":"2022-09-08T19:55:46","guid":{"rendered":"https:\/\/wp.ufpel.edu.br\/passivehousebrasil2022\/?page_id=2"},"modified":"2022-12-05T09:51:51","modified_gmt":"2022-12-05T12:51:51","slug":"pagina-exemplo","status":"publish","type":"page","link":"https:\/\/wp.ufpel.edu.br\/passivehousebrasil2022\/","title":{"rendered":"Bem vindos!"},"content":{"rendered":"\r\n<p style=\"text-align: justify;\"><span style=\"font-size: 13pt;\">Bem vindos a p\u00e1gina oficial do <span style=\"color: #b5332d;\"><strong>III Congresso Internacional Passive House Brasil 2022<\/strong><\/span>. Aqui voc\u00ea encontrar\u00e1 informa\u00e7\u00f5es importantes, como as datas de inscri\u00e7\u00e3o e de realiza\u00e7\u00e3o do evento.<\/span><\/p>\r\n<p>&nbsp;<\/p>\r\n<hr \/>\r\n<p style=\"text-align: center;\"><img loading=\"lazy\" decoding=\"async\" data-attachment-id=\"913\" data-permalink=\"https:\/\/wp.ufpel.edu.br\/passivehousebrasil2022\/pagina-exemplo\/banner-celular-cinza-05\/\" data-orig-file=\"https:\/\/wp.ufpel.edu.br\/passivehousebrasil2022\/files\/2022\/11\/Banner-Celular-Cinza-05-scaled.jpg\" data-orig-size=\"1919,2560\" data-comments-opened=\"0\" data-image-meta=\"{&quot;aperture&quot;:&quot;0&quot;,&quot;credit&quot;:&quot;&quot;,&quot;camera&quot;:&quot;&quot;,&quot;caption&quot;:&quot;&quot;,&quot;created_timestamp&quot;:&quot;0&quot;,&quot;copyright&quot;:&quot;&quot;,&quot;focal_length&quot;:&quot;0&quot;,&quot;iso&quot;:&quot;0&quot;,&quot;shutter_speed&quot;:&quot;0&quot;,&quot;title&quot;:&quot;&quot;,&quot;orientation&quot;:&quot;0&quot;}\" data-image-title=\"Banner Celular &amp;#8211; Cinza 05\" data-image-description=\"\" data-image-caption=\"\" data-medium-file=\"https:\/\/wp.ufpel.edu.br\/passivehousebrasil2022\/files\/2022\/11\/Banner-Celular-Cinza-05-300x400.jpg\" data-large-file=\"https:\/\/wp.ufpel.edu.br\/passivehousebrasil2022\/files\/2022\/11\/Banner-Celular-Cinza-05-768x1024.jpg\" class=\"alignnone size-full wp-image-913\" src=\"https:\/\/wp.ufpel.edu.br\/passivehousebrasil2022\/files\/2022\/11\/Banner-Celular-Cinza-05-scaled.jpg\" alt=\"\" width=\"1919\" height=\"2560\" srcset=\"https:\/\/wp.ufpel.edu.br\/passivehousebrasil2022\/files\/2022\/11\/Banner-Celular-Cinza-05-scaled.jpg 1919w, https:\/\/wp.ufpel.edu.br\/passivehousebrasil2022\/files\/2022\/11\/Banner-Celular-Cinza-05-300x400.jpg 300w, https:\/\/wp.ufpel.edu.br\/passivehousebrasil2022\/files\/2022\/11\/Banner-Celular-Cinza-05-768x1024.jpg 768w, https:\/\/wp.ufpel.edu.br\/passivehousebrasil2022\/files\/2022\/11\/Banner-Celular-Cinza-05-1152x1536.jpg 1152w, https:\/\/wp.ufpel.edu.br\/passivehousebrasil2022\/files\/2022\/11\/Banner-Celular-Cinza-05-1536x2048.jpg 1536w\" sizes=\"auto, (max-width: 706px) 89vw, (max-width: 767px) 82vw, 740px\" \/><\/p>\r\n<hr \/>\r\n<p><span style=\"font-size: 11pt; color: #808080;\">Fique a vontade para nos contatar para demais informa\u00e7\u00f5es. Nos vemos no evento!<\/span><\/p>\r\n<hr \/>\r\n<p>&nbsp;<\/p>\r\n<p>O projeto de extens\u00e3o <strong>FAURB No Bairro<\/strong> da Universidade Federal de Pelotas est\u00e1 com o projeto <strong>Uma Casa para as Doquinhas<\/strong> e junto com a casa que ser\u00e1 instalada na pra\u00e7a local, ser\u00e3o doados brinquedos para as crian\u00e7as. Quem quiser colaborar, estaremos aceitando doa\u00e7\u00f5es no dia do credenciamento, dia 30\/11\/2022.<\/p>\r\n<p>&nbsp;<\/p>\r\n<hr \/>\r\n<p><img loading=\"lazy\" decoding=\"async\" data-attachment-id=\"919\" data-permalink=\"https:\/\/wp.ufpel.edu.br\/passivehousebrasil2022\/pagina-exemplo\/cartaz-jantar-site\/\" data-orig-file=\"https:\/\/wp.ufpel.edu.br\/passivehousebrasil2022\/files\/2022\/11\/Cartaz-Jantar-Site-.jpg\" data-orig-size=\"1081,1080\" data-comments-opened=\"0\" data-image-meta=\"{&quot;aperture&quot;:&quot;0&quot;,&quot;credit&quot;:&quot;&quot;,&quot;camera&quot;:&quot;&quot;,&quot;caption&quot;:&quot;&quot;,&quot;created_timestamp&quot;:&quot;0&quot;,&quot;copyright&quot;:&quot;&quot;,&quot;focal_length&quot;:&quot;0&quot;,&quot;iso&quot;:&quot;0&quot;,&quot;shutter_speed&quot;:&quot;0&quot;,&quot;title&quot;:&quot;&quot;,&quot;orientation&quot;:&quot;0&quot;}\" data-image-title=\"Cartaz &amp;#8211; Jantar Site\" data-image-description=\"\" data-image-caption=\"\" data-medium-file=\"https:\/\/wp.ufpel.edu.br\/passivehousebrasil2022\/files\/2022\/11\/Cartaz-Jantar-Site--400x400.jpg\" data-large-file=\"https:\/\/wp.ufpel.edu.br\/passivehousebrasil2022\/files\/2022\/11\/Cartaz-Jantar-Site--1024x1024.jpg\" class=\"alignnone size-full wp-image-919\" src=\"https:\/\/wp.ufpel.edu.br\/passivehousebrasil2022\/files\/2022\/11\/Cartaz-Jantar-Site-.jpg\" alt=\"\" width=\"1081\" height=\"1080\" srcset=\"https:\/\/wp.ufpel.edu.br\/passivehousebrasil2022\/files\/2022\/11\/Cartaz-Jantar-Site-.jpg 1081w, https:\/\/wp.ufpel.edu.br\/passivehousebrasil2022\/files\/2022\/11\/Cartaz-Jantar-Site--400x400.jpg 400w, https:\/\/wp.ufpel.edu.br\/passivehousebrasil2022\/files\/2022\/11\/Cartaz-Jantar-Site--1024x1024.jpg 1024w, https:\/\/wp.ufpel.edu.br\/passivehousebrasil2022\/files\/2022\/11\/Cartaz-Jantar-Site--200x200.jpg 200w, https:\/\/wp.ufpel.edu.br\/passivehousebrasil2022\/files\/2022\/11\/Cartaz-Jantar-Site--768x767.jpg 768w, https:\/\/wp.ufpel.edu.br\/passivehousebrasil2022\/files\/2022\/11\/Cartaz-Jantar-Site--100x100.jpg 100w\" sizes=\"auto, (max-width: 706px) 89vw, (max-width: 767px) 82vw, 740px\" \/>\u00a0<\/p>\r\n<p>Voc\u00ea precisa de hospedagem durante o evento? O <strong>Hotel Curi Executive<\/strong> disponibilizou um c\u00f3digo de desconto para hospedagem. Solicite o seu, diretamente por email passivehousebrasil2022@gmail.com.<\/p>\r\n<p>&nbsp;<\/p>\r\n","protected":false},"excerpt":{"rendered":"<p>Bem vindos a p\u00e1gina oficial do III Congresso Internacional Passive House Brasil 2022. Aqui voc\u00ea encontrar\u00e1 informa\u00e7\u00f5es importantes, como as datas de inscri\u00e7\u00e3o e de realiza\u00e7\u00e3o do evento. &nbsp; Fique a vontade para nos contatar para demais informa\u00e7\u00f5es. Nos vemos no evento! &nbsp; O projeto de extens\u00e3o FAURB No Bairro da Universidade Federal de Pelotas &hellip; <\/p>\n<p class=\"link-more\"><a href=\"https:\/\/wp.ufpel.edu.br\/passivehousebrasil2022\/\" class=\"more-link\">Continue lendo<span class=\"screen-reader-text\"> &#8220;Bem vindos!&#8221;<\/span><\/a><\/p>\n","protected":false},"author":625,"featured_media":0,"parent":0,"menu_order":0,"comment_status":"closed","ping_status":"closed","template":"","meta":{"footnotes":""},"class_list":["post-2","page","type-page","status-publish","hentry"],"jetpack_sharing_enabled":true,"_links":{"self":[{"href":"https:\/\/wp.ufpel.edu.br\/passivehousebrasil2022\/wp-json\/wp\/v2\/pages\/2","targetHints":{"allow":["GET"]}}],"collection":[{"href":"https:\/\/wp.ufpel.edu.br\/passivehousebrasil2022\/wp-json\/wp\/v2\/pages"}],"about":[{"href":"https:\/\/wp.ufpel.edu.br\/passivehousebrasil2022\/wp-json\/wp\/v2\/types\/page"}],"author":[{"embeddable":true,"href":"https:\/\/wp.ufpel.edu.br\/passivehousebrasil2022\/wp-json\/wp\/v2\/users\/625"}],"replies":[{"embeddable":true,"href":"https:\/\/wp.ufpel.edu.br\/passivehousebrasil2022\/wp-json\/wp\/v2\/comments?post=2"}],"version-history":[{"count":41,"href":"https:\/\/wp.ufpel.edu.br\/passivehousebrasil2022\/wp-json\/wp\/v2\/pages\/2\/revisions"}],"predecessor-version":[{"id":555,"href":"https:\/\/wp.ufpel.edu.br\/passivehousebrasil2022\/wp-json\/wp\/v2\/pages\/2\/revisions\/555"}],"wp:attachment":[{"href":"https:\/\/wp.ufpel.edu.br\/passivehousebrasil2022\/wp-json\/wp\/v2\/media?parent=2"}],"curies":[{"name":"wp","href":"https:\/\/api.w.org\/{rel}","templated":true}]}}