{"id":48,"date":"2023-04-04T14:06:57","date_gmt":"2023-04-04T17:06:57","guid":{"rendered":"https:\/\/wp.ufpel.edu.br\/papodegestao\/?page_id=48"},"modified":"2023-04-04T14:06:57","modified_gmt":"2023-04-04T17:06:57","slug":"editorial","status":"publish","type":"page","link":"https:\/\/wp.ufpel.edu.br\/papodegestao\/editorial\/","title":{"rendered":"Editorial"},"content":{"rendered":"<p><strong>EDITORIAL: Papo de Gest\u00e3o: uma plataforma de conhecimento e desenvolvimento para aprimorar a gest\u00e3o empresarial <\/strong><\/p>\n<p><em>Por Eduardo Ritter, professor do Curso de Jornalismo do Centro de Letras e Comunica\u00e7\u00e3o (CLC) da UFPEL e participante do Papo de Gest\u00e3o<\/em><\/p>\n<p>&nbsp;<\/p>\n<p style=\"text-align: justify;\">A Universidade Federal de Pelotas (UFPEL), como uma institui\u00e7\u00e3o de ensino superior reconhecida em todo o Brasil, cumpre a fun\u00e7\u00e3o social de produzir e disseminar conhecimento para a comunidade acad\u00eamica e a sociedade em geral. Pensando nisso, o Curso Superior de Tecnologia em Processos Gerenciais (CCSO) apresenta essa proposta inovadora na \u00e1rea de gest\u00e3o e neg\u00f3cios apresentando o blog Papo de Gest\u00e3o. Coordenado pelo professor Alisson Eduardo Maehler (CCSO), o projeto tamb\u00e9m conta com a participa\u00e7\u00e3o da professora Francielle Molon da Silva (CCSO) e Eduardo Ritter (CLC), al\u00e9m de estudantes de gradua\u00e7\u00e3o de diversos cursos da universidade e da comunidade externa.<\/p>\n<p style=\"text-align: justify;\">Ao mesmo tempo em que palestras com profissionais, eventos acad\u00eamicos, visitas t\u00e9cnicas, cursos de extens\u00e3o, dentre outros, s\u00e3o uma constante no cotidiano universit\u00e1rio do CCSO, o blog Papo de Gest\u00e3o chega para tamb\u00e9m ser inserido no cotidiano tanto dos servidores e alunos, como do p\u00fablico em geral, pois essa pr\u00e1tica possibilita a troca de saberes e experi\u00eancia entre a comunidade acad\u00eamica e as pessoas fora do \u00e2mbito universit\u00e1rio, contribuindo para o desenvolvimento social, n\u00e3o apenas de Pelotas e regi\u00e3o, mas do Brasil, afinal, o ambiente <em>online<\/em> amplia os nossos horizontes e facilita o interc\u00e2mbio com outras regi\u00f5es.<\/p>\n<p style=\"text-align: justify;\">A partir disso, o projeto de extens\u00e3o Papo de Gest\u00e3o chega para ser um importante canal de comunica\u00e7\u00e3o que tamb\u00e9m visa estreitar as rela\u00e7\u00f5es entre a universidade e o universo da gest\u00e3o, que vai desde a comunidade empresarial at\u00e9 gestores de institui\u00e7\u00f5es p\u00fablicas, organiza\u00e7\u00f5es n\u00e3o-governamentais, dentre outras entidade p\u00fablicas e privadas. Por meio do projeto, estudantes, professores e a comunidade em geral podem compartilhar seus conhecimentos e experi\u00eancias, de modo a contribuir para o aprimoramento das pr\u00e1ticas de gest\u00e3o.<\/p>\n<p style=\"text-align: justify;\">Para cumprir com a sua proposta, inicialmente o Papo de Gest\u00e3o traz conte\u00fados divididos em alguns t\u00f3picos. O primeiro \u00e9 o \u201cAcontece no CCSO\u201d, onde tanto a comunidade acad\u00eamica quanto a externa podem acompanhar os principais eventos programados pelo Centro, tais como semana acad\u00eamica, semin\u00e1rios, palestras, cursos, visitas t\u00e9cnicas, dentre outros. A segunda se\u00e7\u00e3o \u00e9 a de \u201cArtigos\u201d, voltada para que pesquisadores da \u00e1rea compartilhem os seus conhecimentos e os seus estudos com a comunidade. Em seguida, aparece \u201cDicas de qualifica\u00e7\u00e3o\u201d, onde s\u00e3o apresentadas algumas op\u00e7\u00f5es de cursos online, congressos da \u00e1rea, eventos e demais atividades que visam qualificar o leitor sobre o tema gest\u00e3o. O quarto item \u00e9 \u201cEntrevistas\u201d, onde especialistas da \u00e1rea, professores, profissionais de gest\u00e3o, pesquisadores, p\u00f3s-graduandos, dentre outros, ser\u00e3o entrevistados pela equipe do Papo de Gest\u00e3o. Em \u201cOpini\u00e3o\u201d, o p\u00fablico pode conferir textos escritos tanto pelos integrantes do projeto quanto pela comunidade externa. J\u00e1 na se\u00e7\u00e3o \u201cPerfil\u201d, ser\u00e1 apresentado um texto biogr\u00e1fico sobre alguma personalidade da \u00e1rea, desde professores e t\u00e9cnicos at\u00e9 empres\u00e1rios e administradores. Por fim, em \u201cResenha\u201d, ser\u00e3o apresentadas resenhas de livros sobre gest\u00e3o.<\/p>\n<p style=\"text-align: justify;\">Feita essa apresenta\u00e7\u00e3o inicial, atrav\u00e9s deste primeiro editorial que apresenta o projeto ao p\u00fablico em geral, encerra-se destacando que a universidade n\u00e3o pode ser vista como um espa\u00e7o exclusivo de produ\u00e7\u00e3o e dissemina\u00e7\u00e3o de conhecimento e, com o objetivo de haver essa troca, o Papo de Gest\u00e3o foi pensado para todos. A UFPEL, bem como as demais universidades que valorizam a pesquisa e a sua consequente contribui\u00e7\u00e3o social, busca se conectar com a comunidade, atuando de forma ativa e colaborativa para o desenvolvimento regional e nacional. Nesse sentido, o projeto de extens\u00e3o Papo de Gest\u00e3o visa se tornar um importante canal de comunica\u00e7\u00e3o entre a academia e a sociedade, fomentando o di\u00e1logo e a troca de saberes entre esses dois universos. Por isso, encerramos convidando todos a acompanharem as postagens desse blog e a participarem ativamente dessa constru\u00e7\u00e3o coletiva do conhecimento, contribuindo para o fortalecimento da universidade como institui\u00e7\u00e3o social e para a promo\u00e7\u00e3o do desenvolvimento sustent\u00e1vel de nosso pa\u00eds.<\/p>\n","protected":false},"excerpt":{"rendered":"<p>EDITORIAL: Papo de Gest\u00e3o: uma plataforma de conhecimento e desenvolvimento para aprimorar a gest\u00e3o empresarial Por Eduardo Ritter, professor do Curso de Jornalismo do Centro de Letras e Comunica\u00e7\u00e3o (CLC) da UFPEL e participante do Papo de Gest\u00e3o &nbsp; A&#8230; <a class=\"more-link\" href=\"https:\/\/wp.ufpel.edu.br\/papodegestao\/editorial\/\">Continue lendo &rarr;<\/a><\/p>\n","protected":false},"author":421,"featured_media":0,"parent":0,"menu_order":0,"comment_status":"closed","ping_status":"closed","template":"","meta":{"footnotes":""},"class_list":["post-48","page","type-page","status-publish","hentry"],"jetpack-related-posts":[],"jetpack_sharing_enabled":true,"_links":{"self":[{"href":"https:\/\/wp.ufpel.edu.br\/papodegestao\/wp-json\/wp\/v2\/pages\/48","targetHints":{"allow":["GET"]}}],"collection":[{"href":"https:\/\/wp.ufpel.edu.br\/papodegestao\/wp-json\/wp\/v2\/pages"}],"about":[{"href":"https:\/\/wp.ufpel.edu.br\/papodegestao\/wp-json\/wp\/v2\/types\/page"}],"author":[{"embeddable":true,"href":"https:\/\/wp.ufpel.edu.br\/papodegestao\/wp-json\/wp\/v2\/users\/421"}],"replies":[{"embeddable":true,"href":"https:\/\/wp.ufpel.edu.br\/papodegestao\/wp-json\/wp\/v2\/comments?post=48"}],"version-history":[{"count":1,"href":"https:\/\/wp.ufpel.edu.br\/papodegestao\/wp-json\/wp\/v2\/pages\/48\/revisions"}],"predecessor-version":[{"id":49,"href":"https:\/\/wp.ufpel.edu.br\/papodegestao\/wp-json\/wp\/v2\/pages\/48\/revisions\/49"}],"wp:attachment":[{"href":"https:\/\/wp.ufpel.edu.br\/papodegestao\/wp-json\/wp\/v2\/media?parent=48"}],"curies":[{"name":"wp","href":"https:\/\/api.w.org\/{rel}","templated":true}]}}