{"id":34,"date":"2023-03-28T18:27:01","date_gmt":"2023-03-28T21:27:01","guid":{"rendered":"https:\/\/wp.ufpel.edu.br\/papodegestao\/?page_id=34"},"modified":"2024-07-22T15:14:14","modified_gmt":"2024-07-22T18:14:14","slug":"acontece-no-ccso","status":"publish","type":"page","link":"https:\/\/wp.ufpel.edu.br\/papodegestao\/acontece-no-ccso\/","title":{"rendered":"Acontece na UFPel"},"content":{"rendered":"<p>10 Semana Integrada de Inova\u00e7\u00e3o, Ensino e Pesquisa<\/p>\n<p><a href=\"https:\/\/wp.ufpel.edu.br\/siiepe\/\">https:\/\/wp.ufpel.edu.br\/siiepe\/<\/a><\/p>\n<p>&nbsp;<\/p>\n<p><strong>2 Edi\u00e7\u00e3o do evento TechBusiness no Pelotas Parque Tecnol\u00f3gico<\/strong><\/p>\n<p><img loading=\"lazy\" decoding=\"async\" class=\"alignnone wp-image-122 aligncenter\" src=\"https:\/\/wp.ufpel.edu.br\/papodegestao\/files\/2023\/10\/figura-evento-400x225.png\" alt=\"\" width=\"594\" height=\"334\" srcset=\"https:\/\/wp.ufpel.edu.br\/papodegestao\/files\/2023\/10\/figura-evento-400x225.png 400w, https:\/\/wp.ufpel.edu.br\/papodegestao\/files\/2023\/10\/figura-evento-768x431.png 768w, https:\/\/wp.ufpel.edu.br\/papodegestao\/files\/2023\/10\/figura-evento-600x337.png 600w, https:\/\/wp.ufpel.edu.br\/papodegestao\/files\/2023\/10\/figura-evento.png 819w\" sizes=\"auto, (max-width: 594px) 100vw, 594px\" \/><\/p>\n<p>Informa\u00e7\u00f5es pelo site:\u00a0<a href=\"https:\/\/www.sympla.com.br\/evento\/2-techbusiness-aproximando-startups-empresas-e-investidores\/2127525\">https:\/\/www.sympla.com.br\/evento\/2-techbusiness-aproximando-startups-empresas-e-investidores\/2127525<\/a><\/p>\n<p>&nbsp;<\/p>\n<p>&nbsp;<\/p>\n<p>&nbsp;<\/p>\n<p style=\"text-align: justify;\">A Coordena\u00e7\u00e3o de Rela\u00e7\u00f5es Internacionais (CRInter) da Universidade Federal de Pelotas (UFPel) realizar\u00e1 um evento de lan\u00e7amento do edital de mobilidade acad\u00eamica internacional outgoing para alunos de gradua\u00e7\u00e3o da institui\u00e7\u00e3o para o primeiro semestre de 2024. O evento est\u00e1 agendado para o dia 18 de setembro, segunda-feira, \u00e0s 14h30, e acontecer\u00e1 no audit\u00f3rio do pr\u00e9dio da Ag\u00eancia da Lagoa Mirim (Cine UFPel), localizado na rua Lobo da Costa, 447.<\/p>\n<p style=\"text-align: justify;\">Durante o evento, a CRInter apresentar\u00e1 n\u00e3o apenas o edital de mobilidade acad\u00eamica internacional, mas tamb\u00e9m lan\u00e7ar\u00e1 o Programa de Apoio \u00e0 Mobilidade Acad\u00eamica Internacional. O Programa prev\u00ea o fornecimento de apoio financeiro para alguns estudantes selecionados no edital de mobilidade acad\u00eamica.<\/p>\n<p style=\"text-align: justify;\">Os participantes do evento ter\u00e3o a oportunidade de obter informa\u00e7\u00f5es detalhadas sobre as vagas dispon\u00edveis, as universidades parceiras, os aux\u00edlios concedidos, os crit\u00e9rios de sele\u00e7\u00e3o e o formul\u00e1rio de inscri\u00e7\u00e3o. Esta iniciativa visa fomentar a internacionaliza\u00e7\u00e3o acad\u00eamica e oferecer oportunidades para os alunos da UFPel que desejam ampliar seus horizontes educacionais no exterior.<\/p>\n<p>Informa\u00e7\u00f5es colhidas em UFPel (2023).<\/p>\n<p><a href=\"https:\/\/ccs2.ufpel.edu.br\/wp\/2023\/09\/05\/crinter-lanca-edital-de-mobilidade-academica-internacional-para-estudantes-da-ufpel\/\">https:\/\/ccs2.ufpel.edu.br\/wp\/2023\/09\/05\/crinter-lanca-edital-de-mobilidade-academica-internacional-para-estudantes-da-ufpel\/<\/a><\/p>\n<h1><\/h1>\n<h1 class=\"corTexto\">Curso de Com\u00e9rcio Exterior promove palestra sobre as rela\u00e7\u00f5es entre Brasil e R\u00fassia<\/h1>\n<p>&nbsp;<\/p>\n<p style=\"text-align: justify;\">As rela\u00e7\u00f5es comerciais entre Brasil e R\u00fassia, marcadas por uma conjun\u00e7\u00e3o de fatores geopol\u00edticos, econ\u00f4micos e estrat\u00e9gicos, ser\u00e3o o objeto de palestra organizada pelo curso tecnol\u00f3gico em\u00a0<a href=\"https:\/\/wp.ufpel.edu.br\/comex\/\" target=\"_blank\" rel=\"noopener\">Com\u00e9rcio Exterior<\/a>\u00a0da\u00a0<strong>Universidade Federal de Pelotas<\/strong>\u00a0(UFPel). A atividade, a ser ministrada pelo professor da Universidade Federal do Rio Grande (Furg), Luciano Ferreira,\u00a0ser\u00e1 realizada em\u00a0<strong>24 de agosto<\/strong>,\u00a0<strong>\u00e0s 19h<\/strong>, no Audit\u00f3rio da Reitoria (4\u00ba andar do c\u00e2mpus Anglo).<\/p>\n<p style=\"text-align: justify;\">O evento abordar\u00e1\u00a0o potencial de colabora\u00e7\u00e3o entre os dois pa\u00edses em raz\u00e3o das reservas naturais abundantes e a complementaridade econ\u00f4mica, em contraste com o cen\u00e1rio de desafios, como barreiras comerciais, disparidades regulat\u00f3rias, dist\u00e2ncias geogr\u00e1ficas e o contexto da Guerra da Ucr\u00e2nia. A participa\u00e7\u00e3o no evento \u00e9 gratuita e confere direito \u00e0 certifica\u00e7\u00e3o (2h), mediante assinatura da ata de presen\u00e7a. As inscri\u00e7\u00f5es s\u00e3o recebidas por\u00a0<a href=\"https:\/\/www.even3.com.br\/comextalk\/\" target=\"_blank\" rel=\"noopener\">formul\u00e1rio eletr\u00f4nico<\/a>.<\/p>\n<p style=\"text-align: justify;\">O convidado \u00e9 doutor em Estudos Estrat\u00e9gicos Internacionais pela Universidade Federal do Rio Grande do Sul (UFRGS) e autor do livro \u201cCorrup\u00e7\u00e3o e Neg\u00f3cios Internacionais\u201d (2016). Atuou na Furg como docente dos cursos de Com\u00e9rcio Exterior e Rela\u00e7\u00f5es Internacionais e est\u00e1 vinculado ao Programa de P\u00f3s-Gradua\u00e7\u00e3o em Ci\u00eancias Aeroespaciais da Universidade da For\u00e7a A\u00e9rea (Unifa).<\/p>\n<p>Fonte: CCS (UFPel).<\/p>\n<p><img loading=\"lazy\" decoding=\"async\" class=\"alignnone size-medium wp-image-99 aligncenter\" src=\"https:\/\/wp.ufpel.edu.br\/papodegestao\/files\/2023\/08\/Palestra-Brasil-e-Russia-400x203.png\" alt=\"\" width=\"400\" height=\"203\" srcset=\"https:\/\/wp.ufpel.edu.br\/papodegestao\/files\/2023\/08\/Palestra-Brasil-e-Russia-400x203.png 400w, https:\/\/wp.ufpel.edu.br\/papodegestao\/files\/2023\/08\/Palestra-Brasil-e-Russia-1024x520.png 1024w, https:\/\/wp.ufpel.edu.br\/papodegestao\/files\/2023\/08\/Palestra-Brasil-e-Russia-768x390.png 768w, https:\/\/wp.ufpel.edu.br\/papodegestao\/files\/2023\/08\/Palestra-Brasil-e-Russia-750x381.png 750w, https:\/\/wp.ufpel.edu.br\/papodegestao\/files\/2023\/08\/Palestra-Brasil-e-Russia.png 1280w\" sizes=\"auto, (max-width: 400px) 100vw, 400px\" \/><\/p>\n<p>Fonte: CCSO (UFPel)<\/p>\n<h1 class=\"corTexto\">CRinter promove palestra sobre a viv\u00eancia acad\u00eamica na China<\/h1>\n<p style=\"text-align: justify;\">A Coordena\u00e7\u00e3o de Rela\u00e7\u00f5es Internacionais da UFPel (CRinter) est\u00e1 promovendo uma palestra facilitada por intercambistas da Universidade de Ci\u00eancia e Engenharia de Sichuan (Suse), visando compartilhar informa\u00e7\u00f5es sobre a viv\u00eancia acad\u00eamica na China. O evento ocorrer\u00e1 na segunda-feira (08), \u00e0s 10h, no Cine UFPel (Rua Lobo da Costa, n\u00ba 447).<\/p>\n<p style=\"text-align: justify;\">O encontro ser\u00e1 uma oportunidade para troca de informa\u00e7\u00f5es entre intercambistas e estudantes da UFPel que tenham interesse em mobilidade acad\u00eamica na SUSE.<\/p>\n<p style=\"text-align: justify;\">A palestra ocorre durante per\u00edodo de inscri\u00e7\u00f5es do\u00a0<a href=\"https:\/\/wp.ufpel.edu.br\/international\/2023\/04\/26\/edital-no-07-2023-mobilidade-academica-internacional-para-a-sichuan-university-of-science-and-engineering-suse\/\">Edital n\u00ba 07\/2023<\/a>, que prev\u00ea oportunidades de mobilidade acad\u00eamica de alunas e alunos da UFPel para SUSE. O prazo de inscri\u00e7\u00f5es vai at\u00e9 o dia 10 de maio \u00e0s 23h59min.<\/p>\n<p style=\"text-align: justify;\">Fonte: <a href=\"https:\/\/ccs2.ufpel.edu.br\/wp\/2023\/05\/04\/crinter-promove-palestra-sobre-a-vivencia-academica-na-china\/\">https:\/\/ccs2.ufpel.edu.br\/wp\/2023\/05\/04\/crinter-promove-palestra-sobre-a-vivencia-academica-na-china\/\u00a0<\/a><\/p>\n","protected":false},"excerpt":{"rendered":"<p>10 Semana Integrada de Inova\u00e7\u00e3o, Ensino e Pesquisa https:\/\/wp.ufpel.edu.br\/siiepe\/ &nbsp; 2 Edi\u00e7\u00e3o do evento TechBusiness no Pelotas Parque Tecnol\u00f3gico Informa\u00e7\u00f5es pelo site:\u00a0https:\/\/www.sympla.com.br\/evento\/2-techbusiness-aproximando-startups-empresas-e-investidores\/2127525 &nbsp; &nbsp; &nbsp; A Coordena\u00e7\u00e3o de Rela\u00e7\u00f5es Internacionais (CRInter) da Universidade Federal de Pelotas (UFPel) realizar\u00e1 um evento&#8230; <a class=\"more-link\" href=\"https:\/\/wp.ufpel.edu.br\/papodegestao\/acontece-no-ccso\/\">Continue lendo &rarr;<\/a><\/p>\n","protected":false},"author":421,"featured_media":0,"parent":0,"menu_order":0,"comment_status":"closed","ping_status":"closed","template":"","meta":{"footnotes":""},"class_list":["post-34","page","type-page","status-publish","hentry"],"jetpack-related-posts":[],"jetpack_sharing_enabled":true,"_links":{"self":[{"href":"https:\/\/wp.ufpel.edu.br\/papodegestao\/wp-json\/wp\/v2\/pages\/34","targetHints":{"allow":["GET"]}}],"collection":[{"href":"https:\/\/wp.ufpel.edu.br\/papodegestao\/wp-json\/wp\/v2\/pages"}],"about":[{"href":"https:\/\/wp.ufpel.edu.br\/papodegestao\/wp-json\/wp\/v2\/types\/page"}],"author":[{"embeddable":true,"href":"https:\/\/wp.ufpel.edu.br\/papodegestao\/wp-json\/wp\/v2\/users\/421"}],"replies":[{"embeddable":true,"href":"https:\/\/wp.ufpel.edu.br\/papodegestao\/wp-json\/wp\/v2\/comments?post=34"}],"version-history":[{"count":9,"href":"https:\/\/wp.ufpel.edu.br\/papodegestao\/wp-json\/wp\/v2\/pages\/34\/revisions"}],"predecessor-version":[{"id":153,"href":"https:\/\/wp.ufpel.edu.br\/papodegestao\/wp-json\/wp\/v2\/pages\/34\/revisions\/153"}],"wp:attachment":[{"href":"https:\/\/wp.ufpel.edu.br\/papodegestao\/wp-json\/wp\/v2\/media?parent=34"}],"curies":[{"name":"wp","href":"https:\/\/api.w.org\/{rel}","templated":true}]}}