{"id":160,"date":"2024-07-22T15:31:24","date_gmt":"2024-07-22T18:31:24","guid":{"rendered":"https:\/\/wp.ufpel.edu.br\/papodegestao\/?page_id=160"},"modified":"2024-07-22T15:32:27","modified_gmt":"2024-07-22T18:32:27","slug":"oportunidades","status":"publish","type":"page","link":"https:\/\/wp.ufpel.edu.br\/papodegestao\/oportunidades\/","title":{"rendered":"Oportunidades"},"content":{"rendered":"<p style=\"text-align: justify;\">Banrisul abre vagas para est\u00e1gio na \u00e1rea de gest\u00e3o<\/p>\n<p style=\"text-align: justify;\">Confira em:\u00a0<a href=\"https:\/\/www.banrisul.com.br\/\">https:\/\/www.banrisul.com.br\/<\/a><\/p>\n<p style=\"text-align: justify;\">O Banrisul, sob a coordena\u00e7\u00e3o t\u00e9cnico-administrativa do Centro de Integra\u00e7\u00e3o Empresa Escola do Rio Grande do Sul (CIEE\/RS), lan\u00e7ou um edital para processo seletivo p\u00fablico de est\u00e1gio. S\u00e3o disponibilizadas 336 vagas e forma\u00e7\u00e3o de cadastro de reserva, para os cursos de n\u00edvel superior em Administra\u00e7\u00e3o, Ci\u00eancias Cont\u00e1beis e Ci\u00eancias Econ\u00f4micas, Direito, Engenharia Civil, Engenharia El\u00e9trica, Engenharia Eletr\u00f4nica, Engenharia Mec\u00e2nica, Engenharia de Produ\u00e7\u00e3o, Cinema, Design, Audiovisual, Jornalismo e Publicidade.<\/p>\n<p style=\"text-align: justify;\">As vagas s\u00e3o para Porto Alegre e Interior do Estado. Ser\u00e3o reservadas 10% das vagas \u00e0s pessoas com defici\u00eancia, 16% para pessoas negras, 1% aos integrantes dos povos ind\u00edgenas e 1% \u00e0s pessoas trans.<\/p>\n<p style=\"text-align: justify;\">A carga hor\u00e1ria \u00e9 de 6h di\u00e1rias (30h semanais), de segunda \u00e0 sexta-feira. O valor da bolsa-est\u00e1gio \u00e9 de R$ 1.944,56 nos primeiros 90 dias e R$ 2.130,07 ap\u00f3s o per\u00edodo; al\u00e9m de aux\u00edlio-transporte no valor de R$ 88,00. O tempo de est\u00e1gio ser\u00e1, inicialmente, de seis meses, podendo ser prorrogado at\u00e9 o limite de dois anos.<\/p>\n<p style=\"text-align: justify;\">A sele\u00e7\u00e3o ser\u00e1 realizada no dia 28 de julho por meio de prova objetiva online. O conte\u00fado abranger\u00e1 L\u00edngua Portuguesa, Inform\u00e1tica, Matem\u00e1tica e Racioc\u00ednio L\u00f3gico.<\/p>\n<p style=\"text-align: justify;\">As inscri\u00e7\u00f5es s\u00e3o gratuitas e podem ser feitas no site do CIEE\/RS, at\u00e9 o dia 19 de julho. O edital completo pode ser acessado em\u00a0<a href=\"https:\/\/www.cieers.org.br\/\">https:\/\/www.cieers.org.br\/<\/a><\/p>\n","protected":false},"excerpt":{"rendered":"<p>Banrisul abre vagas para est\u00e1gio na \u00e1rea de gest\u00e3o Confira em:\u00a0https:\/\/www.banrisul.com.br\/ O Banrisul, sob a coordena\u00e7\u00e3o t\u00e9cnico-administrativa do Centro de Integra\u00e7\u00e3o Empresa Escola do Rio Grande do Sul (CIEE\/RS), lan\u00e7ou um edital para processo seletivo p\u00fablico de est\u00e1gio. S\u00e3o disponibilizadas&#8230; <a class=\"more-link\" href=\"https:\/\/wp.ufpel.edu.br\/papodegestao\/oportunidades\/\">Continue lendo &rarr;<\/a><\/p>\n","protected":false},"author":421,"featured_media":0,"parent":0,"menu_order":0,"comment_status":"closed","ping_status":"closed","template":"","meta":{"footnotes":""},"class_list":["post-160","page","type-page","status-publish","hentry"],"jetpack-related-posts":[],"jetpack_sharing_enabled":true,"_links":{"self":[{"href":"https:\/\/wp.ufpel.edu.br\/papodegestao\/wp-json\/wp\/v2\/pages\/160","targetHints":{"allow":["GET"]}}],"collection":[{"href":"https:\/\/wp.ufpel.edu.br\/papodegestao\/wp-json\/wp\/v2\/pages"}],"about":[{"href":"https:\/\/wp.ufpel.edu.br\/papodegestao\/wp-json\/wp\/v2\/types\/page"}],"author":[{"embeddable":true,"href":"https:\/\/wp.ufpel.edu.br\/papodegestao\/wp-json\/wp\/v2\/users\/421"}],"replies":[{"embeddable":true,"href":"https:\/\/wp.ufpel.edu.br\/papodegestao\/wp-json\/wp\/v2\/comments?post=160"}],"version-history":[{"count":2,"href":"https:\/\/wp.ufpel.edu.br\/papodegestao\/wp-json\/wp\/v2\/pages\/160\/revisions"}],"predecessor-version":[{"id":162,"href":"https:\/\/wp.ufpel.edu.br\/papodegestao\/wp-json\/wp\/v2\/pages\/160\/revisions\/162"}],"wp:attachment":[{"href":"https:\/\/wp.ufpel.edu.br\/papodegestao\/wp-json\/wp\/v2\/media?parent=160"}],"curies":[{"name":"wp","href":"https:\/\/api.w.org\/{rel}","templated":true}]}}