{"id":33,"date":"2016-08-04T21:45:26","date_gmt":"2016-08-05T00:45:26","guid":{"rendered":"https:\/\/wp.ufpel.edu.br\/pampa\/?page_id=33"},"modified":"2016-09-09T11:35:28","modified_gmt":"2016-09-09T14:35:28","slug":"eventos-pre-congresso","status":"publish","type":"page","link":"https:\/\/wp.ufpel.edu.br\/pampa\/eventos-pre-congresso\/","title":{"rendered":"Eventos Pr\u00e9-Congresso"},"content":{"rendered":"<p>Os v\u00eddeos gravados est\u00e3o sendo editados. S\u00e3o eles:<\/p>\n<p>Prof. Dr. Ant\u00f4nio Lib\u00f3rio Philomena (FURG)<\/p>\n<p>&#8220;<em>Crise da \u00e1gua: A trag\u00e9dia dos Comuns ampliada<\/em>&#8221;<\/p>\n<p>&nbsp;<\/p>\n<p>Prof<sup>a<\/sup>. Dr<sup>a<\/sup>. Cristiane Fernandes de Oliveira (UFS)<\/p>\n<p>&#8220;<em>Abastecimento h\u00eddrico e saneamento b\u00e1sico: Riscos iminentes da privatiza\u00e7\u00e3o<\/em>&#8221;<\/p>\n<p>&nbsp;<\/p>\n<p>Prof. Dr. Ant\u00f4nio In\u00e1cio Andriolli (UFFS)<\/p>\n<p>&#8220;<em>Transg\u00eanicos: As sementes do mal<\/em>&#8221;<\/p>\n<p>&nbsp;<\/p>\n<p>Prof. Dr. Paulo Paes de Andrade (UFP)<\/p>\n<p>&#8220;<em>Os transg\u00eanicos e a Lei Nacional de Biosseguran\u00e7a<\/em>&#8221;<\/p>\n<p>&nbsp;<\/p>\n<p>Eng. Agr\u00f4nomo Leonardo Melgarejo (AGAPAN)<\/p>\n<p>Prof. Dr. Odir Ant\u00f4nio Dellagostin (UFPel)<\/p>\n<p>&#8220;<em>An\u00e1lise dos 10 anos da Lei de Biosseguran\u00e7a<\/em>&#8221;<\/p>\n<p>&nbsp;<\/p>\n<p>Maria Patr\u00edcia Mollmann (SEMA &#8211; RS)<\/p>\n<p>&#8220;<em>O c\u00f3digo florestal e o cadastro ambiental rural no Bioma Pampa &#8211; Procedimentos legais, decreto e normatiza\u00e7\u00f5es<\/em>&#8221;<\/p>\n<p>&nbsp;<\/p>\n<p>Joel Henrique Cardoso (CPACT)<\/p>\n<p>&#8220;<em> Sistema Agroflorestais da serra do Sudeste<\/em>&#8221;<\/p>\n<p>&nbsp;<\/p>\n<p>Luiza Chomenko (FZB)<\/p>\n<p><em>&#8220;Recupera\u00e7\u00e3o de \u00e1reas de preserva\u00e7\u00e3o permanente&#8221; &#8211; \u00c1reas \u00famidas e recursos d\u00b4\u00e1gua com fitofisionomias de floresta e campo<\/em><\/p>\n<p>&nbsp;<\/p>\n<p>Jos\u00e9 Pedro Trindade (CPPSul)<\/p>\n<p><em>&#8220;Recupera\u00e7\u00e3o de campos e reserva legal com uso de pecu\u00e1ria&#8221;<\/em><\/p>\n<p>&nbsp;<\/p>\n<p>Enio Egon Sosinski (CPACT)<\/p>\n<p><em>&#8220;Recupera\u00e7\u00e3o de reserva legal com butiazais e pecu\u00e1ria&#8221;<\/em><\/p>\n","protected":false},"excerpt":{"rendered":"<p>Os v\u00eddeos gravados est\u00e3o sendo editados. S\u00e3o eles: Prof. Dr. Ant\u00f4nio Lib\u00f3rio Philomena (FURG) &#8220;Crise da \u00e1gua: A trag\u00e9dia dos Comuns ampliada&#8221; &nbsp; Profa. Dra. Cristiane Fernandes de Oliveira (UFS) &#8220;Abastecimento h\u00eddrico e saneamento b\u00e1sico: Riscos iminentes da privatiza\u00e7\u00e3o&#8221; &nbsp; Prof. Dr. Ant\u00f4nio In\u00e1cio Andriolli (UFFS) &#8220;Transg\u00eanicos: As sementes do mal&#8221; &nbsp; Prof. Dr. Paulo &hellip; <\/p>\n<p><a class=\"more-link btn\" href=\"https:\/\/wp.ufpel.edu.br\/pampa\/eventos-pre-congresso\/\">Continue lendo<\/a><\/p>\n","protected":false},"author":615,"featured_media":0,"parent":0,"menu_order":0,"comment_status":"closed","ping_status":"closed","template":"","meta":{"footnotes":""},"class_list":["post-33","page","type-page","status-publish","hentry","nodate","item-wrap"],"_links":{"self":[{"href":"https:\/\/wp.ufpel.edu.br\/pampa\/wp-json\/wp\/v2\/pages\/33","targetHints":{"allow":["GET"]}}],"collection":[{"href":"https:\/\/wp.ufpel.edu.br\/pampa\/wp-json\/wp\/v2\/pages"}],"about":[{"href":"https:\/\/wp.ufpel.edu.br\/pampa\/wp-json\/wp\/v2\/types\/page"}],"author":[{"embeddable":true,"href":"https:\/\/wp.ufpel.edu.br\/pampa\/wp-json\/wp\/v2\/users\/615"}],"replies":[{"embeddable":true,"href":"https:\/\/wp.ufpel.edu.br\/pampa\/wp-json\/wp\/v2\/comments?post=33"}],"version-history":[{"count":5,"href":"https:\/\/wp.ufpel.edu.br\/pampa\/wp-json\/wp\/v2\/pages\/33\/revisions"}],"predecessor-version":[{"id":63,"href":"https:\/\/wp.ufpel.edu.br\/pampa\/wp-json\/wp\/v2\/pages\/33\/revisions\/63"}],"wp:attachment":[{"href":"https:\/\/wp.ufpel.edu.br\/pampa\/wp-json\/wp\/v2\/media?parent=33"}],"curies":[{"name":"wp","href":"https:\/\/api.w.org\/{rel}","templated":true}]}}