{"id":29,"date":"2016-08-04T21:36:34","date_gmt":"2016-08-05T00:36:34","guid":{"rendered":"https:\/\/wp.ufpel.edu.br\/pampa\/?page_id=29"},"modified":"2016-08-31T13:23:31","modified_gmt":"2016-08-31T16:23:31","slug":"comissao-organizadora","status":"publish","type":"page","link":"https:\/\/wp.ufpel.edu.br\/pampa\/comissao-organizadora\/","title":{"rendered":"Comiss\u00e3o Organizadora"},"content":{"rendered":"<p><strong>Comiss\u00e3o Organizadora<\/strong><\/p>\n<p>&nbsp;<\/p>\n<p><u>PRESIDENTE DO CONGRESSO:<\/u><\/p>\n<p><strong>UNIVERSIDADE FEDERAL DE PELOTAS<\/strong><\/p>\n<p><strong>Prof. Dr. Althen Teixeira Filho<\/strong><\/p>\n<p>Instituto de Biologia \/ Departamento de Morfologia \/ UFPel<\/p>\n<p>Diretor do Instituto de Biologia<\/p>\n<p>althent@gmail.com<\/p>\n<p>&nbsp;<\/p>\n<p><u>COMISS\u00c3O T\u00c9CNICO CIENT\u00cdFICA:<br \/>\n<\/u><strong>UNIVERSIDADE FEDERAL DE PELOTAS<\/strong><\/p>\n<p><strong>Prof. Dr. Marco Silva Gottschalk<\/strong><\/p>\n<p>Instituto de Biologia \/ Departamento de Ecologia, Zoologia e Gen\u00e9tica \/ UFPel<\/p>\n<p>Vice-Diretor do Instituto de Biologia<\/p>\n<p>gotts007@yahoo.com<\/p>\n<p>&nbsp;<\/p>\n<p><strong>EMBRAPA CLIMA TEMPERADO<\/strong><\/p>\n<p><strong>Pesquisadora Dra. <\/strong><strong>Lilian T. Winckler Sosinski<\/strong><strong><br \/>\n<\/strong><a href=\"mailto:lilian.sosinski@gmail.com\">lilian.sosinski@gmail.com<\/a><\/p>\n<p>&nbsp;<\/p>\n<p><strong>Pesquisador Dr. Luis Fernando Wolff<br \/>\n<\/strong><a href=\"mailto:lilian.sosinski@gmail.com\">luis.wolf@embrapa.br<\/a><\/p>\n<p>&nbsp;<\/p>\n<p><strong>Pesquisar Dr. Enio Sosinski, Pesquisador A,<\/strong><\/p>\n<p><a href=\"mailto:enio.sosinski@gmail.com\">enio.sosinski@gmail.com<\/a><\/p>\n<p>&nbsp;<\/p>\n<p><strong>Pesquisador Dr. Gilberto Ant\u00f4nio Bevilaqua, <\/strong><\/p>\n<p><a href=\"mailto:Gilberto.bevilaqua@embrapa.br\">Gilberto.bevilaqua@embrapa.br<\/a><\/p>\n<p>&nbsp;<\/p>\n<p><strong>Pesquisador Dr. Jo\u00e3o Carlos Costa Gomes, <\/strong><\/p>\n<p><a href=\"mailto:Costa.gomes@embrapa.br\">Costa.gomes@embrapa.br<\/a><\/p>\n<p><u>\u00a0<\/u><\/p>\n<p><strong>FUNDA\u00c7\u00c3O ZOOBOT\u00c2NICA<\/strong><\/p>\n<p><strong>Pesquisadora Dr<sup>a<\/sup>. Luiza Chomenko<\/strong><\/p>\n<p><a href=\"mailto:luiza-chomenko@fzb.rs.gov.br\">luiza-chomenko@fzb.rs.gov.br<\/a><\/p>\n<p><strong>\u00a0<\/strong><\/p>\n<p><strong>Pesquisador Dr. Jan Karel Felix Mahler J\u00fanior<\/strong><\/p>\n<p><a href=\"mailto:janmahlerjr@gmail.com\">janmahlerjr@gmail.com<\/a><\/p>\n<p><u>\u00a0<\/u><\/p>\n<p><u>COMUNICA\u00c7\u00c3O:<br \/>\n<\/u><strong>EMBRAPA CLIMA TEMPERADO<\/strong><\/p>\n<p>Andr\u00e9a Denise Hildebrandt Noronha<\/p>\n<p>Cintia Brenner Acosta Franco<\/p>\n<p>&nbsp;<\/p>\n<p><u>CAPTA\u00c7\u00c3O DE RECURSOS:<br \/>\n<\/u><strong>EMBRAPA CLIMA TEMPERADO<\/strong><\/p>\n<p>Mauro Santos Nolasco,<\/p>\n<p><u>\u00a0<\/u><\/p>\n<p><u>INFRAESTRUTURA E LOG\u00cdSTICA:<br \/>\n<\/u><strong>EMBRAPA CLIMA TEMPERADO<\/strong><\/p>\n<p>Jos\u00e9 Luiz Costa<\/p>\n<p><strong>\u00a0<\/strong><\/p>\n<p>&nbsp;<\/p>\n<p><strong>ENTIDADES APOIADORAS<\/strong><\/p>\n<p><strong>Minist\u00e9rio P\u00fablico Estadual \/ CAOMA<\/strong><\/p>\n<p><strong>Funda\u00e7\u00e3o Estadual de Prote\u00e7\u00e3o Ambiental Henrique Luiz Roessler \/ FEPAM \/ Pelotas<\/strong><\/p>\n<p>&nbsp;<\/p>\n","protected":false},"excerpt":{"rendered":"<p>Comiss\u00e3o Organizadora &nbsp; PRESIDENTE DO CONGRESSO: UNIVERSIDADE FEDERAL DE PELOTAS Prof. Dr. Althen Teixeira Filho Instituto de Biologia \/ Departamento de Morfologia \/ UFPel Diretor do Instituto de Biologia althent@gmail.com &nbsp; COMISS\u00c3O T\u00c9CNICO CIENT\u00cdFICA: UNIVERSIDADE FEDERAL DE PELOTAS Prof. Dr. Marco Silva Gottschalk Instituto de Biologia \/ Departamento de Ecologia, Zoologia e Gen\u00e9tica \/ UFPel &hellip; <\/p>\n<p><a class=\"more-link btn\" href=\"https:\/\/wp.ufpel.edu.br\/pampa\/comissao-organizadora\/\">Continue lendo<\/a><\/p>\n","protected":false},"author":615,"featured_media":0,"parent":0,"menu_order":0,"comment_status":"closed","ping_status":"closed","template":"","meta":{"footnotes":""},"class_list":["post-29","page","type-page","status-publish","hentry","nodate","item-wrap"],"_links":{"self":[{"href":"https:\/\/wp.ufpel.edu.br\/pampa\/wp-json\/wp\/v2\/pages\/29","targetHints":{"allow":["GET"]}}],"collection":[{"href":"https:\/\/wp.ufpel.edu.br\/pampa\/wp-json\/wp\/v2\/pages"}],"about":[{"href":"https:\/\/wp.ufpel.edu.br\/pampa\/wp-json\/wp\/v2\/types\/page"}],"author":[{"embeddable":true,"href":"https:\/\/wp.ufpel.edu.br\/pampa\/wp-json\/wp\/v2\/users\/615"}],"replies":[{"embeddable":true,"href":"https:\/\/wp.ufpel.edu.br\/pampa\/wp-json\/wp\/v2\/comments?post=29"}],"version-history":[{"count":2,"href":"https:\/\/wp.ufpel.edu.br\/pampa\/wp-json\/wp\/v2\/pages\/29\/revisions"}],"predecessor-version":[{"id":54,"href":"https:\/\/wp.ufpel.edu.br\/pampa\/wp-json\/wp\/v2\/pages\/29\/revisions\/54"}],"wp:attachment":[{"href":"https:\/\/wp.ufpel.edu.br\/pampa\/wp-json\/wp\/v2\/media?parent=29"}],"curies":[{"name":"wp","href":"https:\/\/api.w.org\/{rel}","templated":true}]}}