{"id":22,"date":"2016-08-04T21:33:21","date_gmt":"2016-08-05T00:33:21","guid":{"rendered":"https:\/\/wp.ufpel.edu.br\/pampa\/?page_id=22"},"modified":"2016-09-15T12:38:10","modified_gmt":"2016-09-15T15:38:10","slug":"inscricoes","status":"publish","type":"page","link":"https:\/\/wp.ufpel.edu.br\/pampa\/inscricoes\/","title":{"rendered":"Inscri\u00e7\u00f5es"},"content":{"rendered":"<p>Segue em anexo o link para as inscri\u00e7\u00f5es dos mini cursos, com valor de R$20,00, e as vagas s\u00e3o limitadas at\u00e9 o dia 29\/09\/2016.<\/p>\n<p><a href=\"https:\/\/www.embrapa.br\/clima-temperado\/bioma-pampa\" target=\"_blank\"> https:\/\/www.embrapa.br\/clima-temperado\/bioma-pampa<\/a><\/p>\n<p>Ser\u00e1 disponibilizado \u00f4nibus para o Congresso Bioma Pampa,nos dias 04,05 e 06 de Outubro, com sa\u00edda \u00e1s 07:45 h em frente a casa dos estudantes, que fica situada na Rua Andrade Neves<br \/>\nn\u00b01290, em dire\u00e7\u00e3o a Embrapa Clima Temperado.<\/p>\n","protected":false},"excerpt":{"rendered":"<p>Segue em anexo o link para as inscri\u00e7\u00f5es dos mini cursos, com valor de R$20,00, e as vagas s\u00e3o limitadas at\u00e9 o dia 29\/09\/2016. https:\/\/www.embrapa.br\/clima-temperado\/bioma-pampa Ser\u00e1 disponibilizado \u00f4nibus para o Congresso Bioma Pampa,nos dias 04,05 e 06 de Outubro, com sa\u00edda \u00e1s 07:45 h em frente a casa dos estudantes, que fica situada na Rua &hellip; <\/p>\n<p><a class=\"more-link btn\" href=\"https:\/\/wp.ufpel.edu.br\/pampa\/inscricoes\/\">Continue lendo<\/a><\/p>\n","protected":false},"author":615,"featured_media":0,"parent":0,"menu_order":0,"comment_status":"closed","ping_status":"closed","template":"","meta":{"footnotes":""},"class_list":["post-22","page","type-page","status-publish","hentry","nodate","item-wrap"],"_links":{"self":[{"href":"https:\/\/wp.ufpel.edu.br\/pampa\/wp-json\/wp\/v2\/pages\/22","targetHints":{"allow":["GET"]}}],"collection":[{"href":"https:\/\/wp.ufpel.edu.br\/pampa\/wp-json\/wp\/v2\/pages"}],"about":[{"href":"https:\/\/wp.ufpel.edu.br\/pampa\/wp-json\/wp\/v2\/types\/page"}],"author":[{"embeddable":true,"href":"https:\/\/wp.ufpel.edu.br\/pampa\/wp-json\/wp\/v2\/users\/615"}],"replies":[{"embeddable":true,"href":"https:\/\/wp.ufpel.edu.br\/pampa\/wp-json\/wp\/v2\/comments?post=22"}],"version-history":[{"count":8,"href":"https:\/\/wp.ufpel.edu.br\/pampa\/wp-json\/wp\/v2\/pages\/22\/revisions"}],"predecessor-version":[{"id":73,"href":"https:\/\/wp.ufpel.edu.br\/pampa\/wp-json\/wp\/v2\/pages\/22\/revisions\/73"}],"wp:attachment":[{"href":"https:\/\/wp.ufpel.edu.br\/pampa\/wp-json\/wp\/v2\/media?parent=22"}],"curies":[{"name":"wp","href":"https:\/\/api.w.org\/{rel}","templated":true}]}}