{"id":19,"date":"2016-08-04T21:32:46","date_gmt":"2016-08-05T00:32:46","guid":{"rendered":"https:\/\/wp.ufpel.edu.br\/pampa\/?page_id=19"},"modified":"2016-09-23T08:38:17","modified_gmt":"2016-09-23T11:38:17","slug":"palestrantes","status":"publish","type":"page","link":"https:\/\/wp.ufpel.edu.br\/pampa\/palestrantes\/","title":{"rendered":"Palestrantes"},"content":{"rendered":"<p>&#8211; Agricultora familiar, Enilda Duarte \u2013 Cap\u00e3o do Le\u00e3o (RS)<br \/>\n&#8211; Eng. Agr\u00f4nomo e Eng. Florestal, Sebasti\u00e3o Pinheiro \u2013 Universidade Federal do Rio Grande do Sul<br \/>\n&#8211; Bi\u00f3logo, Dr. Jan Karel Felix M\u00e4hler Junior \u2013 Analista, Funda\u00e7\u00e3o Zoobot\u00e2nica do Rio Grande do Sul<br \/>\n&#8211; Bi\u00f3loga, Dr\u00aa Rosa Lia Barbieri \u2013 Pesquisadora, Embrapa Clima Temperado<br \/>\n&#8211; Bi\u00f3loga, Dr\u00aa Marene Machado Marchi \u2013 Bolsista P\u00f3s-doutorado Conv\u00eanio Capes-Embrapa<br \/>\n&#8211; Eng. Agr\u00f4nomo, Nadilson Roberto Ferreira- Secretaria da Agricultura Pecu\u00e1ria e Irriga\u00e7\u00e3o do estado do Rio Grande do Sul<br \/>\n&#8211; Bacharel em Hist\u00f3ria Natural, Dr\u00aa Ilsi Iob Boldrini \u2013 Professora, Universidade Federal do Rio Grande Sul<br \/>\n&#8211; Ge\u00f3logo, Dr. Andr\u00e9 Weissheimer de Borba \u2013 Professor, Universidade Federal de Santa Maria<br \/>\n&#8211; Ocean\u00f3logo, Esp. Henrique Horn Ilha \u2013 Analista Ambiental \u2013 ICMBio, Chefe da Esta\u00e7\u00e3o Ecol\u00f3gica do Taim<br \/>\n&#8211; Eng. Agr\u00f4nomo, Marcelo Fett Pinto &#8211; Coordenador, Alianza del Pastizal<br \/>\n&#8211; Eng. Agr\u00f4nomo, Dr. Carlos Nabinger \u2013 Professor, Universidade Federal do Rio Grande do Sul<br \/>\n&#8211; T\u00e9cnico Agr\u00edcola, Sanderlei Pereira \u2013 Emater\/RS \u2013 Ascar<br \/>\n&#8211; Eng. Agr\u00f4nomo, Dr. Luis Fernando Wolff \u2013 Pesquisador, Embrapa Clima Temperado<br \/>\n&#8211; Bacharel em Ci\u00eancias Jur\u00eddicas e Sociais, Esp. Jos\u00e9 Renato de Oliveira Barcelos \u2013 Associa\u00e7\u00e3o Ga\u00facha de Prote\u00e7\u00e3o ao Ambiente Natural<br \/>\n&#8211; Ocean\u00f3grafo, Ph.D. Ant\u00f4nio Lib\u00f3rio Philomena &#8211; Professor aposentado, Funda\u00e7\u00e3o Universidade do Rio Grande<br \/>\n&#8211; Bacharel em Ci\u00eancias Jur\u00eddicas e Sociais, Roberto Reb\u00e9s Abreu \u2013 Vice-presidente, Associa\u00e7\u00e3o Ga\u00facha de Prote\u00e7\u00e3o ao Ambiente Natural<br \/>\n&#8211; M\u00e9dico Veterin\u00e1rio, Dr. Marcos Fl\u00e1vio Silva Borba \u2013 Pesquisador, Embrapa Pecu\u00e1ria Sul<br \/>\n&#8211; Bi\u00f3logo, Dr. Paulo Brack \u2013 Professor, Universidade Federal do Rio Grande do Sul e Instituto Ga\u00facho de Estudos Ambientais<br \/>\n&#8211; Bacharel em Ci\u00eancias Jur\u00eddicas e Sociais, M. Sc. Ant\u00f4nio Carlos Porciuncula Soler \u2013 Professor, Funda\u00e7\u00e3o Universidade do Rio Grande e membro do Centro de Estudos Ambientais<br \/>\n&#8211; Eng. Agr\u00f4nomo, Leandro Noronha &#8211; Coordena\u00e7\u00e3o Estadual do Movimento dos Pequenos Agricultores, Encruzilhada do Sul (RS)<br \/>\n&#8211; Bacharel em Hist\u00f3ria, Cledenir Vergara Mendon\u00e7a &#8211; Prefeitura Municipal do Rio Grande, Rio Grande (RS)<br \/>\n&#8211; Padre, Armindo Luiz Caponi \u2013 Pelotas (RS)<br \/>\n&#8211; Bi\u00f3logo, Leandro de Melo Karan \u2013 Fundador do Pedal Curticeira<br \/>\n&#8211; Artes\u00e3o, Zaniner Guedes \u2013 S\u00e3o Sep\u00e9 (RS)<br \/>\n&#8211; Lisolete Carr\u00e9 Bortoluzzi \u2013 Piratini (RS)<br \/>\n&#8211; Eng. Agr\u00f4nomo, Dr. Enio Egon Sosinski Jr. \u2013 Pesquisador, Embrapa Clima Temperado<br \/>\n&#8211; Bacharel em Ci\u00eancias Jur\u00eddicas e Sociais, Dr. Jos\u00e9 Luiz de Moura Filho \u2013 Professor, Universidade Federal de Santa Maria<br \/>\n&#8211; Procurador de Bag\u00e9, Minist\u00e9rio P\u00fablico Federal<br \/>\n&#8211; Bacharel em Ci\u00eancias Jur\u00eddicas e Sociais, M.Sc. Annelise Monteiro Steigleder \u2013 Promotora de Justi\u00e7a, Minist\u00e9rio P\u00fablico Estadual<br \/>\n&#8211; M\u00e9dico Veterin\u00e1rio, Dr. Althen Teixeira Filho \u2013 Professor da Universidade Federal de Pelotas.<\/p>\n","protected":false},"excerpt":{"rendered":"<p>&#8211; Agricultora familiar, Enilda Duarte \u2013 Cap\u00e3o do Le\u00e3o (RS) &#8211; Eng. Agr\u00f4nomo e Eng. Florestal, Sebasti\u00e3o Pinheiro \u2013 Universidade Federal do Rio Grande do Sul &#8211; Bi\u00f3logo, Dr. Jan Karel Felix M\u00e4hler Junior \u2013 Analista, Funda\u00e7\u00e3o Zoobot\u00e2nica do Rio Grande do Sul &#8211; Bi\u00f3loga, Dr\u00aa Rosa Lia Barbieri \u2013 Pesquisadora, Embrapa Clima Temperado &#8211; &hellip; <\/p>\n<p><a class=\"more-link btn\" href=\"https:\/\/wp.ufpel.edu.br\/pampa\/palestrantes\/\">Continue lendo<\/a><\/p>\n","protected":false},"author":615,"featured_media":0,"parent":0,"menu_order":0,"comment_status":"closed","ping_status":"closed","template":"","meta":{"footnotes":""},"class_list":["post-19","page","type-page","status-publish","hentry","nodate","item-wrap"],"_links":{"self":[{"href":"https:\/\/wp.ufpel.edu.br\/pampa\/wp-json\/wp\/v2\/pages\/19","targetHints":{"allow":["GET"]}}],"collection":[{"href":"https:\/\/wp.ufpel.edu.br\/pampa\/wp-json\/wp\/v2\/pages"}],"about":[{"href":"https:\/\/wp.ufpel.edu.br\/pampa\/wp-json\/wp\/v2\/types\/page"}],"author":[{"embeddable":true,"href":"https:\/\/wp.ufpel.edu.br\/pampa\/wp-json\/wp\/v2\/users\/615"}],"replies":[{"embeddable":true,"href":"https:\/\/wp.ufpel.edu.br\/pampa\/wp-json\/wp\/v2\/comments?post=19"}],"version-history":[{"count":3,"href":"https:\/\/wp.ufpel.edu.br\/pampa\/wp-json\/wp\/v2\/pages\/19\/revisions"}],"predecessor-version":[{"id":76,"href":"https:\/\/wp.ufpel.edu.br\/pampa\/wp-json\/wp\/v2\/pages\/19\/revisions\/76"}],"wp:attachment":[{"href":"https:\/\/wp.ufpel.edu.br\/pampa\/wp-json\/wp\/v2\/media?parent=19"}],"curies":[{"name":"wp","href":"https:\/\/api.w.org\/{rel}","templated":true}]}}