{"id":16,"date":"2016-08-04T21:32:10","date_gmt":"2016-08-05T00:32:10","guid":{"rendered":"https:\/\/wp.ufpel.edu.br\/pampa\/?page_id=16"},"modified":"2016-09-09T09:13:46","modified_gmt":"2016-09-09T12:13:46","slug":"programacao","status":"publish","type":"page","link":"https:\/\/wp.ufpel.edu.br\/pampa\/programacao\/","title":{"rendered":"Programa\u00e7\u00e3o"},"content":{"rendered":"<table width=\"100%\">\n<tbody>\n<tr>\n<td width=\"48%\">\n<p><strong><u>Data: 03\/10\/2016<\/u><\/strong><\/p>\n<p><strong><u>Segunda-feira \u2013 Manh\u00e3<\/u><\/strong><\/p>\n<p>&nbsp;<\/p>\n<p><strong><u>9h &#8211; 12h30min \u2013 Minicursos<\/u><\/strong><\/p>\n<p><strong>Receitu\u00e1rio pampeano<\/strong>&#8211; Agricultora familiar, Enilda Duarte \u2013 Cap\u00e3o do Le\u00e3o (RS)<\/p>\n<p><strong>Bio-poder campon\u00eas<\/strong> \u2013 Eng. Agr\u00f4nomo e Eng. Florestal, Sebasti\u00e3o Pinheiro \u2013 Universidade Federal do Rio Grande do Sul<\/p>\n<p><strong>Biologia da conserva\u00e7\u00e3o<\/strong> \u2013 Bi\u00f3logo, Dr. Jan Karel Felix M\u00e4hler Junior \u2013 Analista, Funda\u00e7\u00e3o Zoobot\u00e2nica do Rio Grande do Sul<\/td>\n<td width=\"51%\">\n<p><strong><u>Data: 03\/10\/2016<\/u><\/strong><\/p>\n<p><strong><u>Segunda-feira \u2013 Tarde<\/u><\/strong><\/p>\n<p>&nbsp;<\/p>\n<p><strong><u>13h30min \u2013 18h &#8211; Minicursos<\/u><\/strong><\/p>\n<p><strong>Receitu\u00e1rio pampeano<\/strong>&#8211; Agricultora familiar, Enilda Duarte &#8211; Cap\u00e3o do Le\u00e3o (RS)<\/p>\n<p><strong>Bio-poder campon\u00eas<\/strong> \u2013 Eng. Agr\u00f4nomo e Eng. Florestal, Sebasti\u00e3o Pinheiro &#8211; Universidade Federal do Rio Grande do Sul<\/p>\n<p><strong>Biologia da conserva\u00e7\u00e3o<\/strong> \u2013 Biol\u00f3go, Dr. Jan Karel Felix M\u00e4hler Junior \u2013 Pesquisador, Funda\u00e7\u00e3o Zoobot\u00e2nica do Rio Grande do Sul<\/p>\n<p><strong>Arranjos ornamentais com plantas nativas do bioma Pampa<\/strong> \u2013Dr\u00aa Marene Machado Marchi \u2013 Bolsista P\u00f3s-doutorado Conv\u00eanio Capes-Embrapa<\/p>\n<p><strong>Cria\u00e7\u00e3o de abelhas nativas do bioma Pampa<\/strong> &#8211; Eng. Agr\u00f4nomo, Nadilson Roberto Ferreira- Secretaria da Agricultura Pecu\u00e1ria e Irriga\u00e7\u00e3o do estado do Rio Grande do Sul<\/td>\n<\/tr>\n<tr>\n<td width=\"48%\">\n<p><strong><u>Data: 04\/10\/2016<\/u><\/strong><\/p>\n<p><strong><u>Ter\u00e7a-feira \u2013 Manh\u00e3<\/u><\/strong><\/p>\n<p>&nbsp;<\/p>\n<p><strong>8h \u2013 9 h &#8211; Inscri\u00e7\u00f5es e entrega de material<\/strong><\/p>\n<p><strong>9h\u00a0 &#8211; Abertura<\/strong><\/p>\n<p><strong>9h30min \u2013 12h30min &#8211; Caracteriza\u00e7\u00e3o do Bioma Pampa <\/strong><\/p>\n<p><strong>Vegeta\u00e7\u00e3o e caracteriza\u00e7\u00e3o do Bioma Pampa<\/strong> \u2013 Bacharel em Hist\u00f3ria Natural, Dr\u00aa Ilsi Iob Boldrini \u2013 Professora, Universidade Federal do Rio Grande Sul<\/p>\n<p><strong>A geodiversidade do pampa ga\u00facho e suas implica\u00e7\u00f5es para os problemas ambientais da regi\u00e3o<\/strong> \u2013 Ge\u00f3logo, Dr. Andr\u00e9 Weissheimer de Borba \u2013 Professor, Universidade Federal de Santa Maria<\/p>\n<p><strong>Debates<\/strong><\/td>\n<td width=\"51%\">\n<p><strong><u>Data: 04\/10\/2016<\/u><\/strong><\/p>\n<p><strong><u>Ter\u00e7a-feira \u2013 Tarde<\/u><\/strong><\/p>\n<p><strong><u>\u00a0<\/u><\/strong><\/p>\n<p><strong>13h30min<\/strong><strong> &#8211; Pr\u00e1ticas conservacionistas no bioma Pampa<\/strong><\/p>\n<p><strong>Pr\u00e1ticas Sustent\u00e1veis na zona de amortecimento da Esta\u00e7\u00e3o Ecol\u00f3gica do Taim<\/strong> \u2013 Ocean\u00f3logo, Esp. Henrique Horn Ilha \u2013 Analista Ambiental \u2013 ICMBio, Chefe da Esta\u00e7\u00e3o Ecol\u00f3gica do Taim<\/p>\n<p><strong>Experi\u00eancia da Alianza del Pastizal<\/strong>&#8211; Eng. Agr\u00f4nomo, Marcelo Fett Pinto &#8211; Coordenador, Alianza del Pastizal<\/p>\n<p>&nbsp;<\/p>\n<p><strong><u>Caf\u00e9 intervalo<\/u><\/strong><\/p>\n<p><strong>Manejo pecu\u00e1rio e conserva\u00e7\u00e3o do campo nativo<\/strong> \u2013 Eng. Agr\u00f4nomo, Dr. Carlos Nabinger \u2013 Professor, Universidade Federal do Rio Grande do Sul<\/p>\n<p><strong>Debates<\/strong><\/td>\n<\/tr>\n<tr>\n<td width=\"48%\">\n<p><strong><u>Data: 05\/10\/2016<\/u><\/strong><\/p>\n<p><strong><u>Quarta-feira \u2013 Manh\u00e3<\/u><\/strong><\/p>\n<p><u>\u00a0<\/u><\/p>\n<p><strong>8h30min &#8211; Riscos \u2013 Agrot\u00f3xicos e pr\u00e1ticas agr\u00edcolas<\/strong><\/p>\n<p><strong>Crescimento do consumo de agrot\u00f3xicos e mortandade de abelhas<\/strong> \u2013 T\u00e9cnico Agr\u00edcola, Sanderlei Pereira \u2013 Emater\/RS &#8211; Ascar<\/p>\n<p><strong>Abelhas e poliniza\u00e7\u00e3o: perdas de biodiversidade no bioma Pampa<\/strong> \u2013 Eng. Agr\u00f4nomo, Dr. Luis Fernando Wolff \u2013 Pesquisador, Embrapa Clima Temperado<\/p>\n<p><strong>Debates<\/strong><\/p>\n<p>&nbsp;<\/p>\n<p><strong><u>Caf\u00e9 intervalo<\/u><\/strong><\/p>\n<p><strong>Agrot\u00f3xicos e transg\u00eanicos &#8211; Aspectos legais e crimes consentidos\/praticados pelo sistema, considerando a constitui\u00e7\u00e3o brasileira e normativas internacionais<\/strong> \u2013 Bacharel em Ci\u00eancias Jur\u00eddicas e Sociais, Esp. Jos\u00e9 Renato de Oliveira Barcelos \u2013 Associa\u00e7\u00e3o Ga\u00facha de Prote\u00e7\u00e3o ao Ambiente Natural<\/p>\n<p><strong>Debates\u00a0<\/strong><\/td>\n<td width=\"51%\">\n<p><strong><u>Data: 05\/10\/2016<\/u><\/strong><\/p>\n<p><strong><u>Quarta-feira \u2013 Tarde<\/u><\/strong><\/p>\n<p><u>\u00a0<\/u><\/p>\n<p><strong>13h30min &#8211; Riscos \u2013 Minera\u00e7\u00e3o: Frente de Autodefesa do Camaqu\u00e3<\/strong><\/p>\n<p><strong>Limites de um EIA\/RIMA<\/strong> \u2013 Ocean\u00f3grafo, Ph.D. Ant\u00f4nio Lib\u00f3rio Philomena &#8211; \u00a0Professor aposentado, Funda\u00e7\u00e3o Universidade do Rio Grande<\/p>\n<p><strong>O bioma Pampa com \u00eanfase em aspectos legais<\/strong> \u2013 Bacharel em Ci\u00eancias Jur\u00eddicas e Sociais, Roberto Rebes Abreu \u2013 Vice-presidente, Associa\u00e7\u00e3o Ga\u00facha de Prote\u00e7\u00e3o ao Ambiente Natural<\/p>\n<p>&nbsp;<\/p>\n<p><strong><u>Caf\u00e9 intervalo<\/u><\/strong><\/p>\n<p><strong>O potencial social do Alto do Camaqu\u00e3<\/strong> \u2013 M\u00e9dico Veterin\u00e1rio, Dr. Marcos Fl\u00e1vio Silva Borba \u2013 Pesquisador, Embrapa Pecu\u00e1ria Sul<\/p>\n<p><strong>Pol\u00edticas de incentivo e desincentivo para \u00e1reas do bioma Pampa<\/strong> \u2013 Bi\u00f3logo, Dr. Paulo Brack \u2013 Professor, Universidade Federal do Rio Grande do Sul e Instituto Ga\u00facho de Estudos Ambientais<\/p>\n<p><strong>Debates<\/strong><\/p>\n<p>&nbsp;<\/p>\n<p><strong>18h Plen\u00e1ria das ONGS Ambientais<\/strong><\/p>\n<p>Antonio Carlos Porciuncula Soler &#8211; Coordenador do Centro de Estudos Ambientais (CEA)<\/p>\n<p><strong>20h30min \u2013 Jantar por ades\u00e3o<\/strong><\/td>\n<\/tr>\n<tr>\n<td width=\"48%\">\n<p><strong><u>Data: 06\/10\/2016<\/u><\/strong><\/p>\n<p><strong><u>Quinta-feira \u2013 Manh\u00e3<\/u><\/strong><\/p>\n<p>&nbsp;<\/p>\n<p><strong>Potencialidades e Produtos do Bioma Pampa<\/strong><\/p>\n<p><strong>8h30min -P<\/strong><strong>erspectivas e necessidades na vis\u00e3o dos movimentos sociais <\/strong><\/p>\n<p>Engenheiro Agr\u00f4nomo, Leandro Noronha &#8211; Coordena\u00e7\u00e3o estadual do MPA, Encruzilhada do Sul (RS)<\/p>\n<p>Bacharel em Hist\u00f3ria, Cledenir Vergara Mendon\u00e7a &#8211; Prefeitura Municipal do Rio Grande, Rio Grande (RS)<\/p>\n<p><strong>Debates<\/strong><\/p>\n<p>&nbsp;<\/p>\n<p><strong><u>Caf\u00e9 intervalo<\/u><\/strong><\/p>\n<p><strong>10h30min &#8211; Painel: Turismo ecol\u00f3gico e potencial do bioma Pampa<\/strong><\/p>\n<p><strong>A Col\u00f4nia Maciel e seus atrativo<\/strong>s\u2013 Padre, Armindo Luiz Caponi \u2013 Pelotas (RS)<\/p>\n<p><strong>Circuitos da Serra dos Tapes: Turismo Agroecol\u00f3gico<\/strong> \u2013 Bi\u00f3logo, Leandro de Melo Karan \u2013 Fundador do Pedal Curticeira<\/p>\n<p><strong>Tecelagem artesanal em l\u00e3<\/strong> \u2013 Artes\u00e3o, Zaniner Guedes \u2013 S\u00e3o Sep\u00e9 (RS)<\/p>\n<p><strong>Pousada Costa do Camaqu\u00e3<\/strong> \u2013 Lisolete Carr\u00e9 Bortoluzzi \u2013 Piratini (RS)<\/p>\n<p><strong>Rota dos Butiazais<\/strong> \u2013 Eng. Agr\u00f4nomo, Dr. Enio Egon Sosinski Jr. \u2013 Pesquisador, Embrapa Clima Temperado<\/p>\n<p><strong>Debates<\/strong><\/td>\n<td width=\"51%\">\n<p><strong><u>Data: 06\/10<\/u><\/strong><\/p>\n<p><strong><u>Quinta-feira \u2013 Tarde<\/u><\/strong><\/p>\n<p>&nbsp;<\/p>\n<p><strong>14h &#8211; Iniciativas do <\/strong><strong>Estado<\/strong><\/p>\n<p><strong>Aspectos legais do pagamentos de servi\u00e7os ambientais<\/strong> \u2013 Bacharel em Ci\u00eancias Jur\u00eddicas e Sociais, Dr. Jos\u00e9 Luiz de Moura Filho \u2013 Professor, Universidade Federal de Santa Maria<\/p>\n<p><strong>Processos miner\u00e1rios no bioma Pampa<\/strong> &#8211; Procurador de Bag\u00e9, Minist\u00e9rio P\u00fablico Federal<\/p>\n<p><strong>Cadastro Ambiental Rural \u2013 CAR<\/strong> \u2013 Bacharel em Ci\u00eancias Jur\u00eddicas e Sociais, M.Sc. Annelise Monteiro Steigleder \u2013 Promotora de Justi\u00e7a, Minist\u00e9rio P\u00fablico Estadual<\/p>\n<p>&nbsp;<\/p>\n<p><strong>16h Debates da plen\u00e1ria<\/strong>&#8211; Linhas gerais do documento final- M\u00e9dico Veterin\u00e1rio, Dr. Althen Teixeira Filho \u2013 Professor da Universidade Federal de Pelotas<\/p>\n<p><strong>17h <\/strong><strong>Encerramento<\/strong><\/td>\n<\/tr>\n<\/tbody>\n<\/table>\n<p><\/p>\n","protected":false},"excerpt":{"rendered":"<p>Data: 03\/10\/2016 Segunda-feira \u2013 Manh\u00e3 &nbsp; 9h &#8211; 12h30min \u2013 Minicursos Receitu\u00e1rio pampeano&#8211; Agricultora familiar, Enilda Duarte \u2013 Cap\u00e3o do Le\u00e3o (RS) Bio-poder campon\u00eas \u2013 Eng. Agr\u00f4nomo e Eng. Florestal, Sebasti\u00e3o Pinheiro \u2013 Universidade Federal do Rio Grande do Sul Biologia da conserva\u00e7\u00e3o \u2013 Bi\u00f3logo, Dr. Jan Karel Felix M\u00e4hler Junior \u2013 Analista, Funda\u00e7\u00e3o Zoobot\u00e2nica &hellip; <\/p>\n<p><a class=\"more-link btn\" href=\"https:\/\/wp.ufpel.edu.br\/pampa\/programacao\/\">Continue lendo<\/a><\/p>\n","protected":false},"author":615,"featured_media":0,"parent":0,"menu_order":0,"comment_status":"closed","ping_status":"closed","template":"","meta":{"footnotes":""},"class_list":["post-16","page","type-page","status-publish","hentry","nodate","item-wrap"],"_links":{"self":[{"href":"https:\/\/wp.ufpel.edu.br\/pampa\/wp-json\/wp\/v2\/pages\/16","targetHints":{"allow":["GET"]}}],"collection":[{"href":"https:\/\/wp.ufpel.edu.br\/pampa\/wp-json\/wp\/v2\/pages"}],"about":[{"href":"https:\/\/wp.ufpel.edu.br\/pampa\/wp-json\/wp\/v2\/types\/page"}],"author":[{"embeddable":true,"href":"https:\/\/wp.ufpel.edu.br\/pampa\/wp-json\/wp\/v2\/users\/615"}],"replies":[{"embeddable":true,"href":"https:\/\/wp.ufpel.edu.br\/pampa\/wp-json\/wp\/v2\/comments?post=16"}],"version-history":[{"count":4,"href":"https:\/\/wp.ufpel.edu.br\/pampa\/wp-json\/wp\/v2\/pages\/16\/revisions"}],"predecessor-version":[{"id":56,"href":"https:\/\/wp.ufpel.edu.br\/pampa\/wp-json\/wp\/v2\/pages\/16\/revisions\/56"}],"wp:attachment":[{"href":"https:\/\/wp.ufpel.edu.br\/pampa\/wp-json\/wp\/v2\/media?parent=16"}],"curies":[{"name":"wp","href":"https:\/\/api.w.org\/{rel}","templated":true}]}}