{"id":89,"date":"2017-05-13T14:04:47","date_gmt":"2017-05-13T17:04:47","guid":{"rendered":"https:\/\/wp.ufpel.edu.br\/palomino\/?page_id=89"},"modified":"2025-09-22T16:17:43","modified_gmt":"2025-09-22T19:17:43","slug":"teaching","status":"publish","type":"page","link":"https:\/\/wp.ufpel.edu.br\/palomino\/teaching\/","title":{"rendered":"Teaching"},"content":{"rendered":"<p>Machine Learning<\/p>\n<p>Introduction to Algorithms<\/p>\n<p>Computers Programming<\/p>\n<p>Introduction to Video Coding<\/p>\n","protected":false},"excerpt":{"rendered":"<p>Machine Learning Introduction to Algorithms Computers Programming Introduction to Video Coding<\/p>\n","protected":false},"author":746,"featured_media":0,"parent":0,"menu_order":4,"comment_status":"closed","ping_status":"closed","template":"","meta":{"jetpack_post_was_ever_published":false,"footnotes":""},"class_list":["post-89","page","type-page","status-publish","hentry"],"jetpack_sharing_enabled":true,"jetpack_shortlink":"https:\/\/wp.me\/P8OtrF-1r","jetpack-related-posts":[{"id":73,"url":"https:\/\/wp.ufpel.edu.br\/palomino\/research\/","url_meta":{"origin":89,"position":0},"title":"Research","author":"palomino","date":"13\/05\/2017","format":false,"excerpt":"The main topics of research are in the context of the ViTech research team (https:\/\/wp.ufpel.edu.br\/vitech\/en\/research\/): Technologies: Video coding standards (AV1, VP9, VP8, VVC, HEVC, H.264\/AVC, etc); Multiview, 3D and 360 video compression; Point cloud compression; Light field compression. Solutions at application-level: Complexity reduction\/control: Optimization of visual signal coding algorithms, development\u2026","rel":"","context":"Post similar","block_context":{"text":"Post similar","link":""},"img":{"alt_text":"","src":"","width":0,"height":0},"classes":[]},{"id":56,"url":"https:\/\/wp.ufpel.edu.br\/palomino\/biography\/","url_meta":{"origin":89,"position":1},"title":"Biography","author":"palomino","date":"12\/05\/2017","format":false,"excerpt":"Daniel Palomino received his M.S. and Ph.D. in Computer Science from the Federal University of Rio Grande do Sul (UFRGS) in 2013 and 2017, respectively. Since 2014, he has been a Professor at the Center for Engineering (CENG) of the Federal University of Pelotas (UFPel), Brazil. He is also a\u2026","rel":"","context":"Post similar","block_context":{"text":"Post similar","link":""},"img":{"alt_text":"","src":"","width":0,"height":0},"classes":[]},{"id":86,"url":"https:\/\/wp.ufpel.edu.br\/palomino\/theses\/","url_meta":{"origin":89,"position":2},"title":"Theses","author":"palomino","date":"13\/05\/2017","format":false,"excerpt":"Ph.D. Thesis (April 2017) Title: Application-driven temperature-aware solutions for video coding. INF, UFRGS, Porto Alegre, Brazil 2017. Download (English) M.Sc. Thesis (February 2013) Title: Algorithm and hardware based architectural design targeting the intra-frame prediction of the HEVC video coding standard. INF, UFRGS, Porto Alegre, Brazil 2013. Download (English) B.Sc. Thesis\u2026","rel":"","context":"Post similar","block_context":{"text":"Post similar","link":""},"img":{"alt_text":"","src":"","width":0,"height":0},"classes":[]},{"id":32,"url":"https:\/\/wp.ufpel.edu.br\/palomino\/monografias\/","url_meta":{"origin":89,"position":3},"title":"Monografias","author":"palomino","date":"12\/05\/2017","format":false,"excerpt":"Tese de Doutorado em Ci\u00eancia da Computa\u00e7\u00e3o (Abril 2017) T\u00edtulo: Application-driven temperature-aware solutions for video coding. INF, UFRGS, Porto Alegre, Brasil 2017. Download (Ingl\u00eas) Disserta\u00e7\u00e3o de Mestrado em Ci\u00eancia da Computa\u00e7\u00e3o (Fevereiro 2013) T\u00edtulo: Algorithm and hardware based architectural design targeting the intra-frame prediction of the HEVC video coding standard.\u2026","rel":"","context":"Post similar","block_context":{"text":"Post similar","link":""},"img":{"alt_text":"","src":"","width":0,"height":0},"classes":[]},{"id":51,"url":"https:\/\/wp.ufpel.edu.br\/palomino\/pesquisa\/","url_meta":{"origin":89,"position":4},"title":"Pesquisa","author":"palomino","date":"12\/05\/2017","format":false,"excerpt":"Os principais t\u00f3pticos de pesquisa est\u00e3o no contexto do grupo de pesquisa ViTech\u00a0 (https:\/\/wp.ufpel.edu.br\/vitech\/pt\/pesquisa\/): Redu\u00e7\u00e3o de complexidade para sistemas de codifica\u00e7\u00e3o de v\u00eddeo: otimiza\u00e7\u00e3o de algoritmos para compress\u00e3o de imagem e v\u00eddeo, explora\u00e7\u00e3o de paralelismo usando GPUs e arquiteturas multi processadas. Uso de t\u00e9cnicas de intelig\u00eancia artificial para aumentar a\u2026","rel":"","context":"Post similar","block_context":{"text":"Post similar","link":""},"img":{"alt_text":"","src":"","width":0,"height":0},"classes":[]},{"id":4,"url":"https:\/\/wp.ufpel.edu.br\/palomino\/biografia\/","url_meta":{"origin":89,"position":5},"title":"Biografia","author":"palomino","date":"12\/05\/2017","format":false,"excerpt":"Daniel Palomino obteve seu Mestrado e Doutorado em Ci\u00eancia da Computa\u00e7\u00e3o pela Universidade Federal do Rio Grande do Sul (UFRGS) em 2013 e 2017, respectivamente. Desde 2014, \u00e9 Professor no Centro de Engenharias (CENG) da Universidade Federal de Pelotas (UFPel). Ele tamb\u00e9m \u00e9 um dos pesquisadores l\u00edderes do Grupo de\u2026","rel":"","context":"Post similar","block_context":{"text":"Post similar","link":""},"img":{"alt_text":"","src":"","width":0,"height":0},"classes":[]}],"_links":{"self":[{"href":"https:\/\/wp.ufpel.edu.br\/palomino\/wp-json\/wp\/v2\/pages\/89","targetHints":{"allow":["GET"]}}],"collection":[{"href":"https:\/\/wp.ufpel.edu.br\/palomino\/wp-json\/wp\/v2\/pages"}],"about":[{"href":"https:\/\/wp.ufpel.edu.br\/palomino\/wp-json\/wp\/v2\/types\/page"}],"author":[{"embeddable":true,"href":"https:\/\/wp.ufpel.edu.br\/palomino\/wp-json\/wp\/v2\/users\/746"}],"replies":[{"embeddable":true,"href":"https:\/\/wp.ufpel.edu.br\/palomino\/wp-json\/wp\/v2\/comments?post=89"}],"version-history":[{"count":4,"href":"https:\/\/wp.ufpel.edu.br\/palomino\/wp-json\/wp\/v2\/pages\/89\/revisions"}],"predecessor-version":[{"id":536,"href":"https:\/\/wp.ufpel.edu.br\/palomino\/wp-json\/wp\/v2\/pages\/89\/revisions\/536"}],"wp:attachment":[{"href":"https:\/\/wp.ufpel.edu.br\/palomino\/wp-json\/wp\/v2\/media?parent=89"}],"curies":[{"name":"wp","href":"https:\/\/api.w.org\/{rel}","templated":true}]}}