{"id":73,"date":"2017-05-13T13:57:53","date_gmt":"2017-05-13T16:57:53","guid":{"rendered":"https:\/\/wp.ufpel.edu.br\/palomino\/?page_id=73"},"modified":"2022-06-26T18:30:44","modified_gmt":"2022-06-26T21:30:44","slug":"research","status":"publish","type":"page","link":"https:\/\/wp.ufpel.edu.br\/palomino\/research\/","title":{"rendered":"Research"},"content":{"rendered":"<div class=\"entry-content\">\n<p>The main topics of research are in the context of the <strong>ViTech<\/strong> research team (<a href=\"https:\/\/wp.ufpel.edu.br\/vitech\/en\/research\/\">https:\/\/wp.ufpel.edu.br\/vitech\/en\/research\/<\/a>):<strong><br \/>\n<\/strong><\/p>\n<h2>Technologies:<\/h2>\n<ul>\n<li>Video coding standards (AV1, VP9, VP8, VVC, HEVC, H.264\/AVC, etc);<\/li>\n<li>Multiview, 3D and 360 video compression;<\/li>\n<li>Point cloud compression;<\/li>\n<li>Light field compression.<\/li>\n<\/ul>\n<h2>Solutions at application-level:<\/h2>\n<ul>\n<li><strong>Complexity reduction\/control:<\/strong> Optimization of visual signal coding algorithms, development of novel low-complexity solutions, use of artificial intelligence techniques to reduce encoding costs;<\/li>\n<li><strong>Coding tools development: <\/strong>development of new coding tools and algorithms for prediction, transforms and entropy coding of visual signal coding systems;<\/li>\n<li><strong>Coding Efficiency and Complexity Assessment:<\/strong> Evaluation on the efficiency of visual signal coding systems;<\/li>\n<li><strong>Video quality assessment:<\/strong> Subjective and objective quality evaluation for 2D and 3D videos.<\/li>\n<\/ul>\n<h2>Solutions at system-level:<\/h2>\n<ul>\n<li><strong>Parallel Solutions:<\/strong> Parallelism exploration using GPUs and multi\/many-core systems;<\/li>\n<li><strong>Memory solutions:<\/strong> Approximate storage and memory hierarchy design;<\/li>\n<li><strong>Hardware accelerators<\/strong><strong>:<\/strong> Dedicated FPGA and ASIC hardware design for video coding using power-efficient techniques;<\/li>\n<li><strong>Architectural solutions for embedded systems<\/strong>: High-level simulation and NoC-based solutions.<\/li>\n<\/ul>\n<\/div>\n","protected":false},"excerpt":{"rendered":"<p>The main topics of research are in the context of the ViTech research team (https:\/\/wp.ufpel.edu.br\/vitech\/en\/research\/): Technologies: Video coding standards (AV1, VP9, VP8, VVC, HEVC, H.264\/AVC, etc); Multiview, 3D and 360 video compression; Point cloud compression; Light field compression. Solutions at application-level: Complexity reduction\/control: Optimization of visual signal coding algorithms, development of novel low-complexity solutions, use [&hellip;]<\/p>\n","protected":false},"author":746,"featured_media":0,"parent":0,"menu_order":1,"comment_status":"closed","ping_status":"closed","template":"","meta":{"jetpack_post_was_ever_published":false,"footnotes":""},"class_list":["post-73","page","type-page","status-publish","hentry"],"jetpack_sharing_enabled":true,"jetpack_shortlink":"https:\/\/wp.me\/P8OtrF-1b","jetpack-related-posts":[{"id":56,"url":"https:\/\/wp.ufpel.edu.br\/palomino\/biography\/","url_meta":{"origin":73,"position":0},"title":"Biography","author":"palomino","date":"12\/05\/2017","format":false,"excerpt":"Daniel Palomino received his M.S. and Ph.D. in Computer Science from the Federal University of Rio Grande do Sul (UFRGS) in 2013 and 2017, respectively. Since 2014, he has been a Professor at the Center for Engineering (CENG) of the Federal University of Pelotas (UFPel), Brazil. He is also a\u2026","rel":"","context":"Post similar","block_context":{"text":"Post similar","link":""},"img":{"alt_text":"","src":"","width":0,"height":0},"classes":[]},{"id":86,"url":"https:\/\/wp.ufpel.edu.br\/palomino\/theses\/","url_meta":{"origin":73,"position":1},"title":"Theses","author":"palomino","date":"13\/05\/2017","format":false,"excerpt":"Ph.D. Thesis (April 2017) Title: Application-driven temperature-aware solutions for video coding. INF, UFRGS, Porto Alegre, Brazil 2017. Download (English) M.Sc. Thesis (February 2013) Title: Algorithm and hardware based architectural design targeting the intra-frame prediction of the HEVC video coding standard. INF, UFRGS, Porto Alegre, Brazil 2013. Download (English) B.Sc. Thesis\u2026","rel":"","context":"Post similar","block_context":{"text":"Post similar","link":""},"img":{"alt_text":"","src":"","width":0,"height":0},"classes":[]},{"id":32,"url":"https:\/\/wp.ufpel.edu.br\/palomino\/monografias\/","url_meta":{"origin":73,"position":2},"title":"Monografias","author":"palomino","date":"12\/05\/2017","format":false,"excerpt":"Tese de Doutorado em Ci\u00eancia da Computa\u00e7\u00e3o (Abril 2017) T\u00edtulo: Application-driven temperature-aware solutions for video coding. INF, UFRGS, Porto Alegre, Brasil 2017. Download (Ingl\u00eas) Disserta\u00e7\u00e3o de Mestrado em Ci\u00eancia da Computa\u00e7\u00e3o (Fevereiro 2013) T\u00edtulo: Algorithm and hardware based architectural design targeting the intra-frame prediction of the HEVC video coding standard.\u2026","rel":"","context":"Post similar","block_context":{"text":"Post similar","link":""},"img":{"alt_text":"","src":"","width":0,"height":0},"classes":[]},{"id":89,"url":"https:\/\/wp.ufpel.edu.br\/palomino\/teaching\/","url_meta":{"origin":73,"position":3},"title":"Teaching","author":"palomino","date":"13\/05\/2017","format":false,"excerpt":"Machine Learning Introduction to Algorithms Computers Programming Introduction to Video Coding","rel":"","context":"Post similar","block_context":{"text":"Post similar","link":""},"img":{"alt_text":"","src":"","width":0,"height":0},"classes":[]},{"id":4,"url":"https:\/\/wp.ufpel.edu.br\/palomino\/biografia\/","url_meta":{"origin":73,"position":4},"title":"Biografia","author":"palomino","date":"12\/05\/2017","format":false,"excerpt":"Daniel Palomino obteve seu Mestrado e Doutorado em Ci\u00eancia da Computa\u00e7\u00e3o pela Universidade Federal do Rio Grande do Sul (UFRGS) em 2013 e 2017, respectivamente. Desde 2014, \u00e9 Professor no Centro de Engenharias (CENG) da Universidade Federal de Pelotas (UFPel). Ele tamb\u00e9m \u00e9 um dos pesquisadores l\u00edderes do Grupo de\u2026","rel":"","context":"Post similar","block_context":{"text":"Post similar","link":""},"img":{"alt_text":"","src":"","width":0,"height":0},"classes":[]},{"id":51,"url":"https:\/\/wp.ufpel.edu.br\/palomino\/pesquisa\/","url_meta":{"origin":73,"position":5},"title":"Pesquisa","author":"palomino","date":"12\/05\/2017","format":false,"excerpt":"Os principais t\u00f3pticos de pesquisa est\u00e3o no contexto do grupo de pesquisa ViTech\u00a0 (https:\/\/wp.ufpel.edu.br\/vitech\/pt\/pesquisa\/): Redu\u00e7\u00e3o de complexidade para sistemas de codifica\u00e7\u00e3o de v\u00eddeo: otimiza\u00e7\u00e3o de algoritmos para compress\u00e3o de imagem e v\u00eddeo, explora\u00e7\u00e3o de paralelismo usando GPUs e arquiteturas multi processadas. Uso de t\u00e9cnicas de intelig\u00eancia artificial para aumentar a\u2026","rel":"","context":"Post similar","block_context":{"text":"Post similar","link":""},"img":{"alt_text":"","src":"","width":0,"height":0},"classes":[]}],"_links":{"self":[{"href":"https:\/\/wp.ufpel.edu.br\/palomino\/wp-json\/wp\/v2\/pages\/73","targetHints":{"allow":["GET"]}}],"collection":[{"href":"https:\/\/wp.ufpel.edu.br\/palomino\/wp-json\/wp\/v2\/pages"}],"about":[{"href":"https:\/\/wp.ufpel.edu.br\/palomino\/wp-json\/wp\/v2\/types\/page"}],"author":[{"embeddable":true,"href":"https:\/\/wp.ufpel.edu.br\/palomino\/wp-json\/wp\/v2\/users\/746"}],"replies":[{"embeddable":true,"href":"https:\/\/wp.ufpel.edu.br\/palomino\/wp-json\/wp\/v2\/comments?post=73"}],"version-history":[{"count":5,"href":"https:\/\/wp.ufpel.edu.br\/palomino\/wp-json\/wp\/v2\/pages\/73\/revisions"}],"predecessor-version":[{"id":424,"href":"https:\/\/wp.ufpel.edu.br\/palomino\/wp-json\/wp\/v2\/pages\/73\/revisions\/424"}],"wp:attachment":[{"href":"https:\/\/wp.ufpel.edu.br\/palomino\/wp-json\/wp\/v2\/media?parent=73"}],"curies":[{"name":"wp","href":"https:\/\/api.w.org\/{rel}","templated":true}]}}