{"id":51,"date":"2017-05-12T17:26:05","date_gmt":"2017-05-12T20:26:05","guid":{"rendered":"https:\/\/wp.ufpel.edu.br\/palomino\/?page_id=51"},"modified":"2019-10-10T14:41:29","modified_gmt":"2019-10-10T17:41:29","slug":"pesquisa","status":"publish","type":"page","link":"https:\/\/wp.ufpel.edu.br\/palomino\/pesquisa\/","title":{"rendered":"Pesquisa"},"content":{"rendered":"<div class=\"entry-content\">\n<div>\n<p>Os principais t\u00f3pticos de pesquisa est\u00e3o no contexto do grupo de pesquisa <strong>ViTech<\/strong>\u00a0 (<a href=\"https:\/\/wp.ufpel.edu.br\/vitech\/pt\/pesquisa\/\">https:\/\/wp.ufpel.edu.br\/vitech\/pt\/pesquisa\/<\/a>):<\/p>\n<ul>\n<li><strong>Redu\u00e7\u00e3o de complexidade para sistemas de codifica\u00e7\u00e3o de v\u00eddeo:<\/strong> otimiza\u00e7\u00e3o de algoritmos para compress\u00e3o de imagem e v\u00eddeo, explora\u00e7\u00e3o de paralelismo usando GPUs e arquiteturas multi processadas. Uso de t\u00e9cnicas de intelig\u00eancia artificial para aumentar a efici\u00eancia da codifica\u00e7\u00e3o de v\u00eddeo.<\/li>\n<li><strong>Transmiss\u00e3o de v\u00eddeo na internet:<\/strong> Desenvolvimento de algoritmos r\u00e1pidos para a transcodifica\u00e7\u00e3o (entre diferentes padr\u00f5es de codifica\u00e7\u00e3o, qualidade, taxa de bits e resolu\u00e7\u00f5es).<\/li>\n<li><strong>Avalia\u00e7\u00e3o de qualidade de v\u00eddeo:<\/strong> Avalia\u00e7\u00e3o de qualidade de v\u00eddeo subjetiva e objetiva para v\u00eddeos 2D e 3D.<\/li>\n<li><strong>Novas tecnologias de v\u00eddeo:<\/strong>\u00a03D e videos 360 graus, Light Fields e Nuvem de Pontos.<\/li>\n<li><strong>Sistemas embarcados para codifica\u00e7\u00e3o de v\u00eddeo:<\/strong> Solu\u00e7\u00f5es eficientes em termos de energia e temperatura para codifica\u00e7\u00e3o de v\u00eddeo, distribui\u00e7\u00e3o de carga computacional em sistemas multi processados.<\/li>\n<li><strong>Desenvolvimento de arquitetura de Hardware dedicadas para codifica\u00e7\u00e3o de v\u00eddeo:<\/strong> Arquitetura de Hardware dedicadas para FPGA e ASIC para os m\u00f3dulos de codifica\u00e7\u00e3o de v\u00eddeo. Desenvolvimento de operadores aritm\u00e9ticos usando computa\u00e7\u00e3o imprecisa.<\/li>\n<\/ul>\n<\/div>\n<\/div>\n<p>&nbsp;<\/p>\n","protected":false},"excerpt":{"rendered":"<p>Os principais t\u00f3pticos de pesquisa est\u00e3o no contexto do grupo de pesquisa ViTech\u00a0 (https:\/\/wp.ufpel.edu.br\/vitech\/pt\/pesquisa\/): Redu\u00e7\u00e3o de complexidade para sistemas de codifica\u00e7\u00e3o de v\u00eddeo: otimiza\u00e7\u00e3o de algoritmos para compress\u00e3o de imagem e v\u00eddeo, explora\u00e7\u00e3o de paralelismo usando GPUs e arquiteturas multi processadas. Uso de t\u00e9cnicas de intelig\u00eancia artificial para aumentar a efici\u00eancia da codifica\u00e7\u00e3o de v\u00eddeo. [&hellip;]<\/p>\n","protected":false},"author":746,"featured_media":0,"parent":0,"menu_order":1,"comment_status":"closed","ping_status":"closed","template":"","meta":{"jetpack_post_was_ever_published":false,"footnotes":""},"class_list":["post-51","page","type-page","status-publish","hentry"],"jetpack_sharing_enabled":true,"jetpack_shortlink":"https:\/\/wp.me\/P8OtrF-P","jetpack-related-posts":[{"id":4,"url":"https:\/\/wp.ufpel.edu.br\/palomino\/biografia\/","url_meta":{"origin":51,"position":0},"title":"Biografia","author":"palomino","date":"12\/05\/2017","format":false,"excerpt":"Daniel Palomino obteve seu Mestrado e Doutorado em Ci\u00eancia da Computa\u00e7\u00e3o pela Universidade Federal do Rio Grande do Sul (UFRGS) em 2013 e 2017, respectivamente. Desde 2014, \u00e9 Professor no Centro de Engenharias (CENG) da Universidade Federal de Pelotas (UFPel). Ele tamb\u00e9m \u00e9 um dos pesquisadores l\u00edderes do Grupo de\u2026","rel":"","context":"Post similar","block_context":{"text":"Post similar","link":""},"img":{"alt_text":"","src":"","width":0,"height":0},"classes":[]},{"id":86,"url":"https:\/\/wp.ufpel.edu.br\/palomino\/theses\/","url_meta":{"origin":51,"position":1},"title":"Theses","author":"palomino","date":"13\/05\/2017","format":false,"excerpt":"Ph.D. Thesis (April 2017) Title: Application-driven temperature-aware solutions for video coding. INF, UFRGS, Porto Alegre, Brazil 2017. Download (English) M.Sc. Thesis (February 2013) Title: Algorithm and hardware based architectural design targeting the intra-frame prediction of the HEVC video coding standard. INF, UFRGS, Porto Alegre, Brazil 2013. Download (English) B.Sc. Thesis\u2026","rel":"","context":"Post similar","block_context":{"text":"Post similar","link":""},"img":{"alt_text":"","src":"","width":0,"height":0},"classes":[]},{"id":32,"url":"https:\/\/wp.ufpel.edu.br\/palomino\/monografias\/","url_meta":{"origin":51,"position":2},"title":"Monografias","author":"palomino","date":"12\/05\/2017","format":false,"excerpt":"Tese de Doutorado em Ci\u00eancia da Computa\u00e7\u00e3o (Abril 2017) T\u00edtulo: Application-driven temperature-aware solutions for video coding. INF, UFRGS, Porto Alegre, Brasil 2017. Download (Ingl\u00eas) Disserta\u00e7\u00e3o de Mestrado em Ci\u00eancia da Computa\u00e7\u00e3o (Fevereiro 2013) T\u00edtulo: Algorithm and hardware based architectural design targeting the intra-frame prediction of the HEVC video coding standard.\u2026","rel":"","context":"Post similar","block_context":{"text":"Post similar","link":""},"img":{"alt_text":"","src":"","width":0,"height":0},"classes":[]},{"id":73,"url":"https:\/\/wp.ufpel.edu.br\/palomino\/research\/","url_meta":{"origin":51,"position":3},"title":"Research","author":"palomino","date":"13\/05\/2017","format":false,"excerpt":"The main topics of research are in the context of the ViTech research team (https:\/\/wp.ufpel.edu.br\/vitech\/en\/research\/): Technologies: Video coding standards (AV1, VP9, VP8, VVC, HEVC, H.264\/AVC, etc); Multiview, 3D and 360 video compression; Point cloud compression; Light field compression. Solutions at application-level: Complexity reduction\/control: Optimization of visual signal coding algorithms, development\u2026","rel":"","context":"Post similar","block_context":{"text":"Post similar","link":""},"img":{"alt_text":"","src":"","width":0,"height":0},"classes":[]},{"id":56,"url":"https:\/\/wp.ufpel.edu.br\/palomino\/biography\/","url_meta":{"origin":51,"position":4},"title":"Biography","author":"palomino","date":"12\/05\/2017","format":false,"excerpt":"Daniel Palomino received his M.S. and Ph.D. in Computer Science from the Federal University of Rio Grande do Sul (UFRGS) in 2013 and 2017, respectively. Since 2014, he has been a Professor at the Center for Engineering (CENG) of the Federal University of Pelotas (UFPel), Brazil. He is also a\u2026","rel":"","context":"Post similar","block_context":{"text":"Post similar","link":""},"img":{"alt_text":"","src":"","width":0,"height":0},"classes":[]},{"id":89,"url":"https:\/\/wp.ufpel.edu.br\/palomino\/teaching\/","url_meta":{"origin":51,"position":5},"title":"Teaching","author":"palomino","date":"13\/05\/2017","format":false,"excerpt":"Machine Learning Introduction to Algorithms Computers Programming Introduction to Video Coding","rel":"","context":"Post similar","block_context":{"text":"Post similar","link":""},"img":{"alt_text":"","src":"","width":0,"height":0},"classes":[]}],"_links":{"self":[{"href":"https:\/\/wp.ufpel.edu.br\/palomino\/wp-json\/wp\/v2\/pages\/51","targetHints":{"allow":["GET"]}}],"collection":[{"href":"https:\/\/wp.ufpel.edu.br\/palomino\/wp-json\/wp\/v2\/pages"}],"about":[{"href":"https:\/\/wp.ufpel.edu.br\/palomino\/wp-json\/wp\/v2\/types\/page"}],"author":[{"embeddable":true,"href":"https:\/\/wp.ufpel.edu.br\/palomino\/wp-json\/wp\/v2\/users\/746"}],"replies":[{"embeddable":true,"href":"https:\/\/wp.ufpel.edu.br\/palomino\/wp-json\/wp\/v2\/comments?post=51"}],"version-history":[{"count":5,"href":"https:\/\/wp.ufpel.edu.br\/palomino\/wp-json\/wp\/v2\/pages\/51\/revisions"}],"predecessor-version":[{"id":303,"href":"https:\/\/wp.ufpel.edu.br\/palomino\/wp-json\/wp\/v2\/pages\/51\/revisions\/303"}],"wp:attachment":[{"href":"https:\/\/wp.ufpel.edu.br\/palomino\/wp-json\/wp\/v2\/media?parent=51"}],"curies":[{"name":"wp","href":"https:\/\/api.w.org\/{rel}","templated":true}]}}