{"id":40,"date":"2017-05-12T17:05:00","date_gmt":"2017-05-12T20:05:00","guid":{"rendered":"https:\/\/wp.ufpel.edu.br\/palomino\/?page_id=40"},"modified":"2025-04-22T10:59:50","modified_gmt":"2025-04-22T13:59:50","slug":"publicacoes","status":"publish","type":"page","link":"https:\/\/wp.ufpel.edu.br\/palomino\/publicacoes\/","title":{"rendered":"Publica\u00e7\u00f5es"},"content":{"rendered":"<p>As principais publica\u00e7\u00f5es de Daniel Palomino:<\/p>\n<p><a href=\"http:\/\/buscatextual.cnpq.br\/buscatextual\/visualizacv.do?id=K4292482H6\" target=\"_blank\" rel=\"noopener\"><strong>Curriculo lattes<\/strong><\/a><\/p>\n<p><strong><a href=\"https:\/\/scholar.google.com.br\/citations?user=GD604aQAAAAJ&amp;hl=pt-BR&amp;oi=ao\" target=\"_blank\" rel=\"noopener\">Google Scholar<\/a><\/strong><\/p>\n<p><strong><a href=\"https:\/\/www.researchgate.net\/profile\/Daniel-Palomino-8\" target=\"_blank\" rel=\"noopener\">ResearchGate<\/a><\/strong><\/p>\n","protected":false},"excerpt":{"rendered":"<p>As principais publica\u00e7\u00f5es de Daniel Palomino: Curriculo lattes Google Scholar ResearchGate<\/p>\n","protected":false},"author":746,"featured_media":0,"parent":0,"menu_order":1,"comment_status":"closed","ping_status":"closed","template":"","meta":{"jetpack_post_was_ever_published":false,"footnotes":""},"class_list":["post-40","page","type-page","status-publish","hentry"],"jetpack_sharing_enabled":true,"jetpack_shortlink":"https:\/\/wp.me\/P8OtrF-E","jetpack-related-posts":[{"id":79,"url":"https:\/\/wp.ufpel.edu.br\/palomino\/publications\/","url_meta":{"origin":40,"position":0},"title":"Publications","author":"palomino","date":"13\/05\/2017","format":false,"excerpt":"Publications: Google Scholar ResearchGate Brazilian lattes curriculum","rel":"","context":"Post similar","block_context":{"text":"Post similar","link":""},"img":{"alt_text":"","src":"","width":0,"height":0},"classes":[]},{"id":4,"url":"https:\/\/wp.ufpel.edu.br\/palomino\/biografia\/","url_meta":{"origin":40,"position":1},"title":"Biografia","author":"palomino","date":"12\/05\/2017","format":false,"excerpt":"Daniel Palomino obteve seu Mestrado e Doutorado em Ci\u00eancia da Computa\u00e7\u00e3o pela Universidade Federal do Rio Grande do Sul (UFRGS) em 2013 e 2017, respectivamente. Desde 2014, \u00e9 Professor no Centro de Engenharias (CENG) da Universidade Federal de Pelotas (UFPel). Ele tamb\u00e9m \u00e9 um dos pesquisadores l\u00edderes do Grupo de\u2026","rel":"","context":"Post similar","block_context":{"text":"Post similar","link":""},"img":{"alt_text":"","src":"","width":0,"height":0},"classes":[]},{"id":56,"url":"https:\/\/wp.ufpel.edu.br\/palomino\/biography\/","url_meta":{"origin":40,"position":2},"title":"Biography","author":"palomino","date":"12\/05\/2017","format":false,"excerpt":"Daniel Palomino received his M.S. and Ph.D. in Computer Science from the Federal University of Rio Grande do Sul (UFRGS) in 2013 and 2017, respectively. Since 2014, he has been a Professor at the Center for Engineering (CENG) of the Federal University of Pelotas (UFPel), Brazil. He is also a\u2026","rel":"","context":"Post similar","block_context":{"text":"Post similar","link":""},"img":{"alt_text":"","src":"","width":0,"height":0},"classes":[]},{"id":51,"url":"https:\/\/wp.ufpel.edu.br\/palomino\/pesquisa\/","url_meta":{"origin":40,"position":3},"title":"Pesquisa","author":"palomino","date":"12\/05\/2017","format":false,"excerpt":"Os principais t\u00f3pticos de pesquisa est\u00e3o no contexto do grupo de pesquisa ViTech\u00a0 (https:\/\/wp.ufpel.edu.br\/vitech\/pt\/pesquisa\/): Redu\u00e7\u00e3o de complexidade para sistemas de codifica\u00e7\u00e3o de v\u00eddeo: otimiza\u00e7\u00e3o de algoritmos para compress\u00e3o de imagem e v\u00eddeo, explora\u00e7\u00e3o de paralelismo usando GPUs e arquiteturas multi processadas. Uso de t\u00e9cnicas de intelig\u00eancia artificial para aumentar a\u2026","rel":"","context":"Post similar","block_context":{"text":"Post similar","link":""},"img":{"alt_text":"","src":"","width":0,"height":0},"classes":[]},{"id":29,"url":"https:\/\/wp.ufpel.edu.br\/palomino\/disciplinas\/","url_meta":{"origin":40,"position":4},"title":"Disciplinas","author":"palomino","date":"12\/05\/2017","format":false,"excerpt":"Algoritmos e Programa\u00e7\u00e3o Linguagens de Programa\u00e7\u00e3o Gerenciamento de Banco de Dados","rel":"","context":"Post similar","block_context":{"text":"Post similar","link":""},"img":{"alt_text":"","src":"","width":0,"height":0},"classes":[]},{"id":89,"url":"https:\/\/wp.ufpel.edu.br\/palomino\/teaching\/","url_meta":{"origin":40,"position":5},"title":"Teaching","author":"palomino","date":"13\/05\/2017","format":false,"excerpt":"Machine Learning Introduction to Algorithms Computers Programming Introduction to Video Coding","rel":"","context":"Post similar","block_context":{"text":"Post similar","link":""},"img":{"alt_text":"","src":"","width":0,"height":0},"classes":[]}],"_links":{"self":[{"href":"https:\/\/wp.ufpel.edu.br\/palomino\/wp-json\/wp\/v2\/pages\/40","targetHints":{"allow":["GET"]}}],"collection":[{"href":"https:\/\/wp.ufpel.edu.br\/palomino\/wp-json\/wp\/v2\/pages"}],"about":[{"href":"https:\/\/wp.ufpel.edu.br\/palomino\/wp-json\/wp\/v2\/types\/page"}],"author":[{"embeddable":true,"href":"https:\/\/wp.ufpel.edu.br\/palomino\/wp-json\/wp\/v2\/users\/746"}],"replies":[{"embeddable":true,"href":"https:\/\/wp.ufpel.edu.br\/palomino\/wp-json\/wp\/v2\/comments?post=40"}],"version-history":[{"count":23,"href":"https:\/\/wp.ufpel.edu.br\/palomino\/wp-json\/wp\/v2\/pages\/40\/revisions"}],"predecessor-version":[{"id":517,"href":"https:\/\/wp.ufpel.edu.br\/palomino\/wp-json\/wp\/v2\/pages\/40\/revisions\/517"}],"wp:attachment":[{"href":"https:\/\/wp.ufpel.edu.br\/palomino\/wp-json\/wp\/v2\/media?parent=40"}],"curies":[{"name":"wp","href":"https:\/\/api.w.org\/{rel}","templated":true}]}}