{"id":4,"date":"2017-05-12T16:20:50","date_gmt":"2017-05-12T19:20:50","guid":{"rendered":"https:\/\/wp.ufpel.edu.br\/palomino\/?page_id=4"},"modified":"2025-04-22T10:54:38","modified_gmt":"2025-04-22T13:54:38","slug":"biografia","status":"publish","type":"page","link":"https:\/\/wp.ufpel.edu.br\/palomino\/biografia\/","title":{"rendered":"Biografia"},"content":{"rendered":"<p>Daniel Palomino obteve seu Mestrado e Doutorado em Ci\u00eancia da Computa\u00e7\u00e3o pela Universidade Federal do Rio Grande do Sul (UFRGS) em 2013 e 2017, respectivamente. Desde 2014, \u00e9 Professor no Centro de Engenharias (CENG) da Universidade Federal de Pelotas (UFPel). Ele tamb\u00e9m \u00e9 um dos pesquisadores l\u00edderes do Grupo de Pesquisa em Tecnologia de V\u00eddeo (ViTech) e membro do corpo docente do Programa de P\u00f3s-Gradua\u00e7\u00e3o em Computa\u00e7\u00e3o (PPGC) da UFPel, onde orienta alunos de Mestrado e Doutorado. A experi\u00eancia internacional do Dr. Palomino inclui um est\u00e1gio de pesquisa de seis meses no Karlsruhe Institute of Technology (KIT), Alemanha, e um per\u00edodo de 11 meses como professor visitante na Universidade de Lisboa, Portugal. Ele \u00e9 autor ou coautor de mais de 90 artigos publicados em peri\u00f3dicos e confer\u00eancias nacionais e internacionais, com foco em sistemas eficientes de codifica\u00e7\u00e3o de v\u00eddeo e aplica\u00e7\u00f5es de aprendizado de m\u00e1quina para processamento de imagens e v\u00eddeos. Ele atuou como Editor Convidado do <b>IEEE Journal on Emerging and Selected Topics in Circuits and Systems (JETCAS)<\/b> e atualmente \u00e9 Editor Associado do <b>IEEE Transactions on Circuits and Systems for Video Technology (TCSVT)<\/b>. Dr. Palomino \u00e9 Presidente do Cap\u00edtulo Rio Grande do Sul da <b>IEEE Signal Processing Society (SPS-RS)<\/b> e membro tanto do Comit\u00ea T\u00e9cnico de Processamento e Comunica\u00e7\u00e3o de Sinais Visuais da IEEE CAS (VSPC-TC) quanto do Comit\u00ea Brasileiro de Codifica\u00e7\u00e3o de \u00c1udio, Imagem, Multim\u00eddia e Hiperm\u00eddia. Seus interesses de pesquisa incluem sistemas de computa\u00e7\u00e3o energeticamente eficientes, arquiteturas de hardware e algoritmos para a codifica\u00e7\u00e3o de imagens e v\u00eddeos.<\/p>\n","protected":false},"excerpt":{"rendered":"<p>Daniel Palomino obteve seu Mestrado e Doutorado em Ci\u00eancia da Computa\u00e7\u00e3o pela Universidade Federal do Rio Grande do Sul (UFRGS) em 2013 e 2017, respectivamente. Desde 2014, \u00e9 Professor no Centro de Engenharias (CENG) da Universidade Federal de Pelotas (UFPel). Ele tamb\u00e9m \u00e9 um dos pesquisadores l\u00edderes do Grupo de Pesquisa em Tecnologia de V\u00eddeo [&hellip;]<\/p>\n","protected":false},"author":746,"featured_media":0,"parent":0,"menu_order":0,"comment_status":"closed","ping_status":"closed","template":"","meta":{"jetpack_post_was_ever_published":false,"footnotes":""},"class_list":["post-4","page","type-page","status-publish","hentry"],"jetpack_sharing_enabled":true,"jetpack_shortlink":"https:\/\/wp.me\/P8OtrF-4","jetpack-related-posts":[{"id":32,"url":"https:\/\/wp.ufpel.edu.br\/palomino\/monografias\/","url_meta":{"origin":4,"position":0},"title":"Monografias","author":"palomino","date":"12\/05\/2017","format":false,"excerpt":"Tese de Doutorado em Ci\u00eancia da Computa\u00e7\u00e3o (Abril 2017) T\u00edtulo: Application-driven temperature-aware solutions for video coding. INF, UFRGS, Porto Alegre, Brasil 2017. Download (Ingl\u00eas) Disserta\u00e7\u00e3o de Mestrado em Ci\u00eancia da Computa\u00e7\u00e3o (Fevereiro 2013) T\u00edtulo: Algorithm and hardware based architectural design targeting the intra-frame prediction of the HEVC video coding standard.\u2026","rel":"","context":"Post similar","block_context":{"text":"Post similar","link":""},"img":{"alt_text":"","src":"","width":0,"height":0},"classes":[]},{"id":56,"url":"https:\/\/wp.ufpel.edu.br\/palomino\/biography\/","url_meta":{"origin":4,"position":1},"title":"Biography","author":"palomino","date":"12\/05\/2017","format":false,"excerpt":"Daniel Palomino received his M.S. and Ph.D. in Computer Science from the Federal University of Rio Grande do Sul (UFRGS) in 2013 and 2017, respectively. Since 2014, he has been a Professor at the Center for Engineering (CENG) of the Federal University of Pelotas (UFPel), Brazil. He is also a\u2026","rel":"","context":"Post similar","block_context":{"text":"Post similar","link":""},"img":{"alt_text":"","src":"","width":0,"height":0},"classes":[]},{"id":51,"url":"https:\/\/wp.ufpel.edu.br\/palomino\/pesquisa\/","url_meta":{"origin":4,"position":2},"title":"Pesquisa","author":"palomino","date":"12\/05\/2017","format":false,"excerpt":"Os principais t\u00f3pticos de pesquisa est\u00e3o no contexto do grupo de pesquisa ViTech\u00a0 (https:\/\/wp.ufpel.edu.br\/vitech\/pt\/pesquisa\/): Redu\u00e7\u00e3o de complexidade para sistemas de codifica\u00e7\u00e3o de v\u00eddeo: otimiza\u00e7\u00e3o de algoritmos para compress\u00e3o de imagem e v\u00eddeo, explora\u00e7\u00e3o de paralelismo usando GPUs e arquiteturas multi processadas. Uso de t\u00e9cnicas de intelig\u00eancia artificial para aumentar a\u2026","rel":"","context":"Post similar","block_context":{"text":"Post similar","link":""},"img":{"alt_text":"","src":"","width":0,"height":0},"classes":[]},{"id":86,"url":"https:\/\/wp.ufpel.edu.br\/palomino\/theses\/","url_meta":{"origin":4,"position":3},"title":"Theses","author":"palomino","date":"13\/05\/2017","format":false,"excerpt":"Ph.D. Thesis (April 2017) Title: Application-driven temperature-aware solutions for video coding. INF, UFRGS, Porto Alegre, Brazil 2017. Download (English) M.Sc. Thesis (February 2013) Title: Algorithm and hardware based architectural design targeting the intra-frame prediction of the HEVC video coding standard. INF, UFRGS, Porto Alegre, Brazil 2013. Download (English) B.Sc. Thesis\u2026","rel":"","context":"Post similar","block_context":{"text":"Post similar","link":""},"img":{"alt_text":"","src":"","width":0,"height":0},"classes":[]},{"id":89,"url":"https:\/\/wp.ufpel.edu.br\/palomino\/teaching\/","url_meta":{"origin":4,"position":4},"title":"Teaching","author":"palomino","date":"13\/05\/2017","format":false,"excerpt":"Machine Learning Introduction to Algorithms Computers Programming Introduction to Video Coding","rel":"","context":"Post similar","block_context":{"text":"Post similar","link":""},"img":{"alt_text":"","src":"","width":0,"height":0},"classes":[]},{"id":40,"url":"https:\/\/wp.ufpel.edu.br\/palomino\/publicacoes\/","url_meta":{"origin":4,"position":5},"title":"Publica\u00e7\u00f5es","author":"palomino","date":"12\/05\/2017","format":false,"excerpt":"As principais publica\u00e7\u00f5es de Daniel Palomino: Curriculo lattes Google Scholar ResearchGate","rel":"","context":"Post similar","block_context":{"text":"Post similar","link":""},"img":{"alt_text":"","src":"","width":0,"height":0},"classes":[]}],"_links":{"self":[{"href":"https:\/\/wp.ufpel.edu.br\/palomino\/wp-json\/wp\/v2\/pages\/4","targetHints":{"allow":["GET"]}}],"collection":[{"href":"https:\/\/wp.ufpel.edu.br\/palomino\/wp-json\/wp\/v2\/pages"}],"about":[{"href":"https:\/\/wp.ufpel.edu.br\/palomino\/wp-json\/wp\/v2\/types\/page"}],"author":[{"embeddable":true,"href":"https:\/\/wp.ufpel.edu.br\/palomino\/wp-json\/wp\/v2\/users\/746"}],"replies":[{"embeddable":true,"href":"https:\/\/wp.ufpel.edu.br\/palomino\/wp-json\/wp\/v2\/comments?post=4"}],"version-history":[{"count":12,"href":"https:\/\/wp.ufpel.edu.br\/palomino\/wp-json\/wp\/v2\/pages\/4\/revisions"}],"predecessor-version":[{"id":516,"href":"https:\/\/wp.ufpel.edu.br\/palomino\/wp-json\/wp\/v2\/pages\/4\/revisions\/516"}],"wp:attachment":[{"href":"https:\/\/wp.ufpel.edu.br\/palomino\/wp-json\/wp\/v2\/media?parent=4"}],"curies":[{"name":"wp","href":"https:\/\/api.w.org\/{rel}","templated":true}]}}