{"id":29,"date":"2017-05-12T16:44:42","date_gmt":"2017-05-12T19:44:42","guid":{"rendered":"https:\/\/wp.ufpel.edu.br\/palomino\/?page_id=29"},"modified":"2017-05-16T14:30:01","modified_gmt":"2017-05-16T17:30:01","slug":"disciplinas","status":"publish","type":"page","link":"https:\/\/wp.ufpel.edu.br\/palomino\/disciplinas\/","title":{"rendered":"Disciplinas"},"content":{"rendered":"<p>Algoritmos e Programa\u00e7\u00e3o<\/p>\n<p>Linguagens de Programa\u00e7\u00e3o<\/p>\n<p>Gerenciamento de Banco de Dados<\/p>\n","protected":false},"excerpt":{"rendered":"<p>Algoritmos e Programa\u00e7\u00e3o Linguagens de Programa\u00e7\u00e3o Gerenciamento de Banco de Dados<\/p>\n","protected":false},"author":746,"featured_media":0,"parent":0,"menu_order":4,"comment_status":"closed","ping_status":"closed","template":"","meta":{"jetpack_post_was_ever_published":false,"footnotes":""},"class_list":["post-29","page","type-page","status-publish","hentry"],"jetpack_sharing_enabled":true,"jetpack_shortlink":"https:\/\/wp.me\/P8OtrF-t","jetpack-related-posts":[{"id":4,"url":"https:\/\/wp.ufpel.edu.br\/palomino\/biografia\/","url_meta":{"origin":29,"position":0},"title":"Biografia","author":"palomino","date":"12\/05\/2017","format":false,"excerpt":"Daniel Palomino obteve seu Mestrado e Doutorado em Ci\u00eancia da Computa\u00e7\u00e3o pela Universidade Federal do Rio Grande do Sul (UFRGS) em 2013 e 2017, respectivamente. Desde 2014, \u00e9 Professor no Centro de Engenharias (CENG) da Universidade Federal de Pelotas (UFPel). Ele tamb\u00e9m \u00e9 um dos pesquisadores l\u00edderes do Grupo de\u2026","rel":"","context":"Post similar","block_context":{"text":"Post similar","link":""},"img":{"alt_text":"","src":"","width":0,"height":0},"classes":[]},{"id":51,"url":"https:\/\/wp.ufpel.edu.br\/palomino\/pesquisa\/","url_meta":{"origin":29,"position":1},"title":"Pesquisa","author":"palomino","date":"12\/05\/2017","format":false,"excerpt":"Os principais t\u00f3pticos de pesquisa est\u00e3o no contexto do grupo de pesquisa ViTech\u00a0 (https:\/\/wp.ufpel.edu.br\/vitech\/pt\/pesquisa\/): Redu\u00e7\u00e3o de complexidade para sistemas de codifica\u00e7\u00e3o de v\u00eddeo: otimiza\u00e7\u00e3o de algoritmos para compress\u00e3o de imagem e v\u00eddeo, explora\u00e7\u00e3o de paralelismo usando GPUs e arquiteturas multi processadas. Uso de t\u00e9cnicas de intelig\u00eancia artificial para aumentar a\u2026","rel":"","context":"Post similar","block_context":{"text":"Post similar","link":""},"img":{"alt_text":"","src":"","width":0,"height":0},"classes":[]}],"_links":{"self":[{"href":"https:\/\/wp.ufpel.edu.br\/palomino\/wp-json\/wp\/v2\/pages\/29","targetHints":{"allow":["GET"]}}],"collection":[{"href":"https:\/\/wp.ufpel.edu.br\/palomino\/wp-json\/wp\/v2\/pages"}],"about":[{"href":"https:\/\/wp.ufpel.edu.br\/palomino\/wp-json\/wp\/v2\/types\/page"}],"author":[{"embeddable":true,"href":"https:\/\/wp.ufpel.edu.br\/palomino\/wp-json\/wp\/v2\/users\/746"}],"replies":[{"embeddable":true,"href":"https:\/\/wp.ufpel.edu.br\/palomino\/wp-json\/wp\/v2\/comments?post=29"}],"version-history":[{"count":4,"href":"https:\/\/wp.ufpel.edu.br\/palomino\/wp-json\/wp\/v2\/pages\/29\/revisions"}],"predecessor-version":[{"id":151,"href":"https:\/\/wp.ufpel.edu.br\/palomino\/wp-json\/wp\/v2\/pages\/29\/revisions\/151"}],"wp:attachment":[{"href":"https:\/\/wp.ufpel.edu.br\/palomino\/wp-json\/wp\/v2\/media?parent=29"}],"curies":[{"name":"wp","href":"https:\/\/api.w.org\/{rel}","templated":true}]}}