{"id":590,"date":"2019-02-12T00:35:15","date_gmt":"2019-02-12T02:35:15","guid":{"rendered":"https:\/\/wp.ufpel.edu.br\/paliativomercosul\/?page_id=590"},"modified":"2019-06-02T20:29:52","modified_gmt":"2019-06-02T23:29:52","slug":"conferencias-mesas","status":"publish","type":"page","link":"https:\/\/wp.ufpel.edu.br\/paliativomercosul\/conferencias-mesas","title":{"rendered":"Confer\u00eancias e Mesas"},"content":{"rendered":"<p><strong><span style=\"font-family: 'Arial','sans-serif'\">13 DE JUNHO \/ QUINTA-FEIRA<\/span><\/strong><\/p>\n<p><strong><u><span style=\"font-family: 'Arial','sans-serif'\">NOITE<\/span><\/u><\/strong><\/p>\n<p>LOCAL: Audit\u00f3rio Externo do Col\u00e9gio Municipal Pelotense (entrada pela Av. Bento Gon\u00e7alves)<\/p>\n<p style=\"text-align: justify\"><strong><span style=\"font-family: 'Arial','sans-serif'\">18:00 \u2013 <\/span><\/strong><span style=\"font-family: 'Arial','sans-serif'\">CREDENCIAMENTO<\/span><\/p>\n<p style=\"text-align: justify\"><span style=\"font-family: 'Arial','sans-serif'\">18:30 \u2013 ABERTURA OFICIAL DO IV CONGRESSO DE CUIDADOS PALIATIVOS DO MERCOSUL<\/span><\/p>\n<p style=\"text-align: justify\"><span style=\"font-family: 'Arial','sans-serif'\">19:00 \u2013 Confer\u00eancia de Abertura: COMUNIDADES CUIDATIVAS \u2013 TODAS PARA OS CUIDADOS PALIATIVOS<br \/>\n<\/span><\/p>\n<p style=\"text-align: justify\"><span style=\"font-family: 'Arial','sans-serif'\">19:40 &#8211; Confer\u00eancia:DEM\u00caNCIAS \/ MD Claudia Burl\u00e1 \/ RJ \/ BR<\/span><\/p>\n<p style=\"text-align: justify\"><span style=\"font-family: 'Arial','sans-serif'\">20:10 &#8211; \u201cCOFFE BREAK\u201d<\/span><\/p>\n<p style=\"text-align: justify\"><span style=\"font-family: 'Arial','sans-serif'\">20:30 &#8211; \u00a0Confer\u00eancia: DIRETIVAS ANTECIPADAS DE VONTADE \u2013 MD Claudia Burl\u00e1 \/ RJ \/ BR<\/span><\/p>\n<p style=\"text-align: justify\"><span style=\"font-family: 'Arial','sans-serif'\">21:10 &#8211; Mesa: \u201cDOULAS DA MORTE\u201d \/ FISIO Ana Anicet e ENF Tatiana Santana \/ RS \/ BR<\/span><\/p>\n<p style=\"text-align: justify\"><span style=\"font-family: 'Arial','sans-serif'\">\u00a0<\/span><\/p>\n<p><strong><span style=\"font-family: 'Arial','sans-serif'\">14 DE JUNHO \/ SEXTA-FEIRA<\/span><\/strong><\/p>\n<p><strong><u><span style=\"font-family: 'Arial','sans-serif'\">TARDE<\/span><\/u><\/strong><\/p>\n<p>LOCAL: Audit\u00f3rio Externo do Col\u00e9gio Municipal Pelotense (entrada pela Av. Bento Gon\u00e7alves)<\/p>\n<p style=\"text-align: justify\"><span style=\"font-family: 'Arial','sans-serif'\">13:30 \u2013 Mesa: <\/span><span style=\"font-family: 'Arial','sans-serif'\">CUIDADOS PALIATIVOS\u00a0<\/span><span style=\"font-family: Arial, sans-serif\">COM COMPROMISSO SOCIAL\u00a0<\/span><span style=\"font-family: 'Arial','sans-serif'\">NA SA\u00daDE SUPLEMENTAR\u00a0 \/ MD Samir Salman &#8211; Hospital Premier \/ SP \/ BR e\u00a0<\/span><span style=\"font-family: 'Arial','sans-serif'\">CUIDADOS PALIATIVOS NA SA\u00daDE P\u00daBLICA \/ MD Julieta Fripp &#8211; Rede de Cuidados Paliativos, CuidATIVA UFPEL\u00a0<\/span><span style=\"font-family: 'Arial','sans-serif'\">\/ RS \/ BR<\/span><\/p>\n<p style=\"text-align: justify\"><span style=\"font-family: 'Arial','sans-serif'\">14:30 \u2013 Confer\u00eancia: OBSTRU\u00c7\u00c3O INTESTINAL MALIGNA \/ MD Claudia Naylor \/ RJ \/ BR<\/span><\/p>\n<p style=\"text-align: justify\"><span style=\"font-family: 'Arial','sans-serif'\">15:10 \u2013 \u201cCOFEE BREAK\u201d<\/span><\/p>\n<p style=\"text-align: justify\"><span style=\"font-family: 'Arial','sans-serif'\">15:30 \u2013 Mesa: EDUCA\u00c7\u00c3O E FORMA\u00c7\u00c3O EM CUIDADOS PALIATIVOS \/ MD Maria Goretti Maciel \/ SP \/ BR e MD Marisa del Valle Perez- Pallium \/ ARGENTNA<\/span><\/p>\n<p style=\"text-align: justify\"><span style=\"font-family: 'Arial','sans-serif'\">16:30 \u2013 Mesa: S\u00cdNDROME DE ANOREXIA E CAQUEXIA \u2013 MD Claudia Naylor \/ RJ \/ BR, NUTRI Caroline Boligon \/ RS \/ BR e ED FISICA (a confirmar)<\/span><\/p>\n<p>17:20 &#8211;\u00a0 Confer\u00eancia:\u00a0 RESSUSCITANDO SONHOS \/ MD Roberto Palmeira \/ RJ \/ BR<\/p>\n<p><strong><u><span style=\"font-family: 'Arial','sans-serif'\">NOITE\u00a0<\/span><\/u><\/strong><\/p>\n<p>LOCAL: Audit\u00f3rio Externo do Col\u00e9gio Municipal Pelotense (entrada pela Av. Bento Gon\u00e7alves)<\/p>\n<p style=\"text-align: justify\"><span style=\"font-family: 'Arial','sans-serif'\">19:00 \u2013 Confer\u00eancia: SOFRIMENTO EXISTENCIAL \/ MD Luis Alberto Saporetti \/ SP \/ BR<\/span><\/p>\n<p style=\"text-align: justify\"><span style=\"font-family: 'Arial','sans-serif'\">19:40 \u2013 Confer\u00eancia: ESTRUTURA\u00c7\u00c3O DE SERVI\u00c7OS DE CUIDADOS PALIATIVOS E CAPTA\u00c7\u00c3O DE RECURSOS COM APOIO DA COMUNIDADE\u00a0 \/ AS SOC Lilian Machado de S\u00e1 \/ MG \/ BR<\/span><\/p>\n<p style=\"text-align: justify\"><span style=\"font-family: 'Arial','sans-serif'\">20:10 \u2013 \u201cCOFEE BREAK\u201d<\/span><\/p>\n<p style=\"text-align: justify\"><span style=\"font-family: 'Arial','sans-serif'\">20:30 \u2013 Mesa: COMPLEXIDADES NA ATEN\u00c7\u00c3O DOMICILIAR: Ventila\u00e7\u00e3o Mec\u00e2nica &#8211; FISIO Vinicius Pafume \/ MG\/ BR;<\/span><span style=\"font-family: 'Arial','sans-serif'\"> Multimorbidades &#8211;<\/span>\u00a0<span style=\"font-family: Arial, sans-serif\">MD Sati Jaber Mahmud \/ RS BR; <\/span><span style=\"font-family: Arial, sans-serif\">A<\/span><span style=\"font-family: Arial, sans-serif\">ntibioticoterapia Injet\u00e1vel (EV\u00a0 e SC) &#8211; <\/span><span style=\"font-family: Arial, sans-serif\">MD Cl\u00f3vis Cechinel \/ PR \/ BR;<\/span><span style=\"font-family: Arial, sans-serif\"> Sofrimento Existencial &#8211; ENF Isabel Arrieira \/ RS \/ BR<\/span><\/p>\n<p><strong><span style=\"font-family: 'Arial','sans-serif'\">15 DE JUNHO\u00a0 \/ S\u00c1BADO<\/span><\/strong><\/p>\n<p><strong><u><span style=\"font-family: 'Arial','sans-serif'\">MANH\u00c3<\/span><\/u><\/strong><\/p>\n<p>LOCAL: Audit\u00f3rio Externo do Col\u00e9gio Municipal Pelotense (entrada pela Av. Bento Gon\u00e7alves)<\/p>\n<p style=\"text-align: justify\"><span style=\"font-family: 'Arial','sans-serif'\">08:30 \u2013 Confer\u00eancia: DOR F\u00cdSICA \u2013 TRATAMENTO MULTIMODAL \/ MD Lucia Miranda dos Santos \/ RS \/ BR\u00a0<\/span><\/p>\n<p style=\"text-align: justify\"><span style=\"font-family: 'Arial','sans-serif'\">09:10 \u2013 Mesa: CUIDADOS PALIATIVOS NA ATEN\u00c7\u00c3O PRIM\u00c1RIA \/ MD Santiago Correa \/ RS \/ BR;\u00a0<\/span><span style=\"font-family: 'Arial','sans-serif'\"> REFERENCIAMENTO DA ATEN\u00c7\u00c3O HOSPITAL AO DOMICILIO: EXPERI\u00caNCIA DE REDE MD Gabriela Piriz Alvarez \/ URUGUAI\u00a0<\/span><\/p>\n<p style=\"text-align: justify\"><span style=\"font-family: 'Arial','sans-serif'\">10:10 \u2013 \u201cCOFEE BREAK\u201d<\/span><\/p>\n<p style=\"text-align: justify\"><span style=\"font-family: 'Arial','sans-serif'\">10:30 \u2013 Confer\u00eancia: SEDA\u00c7\u00c3O PALIATIVA &#8211; Rodrigo K. Castilho \/ RS \/ BR<\/span><\/p>\n<p style=\"text-align: justify\"><span style=\"font-family: 'Arial','sans-serif'\">11:10 &#8211; Mesa: PR\u00c1TICAS INTEGRATIVAS E COMPLEMENTARES EM CUIDADOS PALIATIVOS:\u00a0\u00a0FILOSOFIA CHINESA ENF Katy Cataldo Domingues \/ GO \/ BR e FILOSOFIA INDIANA\u00a0 MD Lucia De Vincenti \/ ARGENTINA<\/span><\/p>\n<p style=\"text-align: justify\"><span style=\"font-family: 'Arial','sans-serif'\">12:10 &#8211; Mesa: CUIDADOS PALIATIVOS E DOEN\u00c7AS NEURODEGENERATIVAS &#8211; MD Rodrigo Moura Valle \/ RS \/ BR e FISIO Victor Pitzer \/ RS \/ BR<br \/>\n<\/span><\/p>\n<p style=\"text-align: justify\"><strong><span style=\"font-family: 'Arial','sans-serif'\">13:10 \u2013 SORTEIO DE BRINDES \/ PREMIA\u00c7\u00c3O DE TRABALHOS \/ AGRADECIMENTOS \/ ENCERRAMENTO<\/span><\/strong><strong><span style=\"font-size: 8.0pt;font-family: 'Arial','sans-serif'\">\u00a0<\/span><\/strong><\/p>\n","protected":false},"excerpt":{"rendered":"<p>13 DE JUNHO \/ QUINTA-FEIRA NOITE LOCAL: Audit\u00f3rio Externo do Col\u00e9gio Municipal Pelotense (entrada pela Av. Bento Gon\u00e7alves) 18:00 \u2013 CREDENCIAMENTO 18:30 \u2013 ABERTURA OFICIAL DO IV CONGRESSO DE CUIDADOS PALIATIVOS DO MERCOSUL 19:00 \u2013 Confer\u00eancia de Abertura: COMUNIDADES CUIDATIVAS \u2013 TODAS PARA OS CUIDADOS PALIATIVOS 19:40 &#8211; Confer\u00eancia:DEM\u00caNCIAS \/ MD Claudia Burl\u00e1 \/ RJ &hellip; <a href=\"https:\/\/wp.ufpel.edu.br\/paliativomercosul\/conferencias-mesas\" class=\"more-link\">Continue lendo <span class=\"screen-reader-text\">Confer\u00eancias e Mesas<\/span> <span class=\"meta-nav\">&rarr;<\/span><\/a><\/p>\n","protected":false},"author":902,"featured_media":0,"parent":0,"menu_order":0,"comment_status":"closed","ping_status":"closed","template":"","meta":{"footnotes":""},"class_list":["post-590","page","type-page","status-publish","hentry"],"yoast_head":"<!-- This site is optimized with the Yoast SEO plugin v26.7 - https:\/\/yoast.com\/wordpress\/plugins\/seo\/ -->\n<title>Confer\u00eancias e Mesas - COMUNIDADES CUIDATIVAS DO MERCOSUL: &quot;TODAS PARA OS CUIDADOS PALIATIVOS&quot;<\/title>\n<meta name=\"robots\" content=\"index, follow, max-snippet:-1, max-image-preview:large, max-video-preview:-1\" \/>\n<link rel=\"canonical\" href=\"https:\/\/wp.ufpel.edu.br\/paliativomercosul\/conferencias-mesas\" \/>\n<meta property=\"og:locale\" content=\"pt_BR\" \/>\n<meta property=\"og:type\" content=\"article\" \/>\n<meta property=\"og:title\" content=\"Confer\u00eancias e Mesas - COMUNIDADES CUIDATIVAS DO MERCOSUL: &quot;TODAS PARA OS CUIDADOS PALIATIVOS&quot;\" \/>\n<meta property=\"og:description\" content=\"13 DE JUNHO \/ QUINTA-FEIRA NOITE LOCAL: Audit\u00f3rio Externo do Col\u00e9gio Municipal Pelotense (entrada pela Av. Bento Gon\u00e7alves) 18:00 \u2013 CREDENCIAMENTO 18:30 \u2013 ABERTURA OFICIAL DO IV CONGRESSO DE CUIDADOS PALIATIVOS DO MERCOSUL 19:00 \u2013 Confer\u00eancia de Abertura: COMUNIDADES CUIDATIVAS \u2013 TODAS PARA OS CUIDADOS PALIATIVOS 19:40 &#8211; Confer\u00eancia:DEM\u00caNCIAS \/ MD Claudia Burl\u00e1 \/ RJ &hellip; Continue lendo Confer\u00eancias e Mesas &rarr;\" \/>\n<meta property=\"og:url\" content=\"https:\/\/wp.ufpel.edu.br\/paliativomercosul\/conferencias-mesas\" \/>\n<meta property=\"og:site_name\" content=\"COMUNIDADES CUIDATIVAS DO MERCOSUL: &quot;TODAS PARA OS CUIDADOS PALIATIVOS&quot;\" \/>\n<meta property=\"article:modified_time\" content=\"2019-06-02T23:29:52+00:00\" \/>\n<meta name=\"twitter:card\" content=\"summary_large_image\" \/>\n<meta name=\"twitter:label1\" content=\"Est. tempo de leitura\" \/>\n\t<meta name=\"twitter:data1\" content=\"2 minutos\" \/>\n<script type=\"application\/ld+json\" class=\"yoast-schema-graph\">{\"@context\":\"https:\/\/schema.org\",\"@graph\":[{\"@type\":\"WebPage\",\"@id\":\"https:\/\/wp.ufpel.edu.br\/paliativomercosul\/conferencias-mesas\",\"url\":\"https:\/\/wp.ufpel.edu.br\/paliativomercosul\/conferencias-mesas\",\"name\":\"Confer\u00eancias e Mesas - COMUNIDADES CUIDATIVAS DO MERCOSUL: &quot;TODAS PARA OS CUIDADOS PALIATIVOS&quot;\",\"isPartOf\":{\"@id\":\"https:\/\/wp.ufpel.edu.br\/paliativomercosul\/#website\"},\"datePublished\":\"2019-02-12T02:35:15+00:00\",\"dateModified\":\"2019-06-02T23:29:52+00:00\",\"breadcrumb\":{\"@id\":\"https:\/\/wp.ufpel.edu.br\/paliativomercosul\/conferencias-mesas#breadcrumb\"},\"inLanguage\":\"pt-BR\",\"potentialAction\":[{\"@type\":\"ReadAction\",\"target\":[\"https:\/\/wp.ufpel.edu.br\/paliativomercosul\/conferencias-mesas\"]}]},{\"@type\":\"BreadcrumbList\",\"@id\":\"https:\/\/wp.ufpel.edu.br\/paliativomercosul\/conferencias-mesas#breadcrumb\",\"itemListElement\":[{\"@type\":\"ListItem\",\"position\":1,\"name\":\"In\u00edcio\",\"item\":\"https:\/\/wp.ufpel.edu.br\/paliativomercosul\"},{\"@type\":\"ListItem\",\"position\":2,\"name\":\"Confer\u00eancias e Mesas\"}]},{\"@type\":\"WebSite\",\"@id\":\"https:\/\/wp.ufpel.edu.br\/paliativomercosul\/#website\",\"url\":\"https:\/\/wp.ufpel.edu.br\/paliativomercosul\/\",\"name\":\"CONGRESSO DE CUIDADOS PALIATIVOS DO MERCOSUL - COMUNIDADES CUIDATIVAS DO MERCOSUL: &quot;TODAS PARA OS CUIDADOS PALIATIVOS&quot;\",\"description\":\"Nos dias 13 a 15 de junho de 2019 venham participar dos debates sobre Cuidados Paliativos, com as COMUNIDADES CUIDATIVAS DO MERCOSUL, em Pelotas - RS - Brasil\",\"publisher\":{\"@id\":\"https:\/\/wp.ufpel.edu.br\/paliativomercosul\/#organization\"},\"potentialAction\":[{\"@type\":\"SearchAction\",\"target\":{\"@type\":\"EntryPoint\",\"urlTemplate\":\"https:\/\/wp.ufpel.edu.br\/paliativomercosul\/?s={search_term_string}\"},\"query-input\":{\"@type\":\"PropertyValueSpecification\",\"valueRequired\":true,\"valueName\":\"search_term_string\"}}],\"inLanguage\":\"pt-BR\"},{\"@type\":\"Organization\",\"@id\":\"https:\/\/wp.ufpel.edu.br\/paliativomercosul\/#organization\",\"name\":\"Instituto Cuidativo\",\"url\":\"https:\/\/wp.ufpel.edu.br\/paliativomercosul\/\",\"logo\":{\"@type\":\"ImageObject\",\"inLanguage\":\"pt-BR\",\"@id\":\"https:\/\/wp.ufpel.edu.br\/paliativomercosul\/#\/schema\/logo\/image\/\",\"url\":\"https:\/\/wp.ufpel.edu.br\/paliativomercosul\/files\/2019\/02\/Instituto-Cuidativo.jpg\",\"contentUrl\":\"https:\/\/wp.ufpel.edu.br\/paliativomercosul\/files\/2019\/02\/Instituto-Cuidativo.jpg\",\"width\":1024,\"height\":710,\"caption\":\"Instituto Cuidativo\"},\"image\":{\"@id\":\"https:\/\/wp.ufpel.edu.br\/paliativomercosul\/#\/schema\/logo\/image\/\"}}]}<\/script>\n<!-- \/ Yoast SEO plugin. -->","yoast_head_json":{"title":"Confer\u00eancias e Mesas - COMUNIDADES CUIDATIVAS DO MERCOSUL: &quot;TODAS PARA OS CUIDADOS PALIATIVOS&quot;","robots":{"index":"index","follow":"follow","max-snippet":"max-snippet:-1","max-image-preview":"max-image-preview:large","max-video-preview":"max-video-preview:-1"},"canonical":"https:\/\/wp.ufpel.edu.br\/paliativomercosul\/conferencias-mesas","og_locale":"pt_BR","og_type":"article","og_title":"Confer\u00eancias e Mesas - COMUNIDADES CUIDATIVAS DO MERCOSUL: &quot;TODAS PARA OS CUIDADOS PALIATIVOS&quot;","og_description":"13 DE JUNHO \/ QUINTA-FEIRA NOITE LOCAL: Audit\u00f3rio Externo do Col\u00e9gio Municipal Pelotense (entrada pela Av. Bento Gon\u00e7alves) 18:00 \u2013 CREDENCIAMENTO 18:30 \u2013 ABERTURA OFICIAL DO IV CONGRESSO DE CUIDADOS PALIATIVOS DO MERCOSUL 19:00 \u2013 Confer\u00eancia de Abertura: COMUNIDADES CUIDATIVAS \u2013 TODAS PARA OS CUIDADOS PALIATIVOS 19:40 &#8211; Confer\u00eancia:DEM\u00caNCIAS \/ MD Claudia Burl\u00e1 \/ RJ &hellip; Continue lendo Confer\u00eancias e Mesas &rarr;","og_url":"https:\/\/wp.ufpel.edu.br\/paliativomercosul\/conferencias-mesas","og_site_name":"COMUNIDADES CUIDATIVAS DO MERCOSUL: &quot;TODAS PARA OS CUIDADOS PALIATIVOS&quot;","article_modified_time":"2019-06-02T23:29:52+00:00","twitter_card":"summary_large_image","twitter_misc":{"Est. tempo de leitura":"2 minutos"},"schema":{"@context":"https:\/\/schema.org","@graph":[{"@type":"WebPage","@id":"https:\/\/wp.ufpel.edu.br\/paliativomercosul\/conferencias-mesas","url":"https:\/\/wp.ufpel.edu.br\/paliativomercosul\/conferencias-mesas","name":"Confer\u00eancias e Mesas - COMUNIDADES CUIDATIVAS DO MERCOSUL: &quot;TODAS PARA OS CUIDADOS PALIATIVOS&quot;","isPartOf":{"@id":"https:\/\/wp.ufpel.edu.br\/paliativomercosul\/#website"},"datePublished":"2019-02-12T02:35:15+00:00","dateModified":"2019-06-02T23:29:52+00:00","breadcrumb":{"@id":"https:\/\/wp.ufpel.edu.br\/paliativomercosul\/conferencias-mesas#breadcrumb"},"inLanguage":"pt-BR","potentialAction":[{"@type":"ReadAction","target":["https:\/\/wp.ufpel.edu.br\/paliativomercosul\/conferencias-mesas"]}]},{"@type":"BreadcrumbList","@id":"https:\/\/wp.ufpel.edu.br\/paliativomercosul\/conferencias-mesas#breadcrumb","itemListElement":[{"@type":"ListItem","position":1,"name":"In\u00edcio","item":"https:\/\/wp.ufpel.edu.br\/paliativomercosul"},{"@type":"ListItem","position":2,"name":"Confer\u00eancias e Mesas"}]},{"@type":"WebSite","@id":"https:\/\/wp.ufpel.edu.br\/paliativomercosul\/#website","url":"https:\/\/wp.ufpel.edu.br\/paliativomercosul\/","name":"CONGRESSO DE CUIDADOS PALIATIVOS DO MERCOSUL - COMUNIDADES CUIDATIVAS DO MERCOSUL: &quot;TODAS PARA OS CUIDADOS PALIATIVOS&quot;","description":"Nos dias 13 a 15 de junho de 2019 venham participar dos debates sobre Cuidados Paliativos, com as COMUNIDADES CUIDATIVAS DO MERCOSUL, em Pelotas - RS - Brasil","publisher":{"@id":"https:\/\/wp.ufpel.edu.br\/paliativomercosul\/#organization"},"potentialAction":[{"@type":"SearchAction","target":{"@type":"EntryPoint","urlTemplate":"https:\/\/wp.ufpel.edu.br\/paliativomercosul\/?s={search_term_string}"},"query-input":{"@type":"PropertyValueSpecification","valueRequired":true,"valueName":"search_term_string"}}],"inLanguage":"pt-BR"},{"@type":"Organization","@id":"https:\/\/wp.ufpel.edu.br\/paliativomercosul\/#organization","name":"Instituto Cuidativo","url":"https:\/\/wp.ufpel.edu.br\/paliativomercosul\/","logo":{"@type":"ImageObject","inLanguage":"pt-BR","@id":"https:\/\/wp.ufpel.edu.br\/paliativomercosul\/#\/schema\/logo\/image\/","url":"https:\/\/wp.ufpel.edu.br\/paliativomercosul\/files\/2019\/02\/Instituto-Cuidativo.jpg","contentUrl":"https:\/\/wp.ufpel.edu.br\/paliativomercosul\/files\/2019\/02\/Instituto-Cuidativo.jpg","width":1024,"height":710,"caption":"Instituto Cuidativo"},"image":{"@id":"https:\/\/wp.ufpel.edu.br\/paliativomercosul\/#\/schema\/logo\/image\/"}}]}},"jetpack_sharing_enabled":true,"_links":{"self":[{"href":"https:\/\/wp.ufpel.edu.br\/paliativomercosul\/wp-json\/wp\/v2\/pages\/590","targetHints":{"allow":["GET"]}}],"collection":[{"href":"https:\/\/wp.ufpel.edu.br\/paliativomercosul\/wp-json\/wp\/v2\/pages"}],"about":[{"href":"https:\/\/wp.ufpel.edu.br\/paliativomercosul\/wp-json\/wp\/v2\/types\/page"}],"author":[{"embeddable":true,"href":"https:\/\/wp.ufpel.edu.br\/paliativomercosul\/wp-json\/wp\/v2\/users\/902"}],"replies":[{"embeddable":true,"href":"https:\/\/wp.ufpel.edu.br\/paliativomercosul\/wp-json\/wp\/v2\/comments?post=590"}],"version-history":[{"count":39,"href":"https:\/\/wp.ufpel.edu.br\/paliativomercosul\/wp-json\/wp\/v2\/pages\/590\/revisions"}],"predecessor-version":[{"id":1073,"href":"https:\/\/wp.ufpel.edu.br\/paliativomercosul\/wp-json\/wp\/v2\/pages\/590\/revisions\/1073"}],"wp:attachment":[{"href":"https:\/\/wp.ufpel.edu.br\/paliativomercosul\/wp-json\/wp\/v2\/media?parent=590"}],"curies":[{"name":"wp","href":"https:\/\/api.w.org\/{rel}","templated":true}]}}