{"id":587,"date":"2019-02-11T23:13:20","date_gmt":"2019-02-12T01:13:20","guid":{"rendered":"https:\/\/wp.ufpel.edu.br\/paliativomercosul\/?page_id=587"},"modified":"2019-06-02T21:23:25","modified_gmt":"2019-06-03T00:23:25","slug":"minicursos-trabalhos","status":"publish","type":"page","link":"https:\/\/wp.ufpel.edu.br\/paliativomercosul\/minicursos-trabalhos","title":{"rendered":"Minicursos"},"content":{"rendered":"<p><strong>Credenciamento 7:30 e 13:30<\/strong><\/p>\n<p>LOCAL: Unidade Cuidativa \/ UFPel <strong> (Av. Duque de Caxias, 104).<\/strong><\/p>\n<p><strong><u>13\/06\u00a0 QUINTA\u00a0 \/\u00a0 MANH\u00c3\u00a0 08:00 \u2013 12:00 <\/u><\/strong><\/p>\n<p style=\"text-align: justify\"><strong>Minicurso 01 (PARTE I)<\/strong>: REABILITA\u00c7\u00c3O F\u00cdSICA PARA PACIENTES ONCOL\u00d3GICOS E N\u00c3O ONCOL\u00d3GICOS (8 hs) \/ Ministrante: MD Claudia Naylor \/ RJ \/ BR; Facilitadores: TO Fernanda Rugno \/ RS \/ BR e ED FIS Florismar Oliveira Thomaz \/ RS \/ BR. <strong>LOCAL: Sala Cicely Saunders &#8211; Cuidativa \/ UFPel (Av. Duque de Caxias, 104).<\/strong><\/p>\n<p style=\"text-align: justify\"><strong>Minicurso 02:<\/strong> DOR F\u00cdSICA \u2013 DIAGN\u00d3STICO E TRATAMENTO (4 hs) \/ Ministrante: MD Leonardo Botelho \/ RS \/ BR. <strong>LOCAL: Audit\u00f3rio da FAMED &#8211; Faculdade de Medicina \/ UFPel (Av. Duque de Caxias, 250).<\/strong><\/p>\n<p><strong>Minicurso 03<\/strong>:<strong> \u201c<\/strong>\u00c9 HORA DE DESCOISAR AS COISAS QUE EST\u00c3O COISADAS&#8221; &#8211; DESENVOLVIMENTO DE COMPET\u00caNCIAS EM CUIDADOS PALIATIVOS (4 hs) \/ Ministrante: FISIO Ana Anicet (EvoluRINDO) \/ RS \/ BR.\u00a0<strong> LOCAL: Sala Sergio Arouca &#8211; Cuidativa \/ UFPel (Av. Duque de Caxias, 104).<\/strong><\/p>\n<p style=\"text-align: justify\"><strong>Minicurso 04: <\/strong>PR\u00c1TICAS INTEGRATIVAS E COMPLEMENTARES (4 hs) \/ Ministrantes: Filosofia Indiana e Chinesa. <strong>LOCAL: Sala\u00a0 1 &#8211; Cuidativa \/ UFPel (Av. Duque de Caxias, 104).<\/strong><\/p>\n<p><strong>12:30 \u2013 APRESENTA\u00c7\u00c3O DE TRABALHOS: P\u00d4STER E ORAL LOCAL: Audit\u00f3rio Externo do Col\u00e9gio Municipal Pelotense ( Rua Marc\u00edlio Dias, 1597 \u2013 entrada pela Av. Bento Gon\u00e7alves).<\/strong><\/p>\n<p><strong>\u00a0<\/strong><strong><u>13\/06\u00a0 QUINTA\u00a0 \/ TARDE\u00a014:00 &#8211; 18:00<\/u><\/strong><\/p>\n<p style=\"text-align: justify\"><strong>Minicurso 01 (PARTE II &#8211; continuidade da manh\u00e3)<\/strong>: REABILITA\u00c7\u00c3O F\u00cdSICA PARA PACIENTES ONCOL\u00d3GICOS E N\u00c3O ONCOL\u00d3GICOS (8 hs) \/ Ministrante: MD Claudia Naylor \/ RJ \/ BR; Facilitadores: TO Fernanda Rugno \/ RS \/ BR e ED FIS Florismar Oliveira Thomaz \/ RS \/ BR. <strong>LOCAL: Sala Cicely Saunders &#8211; Cuidativa \/ UFPel (Av. Duque de Caxias, 104).<\/strong><\/p>\n<p><strong>Minicurso 06:<\/strong> AMPARO SOCIAL E JUR\u00cdDICO \u2013 CUIDADOS PALIATIVOS COMO DIREITO HUMANO (4 hs) \/ Ministrantes: ADV Karinne Goettems dos Santos\/ RS \/ BR,\u00a0 AS\u00a0 SOC Lilian Machado de S\u00e1 \/ MG \/ BR e AS SOC Simone Sanghi \/ RS \/ BR.<strong> LOCAL: Sala\u00a0 1 &#8211; Cuidativa \/ UFPel (Av. Duque de Caxias, 104).<\/strong><\/p>\n<p style=\"text-align: justify\"><strong>Minicurso 07: <\/strong>ASSIST\u00caNCIA AO FINAL DE VIDA &#8211; \u201cDEVER DE TODOS\u201d (4 hs) \/ Ministrantes: MD Maria Goretti Maciel \/ SP \/ BR e MD Samir Salman \/ SP \/ BR. <strong>LOCAL: Audit\u00f3rio da FAMED &#8211; Faculdade de Medicina \/ UFPel (Av. Duque de Caxias, 250).<\/strong><\/p>\n<p style=\"text-align: justify\"><strong>Minicurso 08:<\/strong> LES\u00d5ES DE PELE E ESTOMATERAPIA \/ Ministrantes: ENF Maria Ang\u00e9lica Padilha \/RS \/ BR, ENF Danuza de Souza \/RS \/ BR e ENF Fernanda Trist\u00e3o \/RS \/ BR. <strong>LOCAL: Sala Sergio Arouca &#8211; Cuidativa \/ UFPel (Av. Duque de Caxias, 104).<\/strong><\/p>\n<p><strong><u>14 SEXTA \/ MANH\u00c3 8:00 \u2013 12:00<\/u><\/strong><\/p>\n<p><strong>Minicurso 15<\/strong>:\u00a0 COMUNICA\u00c7\u00c3O E M\u00c1S NOT\u00cdCIAS \/ Ministrantes: FISIO Ana Anicet \/RS \/ BR e PSICO Caroline Santa Rodrigues \/RS \/ BR. <strong>LOCAL: Audit\u00f3rio da FAMED &#8211; Faculdade de Medicina \/ UFPel (Av. Duque de Caxias, 250).<\/strong><\/p>\n<p><strong>Minicurso 16<\/strong>: CUIDADOS PALIATIVOS E TECNOLOGIAS ASSISTIVAS \/ Ministrante: TO\u00a0 Elcio Alteris dos Santos \/ RS \/ BR e TO Willian Gon\u00e7alves Sueiro \/ RS \/ BR. <strong>LOCAL: Sala\u00a0 2 &#8211; Cuidativa \/ UFPel (Av. Duque de Caxias, 104).<\/strong><\/p>\n<p style=\"text-align: justify\"><strong>Minicurso 17:<\/strong> CUIDADOS PALIATIVOS NA ATEN\u00c7\u00c3O DOMICILIAR (4 hs) \/ Ministrantes: SAD Pelotas \/ RS \/ BR, SAD Curitiba \/ PR \/ BR,\u00a0 SAD Porto\u00a0 Alegre \/ RS \/ BR e SAD Uberl\u00e2ndia \/ MG \/ BR. <strong>LOCAL: Sala Cicely Saunders &#8211; Cuidativa \/ UFPel (Av. Duque de Caxias, 104).<\/strong><\/p>\n<p><strong>Minicurso 18<\/strong>: ESPIRITUALIDADE \/ Ministrante: MD Luis Alberto Saporetti \/ SP \/ BR. <strong>LOCAL: Sala Sergio Arouca &#8211; Cuidativa \/ UFPel (Av. Duque de Caxias, 104).<\/strong><\/p>\n<p style=\"text-align: justify\"><strong>Minicurso 19<\/strong>: ESTRUTURA\u00c7\u00c3O E GEST\u00c3O DE SERVI\u00c7OS DE CUIDADOS PALIATIVOS &#8211; COMO EU FA\u00c7O? \/ Ministrantes: MD Julieta Carriconde Fripp \/ RS \/ BR. <strong>LOCAL: Sala\u00a0 1 &#8211; Cuidativa \/ UFPel (Av. Duque de Caxias, 104).<\/strong><\/p>\n<p style=\"text-align: justify\"><strong>12:30 \u2013 APRESENTA\u00c7\u00c3O DE TRABALHOS: P\u00d4STER E ORAL LOCAL: Audit\u00f3rio Externo do Col\u00e9gio Municipal Pelotense ( Rua Marc\u00edlio Dias, 1597 &#8211; entrada pela Av. Bento Gon\u00e7alves).<\/strong><\/p>\n<p>&nbsp;<\/p>\n","protected":false},"excerpt":{"rendered":"<p>Credenciamento 7:30 e 13:30 LOCAL: Unidade Cuidativa \/ UFPel (Av. Duque de Caxias, 104). 13\/06\u00a0 QUINTA\u00a0 \/\u00a0 MANH\u00c3\u00a0 08:00 \u2013 12:00 Minicurso 01 (PARTE I): REABILITA\u00c7\u00c3O F\u00cdSICA PARA PACIENTES ONCOL\u00d3GICOS E N\u00c3O ONCOL\u00d3GICOS (8 hs) \/ Ministrante: MD Claudia Naylor \/ RJ \/ BR; Facilitadores: TO Fernanda Rugno \/ RS \/ BR e ED FIS &hellip; <a href=\"https:\/\/wp.ufpel.edu.br\/paliativomercosul\/minicursos-trabalhos\" class=\"more-link\">Continue lendo <span class=\"screen-reader-text\">Minicursos<\/span> <span class=\"meta-nav\">&rarr;<\/span><\/a><\/p>\n","protected":false},"author":902,"featured_media":0,"parent":0,"menu_order":0,"comment_status":"closed","ping_status":"closed","template":"","meta":{"footnotes":""},"class_list":["post-587","page","type-page","status-publish","hentry"],"yoast_head":"<!-- This site is optimized with the Yoast SEO plugin v26.7 - https:\/\/yoast.com\/wordpress\/plugins\/seo\/ -->\n<title>Minicursos - COMUNIDADES CUIDATIVAS DO MERCOSUL: &quot;TODAS PARA OS CUIDADOS PALIATIVOS&quot;<\/title>\n<meta name=\"robots\" content=\"index, follow, max-snippet:-1, max-image-preview:large, max-video-preview:-1\" \/>\n<link rel=\"canonical\" href=\"https:\/\/wp.ufpel.edu.br\/paliativomercosul\/minicursos-trabalhos\" \/>\n<meta property=\"og:locale\" content=\"pt_BR\" \/>\n<meta property=\"og:type\" content=\"article\" \/>\n<meta property=\"og:title\" content=\"Minicursos - COMUNIDADES CUIDATIVAS DO MERCOSUL: &quot;TODAS PARA OS CUIDADOS PALIATIVOS&quot;\" \/>\n<meta property=\"og:description\" content=\"Credenciamento 7:30 e 13:30 LOCAL: Unidade Cuidativa \/ UFPel (Av. Duque de Caxias, 104). 13\/06\u00a0 QUINTA\u00a0 \/\u00a0 MANH\u00c3\u00a0 08:00 \u2013 12:00 Minicurso 01 (PARTE I): REABILITA\u00c7\u00c3O F\u00cdSICA PARA PACIENTES ONCOL\u00d3GICOS E N\u00c3O ONCOL\u00d3GICOS (8 hs) \/ Ministrante: MD Claudia Naylor \/ RJ \/ BR; Facilitadores: TO Fernanda Rugno \/ RS \/ BR e ED FIS &hellip; Continue lendo Minicursos &rarr;\" \/>\n<meta property=\"og:url\" content=\"https:\/\/wp.ufpel.edu.br\/paliativomercosul\/minicursos-trabalhos\" \/>\n<meta property=\"og:site_name\" content=\"COMUNIDADES CUIDATIVAS DO MERCOSUL: &quot;TODAS PARA OS CUIDADOS PALIATIVOS&quot;\" \/>\n<meta property=\"article:modified_time\" content=\"2019-06-03T00:23:25+00:00\" \/>\n<meta name=\"twitter:card\" content=\"summary_large_image\" \/>\n<meta name=\"twitter:label1\" content=\"Est. tempo de leitura\" \/>\n\t<meta name=\"twitter:data1\" content=\"3 minutos\" \/>\n<script type=\"application\/ld+json\" class=\"yoast-schema-graph\">{\"@context\":\"https:\/\/schema.org\",\"@graph\":[{\"@type\":\"WebPage\",\"@id\":\"https:\/\/wp.ufpel.edu.br\/paliativomercosul\/minicursos-trabalhos\",\"url\":\"https:\/\/wp.ufpel.edu.br\/paliativomercosul\/minicursos-trabalhos\",\"name\":\"Minicursos - COMUNIDADES CUIDATIVAS DO MERCOSUL: &quot;TODAS PARA OS CUIDADOS PALIATIVOS&quot;\",\"isPartOf\":{\"@id\":\"https:\/\/wp.ufpel.edu.br\/paliativomercosul\/#website\"},\"datePublished\":\"2019-02-12T01:13:20+00:00\",\"dateModified\":\"2019-06-03T00:23:25+00:00\",\"breadcrumb\":{\"@id\":\"https:\/\/wp.ufpel.edu.br\/paliativomercosul\/minicursos-trabalhos#breadcrumb\"},\"inLanguage\":\"pt-BR\",\"potentialAction\":[{\"@type\":\"ReadAction\",\"target\":[\"https:\/\/wp.ufpel.edu.br\/paliativomercosul\/minicursos-trabalhos\"]}]},{\"@type\":\"BreadcrumbList\",\"@id\":\"https:\/\/wp.ufpel.edu.br\/paliativomercosul\/minicursos-trabalhos#breadcrumb\",\"itemListElement\":[{\"@type\":\"ListItem\",\"position\":1,\"name\":\"In\u00edcio\",\"item\":\"https:\/\/wp.ufpel.edu.br\/paliativomercosul\"},{\"@type\":\"ListItem\",\"position\":2,\"name\":\"Minicursos\"}]},{\"@type\":\"WebSite\",\"@id\":\"https:\/\/wp.ufpel.edu.br\/paliativomercosul\/#website\",\"url\":\"https:\/\/wp.ufpel.edu.br\/paliativomercosul\/\",\"name\":\"CONGRESSO DE CUIDADOS PALIATIVOS DO MERCOSUL - COMUNIDADES CUIDATIVAS DO MERCOSUL: &quot;TODAS PARA OS CUIDADOS PALIATIVOS&quot;\",\"description\":\"Nos dias 13 a 15 de junho de 2019 venham participar dos debates sobre Cuidados Paliativos, com as COMUNIDADES CUIDATIVAS DO MERCOSUL, em Pelotas - RS - Brasil\",\"publisher\":{\"@id\":\"https:\/\/wp.ufpel.edu.br\/paliativomercosul\/#organization\"},\"potentialAction\":[{\"@type\":\"SearchAction\",\"target\":{\"@type\":\"EntryPoint\",\"urlTemplate\":\"https:\/\/wp.ufpel.edu.br\/paliativomercosul\/?s={search_term_string}\"},\"query-input\":{\"@type\":\"PropertyValueSpecification\",\"valueRequired\":true,\"valueName\":\"search_term_string\"}}],\"inLanguage\":\"pt-BR\"},{\"@type\":\"Organization\",\"@id\":\"https:\/\/wp.ufpel.edu.br\/paliativomercosul\/#organization\",\"name\":\"Instituto Cuidativo\",\"url\":\"https:\/\/wp.ufpel.edu.br\/paliativomercosul\/\",\"logo\":{\"@type\":\"ImageObject\",\"inLanguage\":\"pt-BR\",\"@id\":\"https:\/\/wp.ufpel.edu.br\/paliativomercosul\/#\/schema\/logo\/image\/\",\"url\":\"https:\/\/wp.ufpel.edu.br\/paliativomercosul\/files\/2019\/02\/Instituto-Cuidativo.jpg\",\"contentUrl\":\"https:\/\/wp.ufpel.edu.br\/paliativomercosul\/files\/2019\/02\/Instituto-Cuidativo.jpg\",\"width\":1024,\"height\":710,\"caption\":\"Instituto Cuidativo\"},\"image\":{\"@id\":\"https:\/\/wp.ufpel.edu.br\/paliativomercosul\/#\/schema\/logo\/image\/\"}}]}<\/script>\n<!-- \/ Yoast SEO plugin. -->","yoast_head_json":{"title":"Minicursos - COMUNIDADES CUIDATIVAS DO MERCOSUL: &quot;TODAS PARA OS CUIDADOS PALIATIVOS&quot;","robots":{"index":"index","follow":"follow","max-snippet":"max-snippet:-1","max-image-preview":"max-image-preview:large","max-video-preview":"max-video-preview:-1"},"canonical":"https:\/\/wp.ufpel.edu.br\/paliativomercosul\/minicursos-trabalhos","og_locale":"pt_BR","og_type":"article","og_title":"Minicursos - COMUNIDADES CUIDATIVAS DO MERCOSUL: &quot;TODAS PARA OS CUIDADOS PALIATIVOS&quot;","og_description":"Credenciamento 7:30 e 13:30 LOCAL: Unidade Cuidativa \/ UFPel (Av. Duque de Caxias, 104). 13\/06\u00a0 QUINTA\u00a0 \/\u00a0 MANH\u00c3\u00a0 08:00 \u2013 12:00 Minicurso 01 (PARTE I): REABILITA\u00c7\u00c3O F\u00cdSICA PARA PACIENTES ONCOL\u00d3GICOS E N\u00c3O ONCOL\u00d3GICOS (8 hs) \/ Ministrante: MD Claudia Naylor \/ RJ \/ BR; Facilitadores: TO Fernanda Rugno \/ RS \/ BR e ED FIS &hellip; Continue lendo Minicursos &rarr;","og_url":"https:\/\/wp.ufpel.edu.br\/paliativomercosul\/minicursos-trabalhos","og_site_name":"COMUNIDADES CUIDATIVAS DO MERCOSUL: &quot;TODAS PARA OS CUIDADOS PALIATIVOS&quot;","article_modified_time":"2019-06-03T00:23:25+00:00","twitter_card":"summary_large_image","twitter_misc":{"Est. tempo de leitura":"3 minutos"},"schema":{"@context":"https:\/\/schema.org","@graph":[{"@type":"WebPage","@id":"https:\/\/wp.ufpel.edu.br\/paliativomercosul\/minicursos-trabalhos","url":"https:\/\/wp.ufpel.edu.br\/paliativomercosul\/minicursos-trabalhos","name":"Minicursos - COMUNIDADES CUIDATIVAS DO MERCOSUL: &quot;TODAS PARA OS CUIDADOS PALIATIVOS&quot;","isPartOf":{"@id":"https:\/\/wp.ufpel.edu.br\/paliativomercosul\/#website"},"datePublished":"2019-02-12T01:13:20+00:00","dateModified":"2019-06-03T00:23:25+00:00","breadcrumb":{"@id":"https:\/\/wp.ufpel.edu.br\/paliativomercosul\/minicursos-trabalhos#breadcrumb"},"inLanguage":"pt-BR","potentialAction":[{"@type":"ReadAction","target":["https:\/\/wp.ufpel.edu.br\/paliativomercosul\/minicursos-trabalhos"]}]},{"@type":"BreadcrumbList","@id":"https:\/\/wp.ufpel.edu.br\/paliativomercosul\/minicursos-trabalhos#breadcrumb","itemListElement":[{"@type":"ListItem","position":1,"name":"In\u00edcio","item":"https:\/\/wp.ufpel.edu.br\/paliativomercosul"},{"@type":"ListItem","position":2,"name":"Minicursos"}]},{"@type":"WebSite","@id":"https:\/\/wp.ufpel.edu.br\/paliativomercosul\/#website","url":"https:\/\/wp.ufpel.edu.br\/paliativomercosul\/","name":"CONGRESSO DE CUIDADOS PALIATIVOS DO MERCOSUL - COMUNIDADES CUIDATIVAS DO MERCOSUL: &quot;TODAS PARA OS CUIDADOS PALIATIVOS&quot;","description":"Nos dias 13 a 15 de junho de 2019 venham participar dos debates sobre Cuidados Paliativos, com as COMUNIDADES CUIDATIVAS DO MERCOSUL, em Pelotas - RS - Brasil","publisher":{"@id":"https:\/\/wp.ufpel.edu.br\/paliativomercosul\/#organization"},"potentialAction":[{"@type":"SearchAction","target":{"@type":"EntryPoint","urlTemplate":"https:\/\/wp.ufpel.edu.br\/paliativomercosul\/?s={search_term_string}"},"query-input":{"@type":"PropertyValueSpecification","valueRequired":true,"valueName":"search_term_string"}}],"inLanguage":"pt-BR"},{"@type":"Organization","@id":"https:\/\/wp.ufpel.edu.br\/paliativomercosul\/#organization","name":"Instituto Cuidativo","url":"https:\/\/wp.ufpel.edu.br\/paliativomercosul\/","logo":{"@type":"ImageObject","inLanguage":"pt-BR","@id":"https:\/\/wp.ufpel.edu.br\/paliativomercosul\/#\/schema\/logo\/image\/","url":"https:\/\/wp.ufpel.edu.br\/paliativomercosul\/files\/2019\/02\/Instituto-Cuidativo.jpg","contentUrl":"https:\/\/wp.ufpel.edu.br\/paliativomercosul\/files\/2019\/02\/Instituto-Cuidativo.jpg","width":1024,"height":710,"caption":"Instituto Cuidativo"},"image":{"@id":"https:\/\/wp.ufpel.edu.br\/paliativomercosul\/#\/schema\/logo\/image\/"}}]}},"jetpack_sharing_enabled":true,"_links":{"self":[{"href":"https:\/\/wp.ufpel.edu.br\/paliativomercosul\/wp-json\/wp\/v2\/pages\/587","targetHints":{"allow":["GET"]}}],"collection":[{"href":"https:\/\/wp.ufpel.edu.br\/paliativomercosul\/wp-json\/wp\/v2\/pages"}],"about":[{"href":"https:\/\/wp.ufpel.edu.br\/paliativomercosul\/wp-json\/wp\/v2\/types\/page"}],"author":[{"embeddable":true,"href":"https:\/\/wp.ufpel.edu.br\/paliativomercosul\/wp-json\/wp\/v2\/users\/902"}],"replies":[{"embeddable":true,"href":"https:\/\/wp.ufpel.edu.br\/paliativomercosul\/wp-json\/wp\/v2\/comments?post=587"}],"version-history":[{"count":39,"href":"https:\/\/wp.ufpel.edu.br\/paliativomercosul\/wp-json\/wp\/v2\/pages\/587\/revisions"}],"predecessor-version":[{"id":1076,"href":"https:\/\/wp.ufpel.edu.br\/paliativomercosul\/wp-json\/wp\/v2\/pages\/587\/revisions\/1076"}],"wp:attachment":[{"href":"https:\/\/wp.ufpel.edu.br\/paliativomercosul\/wp-json\/wp\/v2\/media?parent=587"}],"curies":[{"name":"wp","href":"https:\/\/api.w.org\/{rel}","templated":true}]}}