{"id":31,"date":"2019-01-30T13:28:27","date_gmt":"2019-01-30T15:28:27","guid":{"rendered":"https:\/\/wp.ufpel.edu.br\/paliativomercosul\/?page_id=31"},"modified":"2019-02-11T14:25:06","modified_gmt":"2019-02-11T16:25:06","slug":"contato","status":"publish","type":"page","link":"https:\/\/wp.ufpel.edu.br\/paliativomercosul\/contato","title":{"rendered":"CONTATO"},"content":{"rendered":"<p><strong>D\u00favidas sobre Inscri\u00e7\u00f5es e Submiss\u00e3o de Trabalhos?<\/strong><\/p>\n<p><a href=\"https:\/\/doity.com.br\/comunidades-cuidativas\/contato#contato\">\u00a0<\/a><a href=\"https:\/\/doity.com.br\/comunidades-cuidativas\/contato#contato\" target=\"_blank\" rel=\"noopener\"><img loading=\"lazy\" decoding=\"async\" class=\"alignnone wp-image-491\" src=\"https:\/\/wp.ufpel.edu.br\/paliativomercosul\/files\/2019\/02\/Formul\u00e1rio.png\" alt=\"\" width=\"100\" height=\"56\" \/><\/a><\/p>\n<p><img loading=\"lazy\" decoding=\"async\" class=\"wp-image-488\" src=\"https:\/\/wp.ufpel.edu.br\/paliativomercosul\/files\/2019\/02\/whatzapp.jpg\" alt=\"\" width=\"100\" height=\"100\" \/><\/p>\n<p><a href=\"https:\/\/wp.ufpel.edu.br\/paliativomercosul\/e-mail\/\"><img loading=\"lazy\" decoding=\"async\" class=\"alignnone wp-image-533\" src=\"https:\/\/wp.ufpel.edu.br\/paliativomercosul\/files\/2019\/02\/images-2.jpg\" alt=\"\" width=\"100\" height=\"53\" \/><\/a><\/p>\n<p><a href=\"https:\/\/wp.ufpel.edu.br\/paliativomercosul\/recepcao-unidade-cuidativa\/\">\u00a0<\/a><a href=\"https:\/\/wp.ufpel.edu.br\/paliativomercosul\/recepcao-unidade-cuidativa\/\" target=\"_blank\" rel=\"noopener\"><img loading=\"lazy\" decoding=\"async\" class=\"alignnone wp-image-504\" src=\"https:\/\/wp.ufpel.edu.br\/paliativomercosul\/files\/2019\/02\/TELEFONE.jpg\" alt=\"\" width=\"100\" height=\"83\" \/><\/a><\/p>\n<p><a href=\"https:\/\/wp.ufpel.edu.br\/paliativomercosul\/celulares\/\" target=\"_blank\" rel=\"noopener\"><img loading=\"lazy\" decoding=\"async\" class=\"alignnone wp-image-507\" src=\"https:\/\/wp.ufpel.edu.br\/paliativomercosul\/files\/2019\/02\/Celulares.jpg\" alt=\"\" width=\"100\" height=\"59\" \/><\/a><\/p>\n<p><span style=\"font-size: 12pt\"><a href=\"https:\/\/wp.ufpel.edu.br\/paliativomercosul\/endereco\/\" target=\"_blank\" rel=\"noopener\"><img loading=\"lazy\" decoding=\"async\" class=\"alignnone wp-image-497\" src=\"https:\/\/wp.ufpel.edu.br\/paliativomercosul\/files\/2019\/02\/Correios.jpg\" alt=\"\" width=\"100\" height=\"63\" \/><\/a><\/span><\/p>\n<p><a href=\"https:\/\/www.facebook.com\/unidadecuidativapelotas\/\" target=\"_blank\" rel=\"noopener\"><img loading=\"lazy\" decoding=\"async\" class=\"alignnone wp-image-569\" src=\"https:\/\/wp.ufpel.edu.br\/paliativomercosul\/files\/2019\/02\/download.png\" alt=\"\" width=\"100\" height=\"57\" \/><\/a><\/p>\n<p><span style=\"font-size: 12pt\"> <a href=\"https:\/\/wp.ufpel.edu.br\/paliativomercosul\/localizacao\/\" target=\"_blank\" rel=\"https:\/\/wp.ufpel.edu.br\/paliativomercosul\/localizacao\/ noopener\"><img loading=\"lazy\" decoding=\"async\" class=\"alignnone wp-image-494\" src=\"https:\/\/wp.ufpel.edu.br\/paliativomercosul\/files\/2019\/02\/LOCALIZA\u00c7\u00c3O.png\" alt=\"\" width=\"100\" height=\"56\" \/><\/a> <\/span><\/p>\n","protected":false},"excerpt":{"rendered":"<p>D\u00favidas sobre Inscri\u00e7\u00f5es e Submiss\u00e3o de Trabalhos? \u00a0 \u00a0<\/p>\n","protected":false},"author":667,"featured_media":0,"parent":0,"menu_order":0,"comment_status":"closed","ping_status":"closed","template":"","meta":{"footnotes":""},"class_list":["post-31","page","type-page","status-publish","hentry"],"yoast_head":"<!-- This site is optimized with the Yoast SEO plugin v26.7 - https:\/\/yoast.com\/wordpress\/plugins\/seo\/ -->\n<title>CONTATO - COMUNIDADES CUIDATIVAS DO MERCOSUL: &quot;TODAS PARA OS CUIDADOS PALIATIVOS&quot;<\/title>\n<meta name=\"robots\" content=\"index, follow, max-snippet:-1, max-image-preview:large, max-video-preview:-1\" \/>\n<link rel=\"canonical\" href=\"https:\/\/wp.ufpel.edu.br\/paliativomercosul\/contato\" \/>\n<meta property=\"og:locale\" content=\"pt_BR\" \/>\n<meta property=\"og:type\" content=\"article\" \/>\n<meta property=\"og:title\" content=\"CONTATO - COMUNIDADES CUIDATIVAS DO MERCOSUL: &quot;TODAS PARA OS CUIDADOS PALIATIVOS&quot;\" \/>\n<meta property=\"og:description\" content=\"D\u00favidas sobre Inscri\u00e7\u00f5es e Submiss\u00e3o de Trabalhos? \u00a0 \u00a0\" \/>\n<meta property=\"og:url\" content=\"https:\/\/wp.ufpel.edu.br\/paliativomercosul\/contato\" \/>\n<meta property=\"og:site_name\" content=\"COMUNIDADES CUIDATIVAS DO MERCOSUL: &quot;TODAS PARA OS CUIDADOS PALIATIVOS&quot;\" \/>\n<meta property=\"article:modified_time\" content=\"2019-02-11T16:25:06+00:00\" \/>\n<meta property=\"og:image\" content=\"https:\/\/wp.ufpel.edu.br\/paliativomercosul\/files\/2019\/02\/Formul\u00e1rio.png\" \/>\n<meta name=\"twitter:card\" content=\"summary_large_image\" \/>\n<script type=\"application\/ld+json\" class=\"yoast-schema-graph\">{\"@context\":\"https:\/\/schema.org\",\"@graph\":[{\"@type\":\"WebPage\",\"@id\":\"https:\/\/wp.ufpel.edu.br\/paliativomercosul\/contato\",\"url\":\"https:\/\/wp.ufpel.edu.br\/paliativomercosul\/contato\",\"name\":\"CONTATO - COMUNIDADES CUIDATIVAS DO MERCOSUL: &quot;TODAS PARA OS CUIDADOS PALIATIVOS&quot;\",\"isPartOf\":{\"@id\":\"https:\/\/wp.ufpel.edu.br\/paliativomercosul\/#website\"},\"primaryImageOfPage\":{\"@id\":\"https:\/\/wp.ufpel.edu.br\/paliativomercosul\/contato#primaryimage\"},\"image\":{\"@id\":\"https:\/\/wp.ufpel.edu.br\/paliativomercosul\/contato#primaryimage\"},\"thumbnailUrl\":\"https:\/\/wp.ufpel.edu.br\/paliativomercosul\/files\/2019\/02\/whatzapp.jpg\",\"datePublished\":\"2019-01-30T15:28:27+00:00\",\"dateModified\":\"2019-02-11T16:25:06+00:00\",\"breadcrumb\":{\"@id\":\"https:\/\/wp.ufpel.edu.br\/paliativomercosul\/contato#breadcrumb\"},\"inLanguage\":\"pt-BR\",\"potentialAction\":[{\"@type\":\"ReadAction\",\"target\":[\"https:\/\/wp.ufpel.edu.br\/paliativomercosul\/contato\"]}]},{\"@type\":\"ImageObject\",\"inLanguage\":\"pt-BR\",\"@id\":\"https:\/\/wp.ufpel.edu.br\/paliativomercosul\/contato#primaryimage\",\"url\":\"https:\/\/wp.ufpel.edu.br\/paliativomercosul\/files\/2019\/02\/whatzapp.jpg\",\"contentUrl\":\"https:\/\/wp.ufpel.edu.br\/paliativomercosul\/files\/2019\/02\/whatzapp.jpg\"},{\"@type\":\"BreadcrumbList\",\"@id\":\"https:\/\/wp.ufpel.edu.br\/paliativomercosul\/contato#breadcrumb\",\"itemListElement\":[{\"@type\":\"ListItem\",\"position\":1,\"name\":\"In\u00edcio\",\"item\":\"https:\/\/wp.ufpel.edu.br\/paliativomercosul\"},{\"@type\":\"ListItem\",\"position\":2,\"name\":\"CONTATO\"}]},{\"@type\":\"WebSite\",\"@id\":\"https:\/\/wp.ufpel.edu.br\/paliativomercosul\/#website\",\"url\":\"https:\/\/wp.ufpel.edu.br\/paliativomercosul\/\",\"name\":\"CONGRESSO DE CUIDADOS PALIATIVOS DO MERCOSUL - COMUNIDADES CUIDATIVAS DO MERCOSUL: &quot;TODAS PARA OS CUIDADOS PALIATIVOS&quot;\",\"description\":\"Nos dias 13 a 15 de junho de 2019 venham participar dos debates sobre Cuidados Paliativos, com as COMUNIDADES CUIDATIVAS DO MERCOSUL, em Pelotas - RS - Brasil\",\"publisher\":{\"@id\":\"https:\/\/wp.ufpel.edu.br\/paliativomercosul\/#organization\"},\"potentialAction\":[{\"@type\":\"SearchAction\",\"target\":{\"@type\":\"EntryPoint\",\"urlTemplate\":\"https:\/\/wp.ufpel.edu.br\/paliativomercosul\/?s={search_term_string}\"},\"query-input\":{\"@type\":\"PropertyValueSpecification\",\"valueRequired\":true,\"valueName\":\"search_term_string\"}}],\"inLanguage\":\"pt-BR\"},{\"@type\":\"Organization\",\"@id\":\"https:\/\/wp.ufpel.edu.br\/paliativomercosul\/#organization\",\"name\":\"Instituto Cuidativo\",\"url\":\"https:\/\/wp.ufpel.edu.br\/paliativomercosul\/\",\"logo\":{\"@type\":\"ImageObject\",\"inLanguage\":\"pt-BR\",\"@id\":\"https:\/\/wp.ufpel.edu.br\/paliativomercosul\/#\/schema\/logo\/image\/\",\"url\":\"https:\/\/wp.ufpel.edu.br\/paliativomercosul\/files\/2019\/02\/Instituto-Cuidativo.jpg\",\"contentUrl\":\"https:\/\/wp.ufpel.edu.br\/paliativomercosul\/files\/2019\/02\/Instituto-Cuidativo.jpg\",\"width\":1024,\"height\":710,\"caption\":\"Instituto Cuidativo\"},\"image\":{\"@id\":\"https:\/\/wp.ufpel.edu.br\/paliativomercosul\/#\/schema\/logo\/image\/\"}}]}<\/script>\n<!-- \/ Yoast SEO plugin. -->","yoast_head_json":{"title":"CONTATO - COMUNIDADES CUIDATIVAS DO MERCOSUL: &quot;TODAS PARA OS CUIDADOS PALIATIVOS&quot;","robots":{"index":"index","follow":"follow","max-snippet":"max-snippet:-1","max-image-preview":"max-image-preview:large","max-video-preview":"max-video-preview:-1"},"canonical":"https:\/\/wp.ufpel.edu.br\/paliativomercosul\/contato","og_locale":"pt_BR","og_type":"article","og_title":"CONTATO - COMUNIDADES CUIDATIVAS DO MERCOSUL: &quot;TODAS PARA OS CUIDADOS PALIATIVOS&quot;","og_description":"D\u00favidas sobre Inscri\u00e7\u00f5es e Submiss\u00e3o de Trabalhos? \u00a0 \u00a0","og_url":"https:\/\/wp.ufpel.edu.br\/paliativomercosul\/contato","og_site_name":"COMUNIDADES CUIDATIVAS DO MERCOSUL: &quot;TODAS PARA OS CUIDADOS PALIATIVOS&quot;","article_modified_time":"2019-02-11T16:25:06+00:00","og_image":[{"url":"https:\/\/wp.ufpel.edu.br\/paliativomercosul\/files\/2019\/02\/Formul\u00e1rio.png","type":"","width":"","height":""}],"twitter_card":"summary_large_image","schema":{"@context":"https:\/\/schema.org","@graph":[{"@type":"WebPage","@id":"https:\/\/wp.ufpel.edu.br\/paliativomercosul\/contato","url":"https:\/\/wp.ufpel.edu.br\/paliativomercosul\/contato","name":"CONTATO - COMUNIDADES CUIDATIVAS DO MERCOSUL: &quot;TODAS PARA OS CUIDADOS PALIATIVOS&quot;","isPartOf":{"@id":"https:\/\/wp.ufpel.edu.br\/paliativomercosul\/#website"},"primaryImageOfPage":{"@id":"https:\/\/wp.ufpel.edu.br\/paliativomercosul\/contato#primaryimage"},"image":{"@id":"https:\/\/wp.ufpel.edu.br\/paliativomercosul\/contato#primaryimage"},"thumbnailUrl":"https:\/\/wp.ufpel.edu.br\/paliativomercosul\/files\/2019\/02\/whatzapp.jpg","datePublished":"2019-01-30T15:28:27+00:00","dateModified":"2019-02-11T16:25:06+00:00","breadcrumb":{"@id":"https:\/\/wp.ufpel.edu.br\/paliativomercosul\/contato#breadcrumb"},"inLanguage":"pt-BR","potentialAction":[{"@type":"ReadAction","target":["https:\/\/wp.ufpel.edu.br\/paliativomercosul\/contato"]}]},{"@type":"ImageObject","inLanguage":"pt-BR","@id":"https:\/\/wp.ufpel.edu.br\/paliativomercosul\/contato#primaryimage","url":"https:\/\/wp.ufpel.edu.br\/paliativomercosul\/files\/2019\/02\/whatzapp.jpg","contentUrl":"https:\/\/wp.ufpel.edu.br\/paliativomercosul\/files\/2019\/02\/whatzapp.jpg"},{"@type":"BreadcrumbList","@id":"https:\/\/wp.ufpel.edu.br\/paliativomercosul\/contato#breadcrumb","itemListElement":[{"@type":"ListItem","position":1,"name":"In\u00edcio","item":"https:\/\/wp.ufpel.edu.br\/paliativomercosul"},{"@type":"ListItem","position":2,"name":"CONTATO"}]},{"@type":"WebSite","@id":"https:\/\/wp.ufpel.edu.br\/paliativomercosul\/#website","url":"https:\/\/wp.ufpel.edu.br\/paliativomercosul\/","name":"CONGRESSO DE CUIDADOS PALIATIVOS DO MERCOSUL - COMUNIDADES CUIDATIVAS DO MERCOSUL: &quot;TODAS PARA OS CUIDADOS PALIATIVOS&quot;","description":"Nos dias 13 a 15 de junho de 2019 venham participar dos debates sobre Cuidados Paliativos, com as COMUNIDADES CUIDATIVAS DO MERCOSUL, em Pelotas - RS - Brasil","publisher":{"@id":"https:\/\/wp.ufpel.edu.br\/paliativomercosul\/#organization"},"potentialAction":[{"@type":"SearchAction","target":{"@type":"EntryPoint","urlTemplate":"https:\/\/wp.ufpel.edu.br\/paliativomercosul\/?s={search_term_string}"},"query-input":{"@type":"PropertyValueSpecification","valueRequired":true,"valueName":"search_term_string"}}],"inLanguage":"pt-BR"},{"@type":"Organization","@id":"https:\/\/wp.ufpel.edu.br\/paliativomercosul\/#organization","name":"Instituto Cuidativo","url":"https:\/\/wp.ufpel.edu.br\/paliativomercosul\/","logo":{"@type":"ImageObject","inLanguage":"pt-BR","@id":"https:\/\/wp.ufpel.edu.br\/paliativomercosul\/#\/schema\/logo\/image\/","url":"https:\/\/wp.ufpel.edu.br\/paliativomercosul\/files\/2019\/02\/Instituto-Cuidativo.jpg","contentUrl":"https:\/\/wp.ufpel.edu.br\/paliativomercosul\/files\/2019\/02\/Instituto-Cuidativo.jpg","width":1024,"height":710,"caption":"Instituto Cuidativo"},"image":{"@id":"https:\/\/wp.ufpel.edu.br\/paliativomercosul\/#\/schema\/logo\/image\/"}}]}},"jetpack_sharing_enabled":true,"_links":{"self":[{"href":"https:\/\/wp.ufpel.edu.br\/paliativomercosul\/wp-json\/wp\/v2\/pages\/31","targetHints":{"allow":["GET"]}}],"collection":[{"href":"https:\/\/wp.ufpel.edu.br\/paliativomercosul\/wp-json\/wp\/v2\/pages"}],"about":[{"href":"https:\/\/wp.ufpel.edu.br\/paliativomercosul\/wp-json\/wp\/v2\/types\/page"}],"author":[{"embeddable":true,"href":"https:\/\/wp.ufpel.edu.br\/paliativomercosul\/wp-json\/wp\/v2\/users\/667"}],"replies":[{"embeddable":true,"href":"https:\/\/wp.ufpel.edu.br\/paliativomercosul\/wp-json\/wp\/v2\/comments?post=31"}],"version-history":[{"count":54,"href":"https:\/\/wp.ufpel.edu.br\/paliativomercosul\/wp-json\/wp\/v2\/pages\/31\/revisions"}],"predecessor-version":[{"id":570,"href":"https:\/\/wp.ufpel.edu.br\/paliativomercosul\/wp-json\/wp\/v2\/pages\/31\/revisions\/570"}],"wp:attachment":[{"href":"https:\/\/wp.ufpel.edu.br\/paliativomercosul\/wp-json\/wp\/v2\/media?parent=31"}],"curies":[{"name":"wp","href":"https:\/\/api.w.org\/{rel}","templated":true}]}}