{"id":119,"date":"2019-02-01T22:08:42","date_gmt":"2019-02-02T00:08:42","guid":{"rendered":"https:\/\/wp.ufpel.edu.br\/paliativomercosul\/?page_id=119"},"modified":"2019-06-06T09:28:20","modified_gmt":"2019-06-06T12:28:20","slug":"grupos-tematicos","status":"publish","type":"page","link":"https:\/\/wp.ufpel.edu.br\/paliativomercosul\/grupos-tematicos","title":{"rendered":"Apresenta\u00e7\u00f5es Orais"},"content":{"rendered":"<p><span style=\"font-size: 18pt\">Quinta Feira &#8211; 13 de Junho<\/span><\/p>\n<p><a href=\"https:\/\/wp.ufpel.edu.br\/paliativomercosul\/13-06-13-hs-auditorio-do-colegio-m-pelotense-sala-1\/\"><strong><span style=\"font-size: 14pt\">13\/06 &#8211; 13 hs: Audit\u00f3rio do Col\u00e9gio M. Pelotense \/ Sala 1<\/span><\/strong><\/a><\/p>\n<p><a href=\"https:\/\/wp.ufpel.edu.br\/paliativomercosul\/13-06-13-hs-auditorio-do-colegio-m-pelotense-sala-2\/\"><strong><span style=\"font-size: 14pt\">13\/06 &#8211; 13 hs: Audit\u00f3rio do Col\u00e9gio M. Pelotense \/ Sala 2\u00a0<\/span><\/strong><\/a><\/p>\n<p><a href=\"https:\/\/wp.ufpel.edu.br\/paliativomercosul\/13-06-13-hs-auditorio-do-colegio-m-pelotense-sala-3\/\"><strong><span style=\"font-size: 14pt\">13\/06 &#8211; 13 hs: Audit\u00f3rio do Col\u00e9gio M. Pelotense \/ Sala 3<\/span><\/strong><\/a><\/p>\n<p><span style=\"font-size: 18pt\">Sexta Feira &#8211; 14 de Junho<\/span><\/p>\n<p><a href=\"https:\/\/wp.ufpel.edu.br\/paliativomercosul\/14-06-13-hs-auditorio-do-colegio-m-pelotense-sala-1\/\"><span style=\"font-size: 14pt\"><strong>14\/06 &#8211; 13 hs: Audit\u00f3rio do Col\u00e9gio M. Pelotense \/ Sala 1<\/strong><\/span><\/a><\/p>\n<p><a href=\"https:\/\/wp.ufpel.edu.br\/paliativomercosul\/14-06-13-hs-auditorio-do-colegio-m-pelotense-sala-2\/\"><span style=\"font-size: 14pt\"><strong>14\/06 &#8211; 13 hs: Audit\u00f3rio do Col\u00e9gio M. Pelotense \/ Sala 2<\/strong><\/span><\/a><\/p>\n<p><a href=\"https:\/\/wp.ufpel.edu.br\/paliativomercosul\/14-06-13-hs-auditorio-do-colegio-m-pelotense-sala-3\/\"><span style=\"font-size: 14pt\"><strong>14\/06 &#8211; 13 hs: Audit\u00f3rio do Col\u00e9gio M. Pelotense \/ Sala 3<\/strong><\/span><\/a><\/p>\n","protected":false},"excerpt":{"rendered":"<p>Quinta Feira &#8211; 13 de Junho 13\/06 &#8211; 13 hs: Audit\u00f3rio do Col\u00e9gio M. Pelotense \/ Sala 1 13\/06 &#8211; 13 hs: Audit\u00f3rio do Col\u00e9gio M. Pelotense \/ Sala 2\u00a0 13\/06 &#8211; 13 hs: Audit\u00f3rio do Col\u00e9gio M. Pelotense \/ Sala 3 Sexta Feira &#8211; 14 de Junho 14\/06 &#8211; 13 hs: Audit\u00f3rio do Col\u00e9gio &hellip; <a href=\"https:\/\/wp.ufpel.edu.br\/paliativomercosul\/grupos-tematicos\" class=\"more-link\">Continue lendo <span class=\"screen-reader-text\">Apresenta\u00e7\u00f5es Orais<\/span> <span class=\"meta-nav\">&rarr;<\/span><\/a><\/p>\n","protected":false},"author":902,"featured_media":0,"parent":0,"menu_order":0,"comment_status":"closed","ping_status":"closed","template":"","meta":{"footnotes":""},"class_list":["post-119","page","type-page","status-publish","hentry"],"yoast_head":"<!-- This site is optimized with the Yoast SEO plugin v26.7 - https:\/\/yoast.com\/wordpress\/plugins\/seo\/ -->\n<title>Apresenta\u00e7\u00f5es Orais - COMUNIDADES CUIDATIVAS DO MERCOSUL: &quot;TODAS PARA OS CUIDADOS PALIATIVOS&quot;<\/title>\n<meta name=\"robots\" content=\"index, follow, max-snippet:-1, max-image-preview:large, max-video-preview:-1\" \/>\n<link rel=\"canonical\" href=\"https:\/\/wp.ufpel.edu.br\/paliativomercosul\/grupos-tematicos\" \/>\n<meta property=\"og:locale\" content=\"pt_BR\" \/>\n<meta property=\"og:type\" content=\"article\" \/>\n<meta property=\"og:title\" content=\"Apresenta\u00e7\u00f5es Orais - COMUNIDADES CUIDATIVAS DO MERCOSUL: &quot;TODAS PARA OS CUIDADOS PALIATIVOS&quot;\" \/>\n<meta property=\"og:description\" content=\"Quinta Feira &#8211; 13 de Junho 13\/06 &#8211; 13 hs: Audit\u00f3rio do Col\u00e9gio M. Pelotense \/ Sala 1 13\/06 &#8211; 13 hs: Audit\u00f3rio do Col\u00e9gio M. Pelotense \/ Sala 2\u00a0 13\/06 &#8211; 13 hs: Audit\u00f3rio do Col\u00e9gio M. Pelotense \/ Sala 3 Sexta Feira &#8211; 14 de Junho 14\/06 &#8211; 13 hs: Audit\u00f3rio do Col\u00e9gio &hellip; Continue lendo Apresenta\u00e7\u00f5es Orais &rarr;\" \/>\n<meta property=\"og:url\" content=\"https:\/\/wp.ufpel.edu.br\/paliativomercosul\/grupos-tematicos\" \/>\n<meta property=\"og:site_name\" content=\"COMUNIDADES CUIDATIVAS DO MERCOSUL: &quot;TODAS PARA OS CUIDADOS PALIATIVOS&quot;\" \/>\n<meta property=\"article:modified_time\" content=\"2019-06-06T12:28:20+00:00\" \/>\n<meta name=\"twitter:card\" content=\"summary_large_image\" \/>\n<script type=\"application\/ld+json\" class=\"yoast-schema-graph\">{\"@context\":\"https:\/\/schema.org\",\"@graph\":[{\"@type\":\"WebPage\",\"@id\":\"https:\/\/wp.ufpel.edu.br\/paliativomercosul\/grupos-tematicos\",\"url\":\"https:\/\/wp.ufpel.edu.br\/paliativomercosul\/grupos-tematicos\",\"name\":\"Apresenta\u00e7\u00f5es Orais - COMUNIDADES CUIDATIVAS DO MERCOSUL: &quot;TODAS PARA OS CUIDADOS PALIATIVOS&quot;\",\"isPartOf\":{\"@id\":\"https:\/\/wp.ufpel.edu.br\/paliativomercosul\/#website\"},\"datePublished\":\"2019-02-02T00:08:42+00:00\",\"dateModified\":\"2019-06-06T12:28:20+00:00\",\"breadcrumb\":{\"@id\":\"https:\/\/wp.ufpel.edu.br\/paliativomercosul\/grupos-tematicos#breadcrumb\"},\"inLanguage\":\"pt-BR\",\"potentialAction\":[{\"@type\":\"ReadAction\",\"target\":[\"https:\/\/wp.ufpel.edu.br\/paliativomercosul\/grupos-tematicos\"]}]},{\"@type\":\"BreadcrumbList\",\"@id\":\"https:\/\/wp.ufpel.edu.br\/paliativomercosul\/grupos-tematicos#breadcrumb\",\"itemListElement\":[{\"@type\":\"ListItem\",\"position\":1,\"name\":\"In\u00edcio\",\"item\":\"https:\/\/wp.ufpel.edu.br\/paliativomercosul\"},{\"@type\":\"ListItem\",\"position\":2,\"name\":\"Apresenta\u00e7\u00f5es Orais\"}]},{\"@type\":\"WebSite\",\"@id\":\"https:\/\/wp.ufpel.edu.br\/paliativomercosul\/#website\",\"url\":\"https:\/\/wp.ufpel.edu.br\/paliativomercosul\/\",\"name\":\"CONGRESSO DE CUIDADOS PALIATIVOS DO MERCOSUL - COMUNIDADES CUIDATIVAS DO MERCOSUL: &quot;TODAS PARA OS CUIDADOS PALIATIVOS&quot;\",\"description\":\"Nos dias 13 a 15 de junho de 2019 venham participar dos debates sobre Cuidados Paliativos, com as COMUNIDADES CUIDATIVAS DO MERCOSUL, em Pelotas - RS - Brasil\",\"publisher\":{\"@id\":\"https:\/\/wp.ufpel.edu.br\/paliativomercosul\/#organization\"},\"potentialAction\":[{\"@type\":\"SearchAction\",\"target\":{\"@type\":\"EntryPoint\",\"urlTemplate\":\"https:\/\/wp.ufpel.edu.br\/paliativomercosul\/?s={search_term_string}\"},\"query-input\":{\"@type\":\"PropertyValueSpecification\",\"valueRequired\":true,\"valueName\":\"search_term_string\"}}],\"inLanguage\":\"pt-BR\"},{\"@type\":\"Organization\",\"@id\":\"https:\/\/wp.ufpel.edu.br\/paliativomercosul\/#organization\",\"name\":\"Instituto Cuidativo\",\"url\":\"https:\/\/wp.ufpel.edu.br\/paliativomercosul\/\",\"logo\":{\"@type\":\"ImageObject\",\"inLanguage\":\"pt-BR\",\"@id\":\"https:\/\/wp.ufpel.edu.br\/paliativomercosul\/#\/schema\/logo\/image\/\",\"url\":\"https:\/\/wp.ufpel.edu.br\/paliativomercosul\/files\/2019\/02\/Instituto-Cuidativo.jpg\",\"contentUrl\":\"https:\/\/wp.ufpel.edu.br\/paliativomercosul\/files\/2019\/02\/Instituto-Cuidativo.jpg\",\"width\":1024,\"height\":710,\"caption\":\"Instituto Cuidativo\"},\"image\":{\"@id\":\"https:\/\/wp.ufpel.edu.br\/paliativomercosul\/#\/schema\/logo\/image\/\"}}]}<\/script>\n<!-- \/ Yoast SEO plugin. -->","yoast_head_json":{"title":"Apresenta\u00e7\u00f5es Orais - COMUNIDADES CUIDATIVAS DO MERCOSUL: &quot;TODAS PARA OS CUIDADOS PALIATIVOS&quot;","robots":{"index":"index","follow":"follow","max-snippet":"max-snippet:-1","max-image-preview":"max-image-preview:large","max-video-preview":"max-video-preview:-1"},"canonical":"https:\/\/wp.ufpel.edu.br\/paliativomercosul\/grupos-tematicos","og_locale":"pt_BR","og_type":"article","og_title":"Apresenta\u00e7\u00f5es Orais - COMUNIDADES CUIDATIVAS DO MERCOSUL: &quot;TODAS PARA OS CUIDADOS PALIATIVOS&quot;","og_description":"Quinta Feira &#8211; 13 de Junho 13\/06 &#8211; 13 hs: Audit\u00f3rio do Col\u00e9gio M. Pelotense \/ Sala 1 13\/06 &#8211; 13 hs: Audit\u00f3rio do Col\u00e9gio M. Pelotense \/ Sala 2\u00a0 13\/06 &#8211; 13 hs: Audit\u00f3rio do Col\u00e9gio M. Pelotense \/ Sala 3 Sexta Feira &#8211; 14 de Junho 14\/06 &#8211; 13 hs: Audit\u00f3rio do Col\u00e9gio &hellip; Continue lendo Apresenta\u00e7\u00f5es Orais &rarr;","og_url":"https:\/\/wp.ufpel.edu.br\/paliativomercosul\/grupos-tematicos","og_site_name":"COMUNIDADES CUIDATIVAS DO MERCOSUL: &quot;TODAS PARA OS CUIDADOS PALIATIVOS&quot;","article_modified_time":"2019-06-06T12:28:20+00:00","twitter_card":"summary_large_image","schema":{"@context":"https:\/\/schema.org","@graph":[{"@type":"WebPage","@id":"https:\/\/wp.ufpel.edu.br\/paliativomercosul\/grupos-tematicos","url":"https:\/\/wp.ufpel.edu.br\/paliativomercosul\/grupos-tematicos","name":"Apresenta\u00e7\u00f5es Orais - COMUNIDADES CUIDATIVAS DO MERCOSUL: &quot;TODAS PARA OS CUIDADOS PALIATIVOS&quot;","isPartOf":{"@id":"https:\/\/wp.ufpel.edu.br\/paliativomercosul\/#website"},"datePublished":"2019-02-02T00:08:42+00:00","dateModified":"2019-06-06T12:28:20+00:00","breadcrumb":{"@id":"https:\/\/wp.ufpel.edu.br\/paliativomercosul\/grupos-tematicos#breadcrumb"},"inLanguage":"pt-BR","potentialAction":[{"@type":"ReadAction","target":["https:\/\/wp.ufpel.edu.br\/paliativomercosul\/grupos-tematicos"]}]},{"@type":"BreadcrumbList","@id":"https:\/\/wp.ufpel.edu.br\/paliativomercosul\/grupos-tematicos#breadcrumb","itemListElement":[{"@type":"ListItem","position":1,"name":"In\u00edcio","item":"https:\/\/wp.ufpel.edu.br\/paliativomercosul"},{"@type":"ListItem","position":2,"name":"Apresenta\u00e7\u00f5es Orais"}]},{"@type":"WebSite","@id":"https:\/\/wp.ufpel.edu.br\/paliativomercosul\/#website","url":"https:\/\/wp.ufpel.edu.br\/paliativomercosul\/","name":"CONGRESSO DE CUIDADOS PALIATIVOS DO MERCOSUL - COMUNIDADES CUIDATIVAS DO MERCOSUL: &quot;TODAS PARA OS CUIDADOS PALIATIVOS&quot;","description":"Nos dias 13 a 15 de junho de 2019 venham participar dos debates sobre Cuidados Paliativos, com as COMUNIDADES CUIDATIVAS DO MERCOSUL, em Pelotas - RS - Brasil","publisher":{"@id":"https:\/\/wp.ufpel.edu.br\/paliativomercosul\/#organization"},"potentialAction":[{"@type":"SearchAction","target":{"@type":"EntryPoint","urlTemplate":"https:\/\/wp.ufpel.edu.br\/paliativomercosul\/?s={search_term_string}"},"query-input":{"@type":"PropertyValueSpecification","valueRequired":true,"valueName":"search_term_string"}}],"inLanguage":"pt-BR"},{"@type":"Organization","@id":"https:\/\/wp.ufpel.edu.br\/paliativomercosul\/#organization","name":"Instituto Cuidativo","url":"https:\/\/wp.ufpel.edu.br\/paliativomercosul\/","logo":{"@type":"ImageObject","inLanguage":"pt-BR","@id":"https:\/\/wp.ufpel.edu.br\/paliativomercosul\/#\/schema\/logo\/image\/","url":"https:\/\/wp.ufpel.edu.br\/paliativomercosul\/files\/2019\/02\/Instituto-Cuidativo.jpg","contentUrl":"https:\/\/wp.ufpel.edu.br\/paliativomercosul\/files\/2019\/02\/Instituto-Cuidativo.jpg","width":1024,"height":710,"caption":"Instituto Cuidativo"},"image":{"@id":"https:\/\/wp.ufpel.edu.br\/paliativomercosul\/#\/schema\/logo\/image\/"}}]}},"jetpack_sharing_enabled":true,"_links":{"self":[{"href":"https:\/\/wp.ufpel.edu.br\/paliativomercosul\/wp-json\/wp\/v2\/pages\/119","targetHints":{"allow":["GET"]}}],"collection":[{"href":"https:\/\/wp.ufpel.edu.br\/paliativomercosul\/wp-json\/wp\/v2\/pages"}],"about":[{"href":"https:\/\/wp.ufpel.edu.br\/paliativomercosul\/wp-json\/wp\/v2\/types\/page"}],"author":[{"embeddable":true,"href":"https:\/\/wp.ufpel.edu.br\/paliativomercosul\/wp-json\/wp\/v2\/users\/902"}],"replies":[{"embeddable":true,"href":"https:\/\/wp.ufpel.edu.br\/paliativomercosul\/wp-json\/wp\/v2\/comments?post=119"}],"version-history":[{"count":12,"href":"https:\/\/wp.ufpel.edu.br\/paliativomercosul\/wp-json\/wp\/v2\/pages\/119\/revisions"}],"predecessor-version":[{"id":1133,"href":"https:\/\/wp.ufpel.edu.br\/paliativomercosul\/wp-json\/wp\/v2\/pages\/119\/revisions\/1133"}],"wp:attachment":[{"href":"https:\/\/wp.ufpel.edu.br\/paliativomercosul\/wp-json\/wp\/v2\/media?parent=119"}],"curies":[{"name":"wp","href":"https:\/\/api.w.org\/{rel}","templated":true}]}}