{"id":1093,"date":"2019-06-06T07:50:05","date_gmt":"2019-06-06T10:50:05","guid":{"rendered":"https:\/\/wp.ufpel.edu.br\/paliativomercosul\/?page_id=1093"},"modified":"2019-06-06T14:40:14","modified_gmt":"2019-06-06T17:40:14","slug":"14-06-13-hs-auditorio-do-colegio-m-pelotense-sala-1","status":"publish","type":"page","link":"https:\/\/wp.ufpel.edu.br\/paliativomercosul\/14-06-13-hs-auditorio-do-colegio-m-pelotense-sala-1","title":{"rendered":"14\/06 &#8211; 13 hs: Audit\u00f3rio do Col\u00e9gio M. Pelotense \/ Sala 1"},"content":{"rendered":"<table style=\"width: 993px;height: 877px\">\n<tbody>\n<tr>\n<td style=\"width: 103.011px\"><span style=\"font-size: 14pt\">13:00<\/span><\/td>\n<td style=\"width: 120.284px\"><span style=\"font-size: 14pt\">92947<\/span><\/td>\n<td style=\"width: 658.466px\"><span style=\"font-size: 14pt\"><strong>SOBRE A INOMIN\u00c1VEL DOR DO LUTO: CONSTRUINDO NARRATIVAS M\u00c9DICAS COM M\u00c3ES E PAIS QUE VIVENCIARAM A PERDA DE FILHO EM AMBIENTE HOSPITALAR\u00a0<\/strong><\/span><br \/>\n<span style=\"font-size: 14pt\">(Anna Catarina Skacel, Jaqueline da Silva Costa Pinheiro, Beatriz Malafaia, Fatima Cristina Melo Geovanini)<\/span><\/td>\n<td style=\"width: 42.1023px\"><\/td>\n<\/tr>\n<tr>\n<td style=\"width: 103.011px\"><span style=\"font-size: 14pt\">13:15<\/span><\/td>\n<td style=\"width: 120.284px\"><span style=\"font-size: 14pt\">92814<\/span><\/td>\n<td style=\"width: 658.466px\"><span style=\"font-size: 14pt\"><strong>Desafios vivenciados por cuidadores familiares ao realizarem os cuidados corporais com a pessoa em final de vida no domic\u00edlio<\/strong><\/span><br \/>\n<span style=\"font-size: 14pt\">(Simone Braga Martins, Franciele Roberta Cordeiro, Juliana Graciela Vestena Zillmer, Isabel Cristina Oliveira Arrieira, Monike Cruz Martins)<\/span><\/td>\n<td style=\"width: 42.1023px\"><\/td>\n<\/tr>\n<tr>\n<td style=\"width: 103.011px\"><span style=\"font-size: 14pt\">13:30<\/span><\/td>\n<td style=\"width: 120.284px\"><span style=\"font-size: 14pt\">92729<\/span><\/td>\n<td style=\"width: 658.466px\"><span style=\"font-size: 14pt\"><strong>Perfil epidemiol\u00f3gico dos usu\u00e1rios de um servi\u00e7o de aten\u00e7\u00e3o domiciliar do Sul do Brasil<\/strong><\/span><br \/>\n<span style=\"font-size: 14pt\">(Renato Lins Rodrigues, Carla Maciel Marchand, Denise Somavila Przylynski Castro, Tiago Maas, Gabriela de Lemos Uliano)<\/span><\/td>\n<td style=\"width: 42.1023px\"><\/td>\n<\/tr>\n<tr>\n<td style=\"width: 103.011px\"><span style=\"font-size: 14pt\">13:45<\/span><\/td>\n<td style=\"width: 120.284px\"><span style=\"font-size: 14pt\">92706<\/span><\/td>\n<td style=\"width: 658.466px\"><span style=\"font-size: 14pt\"><strong>Desafios dos cuidadores familiares no cuidado ao paciente em final de vida no domic\u00edlio<\/strong><\/span><br \/>\n<span style=\"font-size: 14pt\">(Fernanda Eisenhardt de Mello, Stefanie Griebeler Oliveira, Lucas da Silva Dellalibera, Camila Trindade Coelho, J\u00e9ssica Siqueira Perboni)<\/span><\/td>\n<td style=\"width: 42.1023px\"><\/td>\n<\/tr>\n<\/tbody>\n<\/table>\n<p>&nbsp;<\/p>\n","protected":false},"excerpt":{"rendered":"<p>13:00 92947 SOBRE A INOMIN\u00c1VEL DOR DO LUTO: CONSTRUINDO NARRATIVAS M\u00c9DICAS COM M\u00c3ES E PAIS QUE VIVENCIARAM A PERDA DE FILHO EM AMBIENTE HOSPITALAR\u00a0 (Anna Catarina Skacel, Jaqueline da Silva Costa Pinheiro, Beatriz Malafaia, Fatima Cristina Melo Geovanini) 13:15 92814 Desafios vivenciados por cuidadores familiares ao realizarem os cuidados corporais com a pessoa em final &hellip; <a href=\"https:\/\/wp.ufpel.edu.br\/paliativomercosul\/14-06-13-hs-auditorio-do-colegio-m-pelotense-sala-1\" class=\"more-link\">Continue lendo <span class=\"screen-reader-text\">14\/06 &#8211; 13 hs: Audit\u00f3rio do Col\u00e9gio M. Pelotense \/ Sala 1<\/span> <span class=\"meta-nav\">&rarr;<\/span><\/a><\/p>\n","protected":false},"author":902,"featured_media":0,"parent":0,"menu_order":0,"comment_status":"closed","ping_status":"closed","template":"page-templates\/full-width.php","meta":{"footnotes":""},"class_list":["post-1093","page","type-page","status-publish","hentry"],"yoast_head":"<!-- This site is optimized with the Yoast SEO plugin v26.7 - https:\/\/yoast.com\/wordpress\/plugins\/seo\/ -->\n<title>14\/06 - 13 hs: Audit\u00f3rio do Col\u00e9gio M. Pelotense \/ Sala 1 - COMUNIDADES CUIDATIVAS DO MERCOSUL: &quot;TODAS PARA OS CUIDADOS PALIATIVOS&quot;<\/title>\n<meta name=\"robots\" content=\"index, follow, max-snippet:-1, max-image-preview:large, max-video-preview:-1\" \/>\n<link rel=\"canonical\" href=\"https:\/\/wp.ufpel.edu.br\/paliativomercosul\/14-06-13-hs-auditorio-do-colegio-m-pelotense-sala-1\" \/>\n<meta property=\"og:locale\" content=\"pt_BR\" \/>\n<meta property=\"og:type\" content=\"article\" \/>\n<meta property=\"og:title\" content=\"14\/06 - 13 hs: Audit\u00f3rio do Col\u00e9gio M. Pelotense \/ Sala 1 - COMUNIDADES CUIDATIVAS DO MERCOSUL: &quot;TODAS PARA OS CUIDADOS PALIATIVOS&quot;\" \/>\n<meta property=\"og:description\" content=\"13:00 92947 SOBRE A INOMIN\u00c1VEL DOR DO LUTO: CONSTRUINDO NARRATIVAS M\u00c9DICAS COM M\u00c3ES E PAIS QUE VIVENCIARAM A PERDA DE FILHO EM AMBIENTE HOSPITALAR\u00a0 (Anna Catarina Skacel, Jaqueline da Silva Costa Pinheiro, Beatriz Malafaia, Fatima Cristina Melo Geovanini) 13:15 92814 Desafios vivenciados por cuidadores familiares ao realizarem os cuidados corporais com a pessoa em final &hellip; Continue lendo 14\/06 &#8211; 13 hs: Audit\u00f3rio do Col\u00e9gio M. Pelotense \/ Sala 1 &rarr;\" \/>\n<meta property=\"og:url\" content=\"https:\/\/wp.ufpel.edu.br\/paliativomercosul\/14-06-13-hs-auditorio-do-colegio-m-pelotense-sala-1\" \/>\n<meta property=\"og:site_name\" content=\"COMUNIDADES CUIDATIVAS DO MERCOSUL: &quot;TODAS PARA OS CUIDADOS PALIATIVOS&quot;\" \/>\n<meta property=\"article:modified_time\" content=\"2019-06-06T17:40:14+00:00\" \/>\n<meta name=\"twitter:card\" content=\"summary_large_image\" \/>\n<meta name=\"twitter:label1\" content=\"Est. tempo de leitura\" \/>\n\t<meta name=\"twitter:data1\" content=\"1 minuto\" \/>\n<script type=\"application\/ld+json\" class=\"yoast-schema-graph\">{\"@context\":\"https:\/\/schema.org\",\"@graph\":[{\"@type\":\"WebPage\",\"@id\":\"https:\/\/wp.ufpel.edu.br\/paliativomercosul\/14-06-13-hs-auditorio-do-colegio-m-pelotense-sala-1\",\"url\":\"https:\/\/wp.ufpel.edu.br\/paliativomercosul\/14-06-13-hs-auditorio-do-colegio-m-pelotense-sala-1\",\"name\":\"14\/06 - 13 hs: Audit\u00f3rio do Col\u00e9gio M. Pelotense \/ Sala 1 - COMUNIDADES CUIDATIVAS DO MERCOSUL: &quot;TODAS PARA OS CUIDADOS PALIATIVOS&quot;\",\"isPartOf\":{\"@id\":\"https:\/\/wp.ufpel.edu.br\/paliativomercosul\/#website\"},\"datePublished\":\"2019-06-06T10:50:05+00:00\",\"dateModified\":\"2019-06-06T17:40:14+00:00\",\"breadcrumb\":{\"@id\":\"https:\/\/wp.ufpel.edu.br\/paliativomercosul\/14-06-13-hs-auditorio-do-colegio-m-pelotense-sala-1#breadcrumb\"},\"inLanguage\":\"pt-BR\",\"potentialAction\":[{\"@type\":\"ReadAction\",\"target\":[\"https:\/\/wp.ufpel.edu.br\/paliativomercosul\/14-06-13-hs-auditorio-do-colegio-m-pelotense-sala-1\"]}]},{\"@type\":\"BreadcrumbList\",\"@id\":\"https:\/\/wp.ufpel.edu.br\/paliativomercosul\/14-06-13-hs-auditorio-do-colegio-m-pelotense-sala-1#breadcrumb\",\"itemListElement\":[{\"@type\":\"ListItem\",\"position\":1,\"name\":\"In\u00edcio\",\"item\":\"https:\/\/wp.ufpel.edu.br\/paliativomercosul\"},{\"@type\":\"ListItem\",\"position\":2,\"name\":\"14\/06 &#8211; 13 hs: Audit\u00f3rio do Col\u00e9gio M. Pelotense \/ Sala 1\"}]},{\"@type\":\"WebSite\",\"@id\":\"https:\/\/wp.ufpel.edu.br\/paliativomercosul\/#website\",\"url\":\"https:\/\/wp.ufpel.edu.br\/paliativomercosul\/\",\"name\":\"CONGRESSO DE CUIDADOS PALIATIVOS DO MERCOSUL - COMUNIDADES CUIDATIVAS DO MERCOSUL: &quot;TODAS PARA OS CUIDADOS PALIATIVOS&quot;\",\"description\":\"Nos dias 13 a 15 de junho de 2019 venham participar dos debates sobre Cuidados Paliativos, com as COMUNIDADES CUIDATIVAS DO MERCOSUL, em Pelotas - RS - Brasil\",\"publisher\":{\"@id\":\"https:\/\/wp.ufpel.edu.br\/paliativomercosul\/#organization\"},\"potentialAction\":[{\"@type\":\"SearchAction\",\"target\":{\"@type\":\"EntryPoint\",\"urlTemplate\":\"https:\/\/wp.ufpel.edu.br\/paliativomercosul\/?s={search_term_string}\"},\"query-input\":{\"@type\":\"PropertyValueSpecification\",\"valueRequired\":true,\"valueName\":\"search_term_string\"}}],\"inLanguage\":\"pt-BR\"},{\"@type\":\"Organization\",\"@id\":\"https:\/\/wp.ufpel.edu.br\/paliativomercosul\/#organization\",\"name\":\"Instituto Cuidativo\",\"url\":\"https:\/\/wp.ufpel.edu.br\/paliativomercosul\/\",\"logo\":{\"@type\":\"ImageObject\",\"inLanguage\":\"pt-BR\",\"@id\":\"https:\/\/wp.ufpel.edu.br\/paliativomercosul\/#\/schema\/logo\/image\/\",\"url\":\"https:\/\/wp.ufpel.edu.br\/paliativomercosul\/files\/2019\/02\/Instituto-Cuidativo.jpg\",\"contentUrl\":\"https:\/\/wp.ufpel.edu.br\/paliativomercosul\/files\/2019\/02\/Instituto-Cuidativo.jpg\",\"width\":1024,\"height\":710,\"caption\":\"Instituto Cuidativo\"},\"image\":{\"@id\":\"https:\/\/wp.ufpel.edu.br\/paliativomercosul\/#\/schema\/logo\/image\/\"}}]}<\/script>\n<!-- \/ Yoast SEO plugin. -->","yoast_head_json":{"title":"14\/06 - 13 hs: Audit\u00f3rio do Col\u00e9gio M. Pelotense \/ Sala 1 - COMUNIDADES CUIDATIVAS DO MERCOSUL: &quot;TODAS PARA OS CUIDADOS PALIATIVOS&quot;","robots":{"index":"index","follow":"follow","max-snippet":"max-snippet:-1","max-image-preview":"max-image-preview:large","max-video-preview":"max-video-preview:-1"},"canonical":"https:\/\/wp.ufpel.edu.br\/paliativomercosul\/14-06-13-hs-auditorio-do-colegio-m-pelotense-sala-1","og_locale":"pt_BR","og_type":"article","og_title":"14\/06 - 13 hs: Audit\u00f3rio do Col\u00e9gio M. Pelotense \/ Sala 1 - COMUNIDADES CUIDATIVAS DO MERCOSUL: &quot;TODAS PARA OS CUIDADOS PALIATIVOS&quot;","og_description":"13:00 92947 SOBRE A INOMIN\u00c1VEL DOR DO LUTO: CONSTRUINDO NARRATIVAS M\u00c9DICAS COM M\u00c3ES E PAIS QUE VIVENCIARAM A PERDA DE FILHO EM AMBIENTE HOSPITALAR\u00a0 (Anna Catarina Skacel, Jaqueline da Silva Costa Pinheiro, Beatriz Malafaia, Fatima Cristina Melo Geovanini) 13:15 92814 Desafios vivenciados por cuidadores familiares ao realizarem os cuidados corporais com a pessoa em final &hellip; Continue lendo 14\/06 &#8211; 13 hs: Audit\u00f3rio do Col\u00e9gio M. Pelotense \/ Sala 1 &rarr;","og_url":"https:\/\/wp.ufpel.edu.br\/paliativomercosul\/14-06-13-hs-auditorio-do-colegio-m-pelotense-sala-1","og_site_name":"COMUNIDADES CUIDATIVAS DO MERCOSUL: &quot;TODAS PARA OS CUIDADOS PALIATIVOS&quot;","article_modified_time":"2019-06-06T17:40:14+00:00","twitter_card":"summary_large_image","twitter_misc":{"Est. tempo de leitura":"1 minuto"},"schema":{"@context":"https:\/\/schema.org","@graph":[{"@type":"WebPage","@id":"https:\/\/wp.ufpel.edu.br\/paliativomercosul\/14-06-13-hs-auditorio-do-colegio-m-pelotense-sala-1","url":"https:\/\/wp.ufpel.edu.br\/paliativomercosul\/14-06-13-hs-auditorio-do-colegio-m-pelotense-sala-1","name":"14\/06 - 13 hs: Audit\u00f3rio do Col\u00e9gio M. Pelotense \/ Sala 1 - COMUNIDADES CUIDATIVAS DO MERCOSUL: &quot;TODAS PARA OS CUIDADOS PALIATIVOS&quot;","isPartOf":{"@id":"https:\/\/wp.ufpel.edu.br\/paliativomercosul\/#website"},"datePublished":"2019-06-06T10:50:05+00:00","dateModified":"2019-06-06T17:40:14+00:00","breadcrumb":{"@id":"https:\/\/wp.ufpel.edu.br\/paliativomercosul\/14-06-13-hs-auditorio-do-colegio-m-pelotense-sala-1#breadcrumb"},"inLanguage":"pt-BR","potentialAction":[{"@type":"ReadAction","target":["https:\/\/wp.ufpel.edu.br\/paliativomercosul\/14-06-13-hs-auditorio-do-colegio-m-pelotense-sala-1"]}]},{"@type":"BreadcrumbList","@id":"https:\/\/wp.ufpel.edu.br\/paliativomercosul\/14-06-13-hs-auditorio-do-colegio-m-pelotense-sala-1#breadcrumb","itemListElement":[{"@type":"ListItem","position":1,"name":"In\u00edcio","item":"https:\/\/wp.ufpel.edu.br\/paliativomercosul"},{"@type":"ListItem","position":2,"name":"14\/06 &#8211; 13 hs: Audit\u00f3rio do Col\u00e9gio M. Pelotense \/ Sala 1"}]},{"@type":"WebSite","@id":"https:\/\/wp.ufpel.edu.br\/paliativomercosul\/#website","url":"https:\/\/wp.ufpel.edu.br\/paliativomercosul\/","name":"CONGRESSO DE CUIDADOS PALIATIVOS DO MERCOSUL - COMUNIDADES CUIDATIVAS DO MERCOSUL: &quot;TODAS PARA OS CUIDADOS PALIATIVOS&quot;","description":"Nos dias 13 a 15 de junho de 2019 venham participar dos debates sobre Cuidados Paliativos, com as COMUNIDADES CUIDATIVAS DO MERCOSUL, em Pelotas - RS - Brasil","publisher":{"@id":"https:\/\/wp.ufpel.edu.br\/paliativomercosul\/#organization"},"potentialAction":[{"@type":"SearchAction","target":{"@type":"EntryPoint","urlTemplate":"https:\/\/wp.ufpel.edu.br\/paliativomercosul\/?s={search_term_string}"},"query-input":{"@type":"PropertyValueSpecification","valueRequired":true,"valueName":"search_term_string"}}],"inLanguage":"pt-BR"},{"@type":"Organization","@id":"https:\/\/wp.ufpel.edu.br\/paliativomercosul\/#organization","name":"Instituto Cuidativo","url":"https:\/\/wp.ufpel.edu.br\/paliativomercosul\/","logo":{"@type":"ImageObject","inLanguage":"pt-BR","@id":"https:\/\/wp.ufpel.edu.br\/paliativomercosul\/#\/schema\/logo\/image\/","url":"https:\/\/wp.ufpel.edu.br\/paliativomercosul\/files\/2019\/02\/Instituto-Cuidativo.jpg","contentUrl":"https:\/\/wp.ufpel.edu.br\/paliativomercosul\/files\/2019\/02\/Instituto-Cuidativo.jpg","width":1024,"height":710,"caption":"Instituto Cuidativo"},"image":{"@id":"https:\/\/wp.ufpel.edu.br\/paliativomercosul\/#\/schema\/logo\/image\/"}}]}},"jetpack_sharing_enabled":true,"_links":{"self":[{"href":"https:\/\/wp.ufpel.edu.br\/paliativomercosul\/wp-json\/wp\/v2\/pages\/1093","targetHints":{"allow":["GET"]}}],"collection":[{"href":"https:\/\/wp.ufpel.edu.br\/paliativomercosul\/wp-json\/wp\/v2\/pages"}],"about":[{"href":"https:\/\/wp.ufpel.edu.br\/paliativomercosul\/wp-json\/wp\/v2\/types\/page"}],"author":[{"embeddable":true,"href":"https:\/\/wp.ufpel.edu.br\/paliativomercosul\/wp-json\/wp\/v2\/users\/902"}],"replies":[{"embeddable":true,"href":"https:\/\/wp.ufpel.edu.br\/paliativomercosul\/wp-json\/wp\/v2\/comments?post=1093"}],"version-history":[{"count":6,"href":"https:\/\/wp.ufpel.edu.br\/paliativomercosul\/wp-json\/wp\/v2\/pages\/1093\/revisions"}],"predecessor-version":[{"id":1150,"href":"https:\/\/wp.ufpel.edu.br\/paliativomercosul\/wp-json\/wp\/v2\/pages\/1093\/revisions\/1150"}],"wp:attachment":[{"href":"https:\/\/wp.ufpel.edu.br\/paliativomercosul\/wp-json\/wp\/v2\/media?parent=1093"}],"curies":[{"name":"wp","href":"https:\/\/api.w.org\/{rel}","templated":true}]}}