{"id":1091,"date":"2019-06-06T07:49:33","date_gmt":"2019-06-06T10:49:33","guid":{"rendered":"https:\/\/wp.ufpel.edu.br\/paliativomercosul\/?page_id=1091"},"modified":"2019-06-06T14:39:40","modified_gmt":"2019-06-06T17:39:40","slug":"13-06-13-hs-auditorio-do-colegio-m-pelotense-sala-3","status":"publish","type":"page","link":"https:\/\/wp.ufpel.edu.br\/paliativomercosul\/13-06-13-hs-auditorio-do-colegio-m-pelotense-sala-3","title":{"rendered":"13\/06 &#8211; 13 hs: Audit\u00f3rio do Col\u00e9gio M. Pelotense \/ Sala 3"},"content":{"rendered":"<table style=\"width: 992px;height: 408px\">\n<tbody>\n<tr>\n<td style=\"width: 84.8295px\"><span style=\"font-size: 14pt\">13:00<\/span><\/td>\n<td style=\"width: 122.102px\"><span style=\"font-size: 14pt\">94417<\/span><\/td>\n<td style=\"width: 673.011px\"><span style=\"font-size: 14pt\"><strong>Desafios para a manuten\u00e7\u00e3o do paciente em cuidados paliativos no domic\u00edlio<\/strong><\/span><br \/>\n<span style=\"font-size: 14pt\">(BERLANNY CHRISTINA DE CARVALHO BEZERRA, Stefanie Griebeler Oliveira, Camila Trindade Coelho, J\u00e9ssica Siqueira Perboni, Let\u00edcia Valente Dias)<\/span><\/td>\n<td style=\"width: 43.0114px\"><\/td>\n<\/tr>\n<tr>\n<td style=\"width: 84.8295px\"><span style=\"font-size: 14pt\">13:15<\/span><\/td>\n<td style=\"width: 122.102px\"><span style=\"font-size: 14pt\">93894<\/span><\/td>\n<td style=\"width: 673.011px\"><span style=\"font-size: 14pt\"><strong>Aplica\u00e7\u00e3o de Reiki aos usu\u00e1rios na Unidade Cuidativa<\/strong><\/span><br \/>\n<span style=\"font-size: 14pt\">(B\u00e1rbara Pereira Terres, Adrize Rutz Porto)<\/span><\/td>\n<td style=\"width: 43.0114px\"><\/td>\n<\/tr>\n<tr>\n<td style=\"width: 84.8295px\"><span style=\"font-size: 14pt\">13:30<\/span><\/td>\n<td style=\"width: 122.102px\"><span style=\"font-size: 14pt\">93156<\/span><\/td>\n<td style=\"width: 673.011px\"><span style=\"font-size: 14pt\"><strong>EXPERI\u00caNCIA DE FAM\u00cdLIAS FRENTE AO ADOECIMENTO POR C\u00c2NCER SEM POSSIBILIDADE DE CURA: NOTA PR\u00c9VIA<\/strong><\/span><br \/>\n<span style=\"font-size: 14pt\">(C\u00ednthia Cristina Oliveski, Nara Marilene Oliveira Girardon-Perlini)<\/span><\/td>\n<td style=\"width: 43.0114px\"><\/td>\n<\/tr>\n<tr>\n<td style=\"width: 84.8295px\"><span style=\"font-size: 14pt\">13:45<\/span><\/td>\n<td style=\"width: 122.102px\"><span style=\"font-size: 14pt\">93103<\/span><\/td>\n<td style=\"width: 673.011px\"><span style=\"font-size: 14pt\"><strong>Fam\u00edlia vivenciando a terminalidade da vida por c\u00e2ncer: revis\u00e3o de literatura<\/strong><\/span><br \/>\n<span style=\"font-size: 14pt\">(Amanda Su\u00e9len Monteiro, Nara Marilene Oliveira Girardon-Perlini, Fernanda Crist\u00f3v\u00e3o Martins, Evelyn Boeck dos Santos, C\u00ednthia Cristina Oliveski)<\/span><\/td>\n<td style=\"width: 43.0114px\"><\/td>\n<\/tr>\n<\/tbody>\n<\/table>\n<p>&nbsp;<\/p>\n","protected":false},"excerpt":{"rendered":"<p>13:00 94417 Desafios para a manuten\u00e7\u00e3o do paciente em cuidados paliativos no domic\u00edlio (BERLANNY CHRISTINA DE CARVALHO BEZERRA, Stefanie Griebeler Oliveira, Camila Trindade Coelho, J\u00e9ssica Siqueira Perboni, Let\u00edcia Valente Dias) 13:15 93894 Aplica\u00e7\u00e3o de Reiki aos usu\u00e1rios na Unidade Cuidativa (B\u00e1rbara Pereira Terres, Adrize Rutz Porto) 13:30 93156 EXPERI\u00caNCIA DE FAM\u00cdLIAS FRENTE AO ADOECIMENTO POR &hellip; <a href=\"https:\/\/wp.ufpel.edu.br\/paliativomercosul\/13-06-13-hs-auditorio-do-colegio-m-pelotense-sala-3\" class=\"more-link\">Continue lendo <span class=\"screen-reader-text\">13\/06 &#8211; 13 hs: Audit\u00f3rio do Col\u00e9gio M. Pelotense \/ Sala 3<\/span> <span class=\"meta-nav\">&rarr;<\/span><\/a><\/p>\n","protected":false},"author":902,"featured_media":0,"parent":0,"menu_order":0,"comment_status":"closed","ping_status":"closed","template":"page-templates\/full-width.php","meta":{"footnotes":""},"class_list":["post-1091","page","type-page","status-publish","hentry"],"yoast_head":"<!-- This site is optimized with the Yoast SEO plugin v26.7 - https:\/\/yoast.com\/wordpress\/plugins\/seo\/ -->\n<title>13\/06 - 13 hs: Audit\u00f3rio do Col\u00e9gio M. Pelotense \/ Sala 3 - COMUNIDADES CUIDATIVAS DO MERCOSUL: &quot;TODAS PARA OS CUIDADOS PALIATIVOS&quot;<\/title>\n<meta name=\"robots\" content=\"index, follow, max-snippet:-1, max-image-preview:large, max-video-preview:-1\" \/>\n<link rel=\"canonical\" href=\"https:\/\/wp.ufpel.edu.br\/paliativomercosul\/13-06-13-hs-auditorio-do-colegio-m-pelotense-sala-3\" \/>\n<meta property=\"og:locale\" content=\"pt_BR\" \/>\n<meta property=\"og:type\" content=\"article\" \/>\n<meta property=\"og:title\" content=\"13\/06 - 13 hs: Audit\u00f3rio do Col\u00e9gio M. Pelotense \/ Sala 3 - COMUNIDADES CUIDATIVAS DO MERCOSUL: &quot;TODAS PARA OS CUIDADOS PALIATIVOS&quot;\" \/>\n<meta property=\"og:description\" content=\"13:00 94417 Desafios para a manuten\u00e7\u00e3o do paciente em cuidados paliativos no domic\u00edlio (BERLANNY CHRISTINA DE CARVALHO BEZERRA, Stefanie Griebeler Oliveira, Camila Trindade Coelho, J\u00e9ssica Siqueira Perboni, Let\u00edcia Valente Dias) 13:15 93894 Aplica\u00e7\u00e3o de Reiki aos usu\u00e1rios na Unidade Cuidativa (B\u00e1rbara Pereira Terres, Adrize Rutz Porto) 13:30 93156 EXPERI\u00caNCIA DE FAM\u00cdLIAS FRENTE AO ADOECIMENTO POR &hellip; Continue lendo 13\/06 &#8211; 13 hs: Audit\u00f3rio do Col\u00e9gio M. Pelotense \/ Sala 3 &rarr;\" \/>\n<meta property=\"og:url\" content=\"https:\/\/wp.ufpel.edu.br\/paliativomercosul\/13-06-13-hs-auditorio-do-colegio-m-pelotense-sala-3\" \/>\n<meta property=\"og:site_name\" content=\"COMUNIDADES CUIDATIVAS DO MERCOSUL: &quot;TODAS PARA OS CUIDADOS PALIATIVOS&quot;\" \/>\n<meta property=\"article:modified_time\" content=\"2019-06-06T17:39:40+00:00\" \/>\n<meta name=\"twitter:card\" content=\"summary_large_image\" \/>\n<meta name=\"twitter:label1\" content=\"Est. tempo de leitura\" \/>\n\t<meta name=\"twitter:data1\" content=\"1 minuto\" \/>\n<script type=\"application\/ld+json\" class=\"yoast-schema-graph\">{\"@context\":\"https:\/\/schema.org\",\"@graph\":[{\"@type\":\"WebPage\",\"@id\":\"https:\/\/wp.ufpel.edu.br\/paliativomercosul\/13-06-13-hs-auditorio-do-colegio-m-pelotense-sala-3\",\"url\":\"https:\/\/wp.ufpel.edu.br\/paliativomercosul\/13-06-13-hs-auditorio-do-colegio-m-pelotense-sala-3\",\"name\":\"13\/06 - 13 hs: Audit\u00f3rio do Col\u00e9gio M. Pelotense \/ Sala 3 - COMUNIDADES CUIDATIVAS DO MERCOSUL: &quot;TODAS PARA OS CUIDADOS PALIATIVOS&quot;\",\"isPartOf\":{\"@id\":\"https:\/\/wp.ufpel.edu.br\/paliativomercosul\/#website\"},\"datePublished\":\"2019-06-06T10:49:33+00:00\",\"dateModified\":\"2019-06-06T17:39:40+00:00\",\"breadcrumb\":{\"@id\":\"https:\/\/wp.ufpel.edu.br\/paliativomercosul\/13-06-13-hs-auditorio-do-colegio-m-pelotense-sala-3#breadcrumb\"},\"inLanguage\":\"pt-BR\",\"potentialAction\":[{\"@type\":\"ReadAction\",\"target\":[\"https:\/\/wp.ufpel.edu.br\/paliativomercosul\/13-06-13-hs-auditorio-do-colegio-m-pelotense-sala-3\"]}]},{\"@type\":\"BreadcrumbList\",\"@id\":\"https:\/\/wp.ufpel.edu.br\/paliativomercosul\/13-06-13-hs-auditorio-do-colegio-m-pelotense-sala-3#breadcrumb\",\"itemListElement\":[{\"@type\":\"ListItem\",\"position\":1,\"name\":\"In\u00edcio\",\"item\":\"https:\/\/wp.ufpel.edu.br\/paliativomercosul\"},{\"@type\":\"ListItem\",\"position\":2,\"name\":\"13\/06 &#8211; 13 hs: Audit\u00f3rio do Col\u00e9gio M. Pelotense \/ Sala 3\"}]},{\"@type\":\"WebSite\",\"@id\":\"https:\/\/wp.ufpel.edu.br\/paliativomercosul\/#website\",\"url\":\"https:\/\/wp.ufpel.edu.br\/paliativomercosul\/\",\"name\":\"CONGRESSO DE CUIDADOS PALIATIVOS DO MERCOSUL - COMUNIDADES CUIDATIVAS DO MERCOSUL: &quot;TODAS PARA OS CUIDADOS PALIATIVOS&quot;\",\"description\":\"Nos dias 13 a 15 de junho de 2019 venham participar dos debates sobre Cuidados Paliativos, com as COMUNIDADES CUIDATIVAS DO MERCOSUL, em Pelotas - RS - Brasil\",\"publisher\":{\"@id\":\"https:\/\/wp.ufpel.edu.br\/paliativomercosul\/#organization\"},\"potentialAction\":[{\"@type\":\"SearchAction\",\"target\":{\"@type\":\"EntryPoint\",\"urlTemplate\":\"https:\/\/wp.ufpel.edu.br\/paliativomercosul\/?s={search_term_string}\"},\"query-input\":{\"@type\":\"PropertyValueSpecification\",\"valueRequired\":true,\"valueName\":\"search_term_string\"}}],\"inLanguage\":\"pt-BR\"},{\"@type\":\"Organization\",\"@id\":\"https:\/\/wp.ufpel.edu.br\/paliativomercosul\/#organization\",\"name\":\"Instituto Cuidativo\",\"url\":\"https:\/\/wp.ufpel.edu.br\/paliativomercosul\/\",\"logo\":{\"@type\":\"ImageObject\",\"inLanguage\":\"pt-BR\",\"@id\":\"https:\/\/wp.ufpel.edu.br\/paliativomercosul\/#\/schema\/logo\/image\/\",\"url\":\"https:\/\/wp.ufpel.edu.br\/paliativomercosul\/files\/2019\/02\/Instituto-Cuidativo.jpg\",\"contentUrl\":\"https:\/\/wp.ufpel.edu.br\/paliativomercosul\/files\/2019\/02\/Instituto-Cuidativo.jpg\",\"width\":1024,\"height\":710,\"caption\":\"Instituto Cuidativo\"},\"image\":{\"@id\":\"https:\/\/wp.ufpel.edu.br\/paliativomercosul\/#\/schema\/logo\/image\/\"}}]}<\/script>\n<!-- \/ Yoast SEO plugin. -->","yoast_head_json":{"title":"13\/06 - 13 hs: Audit\u00f3rio do Col\u00e9gio M. Pelotense \/ Sala 3 - COMUNIDADES CUIDATIVAS DO MERCOSUL: &quot;TODAS PARA OS CUIDADOS PALIATIVOS&quot;","robots":{"index":"index","follow":"follow","max-snippet":"max-snippet:-1","max-image-preview":"max-image-preview:large","max-video-preview":"max-video-preview:-1"},"canonical":"https:\/\/wp.ufpel.edu.br\/paliativomercosul\/13-06-13-hs-auditorio-do-colegio-m-pelotense-sala-3","og_locale":"pt_BR","og_type":"article","og_title":"13\/06 - 13 hs: Audit\u00f3rio do Col\u00e9gio M. Pelotense \/ Sala 3 - COMUNIDADES CUIDATIVAS DO MERCOSUL: &quot;TODAS PARA OS CUIDADOS PALIATIVOS&quot;","og_description":"13:00 94417 Desafios para a manuten\u00e7\u00e3o do paciente em cuidados paliativos no domic\u00edlio (BERLANNY CHRISTINA DE CARVALHO BEZERRA, Stefanie Griebeler Oliveira, Camila Trindade Coelho, J\u00e9ssica Siqueira Perboni, Let\u00edcia Valente Dias) 13:15 93894 Aplica\u00e7\u00e3o de Reiki aos usu\u00e1rios na Unidade Cuidativa (B\u00e1rbara Pereira Terres, Adrize Rutz Porto) 13:30 93156 EXPERI\u00caNCIA DE FAM\u00cdLIAS FRENTE AO ADOECIMENTO POR &hellip; Continue lendo 13\/06 &#8211; 13 hs: Audit\u00f3rio do Col\u00e9gio M. Pelotense \/ Sala 3 &rarr;","og_url":"https:\/\/wp.ufpel.edu.br\/paliativomercosul\/13-06-13-hs-auditorio-do-colegio-m-pelotense-sala-3","og_site_name":"COMUNIDADES CUIDATIVAS DO MERCOSUL: &quot;TODAS PARA OS CUIDADOS PALIATIVOS&quot;","article_modified_time":"2019-06-06T17:39:40+00:00","twitter_card":"summary_large_image","twitter_misc":{"Est. tempo de leitura":"1 minuto"},"schema":{"@context":"https:\/\/schema.org","@graph":[{"@type":"WebPage","@id":"https:\/\/wp.ufpel.edu.br\/paliativomercosul\/13-06-13-hs-auditorio-do-colegio-m-pelotense-sala-3","url":"https:\/\/wp.ufpel.edu.br\/paliativomercosul\/13-06-13-hs-auditorio-do-colegio-m-pelotense-sala-3","name":"13\/06 - 13 hs: Audit\u00f3rio do Col\u00e9gio M. Pelotense \/ Sala 3 - COMUNIDADES CUIDATIVAS DO MERCOSUL: &quot;TODAS PARA OS CUIDADOS PALIATIVOS&quot;","isPartOf":{"@id":"https:\/\/wp.ufpel.edu.br\/paliativomercosul\/#website"},"datePublished":"2019-06-06T10:49:33+00:00","dateModified":"2019-06-06T17:39:40+00:00","breadcrumb":{"@id":"https:\/\/wp.ufpel.edu.br\/paliativomercosul\/13-06-13-hs-auditorio-do-colegio-m-pelotense-sala-3#breadcrumb"},"inLanguage":"pt-BR","potentialAction":[{"@type":"ReadAction","target":["https:\/\/wp.ufpel.edu.br\/paliativomercosul\/13-06-13-hs-auditorio-do-colegio-m-pelotense-sala-3"]}]},{"@type":"BreadcrumbList","@id":"https:\/\/wp.ufpel.edu.br\/paliativomercosul\/13-06-13-hs-auditorio-do-colegio-m-pelotense-sala-3#breadcrumb","itemListElement":[{"@type":"ListItem","position":1,"name":"In\u00edcio","item":"https:\/\/wp.ufpel.edu.br\/paliativomercosul"},{"@type":"ListItem","position":2,"name":"13\/06 &#8211; 13 hs: Audit\u00f3rio do Col\u00e9gio M. Pelotense \/ Sala 3"}]},{"@type":"WebSite","@id":"https:\/\/wp.ufpel.edu.br\/paliativomercosul\/#website","url":"https:\/\/wp.ufpel.edu.br\/paliativomercosul\/","name":"CONGRESSO DE CUIDADOS PALIATIVOS DO MERCOSUL - COMUNIDADES CUIDATIVAS DO MERCOSUL: &quot;TODAS PARA OS CUIDADOS PALIATIVOS&quot;","description":"Nos dias 13 a 15 de junho de 2019 venham participar dos debates sobre Cuidados Paliativos, com as COMUNIDADES CUIDATIVAS DO MERCOSUL, em Pelotas - RS - Brasil","publisher":{"@id":"https:\/\/wp.ufpel.edu.br\/paliativomercosul\/#organization"},"potentialAction":[{"@type":"SearchAction","target":{"@type":"EntryPoint","urlTemplate":"https:\/\/wp.ufpel.edu.br\/paliativomercosul\/?s={search_term_string}"},"query-input":{"@type":"PropertyValueSpecification","valueRequired":true,"valueName":"search_term_string"}}],"inLanguage":"pt-BR"},{"@type":"Organization","@id":"https:\/\/wp.ufpel.edu.br\/paliativomercosul\/#organization","name":"Instituto Cuidativo","url":"https:\/\/wp.ufpel.edu.br\/paliativomercosul\/","logo":{"@type":"ImageObject","inLanguage":"pt-BR","@id":"https:\/\/wp.ufpel.edu.br\/paliativomercosul\/#\/schema\/logo\/image\/","url":"https:\/\/wp.ufpel.edu.br\/paliativomercosul\/files\/2019\/02\/Instituto-Cuidativo.jpg","contentUrl":"https:\/\/wp.ufpel.edu.br\/paliativomercosul\/files\/2019\/02\/Instituto-Cuidativo.jpg","width":1024,"height":710,"caption":"Instituto Cuidativo"},"image":{"@id":"https:\/\/wp.ufpel.edu.br\/paliativomercosul\/#\/schema\/logo\/image\/"}}]}},"jetpack_sharing_enabled":true,"_links":{"self":[{"href":"https:\/\/wp.ufpel.edu.br\/paliativomercosul\/wp-json\/wp\/v2\/pages\/1091","targetHints":{"allow":["GET"]}}],"collection":[{"href":"https:\/\/wp.ufpel.edu.br\/paliativomercosul\/wp-json\/wp\/v2\/pages"}],"about":[{"href":"https:\/\/wp.ufpel.edu.br\/paliativomercosul\/wp-json\/wp\/v2\/types\/page"}],"author":[{"embeddable":true,"href":"https:\/\/wp.ufpel.edu.br\/paliativomercosul\/wp-json\/wp\/v2\/users\/902"}],"replies":[{"embeddable":true,"href":"https:\/\/wp.ufpel.edu.br\/paliativomercosul\/wp-json\/wp\/v2\/comments?post=1091"}],"version-history":[{"count":4,"href":"https:\/\/wp.ufpel.edu.br\/paliativomercosul\/wp-json\/wp\/v2\/pages\/1091\/revisions"}],"predecessor-version":[{"id":1149,"href":"https:\/\/wp.ufpel.edu.br\/paliativomercosul\/wp-json\/wp\/v2\/pages\/1091\/revisions\/1149"}],"wp:attachment":[{"href":"https:\/\/wp.ufpel.edu.br\/paliativomercosul\/wp-json\/wp\/v2\/media?parent=1091"}],"curies":[{"name":"wp","href":"https:\/\/api.w.org\/{rel}","templated":true}]}}