{"id":1089,"date":"2019-06-06T07:48:00","date_gmt":"2019-06-06T10:48:00","guid":{"rendered":"https:\/\/wp.ufpel.edu.br\/paliativomercosul\/?page_id=1089"},"modified":"2019-06-06T19:25:35","modified_gmt":"2019-06-06T22:25:35","slug":"13-06-13-hs-auditorio-do-colegio-m-pelotense-sala-2","status":"publish","type":"page","link":"https:\/\/wp.ufpel.edu.br\/paliativomercosul\/13-06-13-hs-auditorio-do-colegio-m-pelotense-sala-2","title":{"rendered":"13\/06 &#8211; 13 hs: Audit\u00f3rio do Col\u00e9gio M. Pelotense \/ Sala 2"},"content":{"rendered":"<table style=\"width: 963px;height: 964px\">\n<tbody>\n<tr>\n<td style=\"width: 99px\"><span style=\"font-size: 14pt\">13:00<\/span><\/td>\n<td style=\"width: 55px\" data-th=\"N\u00b0\"><span style=\"font-size: 14pt\">95329<\/span><\/td>\n<td style=\"width: 622px\" data-th=\"Nome\"><span style=\"font-size: 14pt\"><b title=\"\" data-toggle=\"tooltip\" data-title=\"\" data-original-title=\"\">Sucesso da abordagem paliativa objetivando o \u00f3bito no domic\u00edlio<\/b><\/span><br \/>\n<span style=\"font-size: 14pt\" title=\"\" data-toggle=\"tooltip\" data-title=\"\" data-original-title=\"\">(Marcelle Leit\u00e3o Gomes S\u00e1 Pires, Ricardo Rodrigues, Rafaela Pinaud Confalonieri Rodrigues, Ana Carolina Gerk Caldeira, Beatriz Serra Feij\u00f3 de Moares)<\/span><\/td>\n<td style=\"width: 17px\" data-th=\"A\u00e7\u00f5es\">\n<div class=\"slider round\"><\/div>\n<div id=\"console-event\"><\/div>\n<\/td>\n<\/tr>\n<tr>\n<td style=\"width: 99px\"><span style=\"font-size: 14pt\">13:15<\/span><\/td>\n<td style=\"width: 55px\" data-th=\"N\u00b0\"><span style=\"font-size: 14pt\">95202<\/span><\/td>\n<td style=\"width: 622px\" data-th=\"Nome\"><span style=\"font-size: 14pt\"><b title=\"\" data-toggle=\"tooltip\" data-title=\"\" data-original-title=\"\">USO DA HIPODERM\u00d3CLISE EM PACIENTES PEDI\u00c1TRICOS NO CEN\u00c1RIO DOMICILIAR<\/b><\/span><br \/>\n<span style=\"font-size: 14pt\" title=\"\" data-toggle=\"tooltip\" data-title=\"\" data-original-title=\"\">(Raquel Oliveira Pinto, C\u00edntia Rodrigues Farias, Isabel Cristina de Oliveira Arrieira, Tiago Maas, Aline da Costa Viegas)<\/span><\/td>\n<td style=\"width: 17px\" data-th=\"A\u00e7\u00f5es\">\n<div class=\"slider round\"><\/div>\n<div id=\"console-event\"><\/div>\n<\/td>\n<\/tr>\n<tr class=\"striped\">\n<td style=\"width: 99px\"><span style=\"font-size: 14pt\">13:30<\/span><\/td>\n<td style=\"width: 55px\" data-th=\"N\u00b0\"><span style=\"font-size: 14pt\">95166<\/span><\/td>\n<td style=\"width: 622px\" data-th=\"Nome\"><span style=\"font-size: 14pt\"><b title=\"\" data-toggle=\"tooltip\" data-title=\"\" data-original-title=\"\">ESPIRITUALIDADE E RELIGIOSIDADE: VIV\u00caNCIAS DE FAM\u00cdLIAS RURAIS FRENTE AO ADOECIMENTO POR C\u00c2NCER<\/b><\/span><br \/>\n<span style=\"font-size: 14pt\" title=\"\" data-toggle=\"tooltip\" data-title=\"\" data-original-title=\"\">(Amanda Su\u00e9len Monteiro, Nara Marilene Oliveira Girardon-Perlini, Eduardo da Silva Gomes, C\u00ednthia Cristina Oliveski, Karine Rossato)<\/span><\/td>\n<td style=\"width: 17px\" data-th=\"A\u00e7\u00f5es\">\n<div class=\"slider round\"><\/div>\n<div id=\"console-event\"><\/div>\n<\/td>\n<\/tr>\n<tr>\n<td style=\"width: 99px\"><span style=\"font-size: 14pt\">13:45<\/span><\/td>\n<td style=\"width: 55px\" data-th=\"N\u00b0\"><span style=\"font-size: 14pt\">94446<\/span><\/td>\n<td style=\"width: 622px\" data-th=\"Nome\"><span style=\"font-size: 14pt\"><b title=\"\" data-toggle=\"tooltip\" data-title=\"\" data-original-title=\"\">COMUNICA\u00c7\u00c3O ENTRE PROFISSIONAIS DE SA\u00daDE E FAMILIARES DE PESSOAS EM FINAL DE VIDA EM UM SERVI\u00c7O DE URG\u00caNCIA E EMERG\u00caNCIA<\/b><\/span><br \/>\n<span style=\"font-size: 14pt\" title=\"\" data-toggle=\"tooltip\" data-title=\"\" data-original-title=\"\">(Camila dos Santos Leite, Franciele Roberta Cordeiro, Juliana Graciela Vestena Zillmer, Carina Rab\u00ealo Moscoso, Maiara Sim\u00f5es Formentin)<\/span><\/td>\n<td style=\"width: 17px\"><\/td>\n<\/tr>\n<\/tbody>\n<\/table>\n<p>&nbsp;<\/p>\n","protected":false},"excerpt":{"rendered":"<p>13:00 95329 Sucesso da abordagem paliativa objetivando o \u00f3bito no domic\u00edlio (Marcelle Leit\u00e3o Gomes S\u00e1 Pires, Ricardo Rodrigues, Rafaela Pinaud Confalonieri Rodrigues, Ana Carolina Gerk Caldeira, Beatriz Serra Feij\u00f3 de Moares) 13:15 95202 USO DA HIPODERM\u00d3CLISE EM PACIENTES PEDI\u00c1TRICOS NO CEN\u00c1RIO DOMICILIAR (Raquel Oliveira Pinto, C\u00edntia Rodrigues Farias, Isabel Cristina de Oliveira Arrieira, Tiago Maas, &hellip; <a href=\"https:\/\/wp.ufpel.edu.br\/paliativomercosul\/13-06-13-hs-auditorio-do-colegio-m-pelotense-sala-2\" class=\"more-link\">Continue lendo <span class=\"screen-reader-text\">13\/06 &#8211; 13 hs: Audit\u00f3rio do Col\u00e9gio M. Pelotense \/ Sala 2<\/span> <span class=\"meta-nav\">&rarr;<\/span><\/a><\/p>\n","protected":false},"author":902,"featured_media":0,"parent":0,"menu_order":0,"comment_status":"closed","ping_status":"closed","template":"page-templates\/full-width.php","meta":{"footnotes":""},"class_list":["post-1089","page","type-page","status-publish","hentry"],"yoast_head":"<!-- This site is optimized with the Yoast SEO plugin v26.7 - https:\/\/yoast.com\/wordpress\/plugins\/seo\/ -->\n<title>13\/06 - 13 hs: Audit\u00f3rio do Col\u00e9gio M. Pelotense \/ Sala 2 - COMUNIDADES CUIDATIVAS DO MERCOSUL: &quot;TODAS PARA OS CUIDADOS PALIATIVOS&quot;<\/title>\n<meta name=\"robots\" content=\"index, follow, max-snippet:-1, max-image-preview:large, max-video-preview:-1\" \/>\n<link rel=\"canonical\" href=\"https:\/\/wp.ufpel.edu.br\/paliativomercosul\/13-06-13-hs-auditorio-do-colegio-m-pelotense-sala-2\" \/>\n<meta property=\"og:locale\" content=\"pt_BR\" \/>\n<meta property=\"og:type\" content=\"article\" \/>\n<meta property=\"og:title\" content=\"13\/06 - 13 hs: Audit\u00f3rio do Col\u00e9gio M. Pelotense \/ Sala 2 - COMUNIDADES CUIDATIVAS DO MERCOSUL: &quot;TODAS PARA OS CUIDADOS PALIATIVOS&quot;\" \/>\n<meta property=\"og:description\" content=\"13:00 95329 Sucesso da abordagem paliativa objetivando o \u00f3bito no domic\u00edlio (Marcelle Leit\u00e3o Gomes S\u00e1 Pires, Ricardo Rodrigues, Rafaela Pinaud Confalonieri Rodrigues, Ana Carolina Gerk Caldeira, Beatriz Serra Feij\u00f3 de Moares) 13:15 95202 USO DA HIPODERM\u00d3CLISE EM PACIENTES PEDI\u00c1TRICOS NO CEN\u00c1RIO DOMICILIAR (Raquel Oliveira Pinto, C\u00edntia Rodrigues Farias, Isabel Cristina de Oliveira Arrieira, Tiago Maas, &hellip; Continue lendo 13\/06 &#8211; 13 hs: Audit\u00f3rio do Col\u00e9gio M. Pelotense \/ Sala 2 &rarr;\" \/>\n<meta property=\"og:url\" content=\"https:\/\/wp.ufpel.edu.br\/paliativomercosul\/13-06-13-hs-auditorio-do-colegio-m-pelotense-sala-2\" \/>\n<meta property=\"og:site_name\" content=\"COMUNIDADES CUIDATIVAS DO MERCOSUL: &quot;TODAS PARA OS CUIDADOS PALIATIVOS&quot;\" \/>\n<meta property=\"article:modified_time\" content=\"2019-06-06T22:25:35+00:00\" \/>\n<meta name=\"twitter:card\" content=\"summary_large_image\" \/>\n<meta name=\"twitter:label1\" content=\"Est. tempo de leitura\" \/>\n\t<meta name=\"twitter:data1\" content=\"1 minuto\" \/>\n<script type=\"application\/ld+json\" class=\"yoast-schema-graph\">{\"@context\":\"https:\/\/schema.org\",\"@graph\":[{\"@type\":\"WebPage\",\"@id\":\"https:\/\/wp.ufpel.edu.br\/paliativomercosul\/13-06-13-hs-auditorio-do-colegio-m-pelotense-sala-2\",\"url\":\"https:\/\/wp.ufpel.edu.br\/paliativomercosul\/13-06-13-hs-auditorio-do-colegio-m-pelotense-sala-2\",\"name\":\"13\/06 - 13 hs: Audit\u00f3rio do Col\u00e9gio M. Pelotense \/ Sala 2 - COMUNIDADES CUIDATIVAS DO MERCOSUL: &quot;TODAS PARA OS CUIDADOS PALIATIVOS&quot;\",\"isPartOf\":{\"@id\":\"https:\/\/wp.ufpel.edu.br\/paliativomercosul\/#website\"},\"datePublished\":\"2019-06-06T10:48:00+00:00\",\"dateModified\":\"2019-06-06T22:25:35+00:00\",\"breadcrumb\":{\"@id\":\"https:\/\/wp.ufpel.edu.br\/paliativomercosul\/13-06-13-hs-auditorio-do-colegio-m-pelotense-sala-2#breadcrumb\"},\"inLanguage\":\"pt-BR\",\"potentialAction\":[{\"@type\":\"ReadAction\",\"target\":[\"https:\/\/wp.ufpel.edu.br\/paliativomercosul\/13-06-13-hs-auditorio-do-colegio-m-pelotense-sala-2\"]}]},{\"@type\":\"BreadcrumbList\",\"@id\":\"https:\/\/wp.ufpel.edu.br\/paliativomercosul\/13-06-13-hs-auditorio-do-colegio-m-pelotense-sala-2#breadcrumb\",\"itemListElement\":[{\"@type\":\"ListItem\",\"position\":1,\"name\":\"In\u00edcio\",\"item\":\"https:\/\/wp.ufpel.edu.br\/paliativomercosul\"},{\"@type\":\"ListItem\",\"position\":2,\"name\":\"13\/06 &#8211; 13 hs: Audit\u00f3rio do Col\u00e9gio M. Pelotense \/ Sala 2\"}]},{\"@type\":\"WebSite\",\"@id\":\"https:\/\/wp.ufpel.edu.br\/paliativomercosul\/#website\",\"url\":\"https:\/\/wp.ufpel.edu.br\/paliativomercosul\/\",\"name\":\"CONGRESSO DE CUIDADOS PALIATIVOS DO MERCOSUL - COMUNIDADES CUIDATIVAS DO MERCOSUL: &quot;TODAS PARA OS CUIDADOS PALIATIVOS&quot;\",\"description\":\"Nos dias 13 a 15 de junho de 2019 venham participar dos debates sobre Cuidados Paliativos, com as COMUNIDADES CUIDATIVAS DO MERCOSUL, em Pelotas - RS - Brasil\",\"publisher\":{\"@id\":\"https:\/\/wp.ufpel.edu.br\/paliativomercosul\/#organization\"},\"potentialAction\":[{\"@type\":\"SearchAction\",\"target\":{\"@type\":\"EntryPoint\",\"urlTemplate\":\"https:\/\/wp.ufpel.edu.br\/paliativomercosul\/?s={search_term_string}\"},\"query-input\":{\"@type\":\"PropertyValueSpecification\",\"valueRequired\":true,\"valueName\":\"search_term_string\"}}],\"inLanguage\":\"pt-BR\"},{\"@type\":\"Organization\",\"@id\":\"https:\/\/wp.ufpel.edu.br\/paliativomercosul\/#organization\",\"name\":\"Instituto Cuidativo\",\"url\":\"https:\/\/wp.ufpel.edu.br\/paliativomercosul\/\",\"logo\":{\"@type\":\"ImageObject\",\"inLanguage\":\"pt-BR\",\"@id\":\"https:\/\/wp.ufpel.edu.br\/paliativomercosul\/#\/schema\/logo\/image\/\",\"url\":\"https:\/\/wp.ufpel.edu.br\/paliativomercosul\/files\/2019\/02\/Instituto-Cuidativo.jpg\",\"contentUrl\":\"https:\/\/wp.ufpel.edu.br\/paliativomercosul\/files\/2019\/02\/Instituto-Cuidativo.jpg\",\"width\":1024,\"height\":710,\"caption\":\"Instituto Cuidativo\"},\"image\":{\"@id\":\"https:\/\/wp.ufpel.edu.br\/paliativomercosul\/#\/schema\/logo\/image\/\"}}]}<\/script>\n<!-- \/ Yoast SEO plugin. -->","yoast_head_json":{"title":"13\/06 - 13 hs: Audit\u00f3rio do Col\u00e9gio M. Pelotense \/ Sala 2 - COMUNIDADES CUIDATIVAS DO MERCOSUL: &quot;TODAS PARA OS CUIDADOS PALIATIVOS&quot;","robots":{"index":"index","follow":"follow","max-snippet":"max-snippet:-1","max-image-preview":"max-image-preview:large","max-video-preview":"max-video-preview:-1"},"canonical":"https:\/\/wp.ufpel.edu.br\/paliativomercosul\/13-06-13-hs-auditorio-do-colegio-m-pelotense-sala-2","og_locale":"pt_BR","og_type":"article","og_title":"13\/06 - 13 hs: Audit\u00f3rio do Col\u00e9gio M. Pelotense \/ Sala 2 - COMUNIDADES CUIDATIVAS DO MERCOSUL: &quot;TODAS PARA OS CUIDADOS PALIATIVOS&quot;","og_description":"13:00 95329 Sucesso da abordagem paliativa objetivando o \u00f3bito no domic\u00edlio (Marcelle Leit\u00e3o Gomes S\u00e1 Pires, Ricardo Rodrigues, Rafaela Pinaud Confalonieri Rodrigues, Ana Carolina Gerk Caldeira, Beatriz Serra Feij\u00f3 de Moares) 13:15 95202 USO DA HIPODERM\u00d3CLISE EM PACIENTES PEDI\u00c1TRICOS NO CEN\u00c1RIO DOMICILIAR (Raquel Oliveira Pinto, C\u00edntia Rodrigues Farias, Isabel Cristina de Oliveira Arrieira, Tiago Maas, &hellip; Continue lendo 13\/06 &#8211; 13 hs: Audit\u00f3rio do Col\u00e9gio M. Pelotense \/ Sala 2 &rarr;","og_url":"https:\/\/wp.ufpel.edu.br\/paliativomercosul\/13-06-13-hs-auditorio-do-colegio-m-pelotense-sala-2","og_site_name":"COMUNIDADES CUIDATIVAS DO MERCOSUL: &quot;TODAS PARA OS CUIDADOS PALIATIVOS&quot;","article_modified_time":"2019-06-06T22:25:35+00:00","twitter_card":"summary_large_image","twitter_misc":{"Est. tempo de leitura":"1 minuto"},"schema":{"@context":"https:\/\/schema.org","@graph":[{"@type":"WebPage","@id":"https:\/\/wp.ufpel.edu.br\/paliativomercosul\/13-06-13-hs-auditorio-do-colegio-m-pelotense-sala-2","url":"https:\/\/wp.ufpel.edu.br\/paliativomercosul\/13-06-13-hs-auditorio-do-colegio-m-pelotense-sala-2","name":"13\/06 - 13 hs: Audit\u00f3rio do Col\u00e9gio M. Pelotense \/ Sala 2 - COMUNIDADES CUIDATIVAS DO MERCOSUL: &quot;TODAS PARA OS CUIDADOS PALIATIVOS&quot;","isPartOf":{"@id":"https:\/\/wp.ufpel.edu.br\/paliativomercosul\/#website"},"datePublished":"2019-06-06T10:48:00+00:00","dateModified":"2019-06-06T22:25:35+00:00","breadcrumb":{"@id":"https:\/\/wp.ufpel.edu.br\/paliativomercosul\/13-06-13-hs-auditorio-do-colegio-m-pelotense-sala-2#breadcrumb"},"inLanguage":"pt-BR","potentialAction":[{"@type":"ReadAction","target":["https:\/\/wp.ufpel.edu.br\/paliativomercosul\/13-06-13-hs-auditorio-do-colegio-m-pelotense-sala-2"]}]},{"@type":"BreadcrumbList","@id":"https:\/\/wp.ufpel.edu.br\/paliativomercosul\/13-06-13-hs-auditorio-do-colegio-m-pelotense-sala-2#breadcrumb","itemListElement":[{"@type":"ListItem","position":1,"name":"In\u00edcio","item":"https:\/\/wp.ufpel.edu.br\/paliativomercosul"},{"@type":"ListItem","position":2,"name":"13\/06 &#8211; 13 hs: Audit\u00f3rio do Col\u00e9gio M. Pelotense \/ Sala 2"}]},{"@type":"WebSite","@id":"https:\/\/wp.ufpel.edu.br\/paliativomercosul\/#website","url":"https:\/\/wp.ufpel.edu.br\/paliativomercosul\/","name":"CONGRESSO DE CUIDADOS PALIATIVOS DO MERCOSUL - COMUNIDADES CUIDATIVAS DO MERCOSUL: &quot;TODAS PARA OS CUIDADOS PALIATIVOS&quot;","description":"Nos dias 13 a 15 de junho de 2019 venham participar dos debates sobre Cuidados Paliativos, com as COMUNIDADES CUIDATIVAS DO MERCOSUL, em Pelotas - RS - Brasil","publisher":{"@id":"https:\/\/wp.ufpel.edu.br\/paliativomercosul\/#organization"},"potentialAction":[{"@type":"SearchAction","target":{"@type":"EntryPoint","urlTemplate":"https:\/\/wp.ufpel.edu.br\/paliativomercosul\/?s={search_term_string}"},"query-input":{"@type":"PropertyValueSpecification","valueRequired":true,"valueName":"search_term_string"}}],"inLanguage":"pt-BR"},{"@type":"Organization","@id":"https:\/\/wp.ufpel.edu.br\/paliativomercosul\/#organization","name":"Instituto Cuidativo","url":"https:\/\/wp.ufpel.edu.br\/paliativomercosul\/","logo":{"@type":"ImageObject","inLanguage":"pt-BR","@id":"https:\/\/wp.ufpel.edu.br\/paliativomercosul\/#\/schema\/logo\/image\/","url":"https:\/\/wp.ufpel.edu.br\/paliativomercosul\/files\/2019\/02\/Instituto-Cuidativo.jpg","contentUrl":"https:\/\/wp.ufpel.edu.br\/paliativomercosul\/files\/2019\/02\/Instituto-Cuidativo.jpg","width":1024,"height":710,"caption":"Instituto Cuidativo"},"image":{"@id":"https:\/\/wp.ufpel.edu.br\/paliativomercosul\/#\/schema\/logo\/image\/"}}]}},"jetpack_sharing_enabled":true,"_links":{"self":[{"href":"https:\/\/wp.ufpel.edu.br\/paliativomercosul\/wp-json\/wp\/v2\/pages\/1089","targetHints":{"allow":["GET"]}}],"collection":[{"href":"https:\/\/wp.ufpel.edu.br\/paliativomercosul\/wp-json\/wp\/v2\/pages"}],"about":[{"href":"https:\/\/wp.ufpel.edu.br\/paliativomercosul\/wp-json\/wp\/v2\/types\/page"}],"author":[{"embeddable":true,"href":"https:\/\/wp.ufpel.edu.br\/paliativomercosul\/wp-json\/wp\/v2\/users\/902"}],"replies":[{"embeddable":true,"href":"https:\/\/wp.ufpel.edu.br\/paliativomercosul\/wp-json\/wp\/v2\/comments?post=1089"}],"version-history":[{"count":5,"href":"https:\/\/wp.ufpel.edu.br\/paliativomercosul\/wp-json\/wp\/v2\/pages\/1089\/revisions"}],"predecessor-version":[{"id":1154,"href":"https:\/\/wp.ufpel.edu.br\/paliativomercosul\/wp-json\/wp\/v2\/pages\/1089\/revisions\/1154"}],"wp:attachment":[{"href":"https:\/\/wp.ufpel.edu.br\/paliativomercosul\/wp-json\/wp\/v2\/media?parent=1089"}],"curies":[{"name":"wp","href":"https:\/\/api.w.org\/{rel}","templated":true}]}}