{"id":1078,"date":"2019-06-06T07:26:28","date_gmt":"2019-06-06T10:26:28","guid":{"rendered":"https:\/\/wp.ufpel.edu.br\/paliativomercosul\/?page_id=1078"},"modified":"2019-06-06T09:18:52","modified_gmt":"2019-06-06T12:18:52","slug":"trabalhos-cientificos","status":"publish","type":"page","link":"https:\/\/wp.ufpel.edu.br\/paliativomercosul\/trabalhos-cientificos","title":{"rendered":"TRABALHOS CIENT\u00cdFICOS"},"content":{"rendered":"<p><a href=\"https:\/\/wp.ufpel.edu.br\/paliativomercosul\/grupos-tematicos\/\"><strong><span style=\"font-size: 18pt\">Apresenta\u00e7\u00f5es Orais &#8211; Confira aqui<\/span><\/strong><\/a><\/p>\n<p>&nbsp;<\/p>\n<p><a href=\"https:\/\/wp.ufpel.edu.br\/paliativomercosul\/exposicoes-de-posters\/\"><span style=\"font-size: 18pt\"><strong>Exposi\u00e7\u00f5es de P\u00f4sters &#8211; Confira aqui<\/strong><\/span><\/a><\/p>\n","protected":false},"excerpt":{"rendered":"<p>Apresenta\u00e7\u00f5es Orais &#8211; Confira aqui &nbsp; Exposi\u00e7\u00f5es de P\u00f4sters &#8211; Confira aqui<\/p>\n","protected":false},"author":902,"featured_media":0,"parent":0,"menu_order":0,"comment_status":"closed","ping_status":"closed","template":"","meta":{"footnotes":""},"class_list":["post-1078","page","type-page","status-publish","hentry"],"yoast_head":"<!-- This site is optimized with the Yoast SEO plugin v26.7 - https:\/\/yoast.com\/wordpress\/plugins\/seo\/ -->\n<title>TRABALHOS CIENT\u00cdFICOS - COMUNIDADES CUIDATIVAS DO MERCOSUL: &quot;TODAS PARA OS CUIDADOS PALIATIVOS&quot;<\/title>\n<meta name=\"robots\" content=\"index, follow, max-snippet:-1, max-image-preview:large, max-video-preview:-1\" \/>\n<link rel=\"canonical\" href=\"https:\/\/wp.ufpel.edu.br\/paliativomercosul\/trabalhos-cientificos\" \/>\n<meta property=\"og:locale\" content=\"pt_BR\" \/>\n<meta property=\"og:type\" content=\"article\" \/>\n<meta property=\"og:title\" content=\"TRABALHOS CIENT\u00cdFICOS - COMUNIDADES CUIDATIVAS DO MERCOSUL: &quot;TODAS PARA OS CUIDADOS PALIATIVOS&quot;\" \/>\n<meta property=\"og:description\" content=\"Apresenta\u00e7\u00f5es Orais &#8211; Confira aqui &nbsp; Exposi\u00e7\u00f5es de P\u00f4sters &#8211; Confira aqui\" \/>\n<meta property=\"og:url\" content=\"https:\/\/wp.ufpel.edu.br\/paliativomercosul\/trabalhos-cientificos\" \/>\n<meta property=\"og:site_name\" content=\"COMUNIDADES CUIDATIVAS DO MERCOSUL: &quot;TODAS PARA OS CUIDADOS PALIATIVOS&quot;\" \/>\n<meta property=\"article:modified_time\" content=\"2019-06-06T12:18:52+00:00\" \/>\n<meta name=\"twitter:card\" content=\"summary_large_image\" \/>\n<script type=\"application\/ld+json\" class=\"yoast-schema-graph\">{\"@context\":\"https:\/\/schema.org\",\"@graph\":[{\"@type\":\"WebPage\",\"@id\":\"https:\/\/wp.ufpel.edu.br\/paliativomercosul\/trabalhos-cientificos\",\"url\":\"https:\/\/wp.ufpel.edu.br\/paliativomercosul\/trabalhos-cientificos\",\"name\":\"TRABALHOS CIENT\u00cdFICOS - COMUNIDADES CUIDATIVAS DO MERCOSUL: &quot;TODAS PARA OS CUIDADOS PALIATIVOS&quot;\",\"isPartOf\":{\"@id\":\"https:\/\/wp.ufpel.edu.br\/paliativomercosul\/#website\"},\"datePublished\":\"2019-06-06T10:26:28+00:00\",\"dateModified\":\"2019-06-06T12:18:52+00:00\",\"breadcrumb\":{\"@id\":\"https:\/\/wp.ufpel.edu.br\/paliativomercosul\/trabalhos-cientificos#breadcrumb\"},\"inLanguage\":\"pt-BR\",\"potentialAction\":[{\"@type\":\"ReadAction\",\"target\":[\"https:\/\/wp.ufpel.edu.br\/paliativomercosul\/trabalhos-cientificos\"]}]},{\"@type\":\"BreadcrumbList\",\"@id\":\"https:\/\/wp.ufpel.edu.br\/paliativomercosul\/trabalhos-cientificos#breadcrumb\",\"itemListElement\":[{\"@type\":\"ListItem\",\"position\":1,\"name\":\"In\u00edcio\",\"item\":\"https:\/\/wp.ufpel.edu.br\/paliativomercosul\"},{\"@type\":\"ListItem\",\"position\":2,\"name\":\"TRABALHOS CIENT\u00cdFICOS\"}]},{\"@type\":\"WebSite\",\"@id\":\"https:\/\/wp.ufpel.edu.br\/paliativomercosul\/#website\",\"url\":\"https:\/\/wp.ufpel.edu.br\/paliativomercosul\/\",\"name\":\"CONGRESSO DE CUIDADOS PALIATIVOS DO MERCOSUL - COMUNIDADES CUIDATIVAS DO MERCOSUL: &quot;TODAS PARA OS CUIDADOS PALIATIVOS&quot;\",\"description\":\"Nos dias 13 a 15 de junho de 2019 venham participar dos debates sobre Cuidados Paliativos, com as COMUNIDADES CUIDATIVAS DO MERCOSUL, em Pelotas - RS - Brasil\",\"publisher\":{\"@id\":\"https:\/\/wp.ufpel.edu.br\/paliativomercosul\/#organization\"},\"potentialAction\":[{\"@type\":\"SearchAction\",\"target\":{\"@type\":\"EntryPoint\",\"urlTemplate\":\"https:\/\/wp.ufpel.edu.br\/paliativomercosul\/?s={search_term_string}\"},\"query-input\":{\"@type\":\"PropertyValueSpecification\",\"valueRequired\":true,\"valueName\":\"search_term_string\"}}],\"inLanguage\":\"pt-BR\"},{\"@type\":\"Organization\",\"@id\":\"https:\/\/wp.ufpel.edu.br\/paliativomercosul\/#organization\",\"name\":\"Instituto Cuidativo\",\"url\":\"https:\/\/wp.ufpel.edu.br\/paliativomercosul\/\",\"logo\":{\"@type\":\"ImageObject\",\"inLanguage\":\"pt-BR\",\"@id\":\"https:\/\/wp.ufpel.edu.br\/paliativomercosul\/#\/schema\/logo\/image\/\",\"url\":\"https:\/\/wp.ufpel.edu.br\/paliativomercosul\/files\/2019\/02\/Instituto-Cuidativo.jpg\",\"contentUrl\":\"https:\/\/wp.ufpel.edu.br\/paliativomercosul\/files\/2019\/02\/Instituto-Cuidativo.jpg\",\"width\":1024,\"height\":710,\"caption\":\"Instituto Cuidativo\"},\"image\":{\"@id\":\"https:\/\/wp.ufpel.edu.br\/paliativomercosul\/#\/schema\/logo\/image\/\"}}]}<\/script>\n<!-- \/ Yoast SEO plugin. -->","yoast_head_json":{"title":"TRABALHOS CIENT\u00cdFICOS - COMUNIDADES CUIDATIVAS DO MERCOSUL: &quot;TODAS PARA OS CUIDADOS PALIATIVOS&quot;","robots":{"index":"index","follow":"follow","max-snippet":"max-snippet:-1","max-image-preview":"max-image-preview:large","max-video-preview":"max-video-preview:-1"},"canonical":"https:\/\/wp.ufpel.edu.br\/paliativomercosul\/trabalhos-cientificos","og_locale":"pt_BR","og_type":"article","og_title":"TRABALHOS CIENT\u00cdFICOS - COMUNIDADES CUIDATIVAS DO MERCOSUL: &quot;TODAS PARA OS CUIDADOS PALIATIVOS&quot;","og_description":"Apresenta\u00e7\u00f5es Orais &#8211; Confira aqui &nbsp; Exposi\u00e7\u00f5es de P\u00f4sters &#8211; Confira aqui","og_url":"https:\/\/wp.ufpel.edu.br\/paliativomercosul\/trabalhos-cientificos","og_site_name":"COMUNIDADES CUIDATIVAS DO MERCOSUL: &quot;TODAS PARA OS CUIDADOS PALIATIVOS&quot;","article_modified_time":"2019-06-06T12:18:52+00:00","twitter_card":"summary_large_image","schema":{"@context":"https:\/\/schema.org","@graph":[{"@type":"WebPage","@id":"https:\/\/wp.ufpel.edu.br\/paliativomercosul\/trabalhos-cientificos","url":"https:\/\/wp.ufpel.edu.br\/paliativomercosul\/trabalhos-cientificos","name":"TRABALHOS CIENT\u00cdFICOS - COMUNIDADES CUIDATIVAS DO MERCOSUL: &quot;TODAS PARA OS CUIDADOS PALIATIVOS&quot;","isPartOf":{"@id":"https:\/\/wp.ufpel.edu.br\/paliativomercosul\/#website"},"datePublished":"2019-06-06T10:26:28+00:00","dateModified":"2019-06-06T12:18:52+00:00","breadcrumb":{"@id":"https:\/\/wp.ufpel.edu.br\/paliativomercosul\/trabalhos-cientificos#breadcrumb"},"inLanguage":"pt-BR","potentialAction":[{"@type":"ReadAction","target":["https:\/\/wp.ufpel.edu.br\/paliativomercosul\/trabalhos-cientificos"]}]},{"@type":"BreadcrumbList","@id":"https:\/\/wp.ufpel.edu.br\/paliativomercosul\/trabalhos-cientificos#breadcrumb","itemListElement":[{"@type":"ListItem","position":1,"name":"In\u00edcio","item":"https:\/\/wp.ufpel.edu.br\/paliativomercosul"},{"@type":"ListItem","position":2,"name":"TRABALHOS CIENT\u00cdFICOS"}]},{"@type":"WebSite","@id":"https:\/\/wp.ufpel.edu.br\/paliativomercosul\/#website","url":"https:\/\/wp.ufpel.edu.br\/paliativomercosul\/","name":"CONGRESSO DE CUIDADOS PALIATIVOS DO MERCOSUL - COMUNIDADES CUIDATIVAS DO MERCOSUL: &quot;TODAS PARA OS CUIDADOS PALIATIVOS&quot;","description":"Nos dias 13 a 15 de junho de 2019 venham participar dos debates sobre Cuidados Paliativos, com as COMUNIDADES CUIDATIVAS DO MERCOSUL, em Pelotas - RS - Brasil","publisher":{"@id":"https:\/\/wp.ufpel.edu.br\/paliativomercosul\/#organization"},"potentialAction":[{"@type":"SearchAction","target":{"@type":"EntryPoint","urlTemplate":"https:\/\/wp.ufpel.edu.br\/paliativomercosul\/?s={search_term_string}"},"query-input":{"@type":"PropertyValueSpecification","valueRequired":true,"valueName":"search_term_string"}}],"inLanguage":"pt-BR"},{"@type":"Organization","@id":"https:\/\/wp.ufpel.edu.br\/paliativomercosul\/#organization","name":"Instituto Cuidativo","url":"https:\/\/wp.ufpel.edu.br\/paliativomercosul\/","logo":{"@type":"ImageObject","inLanguage":"pt-BR","@id":"https:\/\/wp.ufpel.edu.br\/paliativomercosul\/#\/schema\/logo\/image\/","url":"https:\/\/wp.ufpel.edu.br\/paliativomercosul\/files\/2019\/02\/Instituto-Cuidativo.jpg","contentUrl":"https:\/\/wp.ufpel.edu.br\/paliativomercosul\/files\/2019\/02\/Instituto-Cuidativo.jpg","width":1024,"height":710,"caption":"Instituto Cuidativo"},"image":{"@id":"https:\/\/wp.ufpel.edu.br\/paliativomercosul\/#\/schema\/logo\/image\/"}}]}},"jetpack_sharing_enabled":true,"_links":{"self":[{"href":"https:\/\/wp.ufpel.edu.br\/paliativomercosul\/wp-json\/wp\/v2\/pages\/1078","targetHints":{"allow":["GET"]}}],"collection":[{"href":"https:\/\/wp.ufpel.edu.br\/paliativomercosul\/wp-json\/wp\/v2\/pages"}],"about":[{"href":"https:\/\/wp.ufpel.edu.br\/paliativomercosul\/wp-json\/wp\/v2\/types\/page"}],"author":[{"embeddable":true,"href":"https:\/\/wp.ufpel.edu.br\/paliativomercosul\/wp-json\/wp\/v2\/users\/902"}],"replies":[{"embeddable":true,"href":"https:\/\/wp.ufpel.edu.br\/paliativomercosul\/wp-json\/wp\/v2\/comments?post=1078"}],"version-history":[{"count":5,"href":"https:\/\/wp.ufpel.edu.br\/paliativomercosul\/wp-json\/wp\/v2\/pages\/1078\/revisions"}],"predecessor-version":[{"id":1119,"href":"https:\/\/wp.ufpel.edu.br\/paliativomercosul\/wp-json\/wp\/v2\/pages\/1078\/revisions\/1119"}],"wp:attachment":[{"href":"https:\/\/wp.ufpel.edu.br\/paliativomercosul\/wp-json\/wp\/v2\/media?parent=1078"}],"curies":[{"name":"wp","href":"https:\/\/api.w.org\/{rel}","templated":true}]}}