{"id":944,"date":"2024-01-30T18:20:01","date_gmt":"2024-01-30T21:20:01","guid":{"rendered":"https:\/\/wp.ufpel.edu.br\/paineldoturismo\/?page_id=944"},"modified":"2024-01-30T18:20:01","modified_gmt":"2024-01-30T21:20:01","slug":"entretenimento","status":"publish","type":"page","link":"https:\/\/wp.ufpel.edu.br\/paineldoturismo\/entretenimento\/","title":{"rendered":"Entretenimento"},"content":{"rendered":"<p>As atividades sob o r\u00f3tulo entretenimento compreendem: \u00a0\u201c5914-6 Atividades de exibi\u00e7\u00e3o cinematogr\u00e1fica\u201c, \u201c9001-9 Artes c\u00eanicas, espet\u00e1culos e atividades complementares\u201d, \u201c9002-7 Cria\u00e7\u00e3o art\u00edstica\u201d, \u201c9003-5 Gest\u00e3o de espa\u00e7os para artes c\u00eanicas, espet\u00e1culos e outras atividades art\u00edsticas\u201d,\u00a0\u201c9102-3\u00a0Atividades de museus e de explora\u00e7\u00e3o, restaura\u00e7\u00e3o art\u00edstica e conserva\u00e7\u00e3o de\u00a0lugares e pr\u00e9dios hist\u00f3ricos e atra\u00e7\u00f5es similares\u201d, 9103-1\u00a0Atividades de jardins bot\u00e2nicos, zool\u00f3gicos, parques nacionais, reservas\u00a0ecol\u00f3gicas e \u00e1reas de prote\u00e7\u00e3o ambiental\u201d, \u201c9311-5 Gest\u00e3o de instala\u00e7\u00f5es de esportes\u201d, \u201c9312-3\u00a0Clubes sociais, esportivos e similares\u201d, \u201c9319-1 Atividades esportivas n\u00e3o especificadas anteriormente\u201d, \u201c9321-2 Parques de divers\u00e3o e parques tem\u00e1ticos\u201d e \u201c9329-8 Atividades de recrea\u00e7\u00e3o e lazer n\u00e3o especificadas anteriormente\u201d\u00a0do c\u00f3digo da Classifica\u00e7\u00e3o Nacional de Atividades Econ\u00f4micas (CNAE 2.0).<\/p>\n<p>&nbsp;<\/p>\n<ul>\n<li><a href=\"https:\/\/wp.ufpel.edu.br\/paineldoturismo\/2024\/01\/20\/empregos-em-entretenimento-2021\/\">Empregos em entretenimento 2021 (RAIS)<\/a><\/li>\n<li><a href=\"https:\/\/wp.ufpel.edu.br\/paineldoturismo\/2023\/12\/09\/variacao-mensal-do-empregos-em-entretenimento\/\">Varia\u00e7\u00e3o mensal de empregos em entretenimento (CAGED)<\/a><\/li>\n<\/ul>\n","protected":false},"excerpt":{"rendered":"<p>As atividades sob o r\u00f3tulo entretenimento compreendem: \u00a0\u201c5914-6 Atividades de exibi\u00e7\u00e3o cinematogr\u00e1fica\u201c, \u201c9001-9 Artes c\u00eanicas, espet\u00e1culos e atividades complementares\u201d, \u201c9002-7 Cria\u00e7\u00e3o art\u00edstica\u201d, \u201c9003-5 Gest\u00e3o de espa\u00e7os para artes c\u00eanicas, espet\u00e1culos e outras atividades art\u00edsticas\u201d,\u00a0\u201c9102-3\u00a0Atividades de museus e de explora\u00e7\u00e3o, restaura\u00e7\u00e3o art\u00edstica e conserva\u00e7\u00e3o de\u00a0lugares e pr\u00e9dios hist\u00f3ricos e atra\u00e7\u00f5es similares\u201d, 9103-1\u00a0Atividades de jardins bot\u00e2nicos, zool\u00f3gicos,&hellip;<\/p>\n","protected":false},"author":1169,"featured_media":0,"parent":0,"menu_order":0,"comment_status":"closed","ping_status":"closed","template":"","meta":{"footnotes":""},"class_list":["post-944","page","type-page","status-publish","hentry"],"yoast_head":"<!-- This site is optimized with the Yoast SEO plugin v26.7 - https:\/\/yoast.com\/wordpress\/plugins\/seo\/ -->\n<title>Entretenimento - Painel do Turismo<\/title>\n<meta name=\"robots\" content=\"index, follow, max-snippet:-1, max-image-preview:large, max-video-preview:-1\" \/>\n<link rel=\"canonical\" href=\"https:\/\/wp.ufpel.edu.br\/paineldoturismo\/entretenimento\/\" \/>\n<meta property=\"og:locale\" content=\"pt_BR\" \/>\n<meta property=\"og:type\" content=\"article\" \/>\n<meta property=\"og:title\" content=\"Entretenimento - Painel do Turismo\" \/>\n<meta property=\"og:description\" content=\"As atividades sob o r\u00f3tulo entretenimento compreendem: \u00a0\u201c5914-6 Atividades de exibi\u00e7\u00e3o cinematogr\u00e1fica\u201c, \u201c9001-9 Artes c\u00eanicas, espet\u00e1culos e atividades complementares\u201d, \u201c9002-7 Cria\u00e7\u00e3o art\u00edstica\u201d, \u201c9003-5 Gest\u00e3o de espa\u00e7os para artes c\u00eanicas, espet\u00e1culos e outras atividades art\u00edsticas\u201d,\u00a0\u201c9102-3\u00a0Atividades de museus e de explora\u00e7\u00e3o, restaura\u00e7\u00e3o art\u00edstica e conserva\u00e7\u00e3o de\u00a0lugares e pr\u00e9dios hist\u00f3ricos e atra\u00e7\u00f5es similares\u201d, 9103-1\u00a0Atividades de jardins bot\u00e2nicos, zool\u00f3gicos,&hellip;\" \/>\n<meta property=\"og:url\" content=\"https:\/\/wp.ufpel.edu.br\/paineldoturismo\/entretenimento\/\" \/>\n<meta property=\"og:site_name\" content=\"Painel do Turismo\" \/>\n<meta name=\"twitter:card\" content=\"summary_large_image\" \/>\n<meta name=\"twitter:label1\" content=\"Est. tempo de leitura\" \/>\n\t<meta name=\"twitter:data1\" content=\"1 minuto\" \/>\n<script type=\"application\/ld+json\" class=\"yoast-schema-graph\">{\"@context\":\"https:\/\/schema.org\",\"@graph\":[{\"@type\":\"WebPage\",\"@id\":\"https:\/\/wp.ufpel.edu.br\/paineldoturismo\/entretenimento\/\",\"url\":\"https:\/\/wp.ufpel.edu.br\/paineldoturismo\/entretenimento\/\",\"name\":\"Entretenimento - Painel do Turismo\",\"isPartOf\":{\"@id\":\"https:\/\/wp.ufpel.edu.br\/paineldoturismo\/#website\"},\"datePublished\":\"2024-01-30T21:20:01+00:00\",\"breadcrumb\":{\"@id\":\"https:\/\/wp.ufpel.edu.br\/paineldoturismo\/entretenimento\/#breadcrumb\"},\"inLanguage\":\"pt-BR\",\"potentialAction\":[{\"@type\":\"ReadAction\",\"target\":[\"https:\/\/wp.ufpel.edu.br\/paineldoturismo\/entretenimento\/\"]}]},{\"@type\":\"BreadcrumbList\",\"@id\":\"https:\/\/wp.ufpel.edu.br\/paineldoturismo\/entretenimento\/#breadcrumb\",\"itemListElement\":[{\"@type\":\"ListItem\",\"position\":1,\"name\":\"In\u00edcio\",\"item\":\"https:\/\/wp.ufpel.edu.br\/paineldoturismo\/\"},{\"@type\":\"ListItem\",\"position\":2,\"name\":\"Entretenimento\"}]},{\"@type\":\"WebSite\",\"@id\":\"https:\/\/wp.ufpel.edu.br\/paineldoturismo\/#website\",\"url\":\"https:\/\/wp.ufpel.edu.br\/paineldoturismo\/\",\"name\":\"Painel do Turismo\",\"description\":\"um projeto dedicado a entender as din\u00e2micas do turismo a partir de dados abertos\",\"potentialAction\":[{\"@type\":\"SearchAction\",\"target\":{\"@type\":\"EntryPoint\",\"urlTemplate\":\"https:\/\/wp.ufpel.edu.br\/paineldoturismo\/?s={search_term_string}\"},\"query-input\":{\"@type\":\"PropertyValueSpecification\",\"valueRequired\":true,\"valueName\":\"search_term_string\"}}],\"inLanguage\":\"pt-BR\"}]}<\/script>\n<!-- \/ Yoast SEO plugin. -->","yoast_head_json":{"title":"Entretenimento - Painel do Turismo","robots":{"index":"index","follow":"follow","max-snippet":"max-snippet:-1","max-image-preview":"max-image-preview:large","max-video-preview":"max-video-preview:-1"},"canonical":"https:\/\/wp.ufpel.edu.br\/paineldoturismo\/entretenimento\/","og_locale":"pt_BR","og_type":"article","og_title":"Entretenimento - Painel do Turismo","og_description":"As atividades sob o r\u00f3tulo entretenimento compreendem: \u00a0\u201c5914-6 Atividades de exibi\u00e7\u00e3o cinematogr\u00e1fica\u201c, \u201c9001-9 Artes c\u00eanicas, espet\u00e1culos e atividades complementares\u201d, \u201c9002-7 Cria\u00e7\u00e3o art\u00edstica\u201d, \u201c9003-5 Gest\u00e3o de espa\u00e7os para artes c\u00eanicas, espet\u00e1culos e outras atividades art\u00edsticas\u201d,\u00a0\u201c9102-3\u00a0Atividades de museus e de explora\u00e7\u00e3o, restaura\u00e7\u00e3o art\u00edstica e conserva\u00e7\u00e3o de\u00a0lugares e pr\u00e9dios hist\u00f3ricos e atra\u00e7\u00f5es similares\u201d, 9103-1\u00a0Atividades de jardins bot\u00e2nicos, zool\u00f3gicos,&hellip;","og_url":"https:\/\/wp.ufpel.edu.br\/paineldoturismo\/entretenimento\/","og_site_name":"Painel do Turismo","twitter_card":"summary_large_image","twitter_misc":{"Est. tempo de leitura":"1 minuto"},"schema":{"@context":"https:\/\/schema.org","@graph":[{"@type":"WebPage","@id":"https:\/\/wp.ufpel.edu.br\/paineldoturismo\/entretenimento\/","url":"https:\/\/wp.ufpel.edu.br\/paineldoturismo\/entretenimento\/","name":"Entretenimento - Painel do Turismo","isPartOf":{"@id":"https:\/\/wp.ufpel.edu.br\/paineldoturismo\/#website"},"datePublished":"2024-01-30T21:20:01+00:00","breadcrumb":{"@id":"https:\/\/wp.ufpel.edu.br\/paineldoturismo\/entretenimento\/#breadcrumb"},"inLanguage":"pt-BR","potentialAction":[{"@type":"ReadAction","target":["https:\/\/wp.ufpel.edu.br\/paineldoturismo\/entretenimento\/"]}]},{"@type":"BreadcrumbList","@id":"https:\/\/wp.ufpel.edu.br\/paineldoturismo\/entretenimento\/#breadcrumb","itemListElement":[{"@type":"ListItem","position":1,"name":"In\u00edcio","item":"https:\/\/wp.ufpel.edu.br\/paineldoturismo\/"},{"@type":"ListItem","position":2,"name":"Entretenimento"}]},{"@type":"WebSite","@id":"https:\/\/wp.ufpel.edu.br\/paineldoturismo\/#website","url":"https:\/\/wp.ufpel.edu.br\/paineldoturismo\/","name":"Painel do Turismo","description":"um projeto dedicado a entender as din\u00e2micas do turismo a partir de dados abertos","potentialAction":[{"@type":"SearchAction","target":{"@type":"EntryPoint","urlTemplate":"https:\/\/wp.ufpel.edu.br\/paineldoturismo\/?s={search_term_string}"},"query-input":{"@type":"PropertyValueSpecification","valueRequired":true,"valueName":"search_term_string"}}],"inLanguage":"pt-BR"}]}},"jetpack_sharing_enabled":true,"_links":{"self":[{"href":"https:\/\/wp.ufpel.edu.br\/paineldoturismo\/wp-json\/wp\/v2\/pages\/944","targetHints":{"allow":["GET"]}}],"collection":[{"href":"https:\/\/wp.ufpel.edu.br\/paineldoturismo\/wp-json\/wp\/v2\/pages"}],"about":[{"href":"https:\/\/wp.ufpel.edu.br\/paineldoturismo\/wp-json\/wp\/v2\/types\/page"}],"author":[{"embeddable":true,"href":"https:\/\/wp.ufpel.edu.br\/paineldoturismo\/wp-json\/wp\/v2\/users\/1169"}],"replies":[{"embeddable":true,"href":"https:\/\/wp.ufpel.edu.br\/paineldoturismo\/wp-json\/wp\/v2\/comments?post=944"}],"version-history":[{"count":1,"href":"https:\/\/wp.ufpel.edu.br\/paineldoturismo\/wp-json\/wp\/v2\/pages\/944\/revisions"}],"predecessor-version":[{"id":945,"href":"https:\/\/wp.ufpel.edu.br\/paineldoturismo\/wp-json\/wp\/v2\/pages\/944\/revisions\/945"}],"wp:attachment":[{"href":"https:\/\/wp.ufpel.edu.br\/paineldoturismo\/wp-json\/wp\/v2\/media?parent=944"}],"curies":[{"name":"wp","href":"https:\/\/api.w.org\/{rel}","templated":true}]}}