{"id":936,"date":"2024-01-30T18:12:51","date_gmt":"2024-01-30T21:12:51","guid":{"rendered":"https:\/\/wp.ufpel.edu.br\/paineldoturismo\/?page_id=936"},"modified":"2024-01-30T18:14:45","modified_gmt":"2024-01-30T21:14:45","slug":"transporte-de-passageiros","status":"publish","type":"page","link":"https:\/\/wp.ufpel.edu.br\/paineldoturismo\/transporte-de-passageiros\/","title":{"rendered":"Transporte de Passageiros"},"content":{"rendered":"<h2><b>Transporte de passageiros<\/b><\/h2>\n<p>O transporte de passageiros incluem as atividades de transporte rodovi\u00e1rio, ferrovi\u00e1rio, aquavi\u00e1rio e a\u00e9reo. Na CNAE 2.0,\u00a0 tais atividades correspondem aos c\u00f3digos :\u201c4950-7 \u00a0Trens tur\u00edsticos, telef\u00e9ricos e similares\u201d, \u201c4922-1 Transporte rodovi\u00e1rio coletivo de passageiros, com itiner\u00e1rio fixo, intermunicipal, interestadual e internacional\u201d, \u201c4923-0 Transporte rodovi\u00e1rio de t\u00e1xi\u201d, \u201c4929-9 Transporte rodovi\u00e1rio coletivo de passageiros, sob regime de fretamento, e outros transportes rodovi\u00e1rios n\u00e3o especificados anteriormente\u201d, \u201c5099-8 Transportes aquavi\u00e1rios n\u00e3o especificados anteriormente\u201d, \u201c5012-2 Transporte mar\u00edtimo de longo curso\u201d, \u201c5111-1 Transporte a\u00e9reo de passageiros regular\u201d e \u201c5112-9 Transporte a\u00e9reo de passageiros n\u00e3o regular\u201d do c\u00f3digo CNAE 2.0.A<\/p>\n<p><span style=\"font-size: 13px;\">Os posts sobre transportes de passageiros s\u00e3o:<\/span><\/p>\n<ul>\n<li><a href=\"https:\/\/wp.ufpel.edu.br\/paineldoturismo\/2023\/12\/11\/empregos-em-transporte-de-passageiros-2021\/\">Empregos em Transporte de Passageiros no Rio Grande do Sul, 2009 a 2019. (RAIS)<\/a><\/li>\n<li><a href=\"https:\/\/wp.ufpel.edu.br\/paineldoturismo\/2023\/12\/09\/variacao-mensal-do-empregos-em-transporte-terrestre\/\">Varia\u00e7\u00e3o de empregos em Transporte Rodovi\u00e1rio de Passageiros durante a pandemia, 2019 a 2021 (CAGED)<\/a><\/li>\n<li><a href=\"https:\/\/wp.ufpel.edu.br\/paineldoturismo\/2023\/12\/13\/nos-ceus-do-rio-grande\/\">Avia\u00e7\u00e3o regional no Rio Grande do Sul (ANAC)<\/a><\/li>\n<\/ul>\n","protected":false},"excerpt":{"rendered":"<p>Transporte de passageiros O transporte de passageiros incluem as atividades de transporte rodovi\u00e1rio, ferrovi\u00e1rio, aquavi\u00e1rio e a\u00e9reo. Na CNAE 2.0,\u00a0 tais atividades correspondem aos c\u00f3digos :\u201c4950-7 \u00a0Trens tur\u00edsticos, telef\u00e9ricos e similares\u201d, \u201c4922-1 Transporte rodovi\u00e1rio coletivo de passageiros, com itiner\u00e1rio fixo, intermunicipal, interestadual e internacional\u201d, \u201c4923-0 Transporte rodovi\u00e1rio de t\u00e1xi\u201d, \u201c4929-9 Transporte rodovi\u00e1rio coletivo de passageiros,&hellip;<\/p>\n","protected":false},"author":1169,"featured_media":0,"parent":0,"menu_order":0,"comment_status":"closed","ping_status":"closed","template":"","meta":{"footnotes":""},"class_list":["post-936","page","type-page","status-publish","hentry"],"yoast_head":"<!-- This site is optimized with the Yoast SEO plugin v26.7 - https:\/\/yoast.com\/wordpress\/plugins\/seo\/ -->\n<title>Transporte de Passageiros - Painel do Turismo<\/title>\n<meta name=\"robots\" content=\"index, follow, max-snippet:-1, max-image-preview:large, max-video-preview:-1\" \/>\n<link rel=\"canonical\" href=\"https:\/\/wp.ufpel.edu.br\/paineldoturismo\/transporte-de-passageiros\/\" \/>\n<meta property=\"og:locale\" content=\"pt_BR\" \/>\n<meta property=\"og:type\" content=\"article\" \/>\n<meta property=\"og:title\" content=\"Transporte de Passageiros - Painel do Turismo\" \/>\n<meta property=\"og:description\" content=\"Transporte de passageiros O transporte de passageiros incluem as atividades de transporte rodovi\u00e1rio, ferrovi\u00e1rio, aquavi\u00e1rio e a\u00e9reo. Na CNAE 2.0,\u00a0 tais atividades correspondem aos c\u00f3digos :\u201c4950-7 \u00a0Trens tur\u00edsticos, telef\u00e9ricos e similares\u201d, \u201c4922-1 Transporte rodovi\u00e1rio coletivo de passageiros, com itiner\u00e1rio fixo, intermunicipal, interestadual e internacional\u201d, \u201c4923-0 Transporte rodovi\u00e1rio de t\u00e1xi\u201d, \u201c4929-9 Transporte rodovi\u00e1rio coletivo de passageiros,&hellip;\" \/>\n<meta property=\"og:url\" content=\"https:\/\/wp.ufpel.edu.br\/paineldoturismo\/transporte-de-passageiros\/\" \/>\n<meta property=\"og:site_name\" content=\"Painel do Turismo\" \/>\n<meta property=\"article:modified_time\" content=\"2024-01-30T21:14:45+00:00\" \/>\n<meta name=\"twitter:card\" content=\"summary_large_image\" \/>\n<meta name=\"twitter:label1\" content=\"Est. tempo de leitura\" \/>\n\t<meta name=\"twitter:data1\" content=\"1 minuto\" \/>\n<script type=\"application\/ld+json\" class=\"yoast-schema-graph\">{\"@context\":\"https:\/\/schema.org\",\"@graph\":[{\"@type\":\"WebPage\",\"@id\":\"https:\/\/wp.ufpel.edu.br\/paineldoturismo\/transporte-de-passageiros\/\",\"url\":\"https:\/\/wp.ufpel.edu.br\/paineldoturismo\/transporte-de-passageiros\/\",\"name\":\"Transporte de Passageiros - Painel do Turismo\",\"isPartOf\":{\"@id\":\"https:\/\/wp.ufpel.edu.br\/paineldoturismo\/#website\"},\"datePublished\":\"2024-01-30T21:12:51+00:00\",\"dateModified\":\"2024-01-30T21:14:45+00:00\",\"breadcrumb\":{\"@id\":\"https:\/\/wp.ufpel.edu.br\/paineldoturismo\/transporte-de-passageiros\/#breadcrumb\"},\"inLanguage\":\"pt-BR\",\"potentialAction\":[{\"@type\":\"ReadAction\",\"target\":[\"https:\/\/wp.ufpel.edu.br\/paineldoturismo\/transporte-de-passageiros\/\"]}]},{\"@type\":\"BreadcrumbList\",\"@id\":\"https:\/\/wp.ufpel.edu.br\/paineldoturismo\/transporte-de-passageiros\/#breadcrumb\",\"itemListElement\":[{\"@type\":\"ListItem\",\"position\":1,\"name\":\"In\u00edcio\",\"item\":\"https:\/\/wp.ufpel.edu.br\/paineldoturismo\/\"},{\"@type\":\"ListItem\",\"position\":2,\"name\":\"Transporte de Passageiros\"}]},{\"@type\":\"WebSite\",\"@id\":\"https:\/\/wp.ufpel.edu.br\/paineldoturismo\/#website\",\"url\":\"https:\/\/wp.ufpel.edu.br\/paineldoturismo\/\",\"name\":\"Painel do Turismo\",\"description\":\"um projeto dedicado a entender as din\u00e2micas do turismo a partir de dados abertos\",\"potentialAction\":[{\"@type\":\"SearchAction\",\"target\":{\"@type\":\"EntryPoint\",\"urlTemplate\":\"https:\/\/wp.ufpel.edu.br\/paineldoturismo\/?s={search_term_string}\"},\"query-input\":{\"@type\":\"PropertyValueSpecification\",\"valueRequired\":true,\"valueName\":\"search_term_string\"}}],\"inLanguage\":\"pt-BR\"}]}<\/script>\n<!-- \/ Yoast SEO plugin. -->","yoast_head_json":{"title":"Transporte de Passageiros - Painel do Turismo","robots":{"index":"index","follow":"follow","max-snippet":"max-snippet:-1","max-image-preview":"max-image-preview:large","max-video-preview":"max-video-preview:-1"},"canonical":"https:\/\/wp.ufpel.edu.br\/paineldoturismo\/transporte-de-passageiros\/","og_locale":"pt_BR","og_type":"article","og_title":"Transporte de Passageiros - Painel do Turismo","og_description":"Transporte de passageiros O transporte de passageiros incluem as atividades de transporte rodovi\u00e1rio, ferrovi\u00e1rio, aquavi\u00e1rio e a\u00e9reo. Na CNAE 2.0,\u00a0 tais atividades correspondem aos c\u00f3digos :\u201c4950-7 \u00a0Trens tur\u00edsticos, telef\u00e9ricos e similares\u201d, \u201c4922-1 Transporte rodovi\u00e1rio coletivo de passageiros, com itiner\u00e1rio fixo, intermunicipal, interestadual e internacional\u201d, \u201c4923-0 Transporte rodovi\u00e1rio de t\u00e1xi\u201d, \u201c4929-9 Transporte rodovi\u00e1rio coletivo de passageiros,&hellip;","og_url":"https:\/\/wp.ufpel.edu.br\/paineldoturismo\/transporte-de-passageiros\/","og_site_name":"Painel do Turismo","article_modified_time":"2024-01-30T21:14:45+00:00","twitter_card":"summary_large_image","twitter_misc":{"Est. tempo de leitura":"1 minuto"},"schema":{"@context":"https:\/\/schema.org","@graph":[{"@type":"WebPage","@id":"https:\/\/wp.ufpel.edu.br\/paineldoturismo\/transporte-de-passageiros\/","url":"https:\/\/wp.ufpel.edu.br\/paineldoturismo\/transporte-de-passageiros\/","name":"Transporte de Passageiros - Painel do Turismo","isPartOf":{"@id":"https:\/\/wp.ufpel.edu.br\/paineldoturismo\/#website"},"datePublished":"2024-01-30T21:12:51+00:00","dateModified":"2024-01-30T21:14:45+00:00","breadcrumb":{"@id":"https:\/\/wp.ufpel.edu.br\/paineldoturismo\/transporte-de-passageiros\/#breadcrumb"},"inLanguage":"pt-BR","potentialAction":[{"@type":"ReadAction","target":["https:\/\/wp.ufpel.edu.br\/paineldoturismo\/transporte-de-passageiros\/"]}]},{"@type":"BreadcrumbList","@id":"https:\/\/wp.ufpel.edu.br\/paineldoturismo\/transporte-de-passageiros\/#breadcrumb","itemListElement":[{"@type":"ListItem","position":1,"name":"In\u00edcio","item":"https:\/\/wp.ufpel.edu.br\/paineldoturismo\/"},{"@type":"ListItem","position":2,"name":"Transporte de Passageiros"}]},{"@type":"WebSite","@id":"https:\/\/wp.ufpel.edu.br\/paineldoturismo\/#website","url":"https:\/\/wp.ufpel.edu.br\/paineldoturismo\/","name":"Painel do Turismo","description":"um projeto dedicado a entender as din\u00e2micas do turismo a partir de dados abertos","potentialAction":[{"@type":"SearchAction","target":{"@type":"EntryPoint","urlTemplate":"https:\/\/wp.ufpel.edu.br\/paineldoturismo\/?s={search_term_string}"},"query-input":{"@type":"PropertyValueSpecification","valueRequired":true,"valueName":"search_term_string"}}],"inLanguage":"pt-BR"}]}},"jetpack_sharing_enabled":true,"_links":{"self":[{"href":"https:\/\/wp.ufpel.edu.br\/paineldoturismo\/wp-json\/wp\/v2\/pages\/936","targetHints":{"allow":["GET"]}}],"collection":[{"href":"https:\/\/wp.ufpel.edu.br\/paineldoturismo\/wp-json\/wp\/v2\/pages"}],"about":[{"href":"https:\/\/wp.ufpel.edu.br\/paineldoturismo\/wp-json\/wp\/v2\/types\/page"}],"author":[{"embeddable":true,"href":"https:\/\/wp.ufpel.edu.br\/paineldoturismo\/wp-json\/wp\/v2\/users\/1169"}],"replies":[{"embeddable":true,"href":"https:\/\/wp.ufpel.edu.br\/paineldoturismo\/wp-json\/wp\/v2\/comments?post=936"}],"version-history":[{"count":3,"href":"https:\/\/wp.ufpel.edu.br\/paineldoturismo\/wp-json\/wp\/v2\/pages\/936\/revisions"}],"predecessor-version":[{"id":940,"href":"https:\/\/wp.ufpel.edu.br\/paineldoturismo\/wp-json\/wp\/v2\/pages\/936\/revisions\/940"}],"wp:attachment":[{"href":"https:\/\/wp.ufpel.edu.br\/paineldoturismo\/wp-json\/wp\/v2\/media?parent=936"}],"curies":[{"name":"wp","href":"https:\/\/api.w.org\/{rel}","templated":true}]}}