{"id":9,"date":"2021-10-01T17:08:01","date_gmt":"2021-10-01T20:08:01","guid":{"rendered":"https:\/\/wp.ufpel.edu.br\/paineldoturismo\/?page_id=9"},"modified":"2025-06-27T11:43:16","modified_gmt":"2025-06-27T14:43:16","slug":"publicacoes","status":"publish","type":"page","link":"https:\/\/wp.ufpel.edu.br\/paineldoturismo\/publicacoes\/","title":{"rendered":"Publica\u00e7\u00f5es"},"content":{"rendered":"<h2>Publica\u00e7\u00f5es geradas a partir do projeto Painel do Turismo<\/h2>\n<p>&nbsp;<\/p>\n<h6>Artigos<\/h6>\n<ul>\n<li style=\"list-style-type: none;\">\n<ul>\n<li>RAGAGNIN PIMENTEL, M.; BRANDOLT SOARES, R. <a href=\"https:\/\/periodicos.ufrn.br\/turismocontemporaneo\/article\/view\/37225\">Planos Nacionais de Turismo do Brasil a partir de seus indicadores.<\/a> Revista de Turismo Contempor\u00e2neo (UFRN), v. 13, n. 1, p. 646\u2013667, 2025. DOI: 10.21680\/2357-8211.2025v13n1ID37225.<\/li>\n<\/ul>\n<\/li>\n<\/ul>\n<ul>\n<li style=\"list-style-type: none;\">\n<ul>\n<li>RAGAGNIN PIMENTEL, M.; KUNZ, J.C. <a href=\"https:\/\/revistas.usp.br\/rta\/article\/view\/203682\">Financiamento P\u00fablico para Empresas Tur\u00edsticas: perfil de opera\u00e7\u00f5es e distribui\u00e7\u00e3o espacial de tr\u00eas fundos brasileiros<\/a>.Revista Turismo em An\u00e1lise &#8211; RTA | ISSN: 1984-4867, v. 33, n. 3, p. 187-207, set.-dez., 2022. <a href=\"http:\/\/dx.doi.org\/10.11606\/issn.1984-4867.v33i3p187-207\">http:\/\/dx.doi.org\/10.11606\/issn.1984-4867.v33i3p187-207<\/a><\/li>\n<\/ul>\n<\/li>\n<\/ul>\n<ul>\n<li style=\"list-style-type: none;\">\n<ul>\n<li>RAGAGNIN PIMENTEL, M. <a href=\"https:\/\/revistas.ufpr.br\/turismo\/article\/view\/77419\">Excurs\u00f5es Interestaduais: uma an\u00e1lise geogr\u00e1fica das opera\u00e7\u00f5es em fretamento rodovi\u00e1rio eventual<\/a>. Turismo e Sociedade, v.14, n.2, 2021.<\/li>\n<\/ul>\n<\/li>\n<\/ul>\n<ul>\n<li style=\"list-style-type: none;\">\n<ul>\n<li>Ragagnin Pimentel, M.\u00a0and\u00a0Pereira, M.d.L<a class=\"font-weight-light link-dark\" title=\"Melise de Lima Pereira\" href=\"https:\/\/www.emerald.com\/insight\/search?q=Melise%20de%20Lima%20Pereira\" rel=\"nofollow\">.<\/a>\u00a0(2021), &#8220;Tourism spatial distribution in Brazil: a recent assessment using thematic cartography&#8221;,\u00a0<i>Journal of Hospitality and Tourism Insights<\/i>, Vol. 4 No. 3, pp. 318-334.\u00a0<a class=\"intent_doi_link Citation__identifier__link\" title=\"DOI: https:\/\/doi.org\/10.1108\/JHTI-03-2019-0051\" href=\"https:\/\/doi.org\/10.1108\/JHTI-03-2019-0051\">https:\/\/doi.org\/10.1108\/JHTI-03-2019-0051<\/a><\/li>\n<\/ul>\n<\/li>\n<\/ul>\n<ul>\n<li style=\"list-style-type: none;\">\n<ul>\n<li>SILVA, C.C.C.; PIMENTEL, M. R.; SANTOS, J.V.C. <a href=\"https:\/\/siaiap32.univali.br\/seer\/index.php\/ijth\/article\/view\/16276\">International tourism spatial distribution: an alternative cartography of World Tourism Organization (Unwto) Data.<\/a> Applied Tourism, v.4, n.3, 2019.<\/li>\n<\/ul>\n<\/li>\n<\/ul>\n<p><!-- Google tag (gtag.js) --><\/p>\n<h5>Trabalhos de Conclus\u00e3o de Curso<\/h5>\n<p>&nbsp;<\/p>\n<ul>\n<li style=\"list-style-type: none;\">\n<ul>\n<li>MURIALDO, Felipe. Felipe Murialdo.Impactos da pandemia de COVID-19 nas ag\u00eancias de turismo do Rio Grande do Sul. 2023Trabalho de Conclus\u00e3o de Curso (Curso de Bacharelado em Turismo) Centro de Ci\u00eancias S\u00f3cio-Organizacionais, Universidade Federal de Pelotas, Pelotas, 2023.<\/li>\n<\/ul>\n<\/li>\n<\/ul>\n<ul>\n<li style=\"list-style-type: none;\">\n<ul>\n<li>SANTOS, J\u00falia. <a href=\"https:\/\/pergamum.ufpel.edu.br\/pergamumweb\/vinculos\/0000e9\/0000e9d9.pdf\">Administra\u00e7\u00e3o or\u00e7ament\u00e1ria do setor tur\u00edstico: an\u00e1lise dos munic\u00edpios do Vale do Taquari\/RS<\/a>. Orientador: Maur\u00edcio Ragagnin Pimentel. 2022. 79 f. Trabalho de Conclus\u00e3o de Curso (Curso de Bacharelado em Turismo) Centro de Ci\u00eancias S\u00f3cio-Organizacionais, Universidade Federal de Pelotas, Pelotas, 2022.<\/li>\n<\/ul>\n<\/li>\n<\/ul>\n<ul>\n<li style=\"list-style-type: none;\"><\/li>\n<\/ul>\n<ul>\n<li style=\"list-style-type: none;\"><\/li>\n<\/ul>\n<p><script async src=\"https:\/\/www.googletagmanager.com\/gtag\/js?id=G-7CQF3NPZPM\"><\/script><br \/>\n<script>\n  window.dataLayer = window.dataLayer || [];\n  function gtag(){dataLayer.push(arguments);}\n  gtag('js', new Date());<\/p>\n<p>  gtag('config', 'G-7CQF3NPZPM');\n<\/script><\/p>\n","protected":false},"excerpt":{"rendered":"<p>Publica\u00e7\u00f5es geradas a partir do projeto Painel do Turismo &nbsp; Artigos RAGAGNIN PIMENTEL, M.; BRANDOLT SOARES, R. Planos Nacionais de Turismo do Brasil a partir de seus indicadores. Revista de Turismo Contempor\u00e2neo (UFRN), v. 13, n. 1, p. 646\u2013667, 2025. DOI: 10.21680\/2357-8211.2025v13n1ID37225. RAGAGNIN PIMENTEL, M.; KUNZ, J.C. Financiamento P\u00fablico para Empresas Tur\u00edsticas: perfil de opera\u00e7\u00f5es&hellip;<\/p>\n","protected":false},"author":1169,"featured_media":0,"parent":0,"menu_order":0,"comment_status":"closed","ping_status":"closed","template":"","meta":{"footnotes":""},"class_list":["post-9","page","type-page","status-publish","hentry"],"yoast_head":"<!-- This site is optimized with the Yoast SEO plugin v26.7 - https:\/\/yoast.com\/wordpress\/plugins\/seo\/ -->\n<title>Publica\u00e7\u00f5es - Painel do Turismo<\/title>\n<meta name=\"description\" content=\"Publica\u00e7\u00f5es geradas no projeto Painel do Turismo.\" \/>\n<meta name=\"robots\" content=\"index, follow, max-snippet:-1, max-image-preview:large, max-video-preview:-1\" \/>\n<link rel=\"canonical\" href=\"https:\/\/wp.ufpel.edu.br\/paineldoturismo\/publicacoes\/\" \/>\n<meta property=\"og:locale\" content=\"pt_BR\" \/>\n<meta property=\"og:type\" content=\"article\" \/>\n<meta property=\"og:title\" content=\"Publica\u00e7\u00f5es - Painel do Turismo\" \/>\n<meta property=\"og:description\" content=\"Publica\u00e7\u00f5es geradas no projeto Painel do Turismo.\" \/>\n<meta property=\"og:url\" content=\"https:\/\/wp.ufpel.edu.br\/paineldoturismo\/publicacoes\/\" \/>\n<meta property=\"og:site_name\" content=\"Painel do Turismo\" \/>\n<meta property=\"article:modified_time\" content=\"2025-06-27T14:43:16+00:00\" \/>\n<meta name=\"twitter:card\" content=\"summary_large_image\" \/>\n<meta name=\"twitter:label1\" content=\"Est. tempo de leitura\" \/>\n\t<meta name=\"twitter:data1\" content=\"2 minutos\" \/>\n<script type=\"application\/ld+json\" class=\"yoast-schema-graph\">{\"@context\":\"https:\/\/schema.org\",\"@graph\":[{\"@type\":\"WebPage\",\"@id\":\"https:\/\/wp.ufpel.edu.br\/paineldoturismo\/publicacoes\/\",\"url\":\"https:\/\/wp.ufpel.edu.br\/paineldoturismo\/publicacoes\/\",\"name\":\"Publica\u00e7\u00f5es - Painel do Turismo\",\"isPartOf\":{\"@id\":\"https:\/\/wp.ufpel.edu.br\/paineldoturismo\/#website\"},\"datePublished\":\"2021-10-01T20:08:01+00:00\",\"dateModified\":\"2025-06-27T14:43:16+00:00\",\"description\":\"Publica\u00e7\u00f5es geradas no projeto Painel do Turismo.\",\"breadcrumb\":{\"@id\":\"https:\/\/wp.ufpel.edu.br\/paineldoturismo\/publicacoes\/#breadcrumb\"},\"inLanguage\":\"pt-BR\",\"potentialAction\":[{\"@type\":\"ReadAction\",\"target\":[\"https:\/\/wp.ufpel.edu.br\/paineldoturismo\/publicacoes\/\"]}]},{\"@type\":\"BreadcrumbList\",\"@id\":\"https:\/\/wp.ufpel.edu.br\/paineldoturismo\/publicacoes\/#breadcrumb\",\"itemListElement\":[{\"@type\":\"ListItem\",\"position\":1,\"name\":\"In\u00edcio\",\"item\":\"https:\/\/wp.ufpel.edu.br\/paineldoturismo\/\"},{\"@type\":\"ListItem\",\"position\":2,\"name\":\"Publica\u00e7\u00f5es\"}]},{\"@type\":\"WebSite\",\"@id\":\"https:\/\/wp.ufpel.edu.br\/paineldoturismo\/#website\",\"url\":\"https:\/\/wp.ufpel.edu.br\/paineldoturismo\/\",\"name\":\"Painel do Turismo\",\"description\":\"um projeto dedicado a entender as din\u00e2micas do turismo a partir de dados abertos\",\"potentialAction\":[{\"@type\":\"SearchAction\",\"target\":{\"@type\":\"EntryPoint\",\"urlTemplate\":\"https:\/\/wp.ufpel.edu.br\/paineldoturismo\/?s={search_term_string}\"},\"query-input\":{\"@type\":\"PropertyValueSpecification\",\"valueRequired\":true,\"valueName\":\"search_term_string\"}}],\"inLanguage\":\"pt-BR\"}]}<\/script>\n<!-- \/ Yoast SEO plugin. -->","yoast_head_json":{"title":"Publica\u00e7\u00f5es - Painel do Turismo","description":"Publica\u00e7\u00f5es geradas no projeto Painel do Turismo.","robots":{"index":"index","follow":"follow","max-snippet":"max-snippet:-1","max-image-preview":"max-image-preview:large","max-video-preview":"max-video-preview:-1"},"canonical":"https:\/\/wp.ufpel.edu.br\/paineldoturismo\/publicacoes\/","og_locale":"pt_BR","og_type":"article","og_title":"Publica\u00e7\u00f5es - Painel do Turismo","og_description":"Publica\u00e7\u00f5es geradas no projeto Painel do Turismo.","og_url":"https:\/\/wp.ufpel.edu.br\/paineldoturismo\/publicacoes\/","og_site_name":"Painel do Turismo","article_modified_time":"2025-06-27T14:43:16+00:00","twitter_card":"summary_large_image","twitter_misc":{"Est. tempo de leitura":"2 minutos"},"schema":{"@context":"https:\/\/schema.org","@graph":[{"@type":"WebPage","@id":"https:\/\/wp.ufpel.edu.br\/paineldoturismo\/publicacoes\/","url":"https:\/\/wp.ufpel.edu.br\/paineldoturismo\/publicacoes\/","name":"Publica\u00e7\u00f5es - Painel do Turismo","isPartOf":{"@id":"https:\/\/wp.ufpel.edu.br\/paineldoturismo\/#website"},"datePublished":"2021-10-01T20:08:01+00:00","dateModified":"2025-06-27T14:43:16+00:00","description":"Publica\u00e7\u00f5es geradas no projeto Painel do Turismo.","breadcrumb":{"@id":"https:\/\/wp.ufpel.edu.br\/paineldoturismo\/publicacoes\/#breadcrumb"},"inLanguage":"pt-BR","potentialAction":[{"@type":"ReadAction","target":["https:\/\/wp.ufpel.edu.br\/paineldoturismo\/publicacoes\/"]}]},{"@type":"BreadcrumbList","@id":"https:\/\/wp.ufpel.edu.br\/paineldoturismo\/publicacoes\/#breadcrumb","itemListElement":[{"@type":"ListItem","position":1,"name":"In\u00edcio","item":"https:\/\/wp.ufpel.edu.br\/paineldoturismo\/"},{"@type":"ListItem","position":2,"name":"Publica\u00e7\u00f5es"}]},{"@type":"WebSite","@id":"https:\/\/wp.ufpel.edu.br\/paineldoturismo\/#website","url":"https:\/\/wp.ufpel.edu.br\/paineldoturismo\/","name":"Painel do Turismo","description":"um projeto dedicado a entender as din\u00e2micas do turismo a partir de dados abertos","potentialAction":[{"@type":"SearchAction","target":{"@type":"EntryPoint","urlTemplate":"https:\/\/wp.ufpel.edu.br\/paineldoturismo\/?s={search_term_string}"},"query-input":{"@type":"PropertyValueSpecification","valueRequired":true,"valueName":"search_term_string"}}],"inLanguage":"pt-BR"}]}},"jetpack_sharing_enabled":true,"_links":{"self":[{"href":"https:\/\/wp.ufpel.edu.br\/paineldoturismo\/wp-json\/wp\/v2\/pages\/9","targetHints":{"allow":["GET"]}}],"collection":[{"href":"https:\/\/wp.ufpel.edu.br\/paineldoturismo\/wp-json\/wp\/v2\/pages"}],"about":[{"href":"https:\/\/wp.ufpel.edu.br\/paineldoturismo\/wp-json\/wp\/v2\/types\/page"}],"author":[{"embeddable":true,"href":"https:\/\/wp.ufpel.edu.br\/paineldoturismo\/wp-json\/wp\/v2\/users\/1169"}],"replies":[{"embeddable":true,"href":"https:\/\/wp.ufpel.edu.br\/paineldoturismo\/wp-json\/wp\/v2\/comments?post=9"}],"version-history":[{"count":9,"href":"https:\/\/wp.ufpel.edu.br\/paineldoturismo\/wp-json\/wp\/v2\/pages\/9\/revisions"}],"predecessor-version":[{"id":975,"href":"https:\/\/wp.ufpel.edu.br\/paineldoturismo\/wp-json\/wp\/v2\/pages\/9\/revisions\/975"}],"wp:attachment":[{"href":"https:\/\/wp.ufpel.edu.br\/paineldoturismo\/wp-json\/wp\/v2\/media?parent=9"}],"curies":[{"name":"wp","href":"https:\/\/api.w.org\/{rel}","templated":true}]}}