{"id":393,"date":"2022-01-17T20:25:49","date_gmt":"2022-01-17T23:25:49","guid":{"rendered":"https:\/\/wp.ufpel.edu.br\/paineldoturismo\/?page_id=393"},"modified":"2023-08-08T09:26:55","modified_gmt":"2023-08-08T12:26:55","slug":"orcamento-para-o-turismo","status":"publish","type":"page","link":"https:\/\/wp.ufpel.edu.br\/paineldoturismo\/orcamento-para-o-turismo\/","title":{"rendered":"Recursos para o Turismo"},"content":{"rendered":"<p><span style=\"font-family: verdana, geneva, sans-serif; font-size: 18pt;\">Voc\u00ea sabe quanto os munic\u00edpios ga\u00fachos investem de seus or\u00e7amentos em Turismo? <strong><a href=\"https:\/\/wp.ufpel.edu.br\/paineldoturismo\/2022\/01\/16\/orcamento-para-turismo\/\">Descubra!<\/a><\/strong><\/span><\/p>\n<p><span style=\"font-family: verdana, geneva, sans-serif; font-size: 18pt;\">Voc\u00ea sabe quanto o Minist\u00e9rio do Turismo j\u00e1 repassou aos munic\u00edpios ga\u00fachos para investirem em Turismo? <strong><a href=\"https:\/\/wp.ufpel.edu.br\/paineldoturismo\/2022\/09\/05\/convenios-com-o-ministerio-do-turismo\/\">Descubra!<\/a><\/strong><\/span><\/p>\n<p><!-- Google tag (gtag.js) --><br \/>\n<script async src=\"https:\/\/www.googletagmanager.com\/gtag\/js?id=G-7CQF3NPZPM\"><\/script><br \/>\n<script>\n  window.dataLayer = window.dataLayer || [];\n  function gtag(){dataLayer.push(arguments);}\n  gtag('js', new Date());<\/p>\n<p>  gtag('config', 'G-7CQF3NPZPM');\n<\/script><br \/>\n&nbsp;<\/p>\n","protected":false},"excerpt":{"rendered":"<p>Voc\u00ea sabe quanto os munic\u00edpios ga\u00fachos investem de seus or\u00e7amentos em Turismo? Descubra! Voc\u00ea sabe quanto o Minist\u00e9rio do Turismo j\u00e1 repassou aos munic\u00edpios ga\u00fachos para investirem em Turismo? Descubra! &nbsp;<\/p>\n","protected":false},"author":1169,"featured_media":386,"parent":0,"menu_order":0,"comment_status":"closed","ping_status":"closed","template":"","meta":{"footnotes":""},"class_list":["post-393","page","type-page","status-publish","has-post-thumbnail","hentry"],"yoast_head":"<!-- This site is optimized with the Yoast SEO plugin v26.7 - https:\/\/yoast.com\/wordpress\/plugins\/seo\/ -->\n<title>Recursos para o Turismo - Painel do Turismo<\/title>\n<meta name=\"robots\" content=\"index, follow, max-snippet:-1, max-image-preview:large, max-video-preview:-1\" \/>\n<link rel=\"canonical\" href=\"https:\/\/wp.ufpel.edu.br\/paineldoturismo\/orcamento-para-o-turismo\/\" \/>\n<meta property=\"og:locale\" content=\"pt_BR\" \/>\n<meta property=\"og:type\" content=\"article\" \/>\n<meta property=\"og:title\" content=\"Recursos para o Turismo - Painel do Turismo\" \/>\n<meta property=\"og:description\" content=\"Voc\u00ea sabe quanto os munic\u00edpios ga\u00fachos investem de seus or\u00e7amentos em Turismo? Descubra! Voc\u00ea sabe quanto o Minist\u00e9rio do Turismo j\u00e1 repassou aos munic\u00edpios ga\u00fachos para investirem em Turismo? Descubra! &nbsp;\" \/>\n<meta property=\"og:url\" content=\"https:\/\/wp.ufpel.edu.br\/paineldoturismo\/orcamento-para-o-turismo\/\" \/>\n<meta property=\"og:site_name\" content=\"Painel do Turismo\" \/>\n<meta property=\"article:modified_time\" content=\"2023-08-08T12:26:55+00:00\" \/>\n<meta property=\"og:image\" content=\"https:\/\/wp.ufpel.edu.br\/paineldoturismo\/files\/2022\/01\/TCE-gasto-695-e1642342330610.png\" \/>\n\t<meta property=\"og:image:width\" content=\"2741\" \/>\n\t<meta property=\"og:image:height\" content=\"2468\" \/>\n\t<meta property=\"og:image:type\" content=\"image\/png\" \/>\n<meta name=\"twitter:card\" content=\"summary_large_image\" \/>\n<meta name=\"twitter:label1\" content=\"Est. tempo de leitura\" \/>\n\t<meta name=\"twitter:data1\" content=\"1 minuto\" \/>\n<script type=\"application\/ld+json\" class=\"yoast-schema-graph\">{\"@context\":\"https:\/\/schema.org\",\"@graph\":[{\"@type\":\"WebPage\",\"@id\":\"https:\/\/wp.ufpel.edu.br\/paineldoturismo\/orcamento-para-o-turismo\/\",\"url\":\"https:\/\/wp.ufpel.edu.br\/paineldoturismo\/orcamento-para-o-turismo\/\",\"name\":\"Recursos para o Turismo - Painel do Turismo\",\"isPartOf\":{\"@id\":\"https:\/\/wp.ufpel.edu.br\/paineldoturismo\/#website\"},\"primaryImageOfPage\":{\"@id\":\"https:\/\/wp.ufpel.edu.br\/paineldoturismo\/orcamento-para-o-turismo\/#primaryimage\"},\"image\":{\"@id\":\"https:\/\/wp.ufpel.edu.br\/paineldoturismo\/orcamento-para-o-turismo\/#primaryimage\"},\"thumbnailUrl\":\"https:\/\/wp.ufpel.edu.br\/paineldoturismo\/files\/2022\/01\/TCE-gasto-695-e1642342330610.png\",\"datePublished\":\"2022-01-17T23:25:49+00:00\",\"dateModified\":\"2023-08-08T12:26:55+00:00\",\"breadcrumb\":{\"@id\":\"https:\/\/wp.ufpel.edu.br\/paineldoturismo\/orcamento-para-o-turismo\/#breadcrumb\"},\"inLanguage\":\"pt-BR\",\"potentialAction\":[{\"@type\":\"ReadAction\",\"target\":[\"https:\/\/wp.ufpel.edu.br\/paineldoturismo\/orcamento-para-o-turismo\/\"]}]},{\"@type\":\"ImageObject\",\"inLanguage\":\"pt-BR\",\"@id\":\"https:\/\/wp.ufpel.edu.br\/paineldoturismo\/orcamento-para-o-turismo\/#primaryimage\",\"url\":\"https:\/\/wp.ufpel.edu.br\/paineldoturismo\/files\/2022\/01\/TCE-gasto-695-e1642342330610.png\",\"contentUrl\":\"https:\/\/wp.ufpel.edu.br\/paineldoturismo\/files\/2022\/01\/TCE-gasto-695-e1642342330610.png\",\"width\":2741,\"height\":2468,\"caption\":\"Or\u00e7amento em Turismo\"},{\"@type\":\"BreadcrumbList\",\"@id\":\"https:\/\/wp.ufpel.edu.br\/paineldoturismo\/orcamento-para-o-turismo\/#breadcrumb\",\"itemListElement\":[{\"@type\":\"ListItem\",\"position\":1,\"name\":\"In\u00edcio\",\"item\":\"https:\/\/wp.ufpel.edu.br\/paineldoturismo\/\"},{\"@type\":\"ListItem\",\"position\":2,\"name\":\"Recursos para o Turismo\"}]},{\"@type\":\"WebSite\",\"@id\":\"https:\/\/wp.ufpel.edu.br\/paineldoturismo\/#website\",\"url\":\"https:\/\/wp.ufpel.edu.br\/paineldoturismo\/\",\"name\":\"Painel do Turismo\",\"description\":\"um projeto dedicado a entender as din\u00e2micas do turismo a partir de dados abertos\",\"potentialAction\":[{\"@type\":\"SearchAction\",\"target\":{\"@type\":\"EntryPoint\",\"urlTemplate\":\"https:\/\/wp.ufpel.edu.br\/paineldoturismo\/?s={search_term_string}\"},\"query-input\":{\"@type\":\"PropertyValueSpecification\",\"valueRequired\":true,\"valueName\":\"search_term_string\"}}],\"inLanguage\":\"pt-BR\"}]}<\/script>\n<!-- \/ Yoast SEO plugin. -->","yoast_head_json":{"title":"Recursos para o Turismo - Painel do Turismo","robots":{"index":"index","follow":"follow","max-snippet":"max-snippet:-1","max-image-preview":"max-image-preview:large","max-video-preview":"max-video-preview:-1"},"canonical":"https:\/\/wp.ufpel.edu.br\/paineldoturismo\/orcamento-para-o-turismo\/","og_locale":"pt_BR","og_type":"article","og_title":"Recursos para o Turismo - Painel do Turismo","og_description":"Voc\u00ea sabe quanto os munic\u00edpios ga\u00fachos investem de seus or\u00e7amentos em Turismo? Descubra! Voc\u00ea sabe quanto o Minist\u00e9rio do Turismo j\u00e1 repassou aos munic\u00edpios ga\u00fachos para investirem em Turismo? Descubra! &nbsp;","og_url":"https:\/\/wp.ufpel.edu.br\/paineldoturismo\/orcamento-para-o-turismo\/","og_site_name":"Painel do Turismo","article_modified_time":"2023-08-08T12:26:55+00:00","og_image":[{"width":2741,"height":2468,"url":"https:\/\/wp.ufpel.edu.br\/paineldoturismo\/files\/2022\/01\/TCE-gasto-695-e1642342330610.png","type":"image\/png"}],"twitter_card":"summary_large_image","twitter_misc":{"Est. tempo de leitura":"1 minuto"},"schema":{"@context":"https:\/\/schema.org","@graph":[{"@type":"WebPage","@id":"https:\/\/wp.ufpel.edu.br\/paineldoturismo\/orcamento-para-o-turismo\/","url":"https:\/\/wp.ufpel.edu.br\/paineldoturismo\/orcamento-para-o-turismo\/","name":"Recursos para o Turismo - Painel do Turismo","isPartOf":{"@id":"https:\/\/wp.ufpel.edu.br\/paineldoturismo\/#website"},"primaryImageOfPage":{"@id":"https:\/\/wp.ufpel.edu.br\/paineldoturismo\/orcamento-para-o-turismo\/#primaryimage"},"image":{"@id":"https:\/\/wp.ufpel.edu.br\/paineldoturismo\/orcamento-para-o-turismo\/#primaryimage"},"thumbnailUrl":"https:\/\/wp.ufpel.edu.br\/paineldoturismo\/files\/2022\/01\/TCE-gasto-695-e1642342330610.png","datePublished":"2022-01-17T23:25:49+00:00","dateModified":"2023-08-08T12:26:55+00:00","breadcrumb":{"@id":"https:\/\/wp.ufpel.edu.br\/paineldoturismo\/orcamento-para-o-turismo\/#breadcrumb"},"inLanguage":"pt-BR","potentialAction":[{"@type":"ReadAction","target":["https:\/\/wp.ufpel.edu.br\/paineldoturismo\/orcamento-para-o-turismo\/"]}]},{"@type":"ImageObject","inLanguage":"pt-BR","@id":"https:\/\/wp.ufpel.edu.br\/paineldoturismo\/orcamento-para-o-turismo\/#primaryimage","url":"https:\/\/wp.ufpel.edu.br\/paineldoturismo\/files\/2022\/01\/TCE-gasto-695-e1642342330610.png","contentUrl":"https:\/\/wp.ufpel.edu.br\/paineldoturismo\/files\/2022\/01\/TCE-gasto-695-e1642342330610.png","width":2741,"height":2468,"caption":"Or\u00e7amento em Turismo"},{"@type":"BreadcrumbList","@id":"https:\/\/wp.ufpel.edu.br\/paineldoturismo\/orcamento-para-o-turismo\/#breadcrumb","itemListElement":[{"@type":"ListItem","position":1,"name":"In\u00edcio","item":"https:\/\/wp.ufpel.edu.br\/paineldoturismo\/"},{"@type":"ListItem","position":2,"name":"Recursos para o Turismo"}]},{"@type":"WebSite","@id":"https:\/\/wp.ufpel.edu.br\/paineldoturismo\/#website","url":"https:\/\/wp.ufpel.edu.br\/paineldoturismo\/","name":"Painel do Turismo","description":"um projeto dedicado a entender as din\u00e2micas do turismo a partir de dados abertos","potentialAction":[{"@type":"SearchAction","target":{"@type":"EntryPoint","urlTemplate":"https:\/\/wp.ufpel.edu.br\/paineldoturismo\/?s={search_term_string}"},"query-input":{"@type":"PropertyValueSpecification","valueRequired":true,"valueName":"search_term_string"}}],"inLanguage":"pt-BR"}]}},"jetpack_sharing_enabled":true,"_links":{"self":[{"href":"https:\/\/wp.ufpel.edu.br\/paineldoturismo\/wp-json\/wp\/v2\/pages\/393","targetHints":{"allow":["GET"]}}],"collection":[{"href":"https:\/\/wp.ufpel.edu.br\/paineldoturismo\/wp-json\/wp\/v2\/pages"}],"about":[{"href":"https:\/\/wp.ufpel.edu.br\/paineldoturismo\/wp-json\/wp\/v2\/types\/page"}],"author":[{"embeddable":true,"href":"https:\/\/wp.ufpel.edu.br\/paineldoturismo\/wp-json\/wp\/v2\/users\/1169"}],"replies":[{"embeddable":true,"href":"https:\/\/wp.ufpel.edu.br\/paineldoturismo\/wp-json\/wp\/v2\/comments?post=393"}],"version-history":[{"count":9,"href":"https:\/\/wp.ufpel.edu.br\/paineldoturismo\/wp-json\/wp\/v2\/pages\/393\/revisions"}],"predecessor-version":[{"id":549,"href":"https:\/\/wp.ufpel.edu.br\/paineldoturismo\/wp-json\/wp\/v2\/pages\/393\/revisions\/549"}],"wp:featuredmedia":[{"embeddable":true,"href":"https:\/\/wp.ufpel.edu.br\/paineldoturismo\/wp-json\/wp\/v2\/media\/386"}],"wp:attachment":[{"href":"https:\/\/wp.ufpel.edu.br\/paineldoturismo\/wp-json\/wp\/v2\/media?parent=393"}],"curies":[{"name":"wp","href":"https:\/\/api.w.org\/{rel}","templated":true}]}}