{"id":231,"date":"2021-12-22T19:30:40","date_gmt":"2021-12-22T22:30:40","guid":{"rendered":"https:\/\/wp.ufpel.edu.br\/paineldoturismo\/?page_id=231"},"modified":"2023-12-15T13:01:49","modified_gmt":"2023-12-15T16:01:49","slug":"empregos-em-acts-2","status":"publish","type":"page","link":"https:\/\/wp.ufpel.edu.br\/paineldoturismo\/atlas_do_turismo_rs\/empregos-em-acts-2\/","title":{"rendered":"Empregos em ACTs (RAIS)"},"content":{"rendered":"<p style=\"text-align: center;\">O turismo gera muitos empregos formais? Voc\u00ea sabe o que s\u00e3o as ACTs? Descubra!<\/p>\n<table class=\" aligncenter\" style=\"height: 154px; width: 100%; border-collapse: collapse; border-style: hidden;\" border=\"0\">\n<tbody>\n<tr style=\"height: 41px;\">\n<td style=\"width: 253.352px; height: 73px; text-align: center; vertical-align: top;\"><a href=\"https:\/\/wp.ufpel.edu.br\/paineldoturismo\/atlas_do_turismo_rs\/empregos-em-acts\/\">Quais s\u00e3o as Atividades Caracter\u00edsticas do Turismo?<\/a><\/td>\n<td style=\"width: 253.352px; height: 73px; vertical-align: top; text-align: center;\"><a href=\"https:\/\/wp.ufpel.edu.br\/paineldoturismo\/2023\/11\/30\/empregos-em-hospedagem-2021\/\">Empregos em Hospedagem<\/a>, <span style=\"font-size: 10pt;\">entre 2020 e 2021, fonte: RAIS.<\/span><\/td>\n<td style=\"width: 253.352px; height: 73px; vertical-align: top; text-align: center;\"><a href=\"https:\/\/wp.ufpel.edu.br\/paineldoturismo\/2021\/12\/23\/empregos-em-hospedagem\/\">Empregos em Hospedagem,<\/a> <span style=\"font-size: 10pt;\">per\u00edodo pr\u00e9-pandemia 2009 a 2019, fonte: RAIS.<\/span><\/td>\n<\/tr>\n<tr style=\"height: 71px;\">\n<td style=\"width: 253.352px; text-align: center; vertical-align: top; height: 71px;\"><a href=\"https:\/\/wp.ufpel.edu.br\/paineldoturismo\/2021\/12\/27\/empregos-em-servicos-de-alimentacao-periodo-pre-pandemia-2009-a-2019\/\">Empregos em Servi\u00e7os de Alimenta\u00e7\u00e3o, <\/a><span style=\"font-size: 10pt;\">per\u00edodo pr\u00e9-pandemia 2009 a 2019<\/span><\/td>\n<td style=\"width: 253.352px; vertical-align: top; text-align: center; height: 71px;\"><a href=\"https:\/\/wp.ufpel.edu.br\/paineldoturismo\/2022\/03\/17\/novo-caged-e-os-empregos-em-hospedagem-na-pandemia\/\">Empregos em Hospedagem<\/a>, <span style=\"font-size: 10pt;\">durante a pandemia 2019 a 2021, fonte: CAGED<\/span><\/td>\n<td style=\"width: 253.352px; vertical-align: top; text-align: center; height: 71px;\"><\/td>\n<\/tr>\n<\/tbody>\n<\/table>\n<p>&nbsp;<\/p>\n","protected":false},"excerpt":{"rendered":"<p>O turismo gera muitos empregos formais? Voc\u00ea sabe o que s\u00e3o as ACTs? Descubra! Quais s\u00e3o as Atividades Caracter\u00edsticas do Turismo? Empregos em Hospedagem, entre 2020 e 2021, fonte: RAIS. Empregos em Hospedagem, per\u00edodo pr\u00e9-pandemia 2009 a 2019, fonte: RAIS. Empregos em Servi\u00e7os de Alimenta\u00e7\u00e3o, per\u00edodo pr\u00e9-pandemia 2009 a 2019 Empregos em Hospedagem, durante a&hellip;<\/p>\n","protected":false},"author":1169,"featured_media":312,"parent":6,"menu_order":0,"comment_status":"closed","ping_status":"closed","template":"","meta":{"footnotes":""},"class_list":["post-231","page","type-page","status-publish","has-post-thumbnail","hentry"],"yoast_head":"<!-- This site is optimized with the Yoast SEO plugin v26.7 - https:\/\/yoast.com\/wordpress\/plugins\/seo\/ -->\n<title>Empregos em ACTs (RAIS) - Painel do Turismo<\/title>\n<meta name=\"robots\" content=\"index, follow, max-snippet:-1, max-image-preview:large, max-video-preview:-1\" \/>\n<link rel=\"canonical\" href=\"https:\/\/wp.ufpel.edu.br\/paineldoturismo\/atlas_do_turismo_rs\/empregos-em-acts-2\/\" \/>\n<meta property=\"og:locale\" content=\"pt_BR\" \/>\n<meta property=\"og:type\" content=\"article\" \/>\n<meta property=\"og:title\" content=\"Empregos em ACTs (RAIS) - Painel do Turismo\" \/>\n<meta property=\"og:description\" content=\"O turismo gera muitos empregos formais? Voc\u00ea sabe o que s\u00e3o as ACTs? Descubra! Quais s\u00e3o as Atividades Caracter\u00edsticas do Turismo? Empregos em Hospedagem, entre 2020 e 2021, fonte: RAIS. Empregos em Hospedagem, per\u00edodo pr\u00e9-pandemia 2009 a 2019, fonte: RAIS. Empregos em Servi\u00e7os de Alimenta\u00e7\u00e3o, per\u00edodo pr\u00e9-pandemia 2009 a 2019 Empregos em Hospedagem, durante a&hellip;\" \/>\n<meta property=\"og:url\" content=\"https:\/\/wp.ufpel.edu.br\/paineldoturismo\/atlas_do_turismo_rs\/empregos-em-acts-2\/\" \/>\n<meta property=\"og:site_name\" content=\"Painel do Turismo\" \/>\n<meta property=\"article:modified_time\" content=\"2023-12-15T16:01:49+00:00\" \/>\n<meta property=\"og:image\" content=\"https:\/\/wp.ufpel.edu.br\/paineldoturismo\/files\/2021\/12\/RAIS_mdhosp_map-e1640294546557.png\" \/>\n\t<meta property=\"og:image:width\" content=\"2624\" \/>\n\t<meta property=\"og:image:height\" content=\"2458\" \/>\n\t<meta property=\"og:image:type\" content=\"image\/png\" \/>\n<meta name=\"twitter:card\" content=\"summary_large_image\" \/>\n<meta name=\"twitter:label1\" content=\"Est. tempo de leitura\" \/>\n\t<meta name=\"twitter:data1\" content=\"1 minuto\" \/>\n<script type=\"application\/ld+json\" class=\"yoast-schema-graph\">{\"@context\":\"https:\/\/schema.org\",\"@graph\":[{\"@type\":\"WebPage\",\"@id\":\"https:\/\/wp.ufpel.edu.br\/paineldoturismo\/atlas_do_turismo_rs\/empregos-em-acts-2\/\",\"url\":\"https:\/\/wp.ufpel.edu.br\/paineldoturismo\/atlas_do_turismo_rs\/empregos-em-acts-2\/\",\"name\":\"Empregos em ACTs (RAIS) - Painel do Turismo\",\"isPartOf\":{\"@id\":\"https:\/\/wp.ufpel.edu.br\/paineldoturismo\/#website\"},\"primaryImageOfPage\":{\"@id\":\"https:\/\/wp.ufpel.edu.br\/paineldoturismo\/atlas_do_turismo_rs\/empregos-em-acts-2\/#primaryimage\"},\"image\":{\"@id\":\"https:\/\/wp.ufpel.edu.br\/paineldoturismo\/atlas_do_turismo_rs\/empregos-em-acts-2\/#primaryimage\"},\"thumbnailUrl\":\"https:\/\/wp.ufpel.edu.br\/paineldoturismo\/files\/2021\/12\/RAIS_mdhosp_map-e1640294546557.png\",\"datePublished\":\"2021-12-22T22:30:40+00:00\",\"dateModified\":\"2023-12-15T16:01:49+00:00\",\"breadcrumb\":{\"@id\":\"https:\/\/wp.ufpel.edu.br\/paineldoturismo\/atlas_do_turismo_rs\/empregos-em-acts-2\/#breadcrumb\"},\"inLanguage\":\"pt-BR\",\"potentialAction\":[{\"@type\":\"ReadAction\",\"target\":[\"https:\/\/wp.ufpel.edu.br\/paineldoturismo\/atlas_do_turismo_rs\/empregos-em-acts-2\/\"]}]},{\"@type\":\"ImageObject\",\"inLanguage\":\"pt-BR\",\"@id\":\"https:\/\/wp.ufpel.edu.br\/paineldoturismo\/atlas_do_turismo_rs\/empregos-em-acts-2\/#primaryimage\",\"url\":\"https:\/\/wp.ufpel.edu.br\/paineldoturismo\/files\/2021\/12\/RAIS_mdhosp_map-e1640294546557.png\",\"contentUrl\":\"https:\/\/wp.ufpel.edu.br\/paineldoturismo\/files\/2021\/12\/RAIS_mdhosp_map-e1640294546557.png\",\"width\":2624,\"height\":2458},{\"@type\":\"BreadcrumbList\",\"@id\":\"https:\/\/wp.ufpel.edu.br\/paineldoturismo\/atlas_do_turismo_rs\/empregos-em-acts-2\/#breadcrumb\",\"itemListElement\":[{\"@type\":\"ListItem\",\"position\":1,\"name\":\"In\u00edcio\",\"item\":\"https:\/\/wp.ufpel.edu.br\/paineldoturismo\/\"},{\"@type\":\"ListItem\",\"position\":2,\"name\":\"Atlas do Turismo RS\",\"item\":\"https:\/\/wp.ufpel.edu.br\/paineldoturismo\/atlas_do_turismo_rs\/\"},{\"@type\":\"ListItem\",\"position\":3,\"name\":\"Empregos em ACTs (RAIS)\"}]},{\"@type\":\"WebSite\",\"@id\":\"https:\/\/wp.ufpel.edu.br\/paineldoturismo\/#website\",\"url\":\"https:\/\/wp.ufpel.edu.br\/paineldoturismo\/\",\"name\":\"Painel do Turismo\",\"description\":\"um projeto dedicado a entender as din\u00e2micas do turismo a partir de dados abertos\",\"potentialAction\":[{\"@type\":\"SearchAction\",\"target\":{\"@type\":\"EntryPoint\",\"urlTemplate\":\"https:\/\/wp.ufpel.edu.br\/paineldoturismo\/?s={search_term_string}\"},\"query-input\":{\"@type\":\"PropertyValueSpecification\",\"valueRequired\":true,\"valueName\":\"search_term_string\"}}],\"inLanguage\":\"pt-BR\"}]}<\/script>\n<!-- \/ Yoast SEO plugin. -->","yoast_head_json":{"title":"Empregos em ACTs (RAIS) - Painel do Turismo","robots":{"index":"index","follow":"follow","max-snippet":"max-snippet:-1","max-image-preview":"max-image-preview:large","max-video-preview":"max-video-preview:-1"},"canonical":"https:\/\/wp.ufpel.edu.br\/paineldoturismo\/atlas_do_turismo_rs\/empregos-em-acts-2\/","og_locale":"pt_BR","og_type":"article","og_title":"Empregos em ACTs (RAIS) - Painel do Turismo","og_description":"O turismo gera muitos empregos formais? Voc\u00ea sabe o que s\u00e3o as ACTs? Descubra! Quais s\u00e3o as Atividades Caracter\u00edsticas do Turismo? Empregos em Hospedagem, entre 2020 e 2021, fonte: RAIS. Empregos em Hospedagem, per\u00edodo pr\u00e9-pandemia 2009 a 2019, fonte: RAIS. Empregos em Servi\u00e7os de Alimenta\u00e7\u00e3o, per\u00edodo pr\u00e9-pandemia 2009 a 2019 Empregos em Hospedagem, durante a&hellip;","og_url":"https:\/\/wp.ufpel.edu.br\/paineldoturismo\/atlas_do_turismo_rs\/empregos-em-acts-2\/","og_site_name":"Painel do Turismo","article_modified_time":"2023-12-15T16:01:49+00:00","og_image":[{"width":2624,"height":2458,"url":"https:\/\/wp.ufpel.edu.br\/paineldoturismo\/files\/2021\/12\/RAIS_mdhosp_map-e1640294546557.png","type":"image\/png"}],"twitter_card":"summary_large_image","twitter_misc":{"Est. tempo de leitura":"1 minuto"},"schema":{"@context":"https:\/\/schema.org","@graph":[{"@type":"WebPage","@id":"https:\/\/wp.ufpel.edu.br\/paineldoturismo\/atlas_do_turismo_rs\/empregos-em-acts-2\/","url":"https:\/\/wp.ufpel.edu.br\/paineldoturismo\/atlas_do_turismo_rs\/empregos-em-acts-2\/","name":"Empregos em ACTs (RAIS) - Painel do Turismo","isPartOf":{"@id":"https:\/\/wp.ufpel.edu.br\/paineldoturismo\/#website"},"primaryImageOfPage":{"@id":"https:\/\/wp.ufpel.edu.br\/paineldoturismo\/atlas_do_turismo_rs\/empregos-em-acts-2\/#primaryimage"},"image":{"@id":"https:\/\/wp.ufpel.edu.br\/paineldoturismo\/atlas_do_turismo_rs\/empregos-em-acts-2\/#primaryimage"},"thumbnailUrl":"https:\/\/wp.ufpel.edu.br\/paineldoturismo\/files\/2021\/12\/RAIS_mdhosp_map-e1640294546557.png","datePublished":"2021-12-22T22:30:40+00:00","dateModified":"2023-12-15T16:01:49+00:00","breadcrumb":{"@id":"https:\/\/wp.ufpel.edu.br\/paineldoturismo\/atlas_do_turismo_rs\/empregos-em-acts-2\/#breadcrumb"},"inLanguage":"pt-BR","potentialAction":[{"@type":"ReadAction","target":["https:\/\/wp.ufpel.edu.br\/paineldoturismo\/atlas_do_turismo_rs\/empregos-em-acts-2\/"]}]},{"@type":"ImageObject","inLanguage":"pt-BR","@id":"https:\/\/wp.ufpel.edu.br\/paineldoturismo\/atlas_do_turismo_rs\/empregos-em-acts-2\/#primaryimage","url":"https:\/\/wp.ufpel.edu.br\/paineldoturismo\/files\/2021\/12\/RAIS_mdhosp_map-e1640294546557.png","contentUrl":"https:\/\/wp.ufpel.edu.br\/paineldoturismo\/files\/2021\/12\/RAIS_mdhosp_map-e1640294546557.png","width":2624,"height":2458},{"@type":"BreadcrumbList","@id":"https:\/\/wp.ufpel.edu.br\/paineldoturismo\/atlas_do_turismo_rs\/empregos-em-acts-2\/#breadcrumb","itemListElement":[{"@type":"ListItem","position":1,"name":"In\u00edcio","item":"https:\/\/wp.ufpel.edu.br\/paineldoturismo\/"},{"@type":"ListItem","position":2,"name":"Atlas do Turismo RS","item":"https:\/\/wp.ufpel.edu.br\/paineldoturismo\/atlas_do_turismo_rs\/"},{"@type":"ListItem","position":3,"name":"Empregos em ACTs (RAIS)"}]},{"@type":"WebSite","@id":"https:\/\/wp.ufpel.edu.br\/paineldoturismo\/#website","url":"https:\/\/wp.ufpel.edu.br\/paineldoturismo\/","name":"Painel do Turismo","description":"um projeto dedicado a entender as din\u00e2micas do turismo a partir de dados abertos","potentialAction":[{"@type":"SearchAction","target":{"@type":"EntryPoint","urlTemplate":"https:\/\/wp.ufpel.edu.br\/paineldoturismo\/?s={search_term_string}"},"query-input":{"@type":"PropertyValueSpecification","valueRequired":true,"valueName":"search_term_string"}}],"inLanguage":"pt-BR"}]}},"jetpack_sharing_enabled":true,"_links":{"self":[{"href":"https:\/\/wp.ufpel.edu.br\/paineldoturismo\/wp-json\/wp\/v2\/pages\/231","targetHints":{"allow":["GET"]}}],"collection":[{"href":"https:\/\/wp.ufpel.edu.br\/paineldoturismo\/wp-json\/wp\/v2\/pages"}],"about":[{"href":"https:\/\/wp.ufpel.edu.br\/paineldoturismo\/wp-json\/wp\/v2\/types\/page"}],"author":[{"embeddable":true,"href":"https:\/\/wp.ufpel.edu.br\/paineldoturismo\/wp-json\/wp\/v2\/users\/1169"}],"replies":[{"embeddable":true,"href":"https:\/\/wp.ufpel.edu.br\/paineldoturismo\/wp-json\/wp\/v2\/comments?post=231"}],"version-history":[{"count":17,"href":"https:\/\/wp.ufpel.edu.br\/paineldoturismo\/wp-json\/wp\/v2\/pages\/231\/revisions"}],"predecessor-version":[{"id":834,"href":"https:\/\/wp.ufpel.edu.br\/paineldoturismo\/wp-json\/wp\/v2\/pages\/231\/revisions\/834"}],"up":[{"embeddable":true,"href":"https:\/\/wp.ufpel.edu.br\/paineldoturismo\/wp-json\/wp\/v2\/pages\/6"}],"wp:featuredmedia":[{"embeddable":true,"href":"https:\/\/wp.ufpel.edu.br\/paineldoturismo\/wp-json\/wp\/v2\/media\/312"}],"wp:attachment":[{"href":"https:\/\/wp.ufpel.edu.br\/paineldoturismo\/wp-json\/wp\/v2\/media?parent=231"}],"curies":[{"name":"wp","href":"https:\/\/api.w.org\/{rel}","templated":true}]}}