{"id":18,"date":"2021-10-01T17:37:23","date_gmt":"2021-10-01T20:37:23","guid":{"rendered":"https:\/\/wp.ufpel.edu.br\/paineldoturismo\/?page_id=18"},"modified":"2025-10-10T11:56:34","modified_gmt":"2025-10-10T14:56:34","slug":"sobre-o-projeto","status":"publish","type":"page","link":"https:\/\/wp.ufpel.edu.br\/paineldoturismo\/sobre-o-projeto\/","title":{"rendered":"Sobre o projeto"},"content":{"rendered":"<p style=\"text-align: justify;\"><strong>Resumo<\/strong><br \/>\nO projeto de pesquisa &#8220;Painel do Turismo: explorando dados abertos a partir de uma abordagem geogr\u00e1fica&#8221; se prop\u00f5e a realizar an\u00e1lises explorat\u00f3rias de bases de dados de acesso aberto com refer\u00eancia ao turismo. Apesar do car\u00e1ter aberto, muitos desses indicadores s\u00e3o desconhecidos dos gestores em Turismo. Assim, um processo de interpreta\u00e7\u00e3o e difus\u00e3o dessas informa\u00e7\u00f5es aliado ao debate com os atores pode auxiliar a uma melhor compreens\u00e3o das din\u00e2micas do setor e auxiliar futuras tomadas de decis\u00f5es pautadas em evid\u00eancias. Aos serem interpelados os resultados tamb\u00e9m podem instigar contribui\u00e7\u00f5es te\u00f3ricas em temas como pol\u00edticas p\u00fablicas, territorializa\u00e7\u00e3o e regionaliza\u00e7\u00e3o do turismo. Al\u00e9m disso, a organiza\u00e7\u00e3o dos dados permite estudos investigando escalas mais pr\u00f3ximas e comparando diferentes realidades regionais. Afora sua contribui\u00e7\u00e3o cient\u00edfica o projeto prev\u00ea a\u00e7\u00f5es de ensino como a realiza\u00e7\u00e3o de oficinas sobre a an\u00e1lise explorat\u00f3ria de dados abertos e a\u00e7\u00f5es de extens\u00e3o como a realiza\u00e7\u00e3o de um webin\u00e1rio para divulga\u00e7\u00e3o dos resultados junto a gestores de turismo, a elabora\u00e7\u00e3o de um documento em formato de divulga\u00e7\u00e3o cient\u00edfica com explicando como os indicadores analisados podem subsidiar diagn\u00f3sticos para pol\u00edticas e planos de turismo.<\/p>\n<p>Uma revis\u00e3o sobre a trajet\u00f3ria do projeto est\u00e1 dispon\u00edvel em:<\/p>\n<p>Pimentel, M. R.; Soares, R. B. (2024). Painel do Turismo: um projeto dedicado a entender as din\u00e2micas do turismo a partir de dados abertos. <em>F\u00f3rum de Turismo do Iguassu. ISSN2358-047X. <\/em>Dispon\u00edvel em: <a href=\"https:\/\/www.sisapeventos.com.br\/staff\/app\/files\/submissions\/60\/3613-14076-68.pdf\"><em>https:\/\/www.sisapeventos.com.br\/staff\/app\/files\/submissions\/60\/3613-14076-68.pdf<\/em><\/a><\/p>\n<p><strong>Coordenadores<\/strong><\/p>\n<p>Prof. Dr. Maur\u00edcio Ragagnin Pimentel (mauricioragagnin@gmail.com)<\/p>\n<p>Profa. Dra. Sarah Minasi Marroni<\/p>\n<p><strong>Bolsistas<\/strong><\/p>\n<p>Rafael Brandolt Soares<\/p>\n<p><strong>Bolsistas que j\u00e1 passaram pelo projeto<\/strong><\/p>\n<p>J\u00falia Ferreira Santos<\/p>\n<p>Helena de Jesus Almeida<\/p>\n","protected":false},"excerpt":{"rendered":"<p>Resumo O projeto de pesquisa &#8220;Painel do Turismo: explorando dados abertos a partir de uma abordagem geogr\u00e1fica&#8221; se prop\u00f5e a realizar an\u00e1lises explorat\u00f3rias de bases de dados de acesso aberto com refer\u00eancia ao turismo. Apesar do car\u00e1ter aberto, muitos desses indicadores s\u00e3o desconhecidos dos gestores em Turismo. Assim, um processo de interpreta\u00e7\u00e3o e difus\u00e3o dessas&hellip;<\/p>\n","protected":false},"author":1169,"featured_media":0,"parent":0,"menu_order":0,"comment_status":"closed","ping_status":"closed","template":"","meta":{"footnotes":""},"class_list":["post-18","page","type-page","status-publish","hentry"],"yoast_head":"<!-- This site is optimized with the Yoast SEO plugin v26.7 - https:\/\/yoast.com\/wordpress\/plugins\/seo\/ -->\n<title>Sobre o projeto - Painel do Turismo<\/title>\n<meta name=\"robots\" content=\"index, follow, max-snippet:-1, max-image-preview:large, max-video-preview:-1\" \/>\n<link rel=\"canonical\" href=\"https:\/\/wp.ufpel.edu.br\/paineldoturismo\/sobre-o-projeto\/\" \/>\n<meta property=\"og:locale\" content=\"pt_BR\" \/>\n<meta property=\"og:type\" content=\"article\" \/>\n<meta property=\"og:title\" content=\"Sobre o projeto - Painel do Turismo\" \/>\n<meta property=\"og:description\" content=\"Resumo O projeto de pesquisa &#8220;Painel do Turismo: explorando dados abertos a partir de uma abordagem geogr\u00e1fica&#8221; se prop\u00f5e a realizar an\u00e1lises explorat\u00f3rias de bases de dados de acesso aberto com refer\u00eancia ao turismo. Apesar do car\u00e1ter aberto, muitos desses indicadores s\u00e3o desconhecidos dos gestores em Turismo. Assim, um processo de interpreta\u00e7\u00e3o e difus\u00e3o dessas&hellip;\" \/>\n<meta property=\"og:url\" content=\"https:\/\/wp.ufpel.edu.br\/paineldoturismo\/sobre-o-projeto\/\" \/>\n<meta property=\"og:site_name\" content=\"Painel do Turismo\" \/>\n<meta property=\"article:modified_time\" content=\"2025-10-10T14:56:34+00:00\" \/>\n<meta name=\"twitter:card\" content=\"summary_large_image\" \/>\n<meta name=\"twitter:label1\" content=\"Est. tempo de leitura\" \/>\n\t<meta name=\"twitter:data1\" content=\"2 minutos\" \/>\n<script type=\"application\/ld+json\" class=\"yoast-schema-graph\">{\"@context\":\"https:\/\/schema.org\",\"@graph\":[{\"@type\":\"WebPage\",\"@id\":\"https:\/\/wp.ufpel.edu.br\/paineldoturismo\/sobre-o-projeto\/\",\"url\":\"https:\/\/wp.ufpel.edu.br\/paineldoturismo\/sobre-o-projeto\/\",\"name\":\"Sobre o projeto - Painel do Turismo\",\"isPartOf\":{\"@id\":\"https:\/\/wp.ufpel.edu.br\/paineldoturismo\/#website\"},\"datePublished\":\"2021-10-01T20:37:23+00:00\",\"dateModified\":\"2025-10-10T14:56:34+00:00\",\"breadcrumb\":{\"@id\":\"https:\/\/wp.ufpel.edu.br\/paineldoturismo\/sobre-o-projeto\/#breadcrumb\"},\"inLanguage\":\"pt-BR\",\"potentialAction\":[{\"@type\":\"ReadAction\",\"target\":[\"https:\/\/wp.ufpel.edu.br\/paineldoturismo\/sobre-o-projeto\/\"]}]},{\"@type\":\"BreadcrumbList\",\"@id\":\"https:\/\/wp.ufpel.edu.br\/paineldoturismo\/sobre-o-projeto\/#breadcrumb\",\"itemListElement\":[{\"@type\":\"ListItem\",\"position\":1,\"name\":\"In\u00edcio\",\"item\":\"https:\/\/wp.ufpel.edu.br\/paineldoturismo\/\"},{\"@type\":\"ListItem\",\"position\":2,\"name\":\"Sobre o projeto\"}]},{\"@type\":\"WebSite\",\"@id\":\"https:\/\/wp.ufpel.edu.br\/paineldoturismo\/#website\",\"url\":\"https:\/\/wp.ufpel.edu.br\/paineldoturismo\/\",\"name\":\"Painel do Turismo\",\"description\":\"um projeto dedicado a entender as din\u00e2micas do turismo a partir de dados abertos\",\"potentialAction\":[{\"@type\":\"SearchAction\",\"target\":{\"@type\":\"EntryPoint\",\"urlTemplate\":\"https:\/\/wp.ufpel.edu.br\/paineldoturismo\/?s={search_term_string}\"},\"query-input\":{\"@type\":\"PropertyValueSpecification\",\"valueRequired\":true,\"valueName\":\"search_term_string\"}}],\"inLanguage\":\"pt-BR\"}]}<\/script>\n<!-- \/ Yoast SEO plugin. -->","yoast_head_json":{"title":"Sobre o projeto - Painel do Turismo","robots":{"index":"index","follow":"follow","max-snippet":"max-snippet:-1","max-image-preview":"max-image-preview:large","max-video-preview":"max-video-preview:-1"},"canonical":"https:\/\/wp.ufpel.edu.br\/paineldoturismo\/sobre-o-projeto\/","og_locale":"pt_BR","og_type":"article","og_title":"Sobre o projeto - Painel do Turismo","og_description":"Resumo O projeto de pesquisa &#8220;Painel do Turismo: explorando dados abertos a partir de uma abordagem geogr\u00e1fica&#8221; se prop\u00f5e a realizar an\u00e1lises explorat\u00f3rias de bases de dados de acesso aberto com refer\u00eancia ao turismo. Apesar do car\u00e1ter aberto, muitos desses indicadores s\u00e3o desconhecidos dos gestores em Turismo. Assim, um processo de interpreta\u00e7\u00e3o e difus\u00e3o dessas&hellip;","og_url":"https:\/\/wp.ufpel.edu.br\/paineldoturismo\/sobre-o-projeto\/","og_site_name":"Painel do Turismo","article_modified_time":"2025-10-10T14:56:34+00:00","twitter_card":"summary_large_image","twitter_misc":{"Est. tempo de leitura":"2 minutos"},"schema":{"@context":"https:\/\/schema.org","@graph":[{"@type":"WebPage","@id":"https:\/\/wp.ufpel.edu.br\/paineldoturismo\/sobre-o-projeto\/","url":"https:\/\/wp.ufpel.edu.br\/paineldoturismo\/sobre-o-projeto\/","name":"Sobre o projeto - Painel do Turismo","isPartOf":{"@id":"https:\/\/wp.ufpel.edu.br\/paineldoturismo\/#website"},"datePublished":"2021-10-01T20:37:23+00:00","dateModified":"2025-10-10T14:56:34+00:00","breadcrumb":{"@id":"https:\/\/wp.ufpel.edu.br\/paineldoturismo\/sobre-o-projeto\/#breadcrumb"},"inLanguage":"pt-BR","potentialAction":[{"@type":"ReadAction","target":["https:\/\/wp.ufpel.edu.br\/paineldoturismo\/sobre-o-projeto\/"]}]},{"@type":"BreadcrumbList","@id":"https:\/\/wp.ufpel.edu.br\/paineldoturismo\/sobre-o-projeto\/#breadcrumb","itemListElement":[{"@type":"ListItem","position":1,"name":"In\u00edcio","item":"https:\/\/wp.ufpel.edu.br\/paineldoturismo\/"},{"@type":"ListItem","position":2,"name":"Sobre o projeto"}]},{"@type":"WebSite","@id":"https:\/\/wp.ufpel.edu.br\/paineldoturismo\/#website","url":"https:\/\/wp.ufpel.edu.br\/paineldoturismo\/","name":"Painel do Turismo","description":"um projeto dedicado a entender as din\u00e2micas do turismo a partir de dados abertos","potentialAction":[{"@type":"SearchAction","target":{"@type":"EntryPoint","urlTemplate":"https:\/\/wp.ufpel.edu.br\/paineldoturismo\/?s={search_term_string}"},"query-input":{"@type":"PropertyValueSpecification","valueRequired":true,"valueName":"search_term_string"}}],"inLanguage":"pt-BR"}]}},"jetpack_sharing_enabled":true,"_links":{"self":[{"href":"https:\/\/wp.ufpel.edu.br\/paineldoturismo\/wp-json\/wp\/v2\/pages\/18","targetHints":{"allow":["GET"]}}],"collection":[{"href":"https:\/\/wp.ufpel.edu.br\/paineldoturismo\/wp-json\/wp\/v2\/pages"}],"about":[{"href":"https:\/\/wp.ufpel.edu.br\/paineldoturismo\/wp-json\/wp\/v2\/types\/page"}],"author":[{"embeddable":true,"href":"https:\/\/wp.ufpel.edu.br\/paineldoturismo\/wp-json\/wp\/v2\/users\/1169"}],"replies":[{"embeddable":true,"href":"https:\/\/wp.ufpel.edu.br\/paineldoturismo\/wp-json\/wp\/v2\/comments?post=18"}],"version-history":[{"count":3,"href":"https:\/\/wp.ufpel.edu.br\/paineldoturismo\/wp-json\/wp\/v2\/pages\/18\/revisions"}],"predecessor-version":[{"id":978,"href":"https:\/\/wp.ufpel.edu.br\/paineldoturismo\/wp-json\/wp\/v2\/pages\/18\/revisions\/978"}],"wp:attachment":[{"href":"https:\/\/wp.ufpel.edu.br\/paineldoturismo\/wp-json\/wp\/v2\/media?parent=18"}],"curies":[{"name":"wp","href":"https:\/\/api.w.org\/{rel}","templated":true}]}}